{"id":67,"date":"2023-07-17T13:32:45","date_gmt":"2023-07-17T13:32:45","guid":{"rendered":"https:\/\/www.lcingredients.com\/?page_id=67"},"modified":"2025-10-16T08:40:10","modified_gmt":"2025-10-16T08:40:10","slug":"ingredienten-huid","status":"publish","type":"page","link":"https:\/\/www.lcingredients.com\/nl\/ingredienten-huid\/","title":{"rendered":"Huid"},"content":{"rendered":"<div data-elementor-type=\"wp-page\" data-elementor-id=\"67\" class=\"elementor elementor-67\" data-elementor-post-type=\"page\">\n\t\t\t\t\t\t<section class=\"elementor-section elementor-top-section elementor-element elementor-element-6b970c4 elementor-section-full_width elementor-section-height-default elementor-section-height-default\" data-id=\"6b970c4\" data-element_type=\"section\" data-e-type=\"section\">\n\t\t\t\t\t\t<div class=\"elementor-container elementor-column-gap-default\">\n\t\t\t\t\t<div class=\"elementor-column elementor-col-100 elementor-top-column elementor-element elementor-element-36e77a9\" data-id=\"36e77a9\" data-element_type=\"column\" data-e-type=\"column\">\n\t\t\t<div class=\"elementor-widget-wrap elementor-element-populated\">\n\t\t\t\t\t\t<div class=\"elementor-element elementor-element-c13c493 elementor-widget elementor-widget-image\" data-id=\"c13c493\" data-element_type=\"widget\" data-e-type=\"widget\" data-widget_type=\"image.default\">\n\t\t\t\t<div class=\"elementor-widget-container\">\n\t\t\t\t\t\t\t\t\t\t\t\t\t\t\t<img fetchpriority=\"high\" decoding=\"async\" width=\"780\" height=\"460\" src=\"https:\/\/www.lcingredients.com\/wp-content\/uploads\/2024\/05\/peau.jpg\" class=\"attachment-large size-large wp-image-2262\" alt=\"huid macro zoom van een meisje met haar hand op haar schouder\" \/>\t\t\t\t\t\t\t\t\t\t\t\t\t\t\t<\/div>\n\t\t\t\t<\/div>\n\t\t\t\t<div class=\"elementor-element elementor-element-4789296 elementor-widget elementor-widget-heading\" data-id=\"4789296\" data-element_type=\"widget\" data-e-type=\"widget\" data-widget_type=\"heading.default\">\n\t\t\t\t<div class=\"elementor-widget-container\">\n\t\t\t\t\t<h1 class=\"elementor-heading-title elementor-size-default\">ONZE HUIDINGREDI\u00cbNTEN<\/h1>\t\t\t\t<\/div>\n\t\t\t\t<\/div>\n\t\t\t\t\t<\/div>\n\t\t<\/div>\n\t\t\t\t\t<\/div>\n\t\t<\/section>\n\t\t\t\t<section class=\"elementor-section elementor-top-section elementor-element elementor-element-4dec07b elementor-section-boxed elementor-section-height-default elementor-section-height-default\" data-id=\"4dec07b\" data-element_type=\"section\" data-e-type=\"section\">\n\t\t\t\t\t\t<div class=\"elementor-container elementor-column-gap-default\">\n\t\t\t\t\t<div class=\"elementor-column elementor-col-100 elementor-top-column elementor-element elementor-element-abf8046\" data-id=\"abf8046\" data-element_type=\"column\" data-e-type=\"column\">\n\t\t\t<div class=\"elementor-widget-wrap elementor-element-populated\">\n\t\t\t\t\t\t<div class=\"elementor-element elementor-element-d0c3666 elementor-widget elementor-widget-heading\" data-id=\"d0c3666\" data-element_type=\"widget\" data-e-type=\"widget\" data-widget_type=\"heading.default\">\n\t\t\t\t<div class=\"elementor-widget-container\">\n\t\t\t\t\t<h1 class=\"elementor-heading-title elementor-size-default\">VOEDING VOOR EEN STRALENDE EN VEERKRACHTIGE HUID<\/h1>\t\t\t\t<\/div>\n\t\t\t\t<\/div>\n\t\t\t\t<section class=\"elementor-section elementor-inner-section elementor-element elementor-element-4874706 elementor-section-boxed elementor-section-height-default elementor-section-height-default\" data-id=\"4874706\" data-element_type=\"section\" data-e-type=\"section\">\n\t\t\t\t\t\t<div class=\"elementor-container elementor-column-gap-default\">\n\t\t\t\t\t<div class=\"elementor-column elementor-col-50 elementor-inner-column elementor-element elementor-element-4622fdb\" data-id=\"4622fdb\" data-element_type=\"column\" data-e-type=\"column\">\n\t\t\t<div class=\"elementor-widget-wrap elementor-element-populated\">\n\t\t\t\t\t\t<div class=\"elementor-element elementor-element-9686a53 elementor-widget elementor-widget-text-editor\" data-id=\"9686a53\" data-element_type=\"widget\" data-e-type=\"widget\" data-widget_type=\"text-editor.default\">\n\t\t\t\t<div class=\"elementor-widget-container\">\n\t\t\t\t\t\t\t\t\t<p>Een gezonde huid begint van binnenuit. Ons assortiment ingredi\u00ebnten is ontworpen om de huidstructuur, hydratatie en afweermechanismen te ondersteunen door middel van gerichte voedingssupplementen.\u00a0<\/p>\t\t\t\t\t\t\t\t<\/div>\n\t\t\t\t<\/div>\n\t\t\t\t\t<\/div>\n\t\t<\/div>\n\t\t\t\t<div class=\"elementor-column elementor-col-50 elementor-inner-column elementor-element elementor-element-8fc612b\" data-id=\"8fc612b\" data-element_type=\"column\" data-e-type=\"column\">\n\t\t\t<div class=\"elementor-widget-wrap elementor-element-populated\">\n\t\t\t\t\t\t<div class=\"elementor-element elementor-element-e75cf7f elementor-widget elementor-widget-text-editor\" data-id=\"e75cf7f\" data-element_type=\"widget\" data-e-type=\"widget\" data-widget_type=\"text-editor.default\">\n\t\t\t\t<div class=\"elementor-widget-container\">\n\t\t\t\t\t\t\t\t\t<p>Deze ingredi\u00ebnten leveren essenti\u00eble bestanddelen zoals antioxidanten, aminozuren en bioactieve eiwitten. Ze bevorderen de elasticiteit van de huid, beschermen tegen oxidatieve stress en verbeteren de algehele vitaliteit van de huid.<\/p>\t\t\t\t\t\t\t\t<\/div>\n\t\t\t\t<\/div>\n\t\t\t\t\t<\/div>\n\t\t<\/div>\n\t\t\t\t\t<\/div>\n\t\t<\/section>\n\t\t\t\t\t<\/div>\n\t\t<\/div>\n\t\t\t\t\t<\/div>\n\t\t<\/section>\n\t\t\t\t<section class=\"elementor-section elementor-top-section elementor-element elementor-element-29c13fa elementor-section-boxed elementor-section-height-default elementor-section-height-default\" data-id=\"29c13fa\" data-element_type=\"section\" data-e-type=\"section\">\n\t\t\t\t\t\t<div class=\"elementor-container elementor-column-gap-default\">\n\t\t\t\t\t<div class=\"elementor-column elementor-col-50 elementor-top-column elementor-element elementor-element-e8b831b\" data-id=\"e8b831b\" data-element_type=\"column\" data-e-type=\"column\" data-settings=\"{&quot;background_background&quot;:&quot;classic&quot;}\">\n\t\t\t<div class=\"elementor-widget-wrap elementor-element-populated\">\n\t\t\t\t\t\t<div class=\"elementor-element elementor-element-3c5c2ff elementor-widget elementor-widget-spacer\" data-id=\"3c5c2ff\" data-element_type=\"widget\" data-e-type=\"widget\" data-widget_type=\"spacer.default\">\n\t\t\t\t<div class=\"elementor-widget-container\">\n\t\t\t\t\t\t\t<div class=\"elementor-spacer\">\n\t\t\t<div class=\"elementor-spacer-inner\"><\/div>\n\t\t<\/div>\n\t\t\t\t\t\t<\/div>\n\t\t\t\t<\/div>\n\t\t\t\t<div class=\"elementor-element elementor-element-38bfc7d elementor-widget elementor-widget-image\" data-id=\"38bfc7d\" data-element_type=\"widget\" data-e-type=\"widget\" data-widget_type=\"image.default\">\n\t\t\t\t<div class=\"elementor-widget-container\">\n\t\t\t\t\t\t\t\t\t\t\t\t\t\t\t\t<a href=\"http:\/\/www.lcingredients.com\/nl\/cynatine-hns\/\">\n\t\t\t\t\t\t\t<img decoding=\"async\" width=\"645\" height=\"387\" src=\"https:\/\/www.lcingredients.com\/wp-content\/uploads\/2023\/08\/Cynatine_HSN-removebg-preview.png\" class=\"attachment-large size-large wp-image-216\" alt=\"\" srcset=\"https:\/\/www.lcingredients.com\/wp-content\/uploads\/2023\/08\/Cynatine_HSN-removebg-preview.png 645w, https:\/\/www.lcingredients.com\/wp-content\/uploads\/2023\/08\/Cynatine_HSN-removebg-preview-300x180.png 300w\" sizes=\"(max-width: 645px) 100vw, 645px\" \/>\t\t\t\t\t\t\t\t<\/a>\n\t\t\t\t\t\t\t\t\t\t\t\t\t\t\t<\/div>\n\t\t\t\t<\/div>\n\t\t\t\t\t<\/div>\n\t\t<\/div>\n\t\t\t\t<div class=\"elementor-column elementor-col-50 elementor-top-column elementor-element elementor-element-b294f76\" data-id=\"b294f76\" data-element_type=\"column\" data-e-type=\"column\" data-settings=\"{&quot;background_background&quot;:&quot;classic&quot;}\">\n\t\t\t<div class=\"elementor-widget-wrap elementor-element-populated\">\n\t\t\t\t\t\t<div class=\"elementor-element elementor-element-fa7366e elementor-widget elementor-widget-heading\" data-id=\"fa7366e\" data-element_type=\"widget\" data-e-type=\"widget\" data-widget_type=\"heading.default\">\n\t\t\t\t<div class=\"elementor-widget-container\">\n\t\t\t\t\t<h2 class=\"elementor-heading-title elementor-size-default\">CYNATINE\u00ae HNS<\/h2>\t\t\t\t<\/div>\n\t\t\t\t<\/div>\n\t\t\t\t<div class=\"elementor-element elementor-element-cb7be70 elementor-widget elementor-widget-text-editor\" data-id=\"cb7be70\" data-element_type=\"widget\" data-e-type=\"widget\" data-widget_type=\"text-editor.default\">\n\t\t\t\t<div class=\"elementor-widget-container\">\n\t\t\t\t\t\t\t\t\t<p><strong>Cynatine HNS\u00ae<\/strong> is een oplosbaar keratinepoeder dat wordt geproduceerd uit hoogwaardige schapenwol via een uniek gepatenteerd proces dat het oorspronkelijke aminozuurprofiel behoudt.\u00a0<\/p><p>De perfecte oplosbaarheid van Cynatine\u00ae maakt het ongelooflijk veelzijdig voor elke galenische ontwikkeling.\u00a0<\/p><p>De moleculaire structuur van Cynatine HNS\u00ae zorgt voor een hoge biologische beschikbaarheid bij orale inname. Dit ingredi\u00ebnt helpt de gezondheid en vitaliteit van haar, huid en nagels te verbeteren.\u00a0<\/p>\t\t\t\t\t\t\t\t<\/div>\n\t\t\t\t<\/div>\n\t\t\t\t<div class=\"elementor-element elementor-element-1f47305 elementor-button-info elementor-align-center elementor-widget elementor-widget-button\" data-id=\"1f47305\" data-element_type=\"widget\" data-e-type=\"widget\" data-widget_type=\"button.default\">\n\t\t\t\t<div class=\"elementor-widget-container\">\n\t\t\t\t\t\t\t\t\t<div class=\"elementor-button-wrapper\">\n\t\t\t\t\t<a class=\"elementor-button elementor-button-link elementor-size-sm\" href=\"https:\/\/www.lcingredients.com\/nl\/cynatine-hns-huid\/\">\n\t\t\t\t\t\t<span class=\"elementor-button-content-wrapper\">\n\t\t\t\t\t\t\t\t\t<span class=\"elementor-button-text\">Bekijk meer<\/span>\n\t\t\t\t\t<\/span>\n\t\t\t\t\t<\/a>\n\t\t\t\t<\/div>\n\t\t\t\t\t\t\t\t<\/div>\n\t\t\t\t<\/div>\n\t\t\t\t\t<\/div>\n\t\t<\/div>\n\t\t\t\t\t<\/div>\n\t\t<\/section>\n\t\t\t\t<section class=\"elementor-section elementor-top-section elementor-element elementor-element-6a13694 elementor-section-boxed elementor-section-height-default elementor-section-height-default\" data-id=\"6a13694\" data-element_type=\"section\" data-e-type=\"section\">\n\t\t\t\t\t\t<div class=\"elementor-container elementor-column-gap-default\">\n\t\t\t\t\t<div class=\"elementor-column elementor-col-50 elementor-top-column elementor-element elementor-element-f899831\" data-id=\"f899831\" data-element_type=\"column\" data-e-type=\"column\" data-settings=\"{&quot;background_background&quot;:&quot;classic&quot;}\">\n\t\t\t<div class=\"elementor-widget-wrap elementor-element-populated\">\n\t\t\t\t\t\t<div class=\"elementor-element elementor-element-b846634 elementor-widget elementor-widget-heading\" data-id=\"b846634\" data-element_type=\"widget\" data-e-type=\"widget\" data-widget_type=\"heading.default\">\n\t\t\t\t<div class=\"elementor-widget-container\">\n\t\t\t\t\t<h2 class=\"elementor-heading-title elementor-size-default\">MITOHEAL\u00ae<\/h2>\t\t\t\t<\/div>\n\t\t\t\t<\/div>\n\t\t\t\t<div class=\"elementor-element elementor-element-fe65597 elementor-widget elementor-widget-text-editor\" data-id=\"fe65597\" data-element_type=\"widget\" data-e-type=\"widget\" data-widget_type=\"text-editor.default\">\n\t\t\t\t<div class=\"elementor-widget-container\">\n\t\t\t\t\t\t\t\t\t<p><strong>MitoHeal\u00ae<\/strong>\u00a0is een mix van polyfenolen uit rode bessen en zwarte bessen, waarvan klinisch is bewezen dat het mijn huid verjongt, mijn fijne lijntjes en rimpels vermindert, donkere vlekken in het gezicht en de ruwheid van de huid verbetert.<\/p>\t\t\t\t\t\t\t\t<\/div>\n\t\t\t\t<\/div>\n\t\t\t\t<div class=\"elementor-element elementor-element-024e988 elementor-button-info elementor-align-center elementor-widget elementor-widget-button\" data-id=\"024e988\" data-element_type=\"widget\" data-e-type=\"widget\" data-widget_type=\"button.default\">\n\t\t\t\t<div class=\"elementor-widget-container\">\n\t\t\t\t\t\t\t\t\t<div class=\"elementor-button-wrapper\">\n\t\t\t\t\t<a class=\"elementor-button elementor-button-link elementor-size-sm\" href=\"https:\/\/www.lcingredients.com\/nl\/mitoheal-beautyskin-voedingssupplementen\/\">\n\t\t\t\t\t\t<span class=\"elementor-button-content-wrapper\">\n\t\t\t\t\t\t\t\t\t<span class=\"elementor-button-text\">Bekijk meer<\/span>\n\t\t\t\t\t<\/span>\n\t\t\t\t\t<\/a>\n\t\t\t\t<\/div>\n\t\t\t\t\t\t\t\t<\/div>\n\t\t\t\t<\/div>\n\t\t\t\t\t<\/div>\n\t\t<\/div>\n\t\t\t\t<div class=\"elementor-column elementor-col-50 elementor-top-column elementor-element elementor-element-d17bfad\" data-id=\"d17bfad\" data-element_type=\"column\" data-e-type=\"column\" data-settings=\"{&quot;background_background&quot;:&quot;classic&quot;}\">\n\t\t\t<div class=\"elementor-widget-wrap elementor-element-populated\">\n\t\t\t\t\t\t<div class=\"elementor-element elementor-element-977ac65 elementor-widget elementor-widget-spacer\" data-id=\"977ac65\" data-element_type=\"widget\" data-e-type=\"widget\" data-widget_type=\"spacer.default\">\n\t\t\t\t<div class=\"elementor-widget-container\">\n\t\t\t\t\t\t\t<div class=\"elementor-spacer\">\n\t\t\t<div class=\"elementor-spacer-inner\"><\/div>\n\t\t<\/div>\n\t\t\t\t\t\t<\/div>\n\t\t\t\t<\/div>\n\t\t\t\t<div class=\"elementor-element elementor-element-e3711b4 elementor-widget elementor-widget-image\" data-id=\"e3711b4\" data-element_type=\"widget\" data-e-type=\"widget\" data-widget_type=\"image.default\">\n\t\t\t\t<div class=\"elementor-widget-container\">\n\t\t\t\t\t\t\t\t\t\t\t\t\t\t\t\t<a href=\"https:\/\/www.lcingredients.com\/nl\/mitogeneal\/\">\n\t\t\t\t\t\t\t<img decoding=\"async\" width=\"768\" height=\"239\" src=\"https:\/\/www.lcingredients.com\/wp-content\/uploads\/2023\/08\/MitoHeal-Logo-Process-Color-768x239-removebg-preview-2.png\" class=\"attachment-large size-large wp-image-220\" alt=\"\" srcset=\"https:\/\/www.lcingredients.com\/wp-content\/uploads\/2023\/08\/MitoHeal-Logo-Process-Color-768x239-removebg-preview-2.png 768w, https:\/\/www.lcingredients.com\/wp-content\/uploads\/2023\/08\/MitoHeal-Logo-Process-Color-768x239-removebg-preview-2-300x93.png 300w\" sizes=\"(max-width: 768px) 100vw, 768px\" \/>\t\t\t\t\t\t\t\t<\/a>\n\t\t\t\t\t\t\t\t\t\t\t\t\t\t\t<\/div>\n\t\t\t\t<\/div>\n\t\t\t\t\t<\/div>\n\t\t<\/div>\n\t\t\t\t\t<\/div>\n\t\t<\/section>\n\t\t\t\t<\/div>","protected":false},"excerpt":{"rendered":"<p>ONZE HUIDINGREDI\u00cbNTEN VOEDING VOOR EEN STRALENDE EN VEERKRACHTIGE HUID Huidgezondheid begint van binnenuit. Ons assortiment ingredi\u00ebnten is ontworpen om de huidstructuur, hydratatie en afweermechanismen te ondersteunen door middel van gerichte voedingssupplementen. Door essenti\u00eble stoffen zoals antioxidanten, aminozuren en bioactieve eiwitten te leveren, helpen deze ingredi\u00ebnten de elasticiteit te bevorderen, beschermen ze tegen oxidatieve stress en [\u2026]<\/p>","protected":false},"author":3,"featured_media":0,"parent":0,"menu_order":0,"comment_status":"closed","ping_status":"closed","template":"","meta":{"_eb_attr":"","footnotes":""},"class_list":["post-67","page","type-page","status-publish","hentry"],"yoast_head":"<!-- This site is optimized with the Yoast SEO plugin v26.7 - https:\/\/yoast.com\/wordpress\/plugins\/seo\/ -->\n<title>Ingredients for Skin - LC Ingredients<\/title>\n<meta name=\"description\" content=\"Discover our range of ingredients - clinicaly valited - for anti ageing, clear skin. They are perfect for food supplements development.\" \/>\n<meta name=\"robots\" content=\"index, follow, max-snippet:-1, max-image-preview:large, max-video-preview:-1\" \/>\n<link rel=\"canonical\" href=\"https:\/\/www.lcingredients.com\/nl\/ingredienten-huid\/\" \/>\n<meta property=\"og:locale\" content=\"nl_NL\" \/>\n<meta property=\"og:type\" content=\"article\" \/>\n<meta property=\"og:title\" content=\"Ingredients for Skin - LC Ingredients\" \/>\n<meta property=\"og:description\" content=\"Discover our range of ingredients - clinicaly valited - for anti ageing, clear skin. They are perfect for food supplements development.\" \/>\n<meta property=\"og:url\" content=\"https:\/\/www.lcingredients.com\/nl\/ingredienten-huid\/\" \/>\n<meta property=\"og:site_name\" content=\"LC Ingredients\" \/>\n<meta property=\"article:modified_time\" content=\"2025-10-16T08:40:10+00:00\" \/>\n<meta property=\"og:image\" content=\"https:\/\/www.lcingredients.com\/wp-content\/uploads\/2024\/05\/peau.jpg\" \/>\n\t<meta property=\"og:image:width\" content=\"780\" \/>\n\t<meta property=\"og:image:height\" content=\"460\" \/>\n\t<meta property=\"og:image:type\" content=\"image\/jpeg\" \/>\n<meta name=\"twitter:card\" content=\"summary_large_image\" \/>\n<meta name=\"twitter:label1\" content=\"Geschatte leestijd\" \/>\n\t<meta name=\"twitter:data1\" content=\"2 minuten\" \/>\n<script type=\"application\/ld+json\" class=\"yoast-schema-graph\">{\"@context\":\"https:\/\/schema.org\",\"@graph\":[{\"@type\":\"WebPage\",\"@id\":\"https:\/\/www.lcingredients.com\/ingredients-skin\/\",\"url\":\"https:\/\/www.lcingredients.com\/ingredients-skin\/\",\"name\":\"Ingredients for Skin - LC Ingredients\",\"isPartOf\":{\"@id\":\"https:\/\/www.lcingredients.com\/#website\"},\"primaryImageOfPage\":{\"@id\":\"https:\/\/www.lcingredients.com\/ingredients-skin\/#primaryimage\"},\"image\":{\"@id\":\"https:\/\/www.lcingredients.com\/ingredients-skin\/#primaryimage\"},\"thumbnailUrl\":\"https:\/\/www.lcingredients.com\/wp-content\/uploads\/2024\/05\/peau.jpg\",\"datePublished\":\"2023-07-17T13:32:45+00:00\",\"dateModified\":\"2025-10-16T08:40:10+00:00\",\"description\":\"Discover our range of ingredients - clinicaly valited - for anti ageing, clear skin. They are perfect for food supplements development.\",\"breadcrumb\":{\"@id\":\"https:\/\/www.lcingredients.com\/ingredients-skin\/#breadcrumb\"},\"inLanguage\":\"nl-NL\",\"potentialAction\":[{\"@type\":\"ReadAction\",\"target\":[\"https:\/\/www.lcingredients.com\/ingredients-skin\/\"]}]},{\"@type\":\"ImageObject\",\"inLanguage\":\"nl-NL\",\"@id\":\"https:\/\/www.lcingredients.com\/ingredients-skin\/#primaryimage\",\"url\":\"https:\/\/www.lcingredients.com\/wp-content\/uploads\/2024\/05\/peau.jpg\",\"contentUrl\":\"https:\/\/www.lcingredients.com\/wp-content\/uploads\/2024\/05\/peau.jpg\"},{\"@type\":\"BreadcrumbList\",\"@id\":\"https:\/\/www.lcingredients.com\/ingredients-skin\/#breadcrumb\",\"itemListElement\":[{\"@type\":\"ListItem\",\"position\":1,\"name\":\"Home\",\"item\":\"https:\/\/www.lcingredients.com\/\"},{\"@type\":\"ListItem\",\"position\":2,\"name\":\"Skin\"}]},{\"@type\":\"WebSite\",\"@id\":\"https:\/\/www.lcingredients.com\/#website\",\"url\":\"https:\/\/www.lcingredients.com\/\",\"name\":\"LC Ingredients\",\"description\":\"Discover high-quality ingredients for your food supplements and cosmetics formulations.\",\"publisher\":{\"@id\":\"https:\/\/www.lcingredients.com\/#organization\"},\"potentialAction\":[{\"@type\":\"SearchAction\",\"target\":{\"@type\":\"EntryPoint\",\"urlTemplate\":\"https:\/\/www.lcingredients.com\/?s={search_term_string}\"},\"query-input\":{\"@type\":\"PropertyValueSpecification\",\"valueRequired\":true,\"valueName\":\"search_term_string\"}}],\"inLanguage\":\"nl-NL\"},{\"@type\":\"Organization\",\"@id\":\"https:\/\/www.lcingredients.com\/#organization\",\"name\":\"LC Ingredients\",\"url\":\"https:\/\/www.lcingredients.com\/\",\"logo\":{\"@type\":\"ImageObject\",\"inLanguage\":\"nl-NL\",\"@id\":\"https:\/\/www.lcingredients.com\/#\/schema\/logo\/image\/\",\"url\":\"https:\/\/www.lcingredients.com\/wp-content\/uploads\/2023\/10\/LOGO-LC-INGREDIENTS.png\",\"contentUrl\":\"https:\/\/www.lcingredients.com\/wp-content\/uploads\/2023\/10\/LOGO-LC-INGREDIENTS.png\",\"width\":1280,\"height\":1060,\"caption\":\"LC Ingredients\"},\"image\":{\"@id\":\"https:\/\/www.lcingredients.com\/#\/schema\/logo\/image\/\"},\"sameAs\":[\"https:\/\/www.linkedin.com\/company\/lcingredients\/\"]}]}<\/script>\n<!-- \/ Yoast SEO plugin. -->","yoast_head_json":{"title":"Ingredi\u00ebnten voor de huid - LC Ingredi\u00ebnten","description":"Ontdek ons assortiment ingredi\u00ebnten - klinisch gevalideerd - voor een anti-aging, heldere huid. Ze zijn perfect voor de ontwikkeling van voedingssupplementen.","robots":{"index":"index","follow":"follow","max-snippet":"max-snippet:-1","max-image-preview":"max-image-preview:large","max-video-preview":"max-video-preview:-1"},"canonical":"https:\/\/www.lcingredients.com\/nl\/ingredienten-huid\/","og_locale":"nl_NL","og_type":"article","og_title":"Ingredients for Skin - LC Ingredients","og_description":"Discover our range of ingredients - clinicaly valited - for anti ageing, clear skin. They are perfect for food supplements development.","og_url":"https:\/\/www.lcingredients.com\/nl\/ingredienten-huid\/","og_site_name":"LC Ingredients","article_modified_time":"2025-10-16T08:40:10+00:00","og_image":[{"width":780,"height":460,"url":"https:\/\/www.lcingredients.com\/wp-content\/uploads\/2024\/05\/peau.jpg","type":"image\/jpeg"}],"twitter_card":"summary_large_image","twitter_misc":{"Geschatte leestijd":"2 minuten"},"schema":{"@context":"https:\/\/schema.org","@graph":[{"@type":"WebPage","@id":"https:\/\/www.lcingredients.com\/ingredients-skin\/","url":"https:\/\/www.lcingredients.com\/ingredients-skin\/","name":"Ingredi\u00ebnten voor de huid - LC Ingredi\u00ebnten","isPartOf":{"@id":"https:\/\/www.lcingredients.com\/#website"},"primaryImageOfPage":{"@id":"https:\/\/www.lcingredients.com\/ingredients-skin\/#primaryimage"},"image":{"@id":"https:\/\/www.lcingredients.com\/ingredients-skin\/#primaryimage"},"thumbnailUrl":"https:\/\/www.lcingredients.com\/wp-content\/uploads\/2024\/05\/peau.jpg","datePublished":"2023-07-17T13:32:45+00:00","dateModified":"2025-10-16T08:40:10+00:00","description":"Ontdek ons assortiment ingredi\u00ebnten - klinisch gevalideerd - voor een anti-aging, heldere huid. Ze zijn perfect voor de ontwikkeling van voedingssupplementen.","breadcrumb":{"@id":"https:\/\/www.lcingredients.com\/ingredients-skin\/#breadcrumb"},"inLanguage":"nl-NL","potentialAction":[{"@type":"ReadAction","target":["https:\/\/www.lcingredients.com\/ingredients-skin\/"]}]},{"@type":"ImageObject","inLanguage":"nl-NL","@id":"https:\/\/www.lcingredients.com\/ingredients-skin\/#primaryimage","url":"https:\/\/www.lcingredients.com\/wp-content\/uploads\/2024\/05\/peau.jpg","contentUrl":"https:\/\/www.lcingredients.com\/wp-content\/uploads\/2024\/05\/peau.jpg"},{"@type":"BreadcrumbList","@id":"https:\/\/www.lcingredients.com\/ingredients-skin\/#breadcrumb","itemListElement":[{"@type":"ListItem","position":1,"name":"Home","item":"https:\/\/www.lcingredients.com\/"},{"@type":"ListItem","position":2,"name":"Skin"}]},{"@type":"WebSite","@id":"https:\/\/www.lcingredients.com\/#website","url":"https:\/\/www.lcingredients.com\/","name":"LC-ingredi\u00ebnten","description":"Ontdek hoogwaardige ingredi\u00ebnten voor uw voedingssupplementen en cosmeticaformules.","publisher":{"@id":"https:\/\/www.lcingredients.com\/#organization"},"potentialAction":[{"@type":"SearchAction","target":{"@type":"EntryPoint","urlTemplate":"https:\/\/www.lcingredients.com\/?s={search_term_string}"},"query-input":{"@type":"PropertyValueSpecification","valueRequired":true,"valueName":"search_term_string"}}],"inLanguage":"nl-NL"},{"@type":"Organization","@id":"https:\/\/www.lcingredients.com\/#organization","name":"LC-ingredi\u00ebnten","url":"https:\/\/www.lcingredients.com\/","logo":{"@type":"ImageObject","inLanguage":"nl-NL","@id":"https:\/\/www.lcingredients.com\/#\/schema\/logo\/image\/","url":"https:\/\/www.lcingredients.com\/wp-content\/uploads\/2023\/10\/LOGO-LC-INGREDIENTS.png","contentUrl":"https:\/\/www.lcingredients.com\/wp-content\/uploads\/2023\/10\/LOGO-LC-INGREDIENTS.png","width":1280,"height":1060,"caption":"LC Ingredients"},"image":{"@id":"https:\/\/www.lcingredients.com\/#\/schema\/logo\/image\/"},"sameAs":["https:\/\/www.linkedin.com\/company\/lcingredients\/"]}]}},"_links":{"self":[{"href":"https:\/\/www.lcingredients.com\/nl\/wp-json\/wp\/v2\/pages\/67","targetHints":{"allow":["GET"]}}],"collection":[{"href":"https:\/\/www.lcingredients.com\/nl\/wp-json\/wp\/v2\/pages"}],"about":[{"href":"https:\/\/www.lcingredients.com\/nl\/wp-json\/wp\/v2\/types\/page"}],"author":[{"embeddable":true,"href":"https:\/\/www.lcingredients.com\/nl\/wp-json\/wp\/v2\/users\/3"}],"replies":[{"embeddable":true,"href":"https:\/\/www.lcingredients.com\/nl\/wp-json\/wp\/v2\/comments?post=67"}],"version-history":[{"count":75,"href":"https:\/\/www.lcingredients.com\/nl\/wp-json\/wp\/v2\/pages\/67\/revisions"}],"predecessor-version":[{"id":5293,"href":"https:\/\/www.lcingredients.com\/nl\/wp-json\/wp\/v2\/pages\/67\/revisions\/5293"}],"wp:attachment":[{"href":"https:\/\/www.lcingredients.com\/nl\/wp-json\/wp\/v2\/media?parent=67"}],"curies":[{"name":"wp","href":"https:\/\/api.w.org\/{rel}","templated":true}]}}