{"id":598,"date":"2023-09-25T14:03:48","date_gmt":"2023-09-25T14:03:48","guid":{"rendered":"https:\/\/www.lcingredients.com\/?page_id=598"},"modified":"2025-10-10T15:06:26","modified_gmt":"2025-10-10T15:06:26","slug":"gezicht-lichaamsverzorging","status":"publish","type":"page","link":"https:\/\/www.lcingredients.com\/nl\/gezicht-lichaamsverzorging\/","title":{"rendered":"Gezichts- en lichaamsverzorging"},"content":{"rendered":"<div data-elementor-type=\"wp-page\" data-elementor-id=\"598\" class=\"elementor elementor-598\" data-elementor-post-type=\"page\">\n\t\t\t\t\t\t<section class=\"elementor-section elementor-top-section elementor-element elementor-element-5c5a86a elementor-section-full_width elementor-section-height-default elementor-section-height-default\" data-id=\"5c5a86a\" data-element_type=\"section\" data-e-type=\"section\">\n\t\t\t\t\t\t<div class=\"elementor-container elementor-column-gap-default\">\n\t\t\t\t\t<div class=\"elementor-column elementor-col-100 elementor-top-column elementor-element elementor-element-e20827e\" data-id=\"e20827e\" data-element_type=\"column\" data-e-type=\"column\">\n\t\t\t<div class=\"elementor-widget-wrap elementor-element-populated\">\n\t\t\t\t\t\t<div class=\"elementor-element elementor-element-5bec33c elementor-widget elementor-widget-image\" data-id=\"5bec33c\" data-element_type=\"widget\" data-e-type=\"widget\" data-widget_type=\"image.default\">\n\t\t\t\t<div class=\"elementor-widget-container\">\n\t\t\t\t\t\t\t\t\t\t\t\t\t\t\t<img fetchpriority=\"high\" decoding=\"async\" width=\"800\" height=\"469\" src=\"https:\/\/www.lcingredients.com\/wp-content\/uploads\/2025\/03\/femmes-diversite-1160x680-1.jpg\" class=\"attachment-large size-large wp-image-2894\" alt=\"sant\u00e9 des femmes menopauze lc ingredi\u00ebnten\" \/>\t\t\t\t\t\t\t\t\t\t\t\t\t\t\t<\/div>\n\t\t\t\t<\/div>\n\t\t\t\t<div class=\"elementor-element elementor-element-7946eb8 elementor-widget elementor-widget-heading\" data-id=\"7946eb8\" data-element_type=\"widget\" data-e-type=\"widget\" data-widget_type=\"heading.default\">\n\t\t\t\t<div class=\"elementor-widget-container\">\n\t\t\t\t\t<h1 class=\"elementor-heading-title elementor-size-default\">GEZICHT- EN LICHAAMSVERZORGING<\/h1>\t\t\t\t<\/div>\n\t\t\t\t<\/div>\n\t\t\t\t\t<\/div>\n\t\t<\/div>\n\t\t\t\t\t<\/div>\n\t\t<\/section>\n\t\t\t\t<section class=\"elementor-section elementor-top-section elementor-element elementor-element-b440884 elementor-section-boxed elementor-section-height-default elementor-section-height-default\" data-id=\"b440884\" data-element_type=\"section\" data-e-type=\"section\">\n\t\t\t\t\t\t<div class=\"elementor-container elementor-column-gap-default\">\n\t\t\t\t\t<div class=\"elementor-column elementor-col-100 elementor-top-column elementor-element elementor-element-bc21ebc\" data-id=\"bc21ebc\" data-element_type=\"column\" data-e-type=\"column\">\n\t\t\t<div class=\"elementor-widget-wrap elementor-element-populated\">\n\t\t\t\t\t\t<div class=\"elementor-element elementor-element-7cd144e elementor-widget elementor-widget-heading\" data-id=\"7cd144e\" data-element_type=\"widget\" data-e-type=\"widget\" data-widget_type=\"heading.default\">\n\t\t\t\t<div class=\"elementor-widget-container\">\n\t\t\t\t\t<h2 class=\"elementor-heading-title elementor-size-default\">VOEDINGSONDERSTEUNING VOOR STERKE, GEZONDE NAGELS<\/h2>\t\t\t\t<\/div>\n\t\t\t\t<\/div>\n\t\t\t\t<section class=\"elementor-section elementor-inner-section elementor-element elementor-element-2d15d7d elementor-section-boxed elementor-section-height-default elementor-section-height-default\" data-id=\"2d15d7d\" data-element_type=\"section\" data-e-type=\"section\">\n\t\t\t\t\t\t<div class=\"elementor-container elementor-column-gap-default\">\n\t\t\t\t\t<div class=\"elementor-column elementor-col-50 elementor-inner-column elementor-element elementor-element-46d18c2\" data-id=\"46d18c2\" data-element_type=\"column\" data-e-type=\"column\">\n\t\t\t<div class=\"elementor-widget-wrap elementor-element-populated\">\n\t\t\t\t\t\t<div class=\"elementor-element elementor-element-d1ab317 elementor-widget elementor-widget-text-editor\" data-id=\"d1ab317\" data-element_type=\"widget\" data-e-type=\"widget\" data-widget_type=\"text-editor.default\">\n\t\t\t\t<div class=\"elementor-widget-container\">\n\t\t\t\t\t\t\t\t\t<p>Nagels bestaan voornamelijk uit keratine, een structureel eiwit dat rijk is aan essenti\u00eble aminozuren zoals cyste\u00efne. Dit zorgt voor stevigheid, veerkracht en bescherming.\u00a0<br \/><!--EndFragment --><\/p>\t\t\t\t\t\t\t\t<\/div>\n\t\t\t\t<\/div>\n\t\t\t\t\t<\/div>\n\t\t<\/div>\n\t\t\t\t<div class=\"elementor-column elementor-col-50 elementor-inner-column elementor-element elementor-element-d6f98c8\" data-id=\"d6f98c8\" data-element_type=\"column\" data-e-type=\"column\">\n\t\t\t<div class=\"elementor-widget-wrap elementor-element-populated\">\n\t\t\t\t\t\t<div class=\"elementor-element elementor-element-0cf2f01 elementor-widget elementor-widget-text-editor\" data-id=\"0cf2f01\" data-element_type=\"widget\" data-e-type=\"widget\" data-widget_type=\"text-editor.default\">\n\t\t\t\t<div class=\"elementor-widget-container\">\n\t\t\t\t\t\t\t\t\t<p>Onze ingredi\u00ebnten voor gezonde nagels zijn ontworpen om de keratineproductie van binnenuit te ondersteunen, de dikte van de nagels te verbeteren, broosheid te verminderen en de algehele vitaliteit van de nagels te bevorderen via gerichte voedingssupplementen.<\/p>\t\t\t\t\t\t\t\t<\/div>\n\t\t\t\t<\/div>\n\t\t\t\t\t<\/div>\n\t\t<\/div>\n\t\t\t\t\t<\/div>\n\t\t<\/section>\n\t\t\t\t\t<\/div>\n\t\t<\/div>\n\t\t\t\t\t<\/div>\n\t\t<\/section>\n\t\t\t\t<section class=\"elementor-section elementor-top-section elementor-element elementor-element-b839ff2 elementor-section-boxed elementor-section-height-default elementor-section-height-default\" data-id=\"b839ff2\" data-element_type=\"section\" data-e-type=\"section\">\n\t\t\t\t\t\t<div class=\"elementor-container elementor-column-gap-default\">\n\t\t\t\t\t<div class=\"elementor-column elementor-col-50 elementor-top-column elementor-element elementor-element-2828c21\" data-id=\"2828c21\" data-element_type=\"column\" data-e-type=\"column\" data-settings=\"{&quot;background_background&quot;:&quot;classic&quot;}\">\n\t\t\t<div class=\"elementor-widget-wrap elementor-element-populated\">\n\t\t\t\t\t\t<div class=\"elementor-element elementor-element-ed9db2f elementor-widget elementor-widget-heading\" data-id=\"ed9db2f\" data-element_type=\"widget\" data-e-type=\"widget\" data-widget_type=\"heading.default\">\n\t\t\t\t<div class=\"elementor-widget-container\">\n\t\t\t\t\t<h2 class=\"elementor-heading-title elementor-size-default\">CYNATINE\u00ae TOP<\/h2>\t\t\t\t<\/div>\n\t\t\t\t<\/div>\n\t\t\t\t<div class=\"elementor-element elementor-element-ab038ad elementor-widget elementor-widget-text-editor\" data-id=\"ab038ad\" data-element_type=\"widget\" data-e-type=\"widget\" data-widget_type=\"text-editor.default\">\n\t\t\t\t<div class=\"elementor-widget-container\">\n\t\t\t\t\t\t\t\t\t<p><strong>Cynatine\u00ae TOP<\/strong>\u00a0is een\u00a0<strong>gehydrolyseerde keratine<\/strong>\u00a0voor cosmetisch gebruik,\u00a0<strong><a href=\"https:\/\/www.ecocert.com\/fr-FR\/certification\/cosmetiques-biologiques-ou-naturels-cosmos\">KOSMOS<\/a>\u00a0<\/strong>goedgekeurd<b>.<\/b><\/p><p>Dit ingredi\u00ebnt is klinisch effectief getest met doseringen vanaf 0,5%\u00a0<strong>glans en glans verbeteren<\/strong>\u00a0wimpers en wenkbrauwen, versterken de<strong>\u00a0structuur<\/strong>\u00a0en de\u00a0<strong>Eiwitgehalte<\/strong>\u00a0van deze.<\/p>\t\t\t\t\t\t\t\t<\/div>\n\t\t\t\t<\/div>\n\t\t\t\t<div class=\"elementor-element elementor-element-b30d25e elementor-button-info elementor-align-center elementor-widget elementor-widget-button\" data-id=\"b30d25e\" data-element_type=\"widget\" data-e-type=\"widget\" data-widget_type=\"button.default\">\n\t\t\t\t<div class=\"elementor-widget-container\">\n\t\t\t\t\t\t\t\t\t<div class=\"elementor-button-wrapper\">\n\t\t\t\t\t<a class=\"elementor-button elementor-button-link elementor-size-sm\" href=\"https:\/\/www.lcingredients.com\/nl\/cosmetisch-cynatine-tophaar\/\">\n\t\t\t\t\t\t<span class=\"elementor-button-content-wrapper\">\n\t\t\t\t\t\t\t\t\t<span class=\"elementor-button-text\">Bekijk meer<\/span>\n\t\t\t\t\t<\/span>\n\t\t\t\t\t<\/a>\n\t\t\t\t<\/div>\n\t\t\t\t\t\t\t\t<\/div>\n\t\t\t\t<\/div>\n\t\t\t\t\t<\/div>\n\t\t<\/div>\n\t\t\t\t<div class=\"elementor-column elementor-col-50 elementor-top-column elementor-element elementor-element-4c9926a\" data-id=\"4c9926a\" data-element_type=\"column\" data-e-type=\"column\" data-settings=\"{&quot;background_background&quot;:&quot;classic&quot;}\">\n\t\t\t<div class=\"elementor-widget-wrap elementor-element-populated\">\n\t\t\t\t\t\t<div class=\"elementor-element elementor-element-3494c59 elementor-widget elementor-widget-spacer\" data-id=\"3494c59\" data-element_type=\"widget\" data-e-type=\"widget\" data-widget_type=\"spacer.default\">\n\t\t\t\t<div class=\"elementor-widget-container\">\n\t\t\t\t\t\t\t<div class=\"elementor-spacer\">\n\t\t\t<div class=\"elementor-spacer-inner\"><\/div>\n\t\t<\/div>\n\t\t\t\t\t\t<\/div>\n\t\t\t\t<\/div>\n\t\t\t\t<div class=\"elementor-element elementor-element-7b76b60 elementor-widget-laptop__width-initial elementor-widget elementor-widget-image\" data-id=\"7b76b60\" data-element_type=\"widget\" data-e-type=\"widget\" data-widget_type=\"image.default\">\n\t\t\t\t<div class=\"elementor-widget-container\">\n\t\t\t\t\t\t\t\t\t\t\t\t\t\t\t<img decoding=\"async\" width=\"800\" height=\"213\" src=\"https:\/\/www.lcingredients.com\/wp-content\/uploads\/2023\/09\/CYNATINE-TOP-LOGO-1024x272.png\" class=\"attachment-large size-large wp-image-624\" alt=\"\" srcset=\"https:\/\/www.lcingredients.com\/wp-content\/uploads\/2023\/09\/CYNATINE-TOP-LOGO-1024x272.png 1024w, https:\/\/www.lcingredients.com\/wp-content\/uploads\/2023\/09\/CYNATINE-TOP-LOGO-300x80.png 300w, https:\/\/www.lcingredients.com\/wp-content\/uploads\/2023\/09\/CYNATINE-TOP-LOGO-768x204.png 768w, https:\/\/www.lcingredients.com\/wp-content\/uploads\/2023\/09\/CYNATINE-TOP-LOGO-1536x408.png 1536w, https:\/\/www.lcingredients.com\/wp-content\/uploads\/2023\/09\/CYNATINE-TOP-LOGO-1320x351.png 1320w, https:\/\/www.lcingredients.com\/wp-content\/uploads\/2023\/09\/CYNATINE-TOP-LOGO.png 1600w\" sizes=\"(max-width: 800px) 100vw, 800px\" \/>\t\t\t\t\t\t\t\t\t\t\t\t\t\t\t<\/div>\n\t\t\t\t<\/div>\n\t\t\t\t\t<\/div>\n\t\t<\/div>\n\t\t\t\t\t<\/div>\n\t\t<\/section>\n\t\t\t\t<section class=\"elementor-section elementor-top-section elementor-element elementor-element-b5cd778 elementor-section-boxed elementor-section-height-default elementor-section-height-default\" data-id=\"b5cd778\" data-element_type=\"section\" data-e-type=\"section\">\n\t\t\t\t\t\t<div class=\"elementor-container elementor-column-gap-default\">\n\t\t\t\t\t<div class=\"elementor-column elementor-col-100 elementor-top-column elementor-element elementor-element-78d18fa\" data-id=\"78d18fa\" data-element_type=\"column\" data-e-type=\"column\">\n\t\t\t<div class=\"elementor-widget-wrap elementor-element-populated\">\n\t\t\t\t\t\t<div class=\"elementor-element elementor-element-058d3a2 elementor-widget elementor-widget-spacer\" data-id=\"058d3a2\" data-element_type=\"widget\" data-e-type=\"widget\" data-widget_type=\"spacer.default\">\n\t\t\t\t<div class=\"elementor-widget-container\">\n\t\t\t\t\t\t\t<div class=\"elementor-spacer\">\n\t\t\t<div class=\"elementor-spacer-inner\"><\/div>\n\t\t<\/div>\n\t\t\t\t\t\t<\/div>\n\t\t\t\t<\/div>\n\t\t\t\t\t<\/div>\n\t\t<\/div>\n\t\t\t\t\t<\/div>\n\t\t<\/section>\n\t\t\t\t<\/div>","protected":false},"excerpt":{"rendered":"<p>FACE &amp; BODY CARE NUTRITIONAL SUPPORT FOR STRONG, HEALTHY NAILS Nails are primarily composed of keratin, a structural protein rich in essential amino acids like cysteine, which provides strength, resilience, and protection.\u00a0 Our nail health ingredients are designed to support keratin production from within, helping to improve nail thickness, reduce brittleness, and promote overall nail [&hellip;]<\/p>","protected":false},"author":3,"featured_media":1347,"parent":0,"menu_order":0,"comment_status":"closed","ping_status":"closed","template":"","meta":{"_eb_attr":"","footnotes":""},"class_list":["post-598","page","type-page","status-publish","has-post-thumbnail","hentry"],"yoast_head":"<!-- This site is optimized with the Yoast SEO plugin v26.7 - https:\/\/yoast.com\/wordpress\/plugins\/seo\/ -->\n<title>Face &amp; Body Care - LC Ingredients<\/title>\n<meta name=\"description\" content=\"Discover our range of cosmetic ingredients. COSMO Certified. Create your own cares with our ingredients. Face and Body\" \/>\n<meta name=\"robots\" content=\"index, follow, max-snippet:-1, max-image-preview:large, max-video-preview:-1\" \/>\n<link rel=\"canonical\" href=\"https:\/\/www.lcingredients.com\/nl\/gezicht-lichaamsverzorging\/\" \/>\n<meta property=\"og:locale\" content=\"nl_NL\" \/>\n<meta property=\"og:type\" content=\"article\" \/>\n<meta property=\"og:title\" content=\"Face &amp; Body Care - LC Ingredients\" \/>\n<meta property=\"og:description\" content=\"Discover our range of cosmetic ingredients. COSMO Certified. Create your own cares with our ingredients. Face and Body\" \/>\n<meta property=\"og:url\" content=\"https:\/\/www.lcingredients.com\/nl\/gezicht-lichaamsverzorging\/\" \/>\n<meta property=\"og:site_name\" content=\"LC Ingredients\" \/>\n<meta property=\"article:modified_time\" content=\"2025-10-10T15:06:26+00:00\" \/>\n<meta property=\"og:image\" content=\"https:\/\/www.lcingredients.com\/wp-content\/uploads\/2023\/10\/25663705.jpg\" \/>\n\t<meta property=\"og:image:width\" content=\"700\" \/>\n\t<meta property=\"og:image:height\" content=\"466\" \/>\n\t<meta property=\"og:image:type\" content=\"image\/jpeg\" \/>\n<meta name=\"twitter:card\" content=\"summary_large_image\" \/>\n<meta name=\"twitter:label1\" content=\"Geschatte leestijd\" \/>\n\t<meta name=\"twitter:data1\" content=\"1 minuut\" \/>\n<script type=\"application\/ld+json\" class=\"yoast-schema-graph\">{\"@context\":\"https:\/\/schema.org\",\"@graph\":[{\"@type\":\"WebPage\",\"@id\":\"https:\/\/www.lcingredients.com\/face-body-care\/\",\"url\":\"https:\/\/www.lcingredients.com\/face-body-care\/\",\"name\":\"Face & Body Care - LC Ingredients\",\"isPartOf\":{\"@id\":\"https:\/\/www.lcingredients.com\/#website\"},\"primaryImageOfPage\":{\"@id\":\"https:\/\/www.lcingredients.com\/face-body-care\/#primaryimage\"},\"image\":{\"@id\":\"https:\/\/www.lcingredients.com\/face-body-care\/#primaryimage\"},\"thumbnailUrl\":\"https:\/\/www.lcingredients.com\/wp-content\/uploads\/2023\/10\/25663705.jpg\",\"datePublished\":\"2023-09-25T14:03:48+00:00\",\"dateModified\":\"2025-10-10T15:06:26+00:00\",\"description\":\"Discover our range of cosmetic ingredients. COSMO Certified. Create your own cares with our ingredients. Face and Body\",\"breadcrumb\":{\"@id\":\"https:\/\/www.lcingredients.com\/face-body-care\/#breadcrumb\"},\"inLanguage\":\"nl-NL\",\"potentialAction\":[{\"@type\":\"ReadAction\",\"target\":[\"https:\/\/www.lcingredients.com\/face-body-care\/\"]}]},{\"@type\":\"ImageObject\",\"inLanguage\":\"nl-NL\",\"@id\":\"https:\/\/www.lcingredients.com\/face-body-care\/#primaryimage\",\"url\":\"https:\/\/www.lcingredients.com\/wp-content\/uploads\/2023\/10\/25663705.jpg\",\"contentUrl\":\"https:\/\/www.lcingredients.com\/wp-content\/uploads\/2023\/10\/25663705.jpg\",\"width\":700,\"height\":466},{\"@type\":\"BreadcrumbList\",\"@id\":\"https:\/\/www.lcingredients.com\/face-body-care\/#breadcrumb\",\"itemListElement\":[{\"@type\":\"ListItem\",\"position\":1,\"name\":\"Home\",\"item\":\"https:\/\/www.lcingredients.com\/\"},{\"@type\":\"ListItem\",\"position\":2,\"name\":\"Face &#038; Body Care\"}]},{\"@type\":\"WebSite\",\"@id\":\"https:\/\/www.lcingredients.com\/#website\",\"url\":\"https:\/\/www.lcingredients.com\/\",\"name\":\"LC Ingredients\",\"description\":\"Discover high-quality ingredients for your food supplements and cosmetics formulations.\",\"publisher\":{\"@id\":\"https:\/\/www.lcingredients.com\/#organization\"},\"potentialAction\":[{\"@type\":\"SearchAction\",\"target\":{\"@type\":\"EntryPoint\",\"urlTemplate\":\"https:\/\/www.lcingredients.com\/?s={search_term_string}\"},\"query-input\":{\"@type\":\"PropertyValueSpecification\",\"valueRequired\":true,\"valueName\":\"search_term_string\"}}],\"inLanguage\":\"nl-NL\"},{\"@type\":\"Organization\",\"@id\":\"https:\/\/www.lcingredients.com\/#organization\",\"name\":\"LC Ingredients\",\"url\":\"https:\/\/www.lcingredients.com\/\",\"logo\":{\"@type\":\"ImageObject\",\"inLanguage\":\"nl-NL\",\"@id\":\"https:\/\/www.lcingredients.com\/#\/schema\/logo\/image\/\",\"url\":\"https:\/\/www.lcingredients.com\/wp-content\/uploads\/2023\/10\/LOGO-LC-INGREDIENTS.png\",\"contentUrl\":\"https:\/\/www.lcingredients.com\/wp-content\/uploads\/2023\/10\/LOGO-LC-INGREDIENTS.png\",\"width\":1280,\"height\":1060,\"caption\":\"LC Ingredients\"},\"image\":{\"@id\":\"https:\/\/www.lcingredients.com\/#\/schema\/logo\/image\/\"},\"sameAs\":[\"https:\/\/www.linkedin.com\/company\/lcingredients\/\"]}]}<\/script>\n<!-- \/ Yoast SEO plugin. -->","yoast_head_json":{"title":"Gezichts- en lichaamsverzorging - LC Ingredi\u00ebnten","description":"Ontdek ons assortiment cosmetische ingredi\u00ebnten. COSMO-gecertificeerd. Cre\u00eber je eigen verzorgingen met onze ingredi\u00ebnten. Gezicht en lichaam","robots":{"index":"index","follow":"follow","max-snippet":"max-snippet:-1","max-image-preview":"max-image-preview:large","max-video-preview":"max-video-preview:-1"},"canonical":"https:\/\/www.lcingredients.com\/nl\/gezicht-lichaamsverzorging\/","og_locale":"nl_NL","og_type":"article","og_title":"Face & Body Care - LC Ingredients","og_description":"Discover our range of cosmetic ingredients. COSMO Certified. Create your own cares with our ingredients. Face and Body","og_url":"https:\/\/www.lcingredients.com\/nl\/gezicht-lichaamsverzorging\/","og_site_name":"LC Ingredients","article_modified_time":"2025-10-10T15:06:26+00:00","og_image":[{"width":700,"height":466,"url":"https:\/\/www.lcingredients.com\/wp-content\/uploads\/2023\/10\/25663705.jpg","type":"image\/jpeg"}],"twitter_card":"summary_large_image","twitter_misc":{"Geschatte leestijd":"1 minuut"},"schema":{"@context":"https:\/\/schema.org","@graph":[{"@type":"WebPage","@id":"https:\/\/www.lcingredients.com\/face-body-care\/","url":"https:\/\/www.lcingredients.com\/face-body-care\/","name":"Gezichts- en lichaamsverzorging - LC Ingredi\u00ebnten","isPartOf":{"@id":"https:\/\/www.lcingredients.com\/#website"},"primaryImageOfPage":{"@id":"https:\/\/www.lcingredients.com\/face-body-care\/#primaryimage"},"image":{"@id":"https:\/\/www.lcingredients.com\/face-body-care\/#primaryimage"},"thumbnailUrl":"https:\/\/www.lcingredients.com\/wp-content\/uploads\/2023\/10\/25663705.jpg","datePublished":"2023-09-25T14:03:48+00:00","dateModified":"2025-10-10T15:06:26+00:00","description":"Ontdek ons assortiment cosmetische ingredi\u00ebnten. COSMO-gecertificeerd. Cre\u00eber je eigen verzorgingen met onze ingredi\u00ebnten. Gezicht en lichaam","breadcrumb":{"@id":"https:\/\/www.lcingredients.com\/face-body-care\/#breadcrumb"},"inLanguage":"nl-NL","potentialAction":[{"@type":"ReadAction","target":["https:\/\/www.lcingredients.com\/face-body-care\/"]}]},{"@type":"ImageObject","inLanguage":"nl-NL","@id":"https:\/\/www.lcingredients.com\/face-body-care\/#primaryimage","url":"https:\/\/www.lcingredients.com\/wp-content\/uploads\/2023\/10\/25663705.jpg","contentUrl":"https:\/\/www.lcingredients.com\/wp-content\/uploads\/2023\/10\/25663705.jpg","width":700,"height":466},{"@type":"BreadcrumbList","@id":"https:\/\/www.lcingredients.com\/face-body-care\/#breadcrumb","itemListElement":[{"@type":"ListItem","position":1,"name":"Home","item":"https:\/\/www.lcingredients.com\/"},{"@type":"ListItem","position":2,"name":"Face &#038; Body Care"}]},{"@type":"WebSite","@id":"https:\/\/www.lcingredients.com\/#website","url":"https:\/\/www.lcingredients.com\/","name":"LC-ingredi\u00ebnten","description":"Ontdek hoogwaardige ingredi\u00ebnten voor uw voedingssupplementen en cosmeticaformules.","publisher":{"@id":"https:\/\/www.lcingredients.com\/#organization"},"potentialAction":[{"@type":"SearchAction","target":{"@type":"EntryPoint","urlTemplate":"https:\/\/www.lcingredients.com\/?s={search_term_string}"},"query-input":{"@type":"PropertyValueSpecification","valueRequired":true,"valueName":"search_term_string"}}],"inLanguage":"nl-NL"},{"@type":"Organization","@id":"https:\/\/www.lcingredients.com\/#organization","name":"LC-ingredi\u00ebnten","url":"https:\/\/www.lcingredients.com\/","logo":{"@type":"ImageObject","inLanguage":"nl-NL","@id":"https:\/\/www.lcingredients.com\/#\/schema\/logo\/image\/","url":"https:\/\/www.lcingredients.com\/wp-content\/uploads\/2023\/10\/LOGO-LC-INGREDIENTS.png","contentUrl":"https:\/\/www.lcingredients.com\/wp-content\/uploads\/2023\/10\/LOGO-LC-INGREDIENTS.png","width":1280,"height":1060,"caption":"LC Ingredients"},"image":{"@id":"https:\/\/www.lcingredients.com\/#\/schema\/logo\/image\/"},"sameAs":["https:\/\/www.linkedin.com\/company\/lcingredients\/"]}]}},"_links":{"self":[{"href":"https:\/\/www.lcingredients.com\/nl\/wp-json\/wp\/v2\/pages\/598","targetHints":{"allow":["GET"]}}],"collection":[{"href":"https:\/\/www.lcingredients.com\/nl\/wp-json\/wp\/v2\/pages"}],"about":[{"href":"https:\/\/www.lcingredients.com\/nl\/wp-json\/wp\/v2\/types\/page"}],"author":[{"embeddable":true,"href":"https:\/\/www.lcingredients.com\/nl\/wp-json\/wp\/v2\/users\/3"}],"replies":[{"embeddable":true,"href":"https:\/\/www.lcingredients.com\/nl\/wp-json\/wp\/v2\/comments?post=598"}],"version-history":[{"count":26,"href":"https:\/\/www.lcingredients.com\/nl\/wp-json\/wp\/v2\/pages\/598\/revisions"}],"predecessor-version":[{"id":4981,"href":"https:\/\/www.lcingredients.com\/nl\/wp-json\/wp\/v2\/pages\/598\/revisions\/4981"}],"wp:featuredmedia":[{"embeddable":true,"href":"https:\/\/www.lcingredients.com\/nl\/wp-json\/wp\/v2\/media\/1347"}],"wp:attachment":[{"href":"https:\/\/www.lcingredients.com\/nl\/wp-json\/wp\/v2\/media?parent=598"}],"curies":[{"name":"wp","href":"https:\/\/api.w.org\/{rel}","templated":true}]}}