{"id":2668,"date":"2025-02-05T08:59:09","date_gmt":"2025-02-05T08:59:09","guid":{"rendered":"https:\/\/www.lcingredients.com\/?page_id=2668"},"modified":"2025-10-10T15:16:08","modified_gmt":"2025-10-10T15:16:08","slug":"santee-intestinale-ingredienten-vormen-een-aanvulling-op-alimentaires","status":"publish","type":"page","link":"https:\/\/www.lcingredients.com\/nl\/santee-intestinale-ingredienten-vormen-een-aanvulling-op-alimentaires\/","title":{"rendered":"Darmgezondheid"},"content":{"rendered":"<div data-elementor-type=\"wp-page\" data-elementor-id=\"2668\" class=\"elementor elementor-2668\" data-elementor-post-type=\"page\">\n\t\t\t\t\t\t<section class=\"elementor-section elementor-top-section elementor-element elementor-element-0a8c785 elementor-section-full_width elementor-section-height-default elementor-section-height-default\" data-id=\"0a8c785\" data-element_type=\"section\" data-e-type=\"section\">\n\t\t\t\t\t\t<div class=\"elementor-container elementor-column-gap-default\">\n\t\t\t\t\t<div class=\"elementor-column elementor-col-100 elementor-top-column elementor-element elementor-element-f73bb8b\" data-id=\"f73bb8b\" data-element_type=\"column\" data-e-type=\"column\">\n\t\t\t<div class=\"elementor-widget-wrap elementor-element-populated\">\n\t\t\t\t\t\t<div class=\"elementor-element elementor-element-8d6f26e elementor-widget elementor-widget-image\" data-id=\"8d6f26e\" data-element_type=\"widget\" data-e-type=\"widget\" data-widget_type=\"image.default\">\n\t\t\t\t<div class=\"elementor-widget-container\">\n\t\t\t\t\t\t\t\t\t\t\t\t\t\t\t<img fetchpriority=\"high\" decoding=\"async\" width=\"800\" height=\"533\" src=\"https:\/\/www.lcingredients.com\/wp-content\/uploads\/2024\/05\/Healthy-habits-for-digestive-health.png\" class=\"attachment-large size-large wp-image-2265\" alt=\"\" \/>\t\t\t\t\t\t\t\t\t\t\t\t\t\t\t<\/div>\n\t\t\t\t<\/div>\n\t\t\t\t<div class=\"elementor-element elementor-element-746ea61 elementor-widget elementor-widget-heading\" data-id=\"746ea61\" data-element_type=\"widget\" data-e-type=\"widget\" data-widget_type=\"heading.default\">\n\t\t\t\t<div class=\"elementor-widget-container\">\n\t\t\t\t\t<h1 class=\"elementor-heading-title elementor-size-default\">ONZE INGREDI\u00cbNTEN VOOR EEN GEZONDE DARM<\/h1>\t\t\t\t<\/div>\n\t\t\t\t<\/div>\n\t\t\t\t\t<\/div>\n\t\t<\/div>\n\t\t\t\t\t<\/div>\n\t\t<\/section>\n\t\t\t\t<section class=\"elementor-section elementor-top-section elementor-element elementor-element-1253ee3 elementor-section-boxed elementor-section-height-default elementor-section-height-default\" data-id=\"1253ee3\" data-element_type=\"section\" data-e-type=\"section\">\n\t\t\t\t\t\t<div class=\"elementor-container elementor-column-gap-default\">\n\t\t\t\t\t<div class=\"elementor-column elementor-col-100 elementor-top-column elementor-element elementor-element-5e52d26\" data-id=\"5e52d26\" data-element_type=\"column\" data-e-type=\"column\">\n\t\t\t<div class=\"elementor-widget-wrap elementor-element-populated\">\n\t\t\t\t\t\t<div class=\"elementor-element elementor-element-9a45d7a elementor-widget elementor-widget-heading\" data-id=\"9a45d7a\" data-element_type=\"widget\" data-e-type=\"widget\" data-widget_type=\"heading.default\">\n\t\t\t\t<div class=\"elementor-widget-container\">\n\t\t\t\t\t<h1 class=\"elementor-heading-title elementor-size-default\">ONDERSTEUNING VAN DE SPIJVERTERINGSBALANS EN DE GEZONDHEID VAN HET MICROBIOOM<\/h1>\t\t\t\t<\/div>\n\t\t\t\t<\/div>\n\t\t\t\t<section class=\"elementor-section elementor-inner-section elementor-element elementor-element-b55f8ee elementor-section-boxed elementor-section-height-default elementor-section-height-default\" data-id=\"b55f8ee\" data-element_type=\"section\" data-e-type=\"section\">\n\t\t\t\t\t\t<div class=\"elementor-container elementor-column-gap-default\">\n\t\t\t\t\t<div class=\"elementor-column elementor-col-50 elementor-inner-column elementor-element elementor-element-0c0c204\" data-id=\"0c0c204\" data-element_type=\"column\" data-e-type=\"column\">\n\t\t\t<div class=\"elementor-widget-wrap elementor-element-populated\">\n\t\t\t\t\t\t<div class=\"elementor-element elementor-element-a634723 elementor-widget elementor-widget-text-editor\" data-id=\"a634723\" data-element_type=\"widget\" data-e-type=\"widget\" data-widget_type=\"text-editor.default\">\n\t\t\t\t<div class=\"elementor-widget-container\">\n\t\t\t\t\t\t\t\t\t<p>Een gezonde darm is essentieel voor je algehele welzijn en be\u00efnvloedt de spijsvertering, immuniteit, stemming en opname van voedingsstoffen. Onze ingredi\u00ebnten voor een gezonde darm zijn ontworpen om de darmfunctie te ondersteunen, de darmbarri\u00e8re te versterken en het microbioom te voeden.<\/p>\t\t\t\t\t\t\t\t<\/div>\n\t\t\t\t<\/div>\n\t\t\t\t\t<\/div>\n\t\t<\/div>\n\t\t\t\t<div class=\"elementor-column elementor-col-50 elementor-inner-column elementor-element elementor-element-cea8b4c\" data-id=\"cea8b4c\" data-element_type=\"column\" data-e-type=\"column\">\n\t\t\t<div class=\"elementor-widget-wrap elementor-element-populated\">\n\t\t\t\t\t\t<div class=\"elementor-element elementor-element-fcd3b52 elementor-widget elementor-widget-text-editor\" data-id=\"fcd3b52\" data-element_type=\"widget\" data-e-type=\"widget\" data-widget_type=\"text-editor.default\">\n\t\t\t\t<div class=\"elementor-widget-container\">\n\t\t\t\t\t\t\t\t\t<p>Met behulp van gerichte voedingsoplossingen bevorderen wij het spijsverteringscomfort, de microbi\u00eble diversiteit en de veerkracht van het maag-darmkanaal op de lange termijn.<\/p><p><strong>Ontdek meer over onze belangrijkste ingredi\u00ebnten: CocoFib biologisch en Actazin &amp; Livaux<\/strong><\/p>\t\t\t\t\t\t\t\t<\/div>\n\t\t\t\t<\/div>\n\t\t\t\t\t<\/div>\n\t\t<\/div>\n\t\t\t\t\t<\/div>\n\t\t<\/section>\n\t\t\t\t\t<\/div>\n\t\t<\/div>\n\t\t\t\t\t<\/div>\n\t\t<\/section>\n\t\t\t\t<section class=\"elementor-section elementor-top-section elementor-element elementor-element-69269fe elementor-section-boxed elementor-section-height-default elementor-section-height-default\" data-id=\"69269fe\" data-element_type=\"section\" data-e-type=\"section\">\n\t\t\t\t\t\t<div class=\"elementor-container elementor-column-gap-default\">\n\t\t\t\t\t<div class=\"elementor-column elementor-col-50 elementor-top-column elementor-element elementor-element-46b01a5\" data-id=\"46b01a5\" data-element_type=\"column\" data-e-type=\"column\" data-settings=\"{&quot;background_background&quot;:&quot;classic&quot;}\">\n\t\t\t<div class=\"elementor-widget-wrap elementor-element-populated\">\n\t\t\t\t\t\t<div class=\"elementor-element elementor-element-b9f416b elementor-widget elementor-widget-image\" data-id=\"b9f416b\" data-element_type=\"widget\" data-e-type=\"widget\" data-widget_type=\"image.default\">\n\t\t\t\t<div class=\"elementor-widget-container\">\n\t\t\t\t\t\t\t\t\t\t\t\t\t\t\t\t<a href=\"https:\/\/www.lcingredients.com\/nl\/kokosvezel\/\">\n\t\t\t\t\t\t\t<img decoding=\"async\" width=\"504\" height=\"288\" src=\"https:\/\/www.lcingredients.com\/wp-content\/uploads\/2025\/09\/LOGO-COCOFIB.png\" class=\"attachment-large size-large wp-image-3372\" alt=\"\" srcset=\"https:\/\/www.lcingredients.com\/wp-content\/uploads\/2025\/09\/LOGO-COCOFIB.png 504w, https:\/\/www.lcingredients.com\/wp-content\/uploads\/2025\/09\/LOGO-COCOFIB-300x171.png 300w, https:\/\/www.lcingredients.com\/wp-content\/uploads\/2025\/09\/LOGO-COCOFIB-18x10.png 18w\" sizes=\"(max-width: 504px) 100vw, 504px\" \/>\t\t\t\t\t\t\t\t<\/a>\n\t\t\t\t\t\t\t\t\t\t\t\t\t\t\t<\/div>\n\t\t\t\t<\/div>\n\t\t\t\t\t<\/div>\n\t\t<\/div>\n\t\t\t\t<div class=\"elementor-column elementor-col-50 elementor-top-column elementor-element elementor-element-aeed5a9\" data-id=\"aeed5a9\" data-element_type=\"column\" data-e-type=\"column\" data-settings=\"{&quot;background_background&quot;:&quot;classic&quot;}\">\n\t\t\t<div class=\"elementor-widget-wrap elementor-element-populated\">\n\t\t\t\t\t\t<div class=\"elementor-element elementor-element-ce174f4 elementor-widget elementor-widget-heading\" data-id=\"ce174f4\" data-element_type=\"widget\" data-e-type=\"widget\" data-widget_type=\"heading.default\">\n\t\t\t\t<div class=\"elementor-widget-container\">\n\t\t\t\t\t<h2 class=\"elementor-heading-title elementor-size-default\">COCOFIB BIOLOGISCH<\/h2>\t\t\t\t<\/div>\n\t\t\t\t<\/div>\n\t\t\t\t<div class=\"elementor-element elementor-element-141cc8e elementor-widget elementor-widget-text-editor\" data-id=\"141cc8e\" data-element_type=\"widget\" data-e-type=\"widget\" data-widget_type=\"text-editor.default\">\n\t\t\t\t<div class=\"elementor-widget-container\">\n\t\t\t\t\t\t\t\t\t<p>&#039;s Werelds enige prebioticum gemaakt van biologische kokosnoot. Cocofib is veganistisch, laag FODMAP, lage glycemische index, niet-GMO en keto-vriendelijk.<\/p>\t\t\t\t\t\t\t\t<\/div>\n\t\t\t\t<\/div>\n\t\t\t\t<div class=\"elementor-element elementor-element-44aa913 elementor-button-info elementor-align-center elementor-widget elementor-widget-button\" data-id=\"44aa913\" data-element_type=\"widget\" data-e-type=\"widget\" data-widget_type=\"button.default\">\n\t\t\t\t<div class=\"elementor-widget-container\">\n\t\t\t\t\t\t\t\t\t<div class=\"elementor-button-wrapper\">\n\t\t\t\t\t<a class=\"elementor-button elementor-button-link elementor-size-sm\" href=\"https:\/\/www.lcingredients.com\/nl\/kokosvezel\/\">\n\t\t\t\t\t\t<span class=\"elementor-button-content-wrapper\">\n\t\t\t\t\t\t\t\t\t<span class=\"elementor-button-text\">Bekijk meer<\/span>\n\t\t\t\t\t<\/span>\n\t\t\t\t\t<\/a>\n\t\t\t\t<\/div>\n\t\t\t\t\t\t\t\t<\/div>\n\t\t\t\t<\/div>\n\t\t\t\t\t<\/div>\n\t\t<\/div>\n\t\t\t\t\t<\/div>\n\t\t<\/section>\n\t\t\t\t<section class=\"elementor-section elementor-top-section elementor-element elementor-element-e106afd elementor-section-boxed elementor-section-height-default elementor-section-height-default\" data-id=\"e106afd\" data-element_type=\"section\" data-e-type=\"section\">\n\t\t\t\t\t\t<div class=\"elementor-container elementor-column-gap-default\">\n\t\t\t\t\t<div class=\"elementor-column elementor-col-50 elementor-top-column elementor-element elementor-element-3723e2f\" data-id=\"3723e2f\" data-element_type=\"column\" data-e-type=\"column\" data-settings=\"{&quot;background_background&quot;:&quot;classic&quot;}\">\n\t\t\t<div class=\"elementor-widget-wrap elementor-element-populated\">\n\t\t\t\t\t\t<div class=\"elementor-element elementor-element-81d94d3 elementor-widget elementor-widget-heading\" data-id=\"81d94d3\" data-element_type=\"widget\" data-e-type=\"widget\" data-widget_type=\"heading.default\">\n\t\t\t\t<div class=\"elementor-widget-container\">\n\t\t\t\t\t<h2 class=\"elementor-heading-title elementor-size-default\">ACTAZIN\u00ae &amp; LIVAUX\u00ae<\/h2>\t\t\t\t<\/div>\n\t\t\t\t<\/div>\n\t\t\t\t<div class=\"elementor-element elementor-element-74014a8 elementor-widget elementor-widget-text-editor\" data-id=\"74014a8\" data-element_type=\"widget\" data-e-type=\"widget\" data-widget_type=\"text-editor.default\">\n\t\t\t\t<div class=\"elementor-widget-container\">\n\t\t\t\t\t\t\t\t\t<p>Livaux<span style=\"background-color: #ffffff; font-weight: bolder; text-align: justify;\">\u00ae<\/span>\u00a0en Actazin<span style=\"background-color: #ffffff; font-weight: bolder; text-align: justify;\">\u00ae<\/span>\u00a0zijn respectievelijk Nieuw-Zeelandse goud- en groene kiwipoeders. Beide worden bereid met gepatenteerde verwerkingsmethoden om alle voedings- en functionele eigenschappen van het fruit te behouden.<\/p>\t\t\t\t\t\t\t\t<\/div>\n\t\t\t\t<\/div>\n\t\t\t\t<div class=\"elementor-element elementor-element-d854394 elementor-button-info elementor-align-center elementor-widget elementor-widget-button\" data-id=\"d854394\" data-element_type=\"widget\" data-e-type=\"widget\" data-widget_type=\"button.default\">\n\t\t\t\t<div class=\"elementor-widget-container\">\n\t\t\t\t\t\t\t\t\t<div class=\"elementor-button-wrapper\">\n\t\t\t\t\t<a class=\"elementor-button elementor-button-link elementor-size-sm\" href=\"https:\/\/www.lcingredients.com\/nl\/actazin-livaux-ingredienten-voedingssupplementen-darmgezondheid\/\">\n\t\t\t\t\t\t<span class=\"elementor-button-content-wrapper\">\n\t\t\t\t\t\t\t\t\t<span class=\"elementor-button-text\">Bekijk meer<\/span>\n\t\t\t\t\t<\/span>\n\t\t\t\t\t<\/a>\n\t\t\t\t<\/div>\n\t\t\t\t\t\t\t\t<\/div>\n\t\t\t\t<\/div>\n\t\t\t\t\t<\/div>\n\t\t<\/div>\n\t\t\t\t<div class=\"elementor-column elementor-col-50 elementor-top-column elementor-element elementor-element-64674ca\" data-id=\"64674ca\" data-element_type=\"column\" data-e-type=\"column\" data-settings=\"{&quot;background_background&quot;:&quot;classic&quot;}\">\n\t\t\t<div class=\"elementor-widget-wrap elementor-element-populated\">\n\t\t\t\t\t\t<div class=\"elementor-element elementor-element-2da78d5 elementor-widget elementor-widget-image\" data-id=\"2da78d5\" data-element_type=\"widget\" data-e-type=\"widget\" data-widget_type=\"image.default\">\n\t\t\t\t<div class=\"elementor-widget-container\">\n\t\t\t\t\t\t\t\t\t\t\t\t\t\t\t\t<a href=\"https:\/\/www.lcingredients.com\/nl\/kokosvezel\/\">\n\t\t\t\t\t\t\t<img decoding=\"async\" width=\"800\" height=\"364\" src=\"https:\/\/www.lcingredients.com\/wp-content\/uploads\/2025\/02\/ACTAZIN-AND-LIVAUX-LOGO.png\" class=\"attachment-large size-large wp-image-2690\" alt=\"actazin en livaux darmgezondheid\" \/>\t\t\t\t\t\t\t\t<\/a>\n\t\t\t\t\t\t\t\t\t\t\t\t\t\t\t<\/div>\n\t\t\t\t<\/div>\n\t\t\t\t\t<\/div>\n\t\t<\/div>\n\t\t\t\t\t<\/div>\n\t\t<\/section>\n\t\t\t\t<\/div>","protected":false},"excerpt":{"rendered":"<p>ONZE INGREDI\u00cbNTEN VOOR EEN GEZONDE DARM ONDERSTEUNEN DE SPIJVERTERINGSBALANS EN DE GEZONDHEID VAN HET MICROBIOOM Een gezonde darm is essentieel voor het algehele welzijn en be\u00efnvloedt de spijsvertering, immuniteit, stemming en opname van voedingsstoffen. Onze ingredi\u00ebnten voor een gezonde darm zijn ontworpen om de darmfunctie te ondersteunen, de darmbarri\u00e8re te versterken en het microbioom te voeden. Met gerichte voedingsoplossingen bevorderen we het spijsverteringscomfort, de microbi\u00eble diversiteit en [\u2026]<\/p>","protected":false},"author":2,"featured_media":2265,"parent":0,"menu_order":0,"comment_status":"closed","ping_status":"closed","template":"","meta":{"_eb_attr":"","footnotes":""},"class_list":["post-2668","page","type-page","status-publish","has-post-thumbnail","hentry"],"yoast_head":"<!-- This site is optimized with the Yoast SEO plugin v26.7 - https:\/\/yoast.com\/wordpress\/plugins\/seo\/ -->\n<title>Gut Health - LC Ingredients<\/title>\n<meta name=\"description\" content=\"D\u00e9couvrez nos ingr\u00e9dients brevet\u00e9s et avec \u00e9tudes cliniques d\u00e9di\u00e9s \u00e0 la sant\u00e9 intestinale : Ballonnements, inconfort, constipation... etc\" \/>\n<meta name=\"robots\" content=\"index, follow, max-snippet:-1, max-image-preview:large, max-video-preview:-1\" \/>\n<link rel=\"canonical\" href=\"https:\/\/www.lcingredients.com\/nl\/santee-intestinale-ingredienten-vormen-een-aanvulling-op-alimentaires\/\" \/>\n<meta property=\"og:locale\" content=\"nl_NL\" \/>\n<meta property=\"og:type\" content=\"article\" \/>\n<meta property=\"og:title\" content=\"Gut Health - LC Ingredients\" \/>\n<meta property=\"og:description\" content=\"D\u00e9couvrez nos ingr\u00e9dients brevet\u00e9s et avec \u00e9tudes cliniques d\u00e9di\u00e9s \u00e0 la sant\u00e9 intestinale : Ballonnements, inconfort, constipation... etc\" \/>\n<meta property=\"og:url\" content=\"https:\/\/www.lcingredients.com\/nl\/santee-intestinale-ingredienten-vormen-een-aanvulling-op-alimentaires\/\" \/>\n<meta property=\"og:site_name\" content=\"LC Ingredients\" \/>\n<meta property=\"article:modified_time\" content=\"2025-10-10T15:16:08+00:00\" \/>\n<meta property=\"og:image\" content=\"https:\/\/www.lcingredients.com\/wp-content\/uploads\/2024\/05\/Healthy-habits-for-digestive-health.png\" \/>\n\t<meta property=\"og:image:width\" content=\"2000\" \/>\n\t<meta property=\"og:image:height\" content=\"1333\" \/>\n\t<meta property=\"og:image:type\" content=\"image\/png\" \/>\n<meta name=\"twitter:card\" content=\"summary_large_image\" \/>\n<meta name=\"twitter:label1\" content=\"Geschatte leestijd\" \/>\n\t<meta name=\"twitter:data1\" content=\"2 minuten\" \/>\n<script type=\"application\/ld+json\" class=\"yoast-schema-graph\">{\"@context\":\"https:\/\/schema.org\",\"@graph\":[{\"@type\":\"WebPage\",\"@id\":\"https:\/\/www.lcingredients.com\/santee-intestinale-ingredients-complements-alimentaires\/\",\"url\":\"https:\/\/www.lcingredients.com\/santee-intestinale-ingredients-complements-alimentaires\/\",\"name\":\"Gut Health - LC Ingredients\",\"isPartOf\":{\"@id\":\"https:\/\/www.lcingredients.com\/#website\"},\"primaryImageOfPage\":{\"@id\":\"https:\/\/www.lcingredients.com\/santee-intestinale-ingredients-complements-alimentaires\/#primaryimage\"},\"image\":{\"@id\":\"https:\/\/www.lcingredients.com\/santee-intestinale-ingredients-complements-alimentaires\/#primaryimage\"},\"thumbnailUrl\":\"https:\/\/www.lcingredients.com\/wp-content\/uploads\/2024\/05\/Healthy-habits-for-digestive-health.png\",\"datePublished\":\"2025-02-05T08:59:09+00:00\",\"dateModified\":\"2025-10-10T15:16:08+00:00\",\"description\":\"D\u00e9couvrez nos ingr\u00e9dients brevet\u00e9s et avec \u00e9tudes cliniques d\u00e9di\u00e9s \u00e0 la sant\u00e9 intestinale : Ballonnements, inconfort, constipation... etc\",\"breadcrumb\":{\"@id\":\"https:\/\/www.lcingredients.com\/santee-intestinale-ingredients-complements-alimentaires\/#breadcrumb\"},\"inLanguage\":\"nl-NL\",\"potentialAction\":[{\"@type\":\"ReadAction\",\"target\":[\"https:\/\/www.lcingredients.com\/santee-intestinale-ingredients-complements-alimentaires\/\"]}]},{\"@type\":\"ImageObject\",\"inLanguage\":\"nl-NL\",\"@id\":\"https:\/\/www.lcingredients.com\/santee-intestinale-ingredients-complements-alimentaires\/#primaryimage\",\"url\":\"https:\/\/www.lcingredients.com\/wp-content\/uploads\/2024\/05\/Healthy-habits-for-digestive-health.png\",\"contentUrl\":\"https:\/\/www.lcingredients.com\/wp-content\/uploads\/2024\/05\/Healthy-habits-for-digestive-health.png\",\"width\":2000,\"height\":1333},{\"@type\":\"BreadcrumbList\",\"@id\":\"https:\/\/www.lcingredients.com\/santee-intestinale-ingredients-complements-alimentaires\/#breadcrumb\",\"itemListElement\":[{\"@type\":\"ListItem\",\"position\":1,\"name\":\"Home\",\"item\":\"https:\/\/www.lcingredients.com\/\"},{\"@type\":\"ListItem\",\"position\":2,\"name\":\"Gut Health\"}]},{\"@type\":\"WebSite\",\"@id\":\"https:\/\/www.lcingredients.com\/#website\",\"url\":\"https:\/\/www.lcingredients.com\/\",\"name\":\"LC Ingredients\",\"description\":\"Discover high-quality ingredients for your food supplements and cosmetics formulations.\",\"publisher\":{\"@id\":\"https:\/\/www.lcingredients.com\/#organization\"},\"potentialAction\":[{\"@type\":\"SearchAction\",\"target\":{\"@type\":\"EntryPoint\",\"urlTemplate\":\"https:\/\/www.lcingredients.com\/?s={search_term_string}\"},\"query-input\":{\"@type\":\"PropertyValueSpecification\",\"valueRequired\":true,\"valueName\":\"search_term_string\"}}],\"inLanguage\":\"nl-NL\"},{\"@type\":\"Organization\",\"@id\":\"https:\/\/www.lcingredients.com\/#organization\",\"name\":\"LC Ingredients\",\"url\":\"https:\/\/www.lcingredients.com\/\",\"logo\":{\"@type\":\"ImageObject\",\"inLanguage\":\"nl-NL\",\"@id\":\"https:\/\/www.lcingredients.com\/#\/schema\/logo\/image\/\",\"url\":\"https:\/\/www.lcingredients.com\/wp-content\/uploads\/2023\/10\/LOGO-LC-INGREDIENTS.png\",\"contentUrl\":\"https:\/\/www.lcingredients.com\/wp-content\/uploads\/2023\/10\/LOGO-LC-INGREDIENTS.png\",\"width\":1280,\"height\":1060,\"caption\":\"LC Ingredients\"},\"image\":{\"@id\":\"https:\/\/www.lcingredients.com\/#\/schema\/logo\/image\/\"},\"sameAs\":[\"https:\/\/www.linkedin.com\/company\/lcingredients\/\"]}]}<\/script>\n<!-- \/ Yoast SEO plugin. -->","yoast_head_json":{"title":"Darmgezondheid - LC-ingredi\u00ebnten","description":"Ontdek de korte ingredi\u00ebnten en met de beste behandelingen voor de darmgezondheid: ongemakken, ongemak, obstipatie... enz.","robots":{"index":"index","follow":"follow","max-snippet":"max-snippet:-1","max-image-preview":"max-image-preview:large","max-video-preview":"max-video-preview:-1"},"canonical":"https:\/\/www.lcingredients.com\/nl\/santee-intestinale-ingredienten-vormen-een-aanvulling-op-alimentaires\/","og_locale":"nl_NL","og_type":"article","og_title":"Gut Health - LC Ingredients","og_description":"D\u00e9couvrez nos ingr\u00e9dients brevet\u00e9s et avec \u00e9tudes cliniques d\u00e9di\u00e9s \u00e0 la sant\u00e9 intestinale : Ballonnements, inconfort, constipation... etc","og_url":"https:\/\/www.lcingredients.com\/nl\/santee-intestinale-ingredienten-vormen-een-aanvulling-op-alimentaires\/","og_site_name":"LC Ingredients","article_modified_time":"2025-10-10T15:16:08+00:00","og_image":[{"width":2000,"height":1333,"url":"https:\/\/www.lcingredients.com\/wp-content\/uploads\/2024\/05\/Healthy-habits-for-digestive-health.png","type":"image\/png"}],"twitter_card":"summary_large_image","twitter_misc":{"Geschatte leestijd":"2 minuten"},"schema":{"@context":"https:\/\/schema.org","@graph":[{"@type":"WebPage","@id":"https:\/\/www.lcingredients.com\/santee-intestinale-ingredients-complements-alimentaires\/","url":"https:\/\/www.lcingredients.com\/santee-intestinale-ingredients-complements-alimentaires\/","name":"Darmgezondheid - LC-ingredi\u00ebnten","isPartOf":{"@id":"https:\/\/www.lcingredients.com\/#website"},"primaryImageOfPage":{"@id":"https:\/\/www.lcingredients.com\/santee-intestinale-ingredients-complements-alimentaires\/#primaryimage"},"image":{"@id":"https:\/\/www.lcingredients.com\/santee-intestinale-ingredients-complements-alimentaires\/#primaryimage"},"thumbnailUrl":"https:\/\/www.lcingredients.com\/wp-content\/uploads\/2024\/05\/Healthy-habits-for-digestive-health.png","datePublished":"2025-02-05T08:59:09+00:00","dateModified":"2025-10-10T15:16:08+00:00","description":"Ontdek de korte ingredi\u00ebnten en met de beste behandelingen voor de darmgezondheid: ongemakken, ongemak, obstipatie... enz.","breadcrumb":{"@id":"https:\/\/www.lcingredients.com\/santee-intestinale-ingredients-complements-alimentaires\/#breadcrumb"},"inLanguage":"nl-NL","potentialAction":[{"@type":"ReadAction","target":["https:\/\/www.lcingredients.com\/santee-intestinale-ingredients-complements-alimentaires\/"]}]},{"@type":"ImageObject","inLanguage":"nl-NL","@id":"https:\/\/www.lcingredients.com\/santee-intestinale-ingredients-complements-alimentaires\/#primaryimage","url":"https:\/\/www.lcingredients.com\/wp-content\/uploads\/2024\/05\/Healthy-habits-for-digestive-health.png","contentUrl":"https:\/\/www.lcingredients.com\/wp-content\/uploads\/2024\/05\/Healthy-habits-for-digestive-health.png","width":2000,"height":1333},{"@type":"BreadcrumbList","@id":"https:\/\/www.lcingredients.com\/santee-intestinale-ingredients-complements-alimentaires\/#breadcrumb","itemListElement":[{"@type":"ListItem","position":1,"name":"Home","item":"https:\/\/www.lcingredients.com\/"},{"@type":"ListItem","position":2,"name":"Gut Health"}]},{"@type":"WebSite","@id":"https:\/\/www.lcingredients.com\/#website","url":"https:\/\/www.lcingredients.com\/","name":"LC-ingredi\u00ebnten","description":"Ontdek hoogwaardige ingredi\u00ebnten voor uw voedingssupplementen en cosmeticaformules.","publisher":{"@id":"https:\/\/www.lcingredients.com\/#organization"},"potentialAction":[{"@type":"SearchAction","target":{"@type":"EntryPoint","urlTemplate":"https:\/\/www.lcingredients.com\/?s={search_term_string}"},"query-input":{"@type":"PropertyValueSpecification","valueRequired":true,"valueName":"search_term_string"}}],"inLanguage":"nl-NL"},{"@type":"Organization","@id":"https:\/\/www.lcingredients.com\/#organization","name":"LC-ingredi\u00ebnten","url":"https:\/\/www.lcingredients.com\/","logo":{"@type":"ImageObject","inLanguage":"nl-NL","@id":"https:\/\/www.lcingredients.com\/#\/schema\/logo\/image\/","url":"https:\/\/www.lcingredients.com\/wp-content\/uploads\/2023\/10\/LOGO-LC-INGREDIENTS.png","contentUrl":"https:\/\/www.lcingredients.com\/wp-content\/uploads\/2023\/10\/LOGO-LC-INGREDIENTS.png","width":1280,"height":1060,"caption":"LC Ingredients"},"image":{"@id":"https:\/\/www.lcingredients.com\/#\/schema\/logo\/image\/"},"sameAs":["https:\/\/www.linkedin.com\/company\/lcingredients\/"]}]}},"_links":{"self":[{"href":"https:\/\/www.lcingredients.com\/nl\/wp-json\/wp\/v2\/pages\/2668","targetHints":{"allow":["GET"]}}],"collection":[{"href":"https:\/\/www.lcingredients.com\/nl\/wp-json\/wp\/v2\/pages"}],"about":[{"href":"https:\/\/www.lcingredients.com\/nl\/wp-json\/wp\/v2\/types\/page"}],"author":[{"embeddable":true,"href":"https:\/\/www.lcingredients.com\/nl\/wp-json\/wp\/v2\/users\/2"}],"replies":[{"embeddable":true,"href":"https:\/\/www.lcingredients.com\/nl\/wp-json\/wp\/v2\/comments?post=2668"}],"version-history":[{"count":22,"href":"https:\/\/www.lcingredients.com\/nl\/wp-json\/wp\/v2\/pages\/2668\/revisions"}],"predecessor-version":[{"id":5006,"href":"https:\/\/www.lcingredients.com\/nl\/wp-json\/wp\/v2\/pages\/2668\/revisions\/5006"}],"wp:featuredmedia":[{"embeddable":true,"href":"https:\/\/www.lcingredients.com\/nl\/wp-json\/wp\/v2\/media\/2265"}],"wp:attachment":[{"href":"https:\/\/www.lcingredients.com\/nl\/wp-json\/wp\/v2\/media?parent=2668"}],"curies":[{"name":"wp","href":"https:\/\/api.w.org\/{rel}","templated":true}]}}