{"id":490,"date":"2023-09-22T15:30:41","date_gmt":"2023-09-22T15:30:41","guid":{"rendered":"https:\/\/www.lcingredients.com\/?page_id=490"},"modified":"2025-10-10T15:28:20","modified_gmt":"2025-10-10T15:28:20","slug":"conforto-articolare","status":"publish","type":"page","link":"https:\/\/www.lcingredients.com\/it\/conforto-articolare\/","title":{"rendered":"Confort articolare"},"content":{"rendered":"<div data-elementor-type=\"wp-page\" data-elementor-id=\"490\" class=\"elementor elementor-490\" data-elementor-post-type=\"page\">\n\t\t\t\t\t\t<section class=\"elementor-section elementor-top-section elementor-element elementor-element-30a59c3 elementor-section-full_width elementor-section-height-default elementor-section-height-default\" data-id=\"30a59c3\" data-element_type=\"section\" data-e-type=\"section\">\n\t\t\t\t\t\t<div class=\"elementor-container elementor-column-gap-default\">\n\t\t\t\t\t<div class=\"elementor-column elementor-col-100 elementor-top-column elementor-element elementor-element-2e816d1\" data-id=\"2e816d1\" data-element_type=\"column\" data-e-type=\"column\">\n\t\t\t<div class=\"elementor-widget-wrap elementor-element-populated\">\n\t\t\t\t\t\t<div class=\"elementor-element elementor-element-402d40b elementor-widget elementor-widget-image\" data-id=\"402d40b\" data-element_type=\"widget\" data-e-type=\"widget\" data-widget_type=\"image.default\">\n\t\t\t\t<div class=\"elementor-widget-container\">\n\t\t\t\t\t\t\t\t\t\t\t\t\t\t\t<img fetchpriority=\"high\" decoding=\"async\" width=\"800\" height=\"533\" src=\"https:\/\/www.lcingredients.com\/wp-content\/uploads\/2025\/09\/active-men-running-in-the-city-1024x682.jpg\" class=\"attachment-large size-large wp-image-3467\" alt=\"uomini attivi che corrono in citt\u00e0\" srcset=\"https:\/\/www.lcingredients.com\/wp-content\/uploads\/2025\/09\/active-men-running-in-the-city-1024x682.jpg 1024w, https:\/\/www.lcingredients.com\/wp-content\/uploads\/2025\/09\/active-men-running-in-the-city-300x200.jpg 300w, https:\/\/www.lcingredients.com\/wp-content\/uploads\/2025\/09\/active-men-running-in-the-city-768x512.jpg 768w, https:\/\/www.lcingredients.com\/wp-content\/uploads\/2025\/09\/active-men-running-in-the-city-1536x1024.jpg 1536w, https:\/\/www.lcingredients.com\/wp-content\/uploads\/2025\/09\/active-men-running-in-the-city-18x12.jpg 18w, https:\/\/www.lcingredients.com\/wp-content\/uploads\/2025\/09\/active-men-running-in-the-city-1320x880.jpg 1320w, https:\/\/www.lcingredients.com\/wp-content\/uploads\/2025\/09\/active-men-running-in-the-city.jpg 2000w\" sizes=\"(max-width: 800px) 100vw, 800px\" \/>\t\t\t\t\t\t\t\t\t\t\t\t\t\t\t<\/div>\n\t\t\t\t<\/div>\n\t\t\t\t<div class=\"elementor-element elementor-element-2c74228 elementor-widget elementor-widget-heading\" data-id=\"2c74228\" data-element_type=\"widget\" data-e-type=\"widget\" data-widget_type=\"heading.default\">\n\t\t\t\t<div class=\"elementor-widget-container\">\n\t\t\t\t\t<h1 class=\"elementor-heading-title elementor-size-default\">I NOSTRI INGREDIENTI PER IL COMFORT ARTICOLARE<\/h1>\t\t\t\t<\/div>\n\t\t\t\t<\/div>\n\t\t\t\t\t<\/div>\n\t\t<\/div>\n\t\t\t\t\t<\/div>\n\t\t<\/section>\n\t\t\t\t<section class=\"elementor-section elementor-top-section elementor-element elementor-element-58063ae elementor-section-boxed elementor-section-height-default elementor-section-height-default\" data-id=\"58063ae\" data-element_type=\"section\" data-e-type=\"section\">\n\t\t\t\t\t\t<div class=\"elementor-container elementor-column-gap-default\">\n\t\t\t\t\t<div class=\"elementor-column elementor-col-100 elementor-top-column elementor-element elementor-element-afc60d4\" data-id=\"afc60d4\" data-element_type=\"column\" data-e-type=\"column\">\n\t\t\t<div class=\"elementor-widget-wrap elementor-element-populated\">\n\t\t\t\t\t\t<div class=\"elementor-element elementor-element-d8e5da5 elementor-widget elementor-widget-heading\" data-id=\"d8e5da5\" data-element_type=\"widget\" data-e-type=\"widget\" data-widget_type=\"heading.default\">\n\t\t\t\t<div class=\"elementor-widget-container\">\n\t\t\t\t\t<h2 class=\"elementor-heading-title elementor-size-default\">SUPPORTO ALLA MOBILIT\u00c0 E AL COMFORT ARTICOLARE <br>DALL&#039;INTERNO<\/h2>\t\t\t\t<\/div>\n\t\t\t\t<\/div>\n\t\t\t\t<section class=\"elementor-section elementor-inner-section elementor-element elementor-element-9704c9c elementor-section-boxed elementor-section-height-default elementor-section-height-default\" data-id=\"9704c9c\" data-element_type=\"section\" data-e-type=\"section\">\n\t\t\t\t\t\t<div class=\"elementor-container elementor-column-gap-default\">\n\t\t\t\t\t<div class=\"elementor-column elementor-col-50 elementor-inner-column elementor-element elementor-element-3f3c4ce\" data-id=\"3f3c4ce\" data-element_type=\"column\" data-e-type=\"column\">\n\t\t\t<div class=\"elementor-widget-wrap elementor-element-populated\">\n\t\t\t\t\t\t<div class=\"elementor-element elementor-element-835f099 elementor-widget elementor-widget-text-editor\" data-id=\"835f099\" data-element_type=\"widget\" data-e-type=\"widget\" data-widget_type=\"text-editor.default\">\n\t\t\t\t<div class=\"elementor-widget-container\">\n\t\t\t\t\t\t\t\t\t<p>La salute delle articolazioni \u00e8 essenziale per mantenere mobilit\u00e0, flessibilit\u00e0 e una buona qualit\u00e0 della vita. Nel tempo, fattori come l&#039;invecchiamento, lo stress fisico e l&#039;infiammazione possono compromettere l&#039;integrit\u00e0 della cartilagine e dei tessuti connettivi.\u00a0<br \/><!--EndFragment --><\/p>\t\t\t\t\t\t\t\t<\/div>\n\t\t\t\t<\/div>\n\t\t\t\t\t<\/div>\n\t\t<\/div>\n\t\t\t\t<div class=\"elementor-column elementor-col-50 elementor-inner-column elementor-element elementor-element-b2156a3\" data-id=\"b2156a3\" data-element_type=\"column\" data-e-type=\"column\">\n\t\t\t<div class=\"elementor-widget-wrap elementor-element-populated\">\n\t\t\t\t\t\t<div class=\"elementor-element elementor-element-18056e5 elementor-widget elementor-widget-text-editor\" data-id=\"18056e5\" data-element_type=\"widget\" data-e-type=\"widget\" data-widget_type=\"text-editor.default\">\n\t\t\t\t<div class=\"elementor-widget-container\">\n\t\t\t\t\t\t\t\t\t<p>I nostri ingredienti per il comfort delle articolazioni sono studiati per nutrire e proteggere queste strutture, contribuendo a ridurre il disagio, a sostenere la flessibilit\u00e0 e a promuovere il benessere muscoloscheletrico a lungo termine attraverso un supporto nutrizionale mirato.\u00a0<\/p>\t\t\t\t\t\t\t\t<\/div>\n\t\t\t\t<\/div>\n\t\t\t\t\t<\/div>\n\t\t<\/div>\n\t\t\t\t\t<\/div>\n\t\t<\/section>\n\t\t\t\t\t<\/div>\n\t\t<\/div>\n\t\t\t\t\t<\/div>\n\t\t<\/section>\n\t\t\t\t<section class=\"elementor-section elementor-top-section elementor-element elementor-element-57b4336 elementor-section-boxed elementor-section-height-default elementor-section-height-default\" data-id=\"57b4336\" data-element_type=\"section\" data-e-type=\"section\">\n\t\t\t\t\t\t<div class=\"elementor-container elementor-column-gap-default\">\n\t\t\t\t\t<div class=\"elementor-column elementor-col-50 elementor-top-column elementor-element elementor-element-a2985e1\" data-id=\"a2985e1\" data-element_type=\"column\" data-e-type=\"column\" data-settings=\"{&quot;background_background&quot;:&quot;classic&quot;}\">\n\t\t\t<div class=\"elementor-widget-wrap elementor-element-populated\">\n\t\t\t\t\t\t<div class=\"elementor-element elementor-element-e7a4582 elementor-widget elementor-widget-spacer\" data-id=\"e7a4582\" data-element_type=\"widget\" data-e-type=\"widget\" data-widget_type=\"spacer.default\">\n\t\t\t\t<div class=\"elementor-widget-container\">\n\t\t\t\t\t\t\t<div class=\"elementor-spacer\">\n\t\t\t<div class=\"elementor-spacer-inner\"><\/div>\n\t\t<\/div>\n\t\t\t\t\t\t<\/div>\n\t\t\t\t<\/div>\n\t\t\t\t<div class=\"elementor-element elementor-element-94f6f46 elementor-widget elementor-widget-image\" data-id=\"94f6f46\" data-element_type=\"widget\" data-e-type=\"widget\" data-widget_type=\"image.default\">\n\t\t\t\t<div class=\"elementor-widget-container\">\n\t\t\t\t\t\t\t\t\t\t\t\t\t\t\t\t<a href=\"https:\/\/www.lcingredients.com\/it\/articolazioni-cinatine-flx\/\">\n\t\t\t\t\t\t\t<img decoding=\"async\" width=\"800\" height=\"480\" src=\"https:\/\/www.lcingredients.com\/wp-content\/uploads\/2023\/09\/Cynatine-FLX.png\" class=\"attachment-large size-large wp-image-518\" alt=\"\" srcset=\"https:\/\/www.lcingredients.com\/wp-content\/uploads\/2023\/09\/Cynatine-FLX.png 800w, https:\/\/www.lcingredients.com\/wp-content\/uploads\/2023\/09\/Cynatine-FLX-300x180.png 300w, https:\/\/www.lcingredients.com\/wp-content\/uploads\/2023\/09\/Cynatine-FLX-768x461.png 768w\" sizes=\"(max-width: 800px) 100vw, 800px\" \/>\t\t\t\t\t\t\t\t<\/a>\n\t\t\t\t\t\t\t\t\t\t\t\t\t\t\t<\/div>\n\t\t\t\t<\/div>\n\t\t\t\t\t<\/div>\n\t\t<\/div>\n\t\t\t\t<div class=\"elementor-column elementor-col-50 elementor-top-column elementor-element elementor-element-5f3b2a0\" data-id=\"5f3b2a0\" data-element_type=\"column\" data-e-type=\"column\" data-settings=\"{&quot;background_background&quot;:&quot;classic&quot;}\">\n\t\t\t<div class=\"elementor-widget-wrap elementor-element-populated\">\n\t\t\t\t\t\t<div class=\"elementor-element elementor-element-ae9d4e3 elementor-widget elementor-widget-heading\" data-id=\"ae9d4e3\" data-element_type=\"widget\" data-e-type=\"widget\" data-widget_type=\"heading.default\">\n\t\t\t\t<div class=\"elementor-widget-container\">\n\t\t\t\t\t<h2 class=\"elementor-heading-title elementor-size-default\">CYNATINE\u00ae FLX<\/h2>\t\t\t\t<\/div>\n\t\t\t\t<\/div>\n\t\t\t\t<div class=\"elementor-element elementor-element-a111f4a elementor-widget elementor-widget-text-editor\" data-id=\"a111f4a\" data-element_type=\"widget\" data-e-type=\"widget\" data-widget_type=\"text-editor.default\">\n\t\t\t\t<div class=\"elementor-widget-container\">\n\t\t\t\t\t\t\t\t\t<p><strong>Cynatine\u00ae FLX<\/strong> \u00e8 una polvere di cheratina solubile prodotta da lana di pecora di prima qualit\u00e0 attraverso un esclusivo processo brevettato che preserva il profilo aminoacidico nativo. La perfetta solubilit\u00e0 della Cynatine la rende incredibilmente versatile per qualsiasi sviluppo galenico.\u00a0<\/p><p>\u00c8 clinicamente dimostrato che Cynatine\u00ae FLX riduce significativamente l&#039;infiammazione articolare, promuove la sintesi del glutatione e stimola la rigenerazione della cartilagine. Cynatine\u00ae FLX protegge le articolazioni e migliora il comfort della vita quotidiana preservando flessibilit\u00e0 e mobilit\u00e0.\u00a0<\/p>\t\t\t\t\t\t\t\t<\/div>\n\t\t\t\t<\/div>\n\t\t\t\t<div class=\"elementor-element elementor-element-17fe4c3 elementor-button-info elementor-align-center elementor-widget elementor-widget-button\" data-id=\"17fe4c3\" data-element_type=\"widget\" data-e-type=\"widget\" data-widget_type=\"button.default\">\n\t\t\t\t<div class=\"elementor-widget-container\">\n\t\t\t\t\t\t\t\t\t<div class=\"elementor-button-wrapper\">\n\t\t\t\t\t<a class=\"elementor-button elementor-button-link elementor-size-sm\" href=\"https:\/\/www.lcingredients.com\/it\/articolazioni-cinatine-flx\/\">\n\t\t\t\t\t\t<span class=\"elementor-button-content-wrapper\">\n\t\t\t\t\t\t\t\t\t<span class=\"elementor-button-text\">Vedi altro<\/span>\n\t\t\t\t\t<\/span>\n\t\t\t\t\t<\/a>\n\t\t\t\t<\/div>\n\t\t\t\t\t\t\t\t<\/div>\n\t\t\t\t<\/div>\n\t\t\t\t\t<\/div>\n\t\t<\/div>\n\t\t\t\t\t<\/div>\n\t\t<\/section>\n\t\t\t\t<section class=\"elementor-section elementor-top-section elementor-element elementor-element-e6f3cfb elementor-section-boxed elementor-section-height-default elementor-section-height-default\" data-id=\"e6f3cfb\" data-element_type=\"section\" data-e-type=\"section\">\n\t\t\t\t\t\t<div class=\"elementor-container elementor-column-gap-default\">\n\t\t\t\t\t<div class=\"elementor-column elementor-col-50 elementor-top-column elementor-element elementor-element-ced7385\" data-id=\"ced7385\" data-element_type=\"column\" data-e-type=\"column\" data-settings=\"{&quot;background_background&quot;:&quot;classic&quot;}\">\n\t\t\t<div class=\"elementor-widget-wrap elementor-element-populated\">\n\t\t\t\t\t\t<div class=\"elementor-element elementor-element-fbed9fa elementor-widget elementor-widget-heading\" data-id=\"fbed9fa\" data-element_type=\"widget\" data-e-type=\"widget\" data-widget_type=\"heading.default\">\n\t\t\t\t<div class=\"elementor-widget-container\">\n\t\t\t\t\t<h2 class=\"elementor-heading-title elementor-size-default\">BIOSOLVE CURCUMINA\u2122<\/h2>\t\t\t\t<\/div>\n\t\t\t\t<\/div>\n\t\t\t\t<div class=\"elementor-element elementor-element-2e2f5c3 elementor-widget elementor-widget-text-editor\" data-id=\"2e2f5c3\" data-element_type=\"widget\" data-e-type=\"widget\" data-widget_type=\"text-editor.default\">\n\t\t\t\t<div class=\"elementor-widget-container\">\n\t\t\t\t\t\t\t\t\t<p>BioSOLVE Curcumin \u2122 migliora il dolore e il gonfiore articolare.\u00a0<\/p><p>Questo ingrediente aiuta a lenire la rigidit\u00e0 articolare e facilita le attivit\u00e0 fisiche quotidiane.\u00a0<\/p><p>Conosciuta per le sue propriet\u00e0 antinfiammatorie, la curcuma \u00e8 ora riconosciuta come l\u2019erba numero uno per un invecchiamento sano.\u00a0<\/p><p>BioSOLVE \u00e8 l&#039;unica curcumina ottimizzata con una matrice alimentare e studi clinici per dimostrarne l&#039;efficacia.\u00a0<\/p><p>La sua speciale composizione evita irritanti gastrici come la piperina, i principali tensioattivi e altre sostanze chimiche, preservando una biodisponibilit\u00e0 superiore e una dispersione immediata.<\/p>\t\t\t\t\t\t\t\t<\/div>\n\t\t\t\t<\/div>\n\t\t\t\t<div class=\"elementor-element elementor-element-443ac12 elementor-button-info elementor-align-center elementor-widget elementor-widget-button\" data-id=\"443ac12\" data-element_type=\"widget\" data-e-type=\"widget\" data-widget_type=\"button.default\">\n\t\t\t\t<div class=\"elementor-widget-container\">\n\t\t\t\t\t\t\t\t\t<div class=\"elementor-button-wrapper\">\n\t\t\t\t\t<a class=\"elementor-button elementor-button-link elementor-size-sm\" href=\"https:\/\/www.lcingredients.com\/it\/curcumina-biosolve\/\">\n\t\t\t\t\t\t<span class=\"elementor-button-content-wrapper\">\n\t\t\t\t\t\t\t\t\t<span class=\"elementor-button-text\">Vedi altro<\/span>\n\t\t\t\t\t<\/span>\n\t\t\t\t\t<\/a>\n\t\t\t\t<\/div>\n\t\t\t\t\t\t\t\t<\/div>\n\t\t\t\t<\/div>\n\t\t\t\t\t<\/div>\n\t\t<\/div>\n\t\t\t\t<div class=\"elementor-column elementor-col-50 elementor-top-column elementor-element elementor-element-2040ba9\" data-id=\"2040ba9\" data-element_type=\"column\" data-e-type=\"column\" data-settings=\"{&quot;background_background&quot;:&quot;classic&quot;}\">\n\t\t\t<div class=\"elementor-widget-wrap elementor-element-populated\">\n\t\t\t\t\t\t<div class=\"elementor-element elementor-element-20da048 elementor-widget elementor-widget-spacer\" data-id=\"20da048\" data-element_type=\"widget\" data-e-type=\"widget\" data-widget_type=\"spacer.default\">\n\t\t\t\t<div class=\"elementor-widget-container\">\n\t\t\t\t\t\t\t<div class=\"elementor-spacer\">\n\t\t\t<div class=\"elementor-spacer-inner\"><\/div>\n\t\t<\/div>\n\t\t\t\t\t\t<\/div>\n\t\t\t\t<\/div>\n\t\t\t\t<div class=\"elementor-element elementor-element-bceff77 elementor-widget elementor-widget-image\" data-id=\"bceff77\" data-element_type=\"widget\" data-e-type=\"widget\" data-widget_type=\"image.default\">\n\t\t\t\t<div class=\"elementor-widget-container\">\n\t\t\t\t\t\t\t\t\t\t\t\t\t\t\t\t<a href=\"https:\/\/www.lcingredients.com\/it\/curcumina-biosolve\/\">\n\t\t\t\t\t\t\t<img decoding=\"async\" width=\"395\" height=\"52\" src=\"https:\/\/www.lcingredients.com\/wp-content\/uploads\/2023\/09\/biosolvecurcumin-title-2-removebg-preview-1.png\" class=\"attachment-large size-large wp-image-519\" alt=\"\" srcset=\"https:\/\/www.lcingredients.com\/wp-content\/uploads\/2023\/09\/biosolvecurcumin-title-2-removebg-preview-1.png 395w, https:\/\/www.lcingredients.com\/wp-content\/uploads\/2023\/09\/biosolvecurcumin-title-2-removebg-preview-1-300x39.png 300w\" sizes=\"(max-width: 395px) 100vw, 395px\" \/>\t\t\t\t\t\t\t\t<\/a>\n\t\t\t\t\t\t\t\t\t\t\t\t\t\t\t<\/div>\n\t\t\t\t<\/div>\n\t\t\t\t\t<\/div>\n\t\t<\/div>\n\t\t\t\t\t<\/div>\n\t\t<\/section>\n\t\t\t\t<\/div>","protected":false},"excerpt":{"rendered":"<p>OUR JOINT COMFORT INGREDIENTS SUPPORTING MOBILITY &amp; JOINT COMFORT FROM WITHIN Joint health is essential for maintaining mobility, flexibility, and overall quality of life. Over time, factors such as aging, physical stress, and inflammation can compromise the integrity of cartilage and connective tissues.\u00a0 Our joint comfort ingredients are designed to nourish and protect these structures, [&hellip;]<\/p>","protected":false},"author":3,"featured_media":0,"parent":0,"menu_order":0,"comment_status":"closed","ping_status":"closed","template":"","meta":{"_eb_attr":"","footnotes":""},"class_list":["post-490","page","type-page","status-publish","hentry"],"yoast_head":"<!-- This site is optimized with the Yoast SEO plugin v26.7 - https:\/\/yoast.com\/wordpress\/plugins\/seo\/ -->\n<title>Joint comfort - LC Ingredients<\/title>\n<meta name=\"description\" content=\"Discover the key ingredients for joint comfort and how they can improve your musculoskeletal health and daily activities.\" \/>\n<meta name=\"robots\" content=\"index, follow, max-snippet:-1, max-image-preview:large, max-video-preview:-1\" \/>\n<link rel=\"canonical\" href=\"https:\/\/www.lcingredients.com\/it\/conforto-articolare\/\" \/>\n<meta property=\"og:locale\" content=\"it_IT\" \/>\n<meta property=\"og:type\" content=\"article\" \/>\n<meta property=\"og:title\" content=\"Joint comfort - LC Ingredients\" \/>\n<meta property=\"og:description\" content=\"Discover the key ingredients for joint comfort and how they can improve your musculoskeletal health and daily activities.\" \/>\n<meta property=\"og:url\" content=\"https:\/\/www.lcingredients.com\/it\/conforto-articolare\/\" \/>\n<meta property=\"og:site_name\" content=\"LC Ingredients\" \/>\n<meta property=\"article:modified_time\" content=\"2025-10-10T15:28:20+00:00\" \/>\n<meta property=\"og:image\" content=\"https:\/\/www.lcingredients.com\/wp-content\/uploads\/2025\/09\/active-men-running-in-the-city.jpg\" \/>\n\t<meta property=\"og:image:width\" content=\"2000\" \/>\n\t<meta property=\"og:image:height\" content=\"1333\" \/>\n\t<meta property=\"og:image:type\" content=\"image\/jpeg\" \/>\n<meta name=\"twitter:card\" content=\"summary_large_image\" \/>\n<meta name=\"twitter:label1\" content=\"Tempo di lettura stimato\" \/>\n\t<meta name=\"twitter:data1\" content=\"2 minuti\" \/>\n<script type=\"application\/ld+json\" class=\"yoast-schema-graph\">{\"@context\":\"https:\/\/schema.org\",\"@graph\":[{\"@type\":\"WebPage\",\"@id\":\"https:\/\/www.lcingredients.com\/joint-comfort\/\",\"url\":\"https:\/\/www.lcingredients.com\/joint-comfort\/\",\"name\":\"Joint comfort - LC Ingredients\",\"isPartOf\":{\"@id\":\"https:\/\/www.lcingredients.com\/#website\"},\"primaryImageOfPage\":{\"@id\":\"https:\/\/www.lcingredients.com\/joint-comfort\/#primaryimage\"},\"image\":{\"@id\":\"https:\/\/www.lcingredients.com\/joint-comfort\/#primaryimage\"},\"thumbnailUrl\":\"https:\/\/www.lcingredients.com\/wp-content\/uploads\/2025\/09\/active-men-running-in-the-city-1024x682.jpg\",\"datePublished\":\"2023-09-22T15:30:41+00:00\",\"dateModified\":\"2025-10-10T15:28:20+00:00\",\"description\":\"Discover the key ingredients for joint comfort and how they can improve your musculoskeletal health and daily activities.\",\"breadcrumb\":{\"@id\":\"https:\/\/www.lcingredients.com\/joint-comfort\/#breadcrumb\"},\"inLanguage\":\"it-IT\",\"potentialAction\":[{\"@type\":\"ReadAction\",\"target\":[\"https:\/\/www.lcingredients.com\/joint-comfort\/\"]}]},{\"@type\":\"ImageObject\",\"inLanguage\":\"it-IT\",\"@id\":\"https:\/\/www.lcingredients.com\/joint-comfort\/#primaryimage\",\"url\":\"https:\/\/www.lcingredients.com\/wp-content\/uploads\/2025\/09\/active-men-running-in-the-city-1024x682.jpg\",\"contentUrl\":\"https:\/\/www.lcingredients.com\/wp-content\/uploads\/2025\/09\/active-men-running-in-the-city-1024x682.jpg\"},{\"@type\":\"BreadcrumbList\",\"@id\":\"https:\/\/www.lcingredients.com\/joint-comfort\/#breadcrumb\",\"itemListElement\":[{\"@type\":\"ListItem\",\"position\":1,\"name\":\"Home\",\"item\":\"https:\/\/www.lcingredients.com\/\"},{\"@type\":\"ListItem\",\"position\":2,\"name\":\"Joint comfort\"}]},{\"@type\":\"WebSite\",\"@id\":\"https:\/\/www.lcingredients.com\/#website\",\"url\":\"https:\/\/www.lcingredients.com\/\",\"name\":\"LC Ingredients\",\"description\":\"Discover high-quality ingredients for your food supplements and cosmetics formulations.\",\"publisher\":{\"@id\":\"https:\/\/www.lcingredients.com\/#organization\"},\"potentialAction\":[{\"@type\":\"SearchAction\",\"target\":{\"@type\":\"EntryPoint\",\"urlTemplate\":\"https:\/\/www.lcingredients.com\/?s={search_term_string}\"},\"query-input\":{\"@type\":\"PropertyValueSpecification\",\"valueRequired\":true,\"valueName\":\"search_term_string\"}}],\"inLanguage\":\"it-IT\"},{\"@type\":\"Organization\",\"@id\":\"https:\/\/www.lcingredients.com\/#organization\",\"name\":\"LC Ingredients\",\"url\":\"https:\/\/www.lcingredients.com\/\",\"logo\":{\"@type\":\"ImageObject\",\"inLanguage\":\"it-IT\",\"@id\":\"https:\/\/www.lcingredients.com\/#\/schema\/logo\/image\/\",\"url\":\"https:\/\/www.lcingredients.com\/wp-content\/uploads\/2023\/10\/LOGO-LC-INGREDIENTS.png\",\"contentUrl\":\"https:\/\/www.lcingredients.com\/wp-content\/uploads\/2023\/10\/LOGO-LC-INGREDIENTS.png\",\"width\":1280,\"height\":1060,\"caption\":\"LC Ingredients\"},\"image\":{\"@id\":\"https:\/\/www.lcingredients.com\/#\/schema\/logo\/image\/\"},\"sameAs\":[\"https:\/\/www.linkedin.com\/company\/lcingredients\/\"]}]}<\/script>\n<!-- \/ Yoast SEO plugin. -->","yoast_head_json":{"title":"Comfort articolare - Ingredienti LC","description":"Scopri gli ingredienti chiave per il benessere delle articolazioni e come possono migliorare la salute muscoloscheletrica e le attivit\u00e0 quotidiane.","robots":{"index":"index","follow":"follow","max-snippet":"max-snippet:-1","max-image-preview":"max-image-preview:large","max-video-preview":"max-video-preview:-1"},"canonical":"https:\/\/www.lcingredients.com\/it\/conforto-articolare\/","og_locale":"it_IT","og_type":"article","og_title":"Joint comfort - LC Ingredients","og_description":"Discover the key ingredients for joint comfort and how they can improve your musculoskeletal health and daily activities.","og_url":"https:\/\/www.lcingredients.com\/it\/conforto-articolare\/","og_site_name":"LC Ingredients","article_modified_time":"2025-10-10T15:28:20+00:00","og_image":[{"width":2000,"height":1333,"url":"https:\/\/www.lcingredients.com\/wp-content\/uploads\/2025\/09\/active-men-running-in-the-city.jpg","type":"image\/jpeg"}],"twitter_card":"summary_large_image","twitter_misc":{"Tempo di lettura stimato":"2 minuti"},"schema":{"@context":"https:\/\/schema.org","@graph":[{"@type":"WebPage","@id":"https:\/\/www.lcingredients.com\/joint-comfort\/","url":"https:\/\/www.lcingredients.com\/joint-comfort\/","name":"Comfort articolare - Ingredienti LC","isPartOf":{"@id":"https:\/\/www.lcingredients.com\/#website"},"primaryImageOfPage":{"@id":"https:\/\/www.lcingredients.com\/joint-comfort\/#primaryimage"},"image":{"@id":"https:\/\/www.lcingredients.com\/joint-comfort\/#primaryimage"},"thumbnailUrl":"https:\/\/www.lcingredients.com\/wp-content\/uploads\/2025\/09\/active-men-running-in-the-city-1024x682.jpg","datePublished":"2023-09-22T15:30:41+00:00","dateModified":"2025-10-10T15:28:20+00:00","description":"Scopri gli ingredienti chiave per il benessere delle articolazioni e come possono migliorare la salute muscoloscheletrica e le attivit\u00e0 quotidiane.","breadcrumb":{"@id":"https:\/\/www.lcingredients.com\/joint-comfort\/#breadcrumb"},"inLanguage":"it-IT","potentialAction":[{"@type":"ReadAction","target":["https:\/\/www.lcingredients.com\/joint-comfort\/"]}]},{"@type":"ImageObject","inLanguage":"it-IT","@id":"https:\/\/www.lcingredients.com\/joint-comfort\/#primaryimage","url":"https:\/\/www.lcingredients.com\/wp-content\/uploads\/2025\/09\/active-men-running-in-the-city-1024x682.jpg","contentUrl":"https:\/\/www.lcingredients.com\/wp-content\/uploads\/2025\/09\/active-men-running-in-the-city-1024x682.jpg"},{"@type":"BreadcrumbList","@id":"https:\/\/www.lcingredients.com\/joint-comfort\/#breadcrumb","itemListElement":[{"@type":"ListItem","position":1,"name":"Home","item":"https:\/\/www.lcingredients.com\/"},{"@type":"ListItem","position":2,"name":"Joint comfort"}]},{"@type":"WebSite","@id":"https:\/\/www.lcingredients.com\/#website","url":"https:\/\/www.lcingredients.com\/","name":"Ingredienti LC","description":"Scopri ingredienti di alta qualit\u00e0 per le tue formulazioni di integratori alimentari e cosmetici.","publisher":{"@id":"https:\/\/www.lcingredients.com\/#organization"},"potentialAction":[{"@type":"SearchAction","target":{"@type":"EntryPoint","urlTemplate":"https:\/\/www.lcingredients.com\/?s={search_term_string}"},"query-input":{"@type":"PropertyValueSpecification","valueRequired":true,"valueName":"search_term_string"}}],"inLanguage":"it-IT"},{"@type":"Organization","@id":"https:\/\/www.lcingredients.com\/#organization","name":"Ingredienti LC","url":"https:\/\/www.lcingredients.com\/","logo":{"@type":"ImageObject","inLanguage":"it-IT","@id":"https:\/\/www.lcingredients.com\/#\/schema\/logo\/image\/","url":"https:\/\/www.lcingredients.com\/wp-content\/uploads\/2023\/10\/LOGO-LC-INGREDIENTS.png","contentUrl":"https:\/\/www.lcingredients.com\/wp-content\/uploads\/2023\/10\/LOGO-LC-INGREDIENTS.png","width":1280,"height":1060,"caption":"LC Ingredients"},"image":{"@id":"https:\/\/www.lcingredients.com\/#\/schema\/logo\/image\/"},"sameAs":["https:\/\/www.linkedin.com\/company\/lcingredients\/"]}]}},"_links":{"self":[{"href":"https:\/\/www.lcingredients.com\/it\/wp-json\/wp\/v2\/pages\/490","targetHints":{"allow":["GET"]}}],"collection":[{"href":"https:\/\/www.lcingredients.com\/it\/wp-json\/wp\/v2\/pages"}],"about":[{"href":"https:\/\/www.lcingredients.com\/it\/wp-json\/wp\/v2\/types\/page"}],"author":[{"embeddable":true,"href":"https:\/\/www.lcingredients.com\/it\/wp-json\/wp\/v2\/users\/3"}],"replies":[{"embeddable":true,"href":"https:\/\/www.lcingredients.com\/it\/wp-json\/wp\/v2\/comments?post=490"}],"version-history":[{"count":31,"href":"https:\/\/www.lcingredients.com\/it\/wp-json\/wp\/v2\/pages\/490\/revisions"}],"predecessor-version":[{"id":5022,"href":"https:\/\/www.lcingredients.com\/it\/wp-json\/wp\/v2\/pages\/490\/revisions\/5022"}],"wp:attachment":[{"href":"https:\/\/www.lcingredients.com\/it\/wp-json\/wp\/v2\/media?parent=490"}],"curies":[{"name":"parola chiave","href":"https:\/\/api.w.org\/{rel}","templated":true}]}}