{"id":3,"date":"2023-06-26T12:45:29","date_gmt":"2023-06-26T12:45:29","guid":{"rendered":"https:\/\/www.lcingredients.com\/?page_id=3"},"modified":"2023-10-23T08:26:20","modified_gmt":"2023-10-23T08:26:20","slug":"politica-sulla-riservatezza","status":"publish","type":"page","link":"https:\/\/www.lcingredients.com\/it\/politica-sulla-riservatezza\/","title":{"rendered":"politica sulla riservatezza"},"content":{"rendered":"<h2 class=\"wp-block-heading\">Chi siamo<\/h2>\n\n\n\n<p><strong class=\"privacy-policy-tutorial\">Testo suggerito: <\/strong>L\u2019indirizzo del nostro sito web \u00e8: https:\/\/www.lcingredients.com.<\/p>\n\n\n\n<p>Ingredienti LC<br>Indirizzo: 227, Avenue de Provence<br>13600 La Ciotat, Francia<br>Telefono: +33 (0)4 42 08 89 20<br>E-mail: contact@lcingredients.com<\/p>\n\n\n\n<h2 class=\"wp-block-heading\">Progettazione di siti Web<br><\/h2>\n\n\n\n<p>Design, sviluppo informatico, grafica e realizzazione sito web a cura di CoobleWeb<\/p>\n\n\n\n<h2 class=\"wp-block-heading\">PROPRIET\u00c0 INTELLETTUALE<\/h2>\n\n\n\n<p>La struttura generale, cos\u00ec come il questionario, i testi, le immagini animate o fisse, i suoni, la grafica,<br>i documenti scaricabili, i database e ogni altro elemento costituente il sito sono soggetti alla normativa vigente<br>e rimangono di propriet\u00e0 esclusiva di LC ingredienti. Qualsiasi riproduzione o ridistribuzione totale o parziale di questo contenuto \u00e8 soggetta alla previa autorizzazione scritta ed espressa di LC ingr\u00e9dients.<\/p>\n\n\n\n<h2 class=\"wp-block-heading\">COLLEGAMENTO IPERTESTUALE<\/h2>\n\n\n\n<p>LC ingredienti autorizza la creazione di collegamenti ipertestuali ai contenuti del proprio sito, a condizione che:<br>il collegamento al sito LC ingredienti \u00e8 accessibile aprendo una nuova finestra\/scheda.<br>\u00c8 vietata qualsiasi riproduzione di uno degli elementi del sito in un sito di terzi mediante inclusione, framing, inlining o qualsiasi altro processo simile.<br>frame, inlining o qualsiasi altro processo simile \u00e8 severamente vietato.<br>il tag \u201ctitolo\u201d del collegamento deve menzionare gli ingredienti LC e la fonte deve essere chiaramente indicata sopra o vicino al collegamento.<br>il collegamento non viene utilizzato per scopi commerciali o pubblicitari.<br>Tale autorizzazione non si applica ai siti web contenenti informazioni di carattere violento, pornografico o xenofobo, pornografico, xenofobo o comunque offensivo per il grande pubblico.<\/p>\n\n\n\n<h2 class=\"wp-block-heading\">COOKIE DEL SITO<\/h2>\n\n\n\n<p>Questo sito utilizza i cookie: piccoli file di testo che vengono posizionati sul tuo computer per aiutare il sito a fornire una migliore esperienza utente. In generale, i cookie vengono utilizzati per tenere traccia delle preferenze dell&#039;utente, memorizzare informazioni per cose come i carrelli della spesa e fornire dati di tracciamento anonimi ad applicazioni di terze parti come Google Analytics. Come regola generale, i cookie miglioreranno la tua esperienza di navigazione. Tuttavia, potresti preferire disabilitare i cookie su questo e altri siti. Il modo pi\u00f9 efficace \u00e8 disabilitare i cookie nel tuo browser. Ti consigliamo di consultare la sezione Guida del tuo browser o il sito Web Informazioni sui cookie, che offre consigli per tutti i browser moderni.<\/p>\n\n\n\n<h2 class=\"wp-block-heading\">DATI PERSONALI<\/h2>\n\n\n\n<p>IDENTIT\u00c0 DEL TITOLARE DEL TRATTAMENTO<br>I dati personali vengono raccolti da LC Ingredients<br>Il responsabile del trattamento dei dati personali \u00e8 Lorenzo Carlini.<\/p>\n\n\n\n<h2 class=\"wp-block-heading\">FINALIT\u00c0 DEL TRATTAMENTO<\/h2>\n\n\n\n<p>I dati vengono raccolti ed elaborati per consentire a LC ingredienti di:<br>fornire agli intervistati una sintesi dei risultati per settore di attivit\u00e0, dimensione aziendale, ecc.<br>modificare la diagnosi e associare consigli rilevanti da inoltrare agli intervistati,<br>rispondere alle richieste scritte effettuate tramite il form di contatto<br>inviare una newsletter,<br>misurare il pubblico del sito.<br>tenere traccia dei commenti relativi al blog<br>monitorare gli acquisti sul sito web<\/p>\n\n\n\n<h2 class=\"wp-block-heading\">DESTINATARIO DELLE INFORMAZIONI<\/h2>\n\n\n\n<p>I destinatari dei dati sono il dipartimento ingredienti LC responsabile del digitale e dell&#039;attuazione dell&#039;RGPD.<\/p>\n\n\n\n<h2 class=\"wp-block-heading\">DIRITTI PERSONALI<\/h2>\n\n\n\n<p>In conformit\u00e0 con la legge francese sulla protezione dei dati n. 78-17 del 6 gennaio 1978, come modificata, avete il diritto di accesso ai dati trattati e potete ottenere la rettifica o esercitare il diritto di opposizione.<br><\/p>\n\n\n\n<p>Puoi esercitare i tuoi diritti contattandoci tramite il nostro modulo di contatto o sul<br>pagina dedicata: RGPD \u2013 Richiesta dati personali<br>Secondo la normativa vigente, la tua richiesta dovr\u00e0 essere accompagnata dalla fotocopia di un documento di identit\u00e0 e specificare l&#039;indirizzo al quale dovr\u00e0 essere inviata la risposta.<br><\/p>\n\n\n\n<p>Ti invitiamo inoltre a consultare la nostra politica sull&#039;uso dei cookie, vedere la sezione II della presente nota legale.<\/p>\n\n\n\n<h2 class=\"wp-block-heading\">MODULO DI CONTATTO<\/h2>\n\n\n\n<p>I dati raccolti tramite il modulo di contatto e il chabot consentono a LCingredients di rispondere alle tue richieste. Hai un diritto di accesso ai dati trattati e puoi ottenere la rettifica o esercitare il tuo diritto di opposizione contattando LC ingr\u00e9dients tramite la pagina dedicata.<\/p>\n\n\n\n<h2 class=\"wp-block-heading\">POLITICA SULLA RISERVATEZZA<\/h2>\n\n\n\n<p>Tipi di dati raccolti:<br>Nomi, nomi, e-mail, telefono, indirizzo postale, indirizzo IP.<br>Perch\u00e9 raccogliamo questi dati:<br>comunicazione tramite newsletter, fatturazione, monitoraggio del comportamento degli utenti sul sito\u2026<br>Periodo di conservazione dei dati:<br>LC Ingr\u00e9dients conserva i dati di marketing per un massimo di 3 anni e i dati di fatturazione per un massimo di 6 anni.<\/p>\n\n\n\n<p>Misure di sicurezza implementate per conformarsi al RGPD<br>Creazione di una pagina dedicata alla modifica dei dati personali: https:\/\/www.lcingredients.com\/gdpr-rgpddemand\u2026ees-personnelles\/<br>Creazione di pulsanti obbligatori sui moduli di contatto<\/p>","protected":false},"excerpt":{"rendered":"<p>Chi siamo Testo suggerito: L&#039;indirizzo del nostro sito web \u00e8: https:\/\/www.lcingredients.com. LC ingr\u00e9dients Indirizzo: 227, Avenue de Provence 13600 La Ciotat, Francia Telefono: +33 (0)4 42 08 89 20 Email: contact@lcingredients.com Progettazione del sito web Progettazione, sviluppo IT, grafica e creazione del sito web a cura di CoobleWeb PROPRIET\u00c0 INTELLETTUALE La struttura generale, cos\u00ec come il questionario, i testi, le immagini animate o fisse, [\u2026]<\/p>","protected":false},"author":1,"featured_media":0,"parent":0,"menu_order":0,"comment_status":"closed","ping_status":"open","template":"","meta":{"_eb_attr":"","footnotes":""},"class_list":["post-3","page","type-page","status-publish","hentry"],"yoast_head":"<!-- This site is optimized with the Yoast SEO plugin v26.7 - https:\/\/yoast.com\/wordpress\/plugins\/seo\/ -->\n<title>Privacy Policy - LC Ingredients<\/title>\n<meta name=\"description\" content=\"LC Ingredients - Privacy Policy\" \/>\n<meta name=\"robots\" content=\"index, follow, max-snippet:-1, max-image-preview:large, max-video-preview:-1\" \/>\n<link rel=\"canonical\" href=\"https:\/\/www.lcingredients.com\/it\/politica-sulla-riservatezza\/\" \/>\n<meta property=\"og:locale\" content=\"it_IT\" \/>\n<meta property=\"og:type\" content=\"article\" \/>\n<meta property=\"og:title\" content=\"Privacy Policy - LC Ingredients\" \/>\n<meta property=\"og:description\" content=\"LC Ingredients - Privacy Policy\" \/>\n<meta property=\"og:url\" content=\"https:\/\/www.lcingredients.com\/it\/politica-sulla-riservatezza\/\" \/>\n<meta property=\"og:site_name\" content=\"LC Ingredients\" \/>\n<meta property=\"article:modified_time\" content=\"2023-10-23T08:26:20+00:00\" \/>\n<meta name=\"twitter:card\" content=\"summary_large_image\" \/>\n<meta name=\"twitter:label1\" content=\"Tempo di lettura stimato\" \/>\n\t<meta name=\"twitter:data1\" content=\"3 minuti\" \/>\n<script type=\"application\/ld+json\" class=\"yoast-schema-graph\">{\"@context\":\"https:\/\/schema.org\",\"@graph\":[{\"@type\":\"WebPage\",\"@id\":\"https:\/\/www.lcingredients.com\/fr\/politique-de-confidentialite\/\",\"url\":\"https:\/\/www.lcingredients.com\/fr\/politique-de-confidentialite\/\",\"name\":\"Privacy Policy - LC Ingredients\",\"isPartOf\":{\"@id\":\"https:\/\/www.lcingredients.com\/#website\"},\"datePublished\":\"2023-06-26T12:45:29+00:00\",\"dateModified\":\"2023-10-23T08:26:20+00:00\",\"description\":\"LC Ingredients - Privacy Policy\",\"breadcrumb\":{\"@id\":\"https:\/\/www.lcingredients.com\/fr\/politique-de-confidentialite\/#breadcrumb\"},\"inLanguage\":\"it-IT\",\"potentialAction\":[{\"@type\":\"ReadAction\",\"target\":[\"https:\/\/www.lcingredients.com\/fr\/politique-de-confidentialite\/\"]}]},{\"@type\":\"BreadcrumbList\",\"@id\":\"https:\/\/www.lcingredients.com\/fr\/politique-de-confidentialite\/#breadcrumb\",\"itemListElement\":[{\"@type\":\"ListItem\",\"position\":1,\"name\":\"Home\",\"item\":\"https:\/\/www.lcingredients.com\/\"},{\"@type\":\"ListItem\",\"position\":2,\"name\":\"Privacy Policy\"}]},{\"@type\":\"WebSite\",\"@id\":\"https:\/\/www.lcingredients.com\/#website\",\"url\":\"https:\/\/www.lcingredients.com\/\",\"name\":\"LC Ingredients\",\"description\":\"Discover high-quality ingredients for your food supplements and cosmetics formulations.\",\"publisher\":{\"@id\":\"https:\/\/www.lcingredients.com\/#organization\"},\"potentialAction\":[{\"@type\":\"SearchAction\",\"target\":{\"@type\":\"EntryPoint\",\"urlTemplate\":\"https:\/\/www.lcingredients.com\/?s={search_term_string}\"},\"query-input\":{\"@type\":\"PropertyValueSpecification\",\"valueRequired\":true,\"valueName\":\"search_term_string\"}}],\"inLanguage\":\"it-IT\"},{\"@type\":\"Organization\",\"@id\":\"https:\/\/www.lcingredients.com\/#organization\",\"name\":\"LC Ingredients\",\"url\":\"https:\/\/www.lcingredients.com\/\",\"logo\":{\"@type\":\"ImageObject\",\"inLanguage\":\"it-IT\",\"@id\":\"https:\/\/www.lcingredients.com\/#\/schema\/logo\/image\/\",\"url\":\"https:\/\/www.lcingredients.com\/wp-content\/uploads\/2023\/10\/LOGO-LC-INGREDIENTS.png\",\"contentUrl\":\"https:\/\/www.lcingredients.com\/wp-content\/uploads\/2023\/10\/LOGO-LC-INGREDIENTS.png\",\"width\":1280,\"height\":1060,\"caption\":\"LC Ingredients\"},\"image\":{\"@id\":\"https:\/\/www.lcingredients.com\/#\/schema\/logo\/image\/\"},\"sameAs\":[\"https:\/\/www.linkedin.com\/company\/lcingredients\/\"]}]}<\/script>\n<!-- \/ Yoast SEO plugin. -->","yoast_head_json":{"title":"Informativa sulla privacy - Ingredienti LC","description":"Ingredienti LC - Informativa sulla privacy","robots":{"index":"index","follow":"follow","max-snippet":"max-snippet:-1","max-image-preview":"max-image-preview:large","max-video-preview":"max-video-preview:-1"},"canonical":"https:\/\/www.lcingredients.com\/it\/politica-sulla-riservatezza\/","og_locale":"it_IT","og_type":"article","og_title":"Privacy Policy - LC Ingredients","og_description":"LC Ingredients - Privacy Policy","og_url":"https:\/\/www.lcingredients.com\/it\/politica-sulla-riservatezza\/","og_site_name":"LC Ingredients","article_modified_time":"2023-10-23T08:26:20+00:00","twitter_card":"summary_large_image","twitter_misc":{"Tempo di lettura stimato":"3 minuti"},"schema":{"@context":"https:\/\/schema.org","@graph":[{"@type":"WebPage","@id":"https:\/\/www.lcingredients.com\/fr\/politique-de-confidentialite\/","url":"https:\/\/www.lcingredients.com\/fr\/politique-de-confidentialite\/","name":"Informativa sulla privacy - Ingredienti LC","isPartOf":{"@id":"https:\/\/www.lcingredients.com\/#website"},"datePublished":"2023-06-26T12:45:29+00:00","dateModified":"2023-10-23T08:26:20+00:00","description":"Ingredienti LC - Informativa sulla privacy","breadcrumb":{"@id":"https:\/\/www.lcingredients.com\/fr\/politique-de-confidentialite\/#breadcrumb"},"inLanguage":"it-IT","potentialAction":[{"@type":"ReadAction","target":["https:\/\/www.lcingredients.com\/fr\/politique-de-confidentialite\/"]}]},{"@type":"BreadcrumbList","@id":"https:\/\/www.lcingredients.com\/fr\/politique-de-confidentialite\/#breadcrumb","itemListElement":[{"@type":"ListItem","position":1,"name":"Home","item":"https:\/\/www.lcingredients.com\/"},{"@type":"ListItem","position":2,"name":"Privacy Policy"}]},{"@type":"WebSite","@id":"https:\/\/www.lcingredients.com\/#website","url":"https:\/\/www.lcingredients.com\/","name":"Ingredienti LC","description":"Scopri ingredienti di alta qualit\u00e0 per le tue formulazioni di integratori alimentari e cosmetici.","publisher":{"@id":"https:\/\/www.lcingredients.com\/#organization"},"potentialAction":[{"@type":"SearchAction","target":{"@type":"EntryPoint","urlTemplate":"https:\/\/www.lcingredients.com\/?s={search_term_string}"},"query-input":{"@type":"PropertyValueSpecification","valueRequired":true,"valueName":"search_term_string"}}],"inLanguage":"it-IT"},{"@type":"Organization","@id":"https:\/\/www.lcingredients.com\/#organization","name":"Ingredienti LC","url":"https:\/\/www.lcingredients.com\/","logo":{"@type":"ImageObject","inLanguage":"it-IT","@id":"https:\/\/www.lcingredients.com\/#\/schema\/logo\/image\/","url":"https:\/\/www.lcingredients.com\/wp-content\/uploads\/2023\/10\/LOGO-LC-INGREDIENTS.png","contentUrl":"https:\/\/www.lcingredients.com\/wp-content\/uploads\/2023\/10\/LOGO-LC-INGREDIENTS.png","width":1280,"height":1060,"caption":"LC Ingredients"},"image":{"@id":"https:\/\/www.lcingredients.com\/#\/schema\/logo\/image\/"},"sameAs":["https:\/\/www.linkedin.com\/company\/lcingredients\/"]}]}},"_links":{"self":[{"href":"https:\/\/www.lcingredients.com\/it\/wp-json\/wp\/v2\/pages\/3","targetHints":{"allow":["GET"]}}],"collection":[{"href":"https:\/\/www.lcingredients.com\/it\/wp-json\/wp\/v2\/pages"}],"about":[{"href":"https:\/\/www.lcingredients.com\/it\/wp-json\/wp\/v2\/types\/page"}],"author":[{"embeddable":true,"href":"https:\/\/www.lcingredients.com\/it\/wp-json\/wp\/v2\/users\/1"}],"replies":[{"embeddable":true,"href":"https:\/\/www.lcingredients.com\/it\/wp-json\/wp\/v2\/comments?post=3"}],"version-history":[{"count":2,"href":"https:\/\/www.lcingredients.com\/it\/wp-json\/wp\/v2\/pages\/3\/revisions"}],"predecessor-version":[{"id":1307,"href":"https:\/\/www.lcingredients.com\/it\/wp-json\/wp\/v2\/pages\/3\/revisions\/1307"}],"wp:attachment":[{"href":"https:\/\/www.lcingredients.com\/it\/wp-json\/wp\/v2\/media?parent=3"}],"curies":[{"name":"parola chiave","href":"https:\/\/api.w.org\/{rel}","templated":true}]}}