{"id":2536,"date":"2024-10-15T15:44:16","date_gmt":"2024-10-15T15:44:16","guid":{"rendered":"https:\/\/www.lcingredients.com\/?page_id=2536"},"modified":"2025-10-15T15:25:44","modified_gmt":"2025-10-15T15:25:44","slug":"ingredienti-per-la-salute-delle-donne-menopausa","status":"publish","type":"page","link":"https:\/\/www.lcingredients.com\/it\/ingredienti-per-la-salute-delle-donne-menopausa\/","title":{"rendered":"Salute delle donne"},"content":{"rendered":"<div data-elementor-type=\"wp-page\" data-elementor-id=\"2536\" class=\"elementor elementor-2536\" data-elementor-post-type=\"page\">\n\t\t\t\t\t\t<section class=\"elementor-section elementor-top-section elementor-element elementor-element-1aa3f59 elementor-section-full_width elementor-section-height-default elementor-section-height-default\" data-id=\"1aa3f59\" data-element_type=\"section\" data-e-type=\"section\">\n\t\t\t\t\t\t<div class=\"elementor-container elementor-column-gap-default\">\n\t\t\t\t\t<div class=\"elementor-column elementor-col-100 elementor-top-column elementor-element elementor-element-327f0e2\" data-id=\"327f0e2\" data-element_type=\"column\" data-e-type=\"column\">\n\t\t\t<div class=\"elementor-widget-wrap elementor-element-populated\">\n\t\t\t\t\t\t<div class=\"elementor-element elementor-element-533162f elementor-widget elementor-widget-image\" data-id=\"533162f\" data-element_type=\"widget\" data-e-type=\"widget\" data-widget_type=\"image.default\">\n\t\t\t\t<div class=\"elementor-widget-container\">\n\t\t\t\t\t\t\t\t\t\t\t\t\t\t\t<img fetchpriority=\"high\" decoding=\"async\" width=\"800\" height=\"533\" src=\"https:\/\/www.lcingredients.com\/wp-content\/uploads\/2024\/10\/Image1-2.png\" class=\"attachment-large size-large wp-image-2477\" alt=\"\" \/>\t\t\t\t\t\t\t\t\t\t\t\t\t\t\t<\/div>\n\t\t\t\t<\/div>\n\t\t\t\t<div class=\"elementor-element elementor-element-2d44429 elementor-widget elementor-widget-heading\" data-id=\"2d44429\" data-element_type=\"widget\" data-e-type=\"widget\" data-widget_type=\"heading.default\">\n\t\t\t\t<div class=\"elementor-widget-container\">\n\t\t\t\t\t<h1 class=\"elementor-heading-title elementor-size-default\">LE NOSTRE DONNE <br>INGREDIENTI PER LA SALUTE<\/h1>\t\t\t\t<\/div>\n\t\t\t\t<\/div>\n\t\t\t\t\t<\/div>\n\t\t<\/div>\n\t\t\t\t\t<\/div>\n\t\t<\/section>\n\t\t\t\t<section class=\"elementor-section elementor-top-section elementor-element elementor-element-31a6439 elementor-section-boxed elementor-section-height-default elementor-section-height-default\" data-id=\"31a6439\" data-element_type=\"section\" data-e-type=\"section\">\n\t\t\t\t\t\t<div class=\"elementor-container elementor-column-gap-default\">\n\t\t\t\t\t<div class=\"elementor-column elementor-col-100 elementor-top-column elementor-element elementor-element-b72dfea\" data-id=\"b72dfea\" data-element_type=\"column\" data-e-type=\"column\">\n\t\t\t<div class=\"elementor-widget-wrap elementor-element-populated\">\n\t\t\t\t\t\t<div class=\"elementor-element elementor-element-e77da4c elementor-widget elementor-widget-heading\" data-id=\"e77da4c\" data-element_type=\"widget\" data-e-type=\"widget\" data-widget_type=\"heading.default\">\n\t\t\t\t<div class=\"elementor-widget-container\">\n\t\t\t\t\t<h1 class=\"elementor-heading-title elementor-size-default\">SOSTENERE LA SALUTE DELLE DONNE IN OGNI FASE DELLA VITA<\/h1>\t\t\t\t<\/div>\n\t\t\t\t<\/div>\n\t\t\t\t<section class=\"elementor-section elementor-inner-section elementor-element elementor-element-d46e9d0 elementor-section-boxed elementor-section-height-default elementor-section-height-default\" data-id=\"d46e9d0\" data-element_type=\"section\" data-e-type=\"section\">\n\t\t\t\t\t\t<div class=\"elementor-container elementor-column-gap-default\">\n\t\t\t\t\t<div class=\"elementor-column elementor-col-50 elementor-inner-column elementor-element elementor-element-c8f61bf\" data-id=\"c8f61bf\" data-element_type=\"column\" data-e-type=\"column\">\n\t\t\t<div class=\"elementor-widget-wrap elementor-element-populated\">\n\t\t\t\t\t\t<div class=\"elementor-element elementor-element-a6923f7 elementor-widget elementor-widget-text-editor\" data-id=\"a6923f7\" data-element_type=\"widget\" data-e-type=\"widget\" data-widget_type=\"text-editor.default\">\n\t\t\t\t<div class=\"elementor-widget-container\">\n\t\t\t\t\t\t\t\t\t<p>Le esigenze nutrizionali delle donne evolvono nel corso della vita, dall&#039;equilibrio ormonale e dall&#039;energia al benessere di pelle, capelli e emozioni. La nostra gamma di ingredienti \u00e8 pensata per accompagnare le donne in ogni fase della vita, offrendo un supporto mirato per ogni fase.\u00a0<\/p>\t\t\t\t\t\t\t\t<\/div>\n\t\t\t\t<\/div>\n\t\t\t\t\t<\/div>\n\t\t<\/div>\n\t\t\t\t<div class=\"elementor-column elementor-col-50 elementor-inner-column elementor-element elementor-element-61d2fe1\" data-id=\"61d2fe1\" data-element_type=\"column\" data-e-type=\"column\">\n\t\t\t<div class=\"elementor-widget-wrap elementor-element-populated\">\n\t\t\t\t\t\t<div class=\"elementor-element elementor-element-1dd6d3b elementor-widget elementor-widget-text-editor\" data-id=\"1dd6d3b\" data-element_type=\"widget\" data-e-type=\"widget\" data-widget_type=\"text-editor.default\">\n\t\t\t\t<div class=\"elementor-widget-container\">\n\t\t\t\t\t\t\t\t\t<p>Grazie a principi attivi clinicamente studiati e composti naturali, aiutiamo a promuovere vitalit\u00e0, resilienza ed equilibrio interiore in ogni capitolo. Scopri la nostra gamma di ingredienti.<\/p>\t\t\t\t\t\t\t\t<\/div>\n\t\t\t\t<\/div>\n\t\t\t\t\t<\/div>\n\t\t<\/div>\n\t\t\t\t\t<\/div>\n\t\t<\/section>\n\t\t\t\t\t<\/div>\n\t\t<\/div>\n\t\t\t\t\t<\/div>\n\t\t<\/section>\n\t\t\t\t<section class=\"elementor-section elementor-top-section elementor-element elementor-element-516cea4 elementor-section-boxed elementor-section-height-default elementor-section-height-default\" data-id=\"516cea4\" data-element_type=\"section\" data-e-type=\"section\">\n\t\t\t\t\t\t<div class=\"elementor-container elementor-column-gap-default\">\n\t\t\t\t\t<div class=\"elementor-column elementor-col-50 elementor-top-column elementor-element elementor-element-aacf796\" data-id=\"aacf796\" data-element_type=\"column\" data-e-type=\"column\" data-settings=\"{&quot;background_background&quot;:&quot;classic&quot;}\">\n\t\t\t<div class=\"elementor-widget-wrap elementor-element-populated\">\n\t\t\t\t\t\t<div class=\"elementor-element elementor-element-e0ddee6 elementor-widget elementor-widget-spacer\" data-id=\"e0ddee6\" data-element_type=\"widget\" data-e-type=\"widget\" data-widget_type=\"spacer.default\">\n\t\t\t\t<div class=\"elementor-widget-container\">\n\t\t\t\t\t\t\t<div class=\"elementor-spacer\">\n\t\t\t<div class=\"elementor-spacer-inner\"><\/div>\n\t\t<\/div>\n\t\t\t\t\t\t<\/div>\n\t\t\t\t<\/div>\n\t\t\t\t<div class=\"elementor-element elementor-element-c9cab0d elementor-widget elementor-widget-image\" data-id=\"c9cab0d\" data-element_type=\"widget\" data-e-type=\"widget\" data-widget_type=\"image.default\">\n\t\t\t\t<div class=\"elementor-widget-container\">\n\t\t\t\t\t\t\t\t\t\t\t\t\t\t\t\t<a href=\"https:\/\/www.lcingredients.com\/it\/libido\/\">\n\t\t\t\t\t\t\t<img decoding=\"async\" width=\"792\" height=\"218\" src=\"https:\/\/www.lcingredients.com\/wp-content\/uploads\/2024\/10\/LIBIFEM-LOGO-2.png\" class=\"attachment-large size-large wp-image-2538\" alt=\"\" \/>\t\t\t\t\t\t\t\t<\/a>\n\t\t\t\t\t\t\t\t\t\t\t\t\t\t\t<\/div>\n\t\t\t\t<\/div>\n\t\t\t\t\t<\/div>\n\t\t<\/div>\n\t\t\t\t<div class=\"elementor-column elementor-col-50 elementor-top-column elementor-element elementor-element-6d67071\" data-id=\"6d67071\" data-element_type=\"column\" data-e-type=\"column\" data-settings=\"{&quot;background_background&quot;:&quot;classic&quot;}\">\n\t\t\t<div class=\"elementor-widget-wrap elementor-element-populated\">\n\t\t\t\t\t\t<div class=\"elementor-element elementor-element-436d54f elementor-widget elementor-widget-heading\" data-id=\"436d54f\" data-element_type=\"widget\" data-e-type=\"widget\" data-widget_type=\"heading.default\">\n\t\t\t\t<div class=\"elementor-widget-container\">\n\t\t\t\t\t<h2 class=\"elementor-heading-title elementor-size-default\">LIBIFEM\u00ae<\/h2>\t\t\t\t<\/div>\n\t\t\t\t<\/div>\n\t\t\t\t<div class=\"elementor-element elementor-element-6378d49 elementor-widget elementor-widget-text-editor\" data-id=\"6378d49\" data-element_type=\"widget\" data-e-type=\"widget\" data-widget_type=\"text-editor.default\">\n\t\t\t\t<div class=\"elementor-widget-container\">\n\t\t\t\t\t\t\t\t\t<p><strong><a href=\"https:\/\/www.lcingredients.com\/it\/libido\/\">Libifem<sup>\u00ae<\/sup><\/a>\u00a0<\/strong>\u00e8 il marchio Gencor per un estratto contenente saponine che supportano livelli sani di estradiolo nelle donne. \u00c8 stato clinicamente dimostrato che questo estratto promuove la sana vitalit\u00e0 e il desiderio sessuale di una donna, oltre ad aiutare ad alleviare i normali sintomi della menopausa.<\/p>\t\t\t\t\t\t\t\t<\/div>\n\t\t\t\t<\/div>\n\t\t\t\t<div class=\"elementor-element elementor-element-793320b elementor-button-info elementor-align-center elementor-widget elementor-widget-button\" data-id=\"793320b\" data-element_type=\"widget\" data-e-type=\"widget\" data-widget_type=\"button.default\">\n\t\t\t\t<div class=\"elementor-widget-container\">\n\t\t\t\t\t\t\t\t\t<div class=\"elementor-button-wrapper\">\n\t\t\t\t\t<a class=\"elementor-button elementor-button-link elementor-size-sm\" href=\"https:\/\/www.lcingredients.com\/it\/libido\/\">\n\t\t\t\t\t\t<span class=\"elementor-button-content-wrapper\">\n\t\t\t\t\t\t\t\t\t<span class=\"elementor-button-text\">Vedi altro<\/span>\n\t\t\t\t\t<\/span>\n\t\t\t\t\t<\/a>\n\t\t\t\t<\/div>\n\t\t\t\t\t\t\t\t<\/div>\n\t\t\t\t<\/div>\n\t\t\t\t\t<\/div>\n\t\t<\/div>\n\t\t\t\t\t<\/div>\n\t\t<\/section>\n\t\t\t\t<section class=\"elementor-section elementor-top-section elementor-element elementor-element-8a38ab2 elementor-section-boxed elementor-section-height-default elementor-section-height-default\" data-id=\"8a38ab2\" data-element_type=\"section\" data-e-type=\"section\">\n\t\t\t\t\t\t<div class=\"elementor-container elementor-column-gap-default\">\n\t\t\t\t\t<div class=\"elementor-column elementor-col-50 elementor-top-column elementor-element elementor-element-c56ee09\" data-id=\"c56ee09\" data-element_type=\"column\" data-e-type=\"column\" data-settings=\"{&quot;background_background&quot;:&quot;classic&quot;}\">\n\t\t\t<div class=\"elementor-widget-wrap elementor-element-populated\">\n\t\t\t\t\t\t<div class=\"elementor-element elementor-element-4846020 elementor-widget elementor-widget-heading\" data-id=\"4846020\" data-element_type=\"widget\" data-e-type=\"widget\" data-widget_type=\"heading.default\">\n\t\t\t\t<div class=\"elementor-widget-container\">\n\t\t\t\t\t<h2 class=\"elementor-heading-title elementor-size-default\">LEVAGEN+\u00ae<\/h2>\t\t\t\t<\/div>\n\t\t\t\t<\/div>\n\t\t\t\t<div class=\"elementor-element elementor-element-561abfb elementor-widget elementor-widget-text-editor\" data-id=\"561abfb\" data-element_type=\"widget\" data-e-type=\"widget\" data-widget_type=\"text-editor.default\">\n\t\t\t\t<div class=\"elementor-widget-container\">\n\t\t\t\t\t\t\t\t\t<p><strong>LEVAGEN+\u00ae<\/strong> \u00e8 una palmitoiletanolamide (PEA) di alta qualit\u00e0. La PEA \u00e8 prodotta biologicamente dal nostro organismo attraverso un meccanismo di riparazione, agendo sui recettori CB1, CB2 e GPR55 e sul canale TRPV1.\u00a0<\/p><p>\u00c8 un antinfiammatorio naturale con evidenti benefici in vari campi di applicazione. Grazie all&#039;uso della tecnologia lipisperse, l&#039;ingrediente \u00e8 disperdibile, aumentandone la biodisponibilit\u00e0 (1,75 in pi\u00f9 rispetto alla versione standard Levagen).\u00a0<\/p>\t\t\t\t\t\t\t\t<\/div>\n\t\t\t\t<\/div>\n\t\t\t\t<div class=\"elementor-element elementor-element-1288b01 elementor-button-info elementor-align-center elementor-widget elementor-widget-button\" data-id=\"1288b01\" data-element_type=\"widget\" data-e-type=\"widget\" data-widget_type=\"button.default\">\n\t\t\t\t<div class=\"elementor-widget-container\">\n\t\t\t\t\t\t\t\t\t<div class=\"elementor-button-wrapper\">\n\t\t\t\t\t<a class=\"elementor-button elementor-button-link elementor-size-sm\" href=\"https:\/\/www.lcingredients.com\/it\/levagen-donne-dolore-mestruale\/\">\n\t\t\t\t\t\t<span class=\"elementor-button-content-wrapper\">\n\t\t\t\t\t\t\t\t\t<span class=\"elementor-button-text\">Vedi altro<\/span>\n\t\t\t\t\t<\/span>\n\t\t\t\t\t<\/a>\n\t\t\t\t<\/div>\n\t\t\t\t\t\t\t\t<\/div>\n\t\t\t\t<\/div>\n\t\t\t\t\t<\/div>\n\t\t<\/div>\n\t\t\t\t<div class=\"elementor-column elementor-col-50 elementor-top-column elementor-element elementor-element-61b11a4\" data-id=\"61b11a4\" data-element_type=\"column\" data-e-type=\"column\" data-settings=\"{&quot;background_background&quot;:&quot;classic&quot;}\">\n\t\t\t<div class=\"elementor-widget-wrap elementor-element-populated\">\n\t\t\t\t\t\t<div class=\"elementor-element elementor-element-4c46307 elementor-widget elementor-widget-spacer\" data-id=\"4c46307\" data-element_type=\"widget\" data-e-type=\"widget\" data-widget_type=\"spacer.default\">\n\t\t\t\t<div class=\"elementor-widget-container\">\n\t\t\t\t\t\t\t<div class=\"elementor-spacer\">\n\t\t\t<div class=\"elementor-spacer-inner\"><\/div>\n\t\t<\/div>\n\t\t\t\t\t\t<\/div>\n\t\t\t\t<\/div>\n\t\t\t\t<div class=\"elementor-element elementor-element-c21fd9d elementor-widget elementor-widget-image\" data-id=\"c21fd9d\" data-element_type=\"widget\" data-e-type=\"widget\" data-widget_type=\"image.default\">\n\t\t\t\t<div class=\"elementor-widget-container\">\n\t\t\t\t\t\t\t\t\t\t\t\t\t\t\t\t<a href=\"https:\/\/www.lcingredients.com\/it\/mitoheal\/\">\n\t\t\t\t\t\t\t<img decoding=\"async\" width=\"800\" height=\"273\" src=\"https:\/\/www.lcingredients.com\/wp-content\/uploads\/2024\/09\/Levagen-removebg-preview.png\" class=\"attachment-large size-large wp-image-2427\" alt=\"\" \/>\t\t\t\t\t\t\t\t<\/a>\n\t\t\t\t\t\t\t\t\t\t\t\t\t\t\t<\/div>\n\t\t\t\t<\/div>\n\t\t\t\t\t<\/div>\n\t\t<\/div>\n\t\t\t\t\t<\/div>\n\t\t<\/section>\n\t\t\t\t<\/div>","protected":false},"excerpt":{"rendered":"<p>I NOSTRI INGREDIENTI PER LA SALUTE DELLA DONNA SUPPORTANO LA SALUTE DELLE DONNE IN OGNI FASE DELLA VITA Le esigenze nutrizionali delle donne evolvono nel corso della vita, dall&#039;equilibrio ormonale e dall&#039;energia alla pelle, ai capelli e al benessere emotivo. La nostra gamma di ingredienti \u00e8 progettata per accompagnare le donne in ogni fase della vita, offrendo un supporto mirato per ogni fase. Con principi attivi clinicamente studiati e [\u2026]<\/p>","protected":false},"author":2,"featured_media":2894,"parent":0,"menu_order":0,"comment_status":"closed","ping_status":"closed","template":"","meta":{"_eb_attr":"","footnotes":""},"class_list":["post-2536","page","type-page","status-publish","has-post-thumbnail","hentry"],"yoast_head":"<!-- This site is optimized with the Yoast SEO plugin v26.7 - https:\/\/yoast.com\/wordpress\/plugins\/seo\/ -->\n<title>Women&#039;s Health - LC Ingredients<\/title>\n<meta name=\"description\" content=\"D\u00e9couvrez notre gamme d&#039;ingr\u00e9dients brevet\u00e9s d\u00e9di\u00e9s \u00e0 la sant\u00e9 des femmes, m\u00e9nopause, sommeil, m\u00e9tabolisme etc\" \/>\n<meta name=\"robots\" content=\"index, follow, max-snippet:-1, max-image-preview:large, max-video-preview:-1\" \/>\n<link rel=\"canonical\" href=\"https:\/\/www.lcingredients.com\/it\/ingredienti-per-la-salute-delle-donne-menopausa\/\" \/>\n<meta property=\"og:locale\" content=\"it_IT\" \/>\n<meta property=\"og:type\" content=\"article\" \/>\n<meta property=\"og:title\" content=\"Women&#039;s Health - LC Ingredients\" \/>\n<meta property=\"og:description\" content=\"D\u00e9couvrez notre gamme d&#039;ingr\u00e9dients brevet\u00e9s d\u00e9di\u00e9s \u00e0 la sant\u00e9 des femmes, m\u00e9nopause, sommeil, m\u00e9tabolisme etc\" \/>\n<meta property=\"og:url\" content=\"https:\/\/www.lcingredients.com\/it\/ingredienti-per-la-salute-delle-donne-menopausa\/\" \/>\n<meta property=\"og:site_name\" content=\"LC Ingredients\" \/>\n<meta property=\"article:modified_time\" content=\"2025-10-15T15:25:44+00:00\" \/>\n<meta property=\"og:image\" content=\"https:\/\/www.lcingredients.com\/wp-content\/uploads\/2025\/03\/femmes-diversite-1160x680-1.jpg\" \/>\n\t<meta property=\"og:image:width\" content=\"1160\" \/>\n\t<meta property=\"og:image:height\" content=\"680\" \/>\n\t<meta property=\"og:image:type\" content=\"image\/jpeg\" \/>\n<meta name=\"twitter:card\" content=\"summary_large_image\" \/>\n<meta name=\"twitter:label1\" content=\"Tempo di lettura stimato\" \/>\n\t<meta name=\"twitter:data1\" content=\"2 minuti\" \/>\n<script type=\"application\/ld+json\" class=\"yoast-schema-graph\">{\"@context\":\"https:\/\/schema.org\",\"@graph\":[{\"@type\":\"WebPage\",\"@id\":\"https:\/\/www.lcingredients.com\/womens-health-ingredients-menopause\/\",\"url\":\"https:\/\/www.lcingredients.com\/womens-health-ingredients-menopause\/\",\"name\":\"Women's Health - LC Ingredients\",\"isPartOf\":{\"@id\":\"https:\/\/www.lcingredients.com\/#website\"},\"primaryImageOfPage\":{\"@id\":\"https:\/\/www.lcingredients.com\/womens-health-ingredients-menopause\/#primaryimage\"},\"image\":{\"@id\":\"https:\/\/www.lcingredients.com\/womens-health-ingredients-menopause\/#primaryimage\"},\"thumbnailUrl\":\"https:\/\/www.lcingredients.com\/wp-content\/uploads\/2025\/03\/femmes-diversite-1160x680-1.jpg\",\"datePublished\":\"2024-10-15T15:44:16+00:00\",\"dateModified\":\"2025-10-15T15:25:44+00:00\",\"description\":\"D\u00e9couvrez notre gamme d'ingr\u00e9dients brevet\u00e9s d\u00e9di\u00e9s \u00e0 la sant\u00e9 des femmes, m\u00e9nopause, sommeil, m\u00e9tabolisme etc\",\"breadcrumb\":{\"@id\":\"https:\/\/www.lcingredients.com\/womens-health-ingredients-menopause\/#breadcrumb\"},\"inLanguage\":\"it-IT\",\"potentialAction\":[{\"@type\":\"ReadAction\",\"target\":[\"https:\/\/www.lcingredients.com\/womens-health-ingredients-menopause\/\"]}]},{\"@type\":\"ImageObject\",\"inLanguage\":\"it-IT\",\"@id\":\"https:\/\/www.lcingredients.com\/womens-health-ingredients-menopause\/#primaryimage\",\"url\":\"https:\/\/www.lcingredients.com\/wp-content\/uploads\/2025\/03\/femmes-diversite-1160x680-1.jpg\",\"contentUrl\":\"https:\/\/www.lcingredients.com\/wp-content\/uploads\/2025\/03\/femmes-diversite-1160x680-1.jpg\",\"width\":1160,\"height\":680,\"caption\":\"sant\u00e9 des femmes m\u00e9nopause lc ingredients\"},{\"@type\":\"BreadcrumbList\",\"@id\":\"https:\/\/www.lcingredients.com\/womens-health-ingredients-menopause\/#breadcrumb\",\"itemListElement\":[{\"@type\":\"ListItem\",\"position\":1,\"name\":\"Home\",\"item\":\"https:\/\/www.lcingredients.com\/\"},{\"@type\":\"ListItem\",\"position\":2,\"name\":\"Women&#8217;s Health\"}]},{\"@type\":\"WebSite\",\"@id\":\"https:\/\/www.lcingredients.com\/#website\",\"url\":\"https:\/\/www.lcingredients.com\/\",\"name\":\"LC Ingredients\",\"description\":\"Discover high-quality ingredients for your food supplements and cosmetics formulations.\",\"publisher\":{\"@id\":\"https:\/\/www.lcingredients.com\/#organization\"},\"potentialAction\":[{\"@type\":\"SearchAction\",\"target\":{\"@type\":\"EntryPoint\",\"urlTemplate\":\"https:\/\/www.lcingredients.com\/?s={search_term_string}\"},\"query-input\":{\"@type\":\"PropertyValueSpecification\",\"valueRequired\":true,\"valueName\":\"search_term_string\"}}],\"inLanguage\":\"it-IT\"},{\"@type\":\"Organization\",\"@id\":\"https:\/\/www.lcingredients.com\/#organization\",\"name\":\"LC Ingredients\",\"url\":\"https:\/\/www.lcingredients.com\/\",\"logo\":{\"@type\":\"ImageObject\",\"inLanguage\":\"it-IT\",\"@id\":\"https:\/\/www.lcingredients.com\/#\/schema\/logo\/image\/\",\"url\":\"https:\/\/www.lcingredients.com\/wp-content\/uploads\/2023\/10\/LOGO-LC-INGREDIENTS.png\",\"contentUrl\":\"https:\/\/www.lcingredients.com\/wp-content\/uploads\/2023\/10\/LOGO-LC-INGREDIENTS.png\",\"width\":1280,\"height\":1060,\"caption\":\"LC Ingredients\"},\"image\":{\"@id\":\"https:\/\/www.lcingredients.com\/#\/schema\/logo\/image\/\"},\"sameAs\":[\"https:\/\/www.linkedin.com\/company\/lcingredients\/\"]}]}<\/script>\n<!-- \/ Yoast SEO plugin. -->","yoast_head_json":{"title":"Salute delle donne - Ingredienti LC","description":"Scopri la nostra gamma di ingredienti brevettati dedicati alla salute delle donne, menopausa, sommeil, metabolismo ecc.","robots":{"index":"index","follow":"follow","max-snippet":"max-snippet:-1","max-image-preview":"max-image-preview:large","max-video-preview":"max-video-preview:-1"},"canonical":"https:\/\/www.lcingredients.com\/it\/ingredienti-per-la-salute-delle-donne-menopausa\/","og_locale":"it_IT","og_type":"article","og_title":"Women's Health - LC Ingredients","og_description":"D\u00e9couvrez notre gamme d'ingr\u00e9dients brevet\u00e9s d\u00e9di\u00e9s \u00e0 la sant\u00e9 des femmes, m\u00e9nopause, sommeil, m\u00e9tabolisme etc","og_url":"https:\/\/www.lcingredients.com\/it\/ingredienti-per-la-salute-delle-donne-menopausa\/","og_site_name":"LC Ingredients","article_modified_time":"2025-10-15T15:25:44+00:00","og_image":[{"width":1160,"height":680,"url":"https:\/\/www.lcingredients.com\/wp-content\/uploads\/2025\/03\/femmes-diversite-1160x680-1.jpg","type":"image\/jpeg"}],"twitter_card":"summary_large_image","twitter_misc":{"Tempo di lettura stimato":"2 minuti"},"schema":{"@context":"https:\/\/schema.org","@graph":[{"@type":"WebPage","@id":"https:\/\/www.lcingredients.com\/womens-health-ingredients-menopause\/","url":"https:\/\/www.lcingredients.com\/womens-health-ingredients-menopause\/","name":"Salute delle donne - Ingredienti LC","isPartOf":{"@id":"https:\/\/www.lcingredients.com\/#website"},"primaryImageOfPage":{"@id":"https:\/\/www.lcingredients.com\/womens-health-ingredients-menopause\/#primaryimage"},"image":{"@id":"https:\/\/www.lcingredients.com\/womens-health-ingredients-menopause\/#primaryimage"},"thumbnailUrl":"https:\/\/www.lcingredients.com\/wp-content\/uploads\/2025\/03\/femmes-diversite-1160x680-1.jpg","datePublished":"2024-10-15T15:44:16+00:00","dateModified":"2025-10-15T15:25:44+00:00","description":"Scopri la nostra gamma di ingredienti brevettati dedicati alla salute delle donne, menopausa, sommeil, metabolismo ecc.","breadcrumb":{"@id":"https:\/\/www.lcingredients.com\/womens-health-ingredients-menopause\/#breadcrumb"},"inLanguage":"it-IT","potentialAction":[{"@type":"ReadAction","target":["https:\/\/www.lcingredients.com\/womens-health-ingredients-menopause\/"]}]},{"@type":"ImageObject","inLanguage":"it-IT","@id":"https:\/\/www.lcingredients.com\/womens-health-ingredients-menopause\/#primaryimage","url":"https:\/\/www.lcingredients.com\/wp-content\/uploads\/2025\/03\/femmes-diversite-1160x680-1.jpg","contentUrl":"https:\/\/www.lcingredients.com\/wp-content\/uploads\/2025\/03\/femmes-diversite-1160x680-1.jpg","width":1160,"height":680,"caption":"sant\u00e9 des femmes m\u00e9nopause lc ingredients"},{"@type":"BreadcrumbList","@id":"https:\/\/www.lcingredients.com\/womens-health-ingredients-menopause\/#breadcrumb","itemListElement":[{"@type":"ListItem","position":1,"name":"Home","item":"https:\/\/www.lcingredients.com\/"},{"@type":"ListItem","position":2,"name":"Women&#8217;s Health"}]},{"@type":"WebSite","@id":"https:\/\/www.lcingredients.com\/#website","url":"https:\/\/www.lcingredients.com\/","name":"Ingredienti LC","description":"Scopri ingredienti di alta qualit\u00e0 per le tue formulazioni di integratori alimentari e cosmetici.","publisher":{"@id":"https:\/\/www.lcingredients.com\/#organization"},"potentialAction":[{"@type":"SearchAction","target":{"@type":"EntryPoint","urlTemplate":"https:\/\/www.lcingredients.com\/?s={search_term_string}"},"query-input":{"@type":"PropertyValueSpecification","valueRequired":true,"valueName":"search_term_string"}}],"inLanguage":"it-IT"},{"@type":"Organization","@id":"https:\/\/www.lcingredients.com\/#organization","name":"Ingredienti LC","url":"https:\/\/www.lcingredients.com\/","logo":{"@type":"ImageObject","inLanguage":"it-IT","@id":"https:\/\/www.lcingredients.com\/#\/schema\/logo\/image\/","url":"https:\/\/www.lcingredients.com\/wp-content\/uploads\/2023\/10\/LOGO-LC-INGREDIENTS.png","contentUrl":"https:\/\/www.lcingredients.com\/wp-content\/uploads\/2023\/10\/LOGO-LC-INGREDIENTS.png","width":1280,"height":1060,"caption":"LC Ingredients"},"image":{"@id":"https:\/\/www.lcingredients.com\/#\/schema\/logo\/image\/"},"sameAs":["https:\/\/www.linkedin.com\/company\/lcingredients\/"]}]}},"_links":{"self":[{"href":"https:\/\/www.lcingredients.com\/it\/wp-json\/wp\/v2\/pages\/2536","targetHints":{"allow":["GET"]}}],"collection":[{"href":"https:\/\/www.lcingredients.com\/it\/wp-json\/wp\/v2\/pages"}],"about":[{"href":"https:\/\/www.lcingredients.com\/it\/wp-json\/wp\/v2\/types\/page"}],"author":[{"embeddable":true,"href":"https:\/\/www.lcingredients.com\/it\/wp-json\/wp\/v2\/users\/2"}],"replies":[{"embeddable":true,"href":"https:\/\/www.lcingredients.com\/it\/wp-json\/wp\/v2\/comments?post=2536"}],"version-history":[{"count":37,"href":"https:\/\/www.lcingredients.com\/it\/wp-json\/wp\/v2\/pages\/2536\/revisions"}],"predecessor-version":[{"id":5204,"href":"https:\/\/www.lcingredients.com\/it\/wp-json\/wp\/v2\/pages\/2536\/revisions\/5204"}],"wp:featuredmedia":[{"embeddable":true,"href":"https:\/\/www.lcingredients.com\/it\/wp-json\/wp\/v2\/media\/2894"}],"wp:attachment":[{"href":"https:\/\/www.lcingredients.com\/it\/wp-json\/wp\/v2\/media?parent=2536"}],"curies":[{"name":"parola chiave","href":"https:\/\/api.w.org\/{rel}","templated":true}]}}