{"id":2413,"date":"2024-09-26T07:32:16","date_gmt":"2024-09-26T07:32:16","guid":{"rendered":"https:\/\/www.lcingredients.com\/?page_id=2413"},"modified":"2026-02-10T16:57:16","modified_gmt":"2026-02-10T16:57:16","slug":"umore-sonno-ingredienti-cibo-dieta","status":"publish","type":"page","link":"https:\/\/www.lcingredients.com\/it\/umore-sonno-ingredienti-cibo-dieta\/","title":{"rendered":"Umore e sonno"},"content":{"rendered":"<div data-elementor-type=\"wp-page\" data-elementor-id=\"2413\" class=\"elementor elementor-2413\" data-elementor-post-type=\"page\">\n\t\t\t\t\t\t<section class=\"elementor-section elementor-top-section elementor-element elementor-element-f2bf93f elementor-section-full_width elementor-section-height-default elementor-section-height-default\" data-id=\"f2bf93f\" data-element_type=\"section\" data-e-type=\"section\">\n\t\t\t\t\t\t<div class=\"elementor-container elementor-column-gap-default\">\n\t\t\t\t\t<div class=\"elementor-column elementor-col-100 elementor-top-column elementor-element elementor-element-b0fb680\" data-id=\"b0fb680\" data-element_type=\"column\" data-e-type=\"column\">\n\t\t\t<div class=\"elementor-widget-wrap elementor-element-populated\">\n\t\t\t\t\t\t<div class=\"elementor-element elementor-element-e6b56f4 elementor-widget elementor-widget-image\" data-id=\"e6b56f4\" data-element_type=\"widget\" data-e-type=\"widget\" data-widget_type=\"image.default\">\n\t\t\t\t<div class=\"elementor-widget-container\">\n\t\t\t\t\t\t\t\t\t\t\t\t\t\t\t<img fetchpriority=\"high\" decoding=\"async\" width=\"800\" height=\"533\" src=\"https:\/\/www.lcingredients.com\/wp-content\/uploads\/2025\/09\/mood-and-sleep-men-sleeping-night-bedroom-1024x682.jpg\" class=\"attachment-large size-large wp-image-3596\" alt=\"umore e sonno uomini che dormono notte camera da letto\" srcset=\"https:\/\/www.lcingredients.com\/wp-content\/uploads\/2025\/09\/mood-and-sleep-men-sleeping-night-bedroom-1024x682.jpg 1024w, https:\/\/www.lcingredients.com\/wp-content\/uploads\/2025\/09\/mood-and-sleep-men-sleeping-night-bedroom-300x200.jpg 300w, https:\/\/www.lcingredients.com\/wp-content\/uploads\/2025\/09\/mood-and-sleep-men-sleeping-night-bedroom-768x512.jpg 768w, https:\/\/www.lcingredients.com\/wp-content\/uploads\/2025\/09\/mood-and-sleep-men-sleeping-night-bedroom-1536x1024.jpg 1536w, https:\/\/www.lcingredients.com\/wp-content\/uploads\/2025\/09\/mood-and-sleep-men-sleeping-night-bedroom-18x12.jpg 18w, https:\/\/www.lcingredients.com\/wp-content\/uploads\/2025\/09\/mood-and-sleep-men-sleeping-night-bedroom-1320x880.jpg 1320w, https:\/\/www.lcingredients.com\/wp-content\/uploads\/2025\/09\/mood-and-sleep-men-sleeping-night-bedroom.jpg 2000w\" sizes=\"(max-width: 800px) 100vw, 800px\" \/>\t\t\t\t\t\t\t\t\t\t\t\t\t\t\t<\/div>\n\t\t\t\t<\/div>\n\t\t\t\t<div class=\"elementor-element elementor-element-b43d07c elementor-widget elementor-widget-heading\" data-id=\"b43d07c\" data-element_type=\"widget\" data-e-type=\"widget\" data-widget_type=\"heading.default\">\n\t\t\t\t<div class=\"elementor-widget-container\">\n\t\t\t\t\t<h1 class=\"elementor-heading-title elementor-size-default\">I NOSTRI INGREDIENTI PER L&#039;UMORE E IL SONNO<\/h1>\t\t\t\t<\/div>\n\t\t\t\t<\/div>\n\t\t\t\t\t<\/div>\n\t\t<\/div>\n\t\t\t\t\t<\/div>\n\t\t<\/section>\n\t\t\t\t<section class=\"elementor-section elementor-top-section elementor-element elementor-element-8151140 elementor-section-boxed elementor-section-height-default elementor-section-height-default\" data-id=\"8151140\" data-element_type=\"section\" data-e-type=\"section\">\n\t\t\t\t\t\t<div class=\"elementor-container elementor-column-gap-default\">\n\t\t\t\t\t<div class=\"elementor-column elementor-col-100 elementor-top-column elementor-element elementor-element-e3a2af5\" data-id=\"e3a2af5\" data-element_type=\"column\" data-e-type=\"column\">\n\t\t\t<div class=\"elementor-widget-wrap elementor-element-populated\">\n\t\t\t\t\t\t<div class=\"elementor-element elementor-element-bca0d7b elementor-widget elementor-widget-heading\" data-id=\"bca0d7b\" data-element_type=\"widget\" data-e-type=\"widget\" data-widget_type=\"heading.default\">\n\t\t\t\t<div class=\"elementor-widget-container\">\n\t\t\t\t\t<h1 class=\"elementor-heading-title elementor-size-default\">SUPPORTO PER L&#039;EQUILIBRIO EMOTIVO E UN SONNO RIPOSANTE<\/h1>\t\t\t\t<\/div>\n\t\t\t\t<\/div>\n\t\t\t\t<section class=\"elementor-section elementor-inner-section elementor-element elementor-element-6266707 elementor-section-boxed elementor-section-height-default elementor-section-height-default\" data-id=\"6266707\" data-element_type=\"section\" data-e-type=\"section\">\n\t\t\t\t\t\t<div class=\"elementor-container elementor-column-gap-default\">\n\t\t\t\t\t<div class=\"elementor-column elementor-col-50 elementor-inner-column elementor-element elementor-element-7d86d34\" data-id=\"7d86d34\" data-element_type=\"column\" data-e-type=\"column\">\n\t\t\t<div class=\"elementor-widget-wrap elementor-element-populated\">\n\t\t\t\t\t\t<div class=\"elementor-element elementor-element-4ebd3ea elementor-widget elementor-widget-text-editor\" data-id=\"4ebd3ea\" data-element_type=\"widget\" data-e-type=\"widget\" data-widget_type=\"text-editor.default\">\n\t\t\t\t<div class=\"elementor-widget-container\">\n\t\t\t\t\t\t\t\t\t<p>Umore e sonno sono pilastri profondamente interconnessi del benessere generale. La nostra gamma di ingredienti \u00e8 progettata per supportare la stabilit\u00e0 emotiva, la resilienza allo stress e cicli di sonno sani attraverso soluzioni nutrizionali mirate.<br \/><!--EndFragment --><\/p>\t\t\t\t\t\t\t\t<\/div>\n\t\t\t\t<\/div>\n\t\t\t\t\t<\/div>\n\t\t<\/div>\n\t\t\t\t<div class=\"elementor-column elementor-col-50 elementor-inner-column elementor-element elementor-element-648180a\" data-id=\"648180a\" data-element_type=\"column\" data-e-type=\"column\">\n\t\t\t<div class=\"elementor-widget-wrap elementor-element-populated\">\n\t\t\t\t\t\t<div class=\"elementor-element elementor-element-a8bcff0 elementor-widget elementor-widget-text-editor\" data-id=\"a8bcff0\" data-element_type=\"widget\" data-e-type=\"widget\" data-widget_type=\"text-editor.default\">\n\t\t\t\t<div class=\"elementor-widget-container\">\n\t\t\t\t\t\t\t\t\t<p>Combinando principi attivi scientificamente studiati con composti naturali, offriamo soluzioni efficaci per aiutare a ripristinare la calma interiore e favorire un riposo ristoratore.<\/p>\t\t\t\t\t\t\t\t<\/div>\n\t\t\t\t<\/div>\n\t\t\t\t\t<\/div>\n\t\t<\/div>\n\t\t\t\t\t<\/div>\n\t\t<\/section>\n\t\t\t\t\t<\/div>\n\t\t<\/div>\n\t\t\t\t\t<\/div>\n\t\t<\/section>\n\t\t\t\t<section class=\"elementor-section elementor-top-section elementor-element elementor-element-961a9ee elementor-section-boxed elementor-section-height-default elementor-section-height-default\" data-id=\"961a9ee\" data-element_type=\"section\" data-e-type=\"section\">\n\t\t\t\t\t\t<div class=\"elementor-container elementor-column-gap-default\">\n\t\t\t\t\t<div class=\"elementor-column elementor-col-50 elementor-top-column elementor-element elementor-element-df1d7b3\" data-id=\"df1d7b3\" data-element_type=\"column\" data-e-type=\"column\" data-settings=\"{&quot;background_background&quot;:&quot;classic&quot;}\">\n\t\t\t<div class=\"elementor-widget-wrap elementor-element-populated\">\n\t\t\t\t\t\t<div class=\"elementor-element elementor-element-359e202 elementor-widget elementor-widget-heading\" data-id=\"359e202\" data-element_type=\"widget\" data-e-type=\"widget\" data-widget_type=\"heading.default\">\n\t\t\t\t<div class=\"elementor-widget-container\">\n\t\t\t\t\t<h2 class=\"elementor-heading-title elementor-size-default\">LEVAGEN+\u00ae<\/h2>\t\t\t\t<\/div>\n\t\t\t\t<\/div>\n\t\t\t\t<div class=\"elementor-element elementor-element-3916b7a elementor-widget elementor-widget-text-editor\" data-id=\"3916b7a\" data-element_type=\"widget\" data-e-type=\"widget\" data-widget_type=\"text-editor.default\">\n\t\t\t\t<div class=\"elementor-widget-container\">\n\t\t\t\t\t\t\t\t\t<p><strong>LEVAGEN+\u00ae<\/strong> \u00e8 una palmitoiletanolamide (PEA) di alta qualit\u00e0. La PEA \u00e8 prodotta biologicamente dal nostro organismo attraverso un meccanismo di riparazione, agendo sui recettori CB1, CB2 e GPR55 e sul canale TRPV1.\u00a0<\/p><p>\u00c8 un antinfiammatorio naturale con evidenti benefici in vari campi di applicazione. Grazie all&#039;uso della tecnologia lipisperse, l&#039;ingrediente \u00e8 disperdibile, aumentandone la biodisponibilit\u00e0 (1,75 in pi\u00f9 rispetto alla versione standard Levagen).\u00a0<\/p>\t\t\t\t\t\t\t\t<\/div>\n\t\t\t\t<\/div>\n\t\t\t\t<div class=\"elementor-element elementor-element-8486551 elementor-button-info elementor-align-center elementor-widget elementor-widget-button\" data-id=\"8486551\" data-element_type=\"widget\" data-e-type=\"widget\" data-widget_type=\"button.default\">\n\t\t\t\t<div class=\"elementor-widget-container\">\n\t\t\t\t\t\t\t\t\t<div class=\"elementor-button-wrapper\">\n\t\t\t\t\t<a class=\"elementor-button elementor-button-link elementor-size-sm\" href=\"https:\/\/www.lcingredients.com\/it\/integratori-alimentari-levagen\/\">\n\t\t\t\t\t\t<span class=\"elementor-button-content-wrapper\">\n\t\t\t\t\t\t\t\t\t<span class=\"elementor-button-text\">Vedi altro<\/span>\n\t\t\t\t\t<\/span>\n\t\t\t\t\t<\/a>\n\t\t\t\t<\/div>\n\t\t\t\t\t\t\t\t<\/div>\n\t\t\t\t<\/div>\n\t\t\t\t\t<\/div>\n\t\t<\/div>\n\t\t\t\t<div class=\"elementor-column elementor-col-50 elementor-top-column elementor-element elementor-element-ccec04e\" data-id=\"ccec04e\" data-element_type=\"column\" data-e-type=\"column\" data-settings=\"{&quot;background_background&quot;:&quot;classic&quot;}\">\n\t\t\t<div class=\"elementor-widget-wrap elementor-element-populated\">\n\t\t\t\t\t\t<div class=\"elementor-element elementor-element-e379cbb elementor-widget elementor-widget-spacer\" data-id=\"e379cbb\" data-element_type=\"widget\" data-e-type=\"widget\" data-widget_type=\"spacer.default\">\n\t\t\t\t<div class=\"elementor-widget-container\">\n\t\t\t\t\t\t\t<div class=\"elementor-spacer\">\n\t\t\t<div class=\"elementor-spacer-inner\"><\/div>\n\t\t<\/div>\n\t\t\t\t\t\t<\/div>\n\t\t\t\t<\/div>\n\t\t\t\t<div class=\"elementor-element elementor-element-bdf5532 elementor-widget elementor-widget-image\" data-id=\"bdf5532\" data-element_type=\"widget\" data-e-type=\"widget\" data-widget_type=\"image.default\">\n\t\t\t\t<div class=\"elementor-widget-container\">\n\t\t\t\t\t\t\t\t\t\t\t\t\t\t\t\t<a href=\"https:\/\/www.lcingredients.com\/it\/mitoheal\/\">\n\t\t\t\t\t\t\t<img decoding=\"async\" width=\"800\" height=\"273\" src=\"https:\/\/www.lcingredients.com\/wp-content\/uploads\/2024\/09\/Levagen-removebg-preview.png\" class=\"attachment-large size-large wp-image-2427\" alt=\"\" \/>\t\t\t\t\t\t\t\t<\/a>\n\t\t\t\t\t\t\t\t\t\t\t\t\t\t\t<\/div>\n\t\t\t\t<\/div>\n\t\t\t\t\t<\/div>\n\t\t<\/div>\n\t\t\t\t\t<\/div>\n\t\t<\/section>\n\t\t\t\t<section class=\"elementor-section elementor-top-section elementor-element elementor-element-6b6082f elementor-section-boxed elementor-section-height-default elementor-section-height-default\" data-id=\"6b6082f\" data-element_type=\"section\" data-e-type=\"section\">\n\t\t\t\t\t\t<div class=\"elementor-container elementor-column-gap-default\">\n\t\t\t\t\t<div class=\"elementor-column elementor-col-50 elementor-top-column elementor-element elementor-element-d058311\" data-id=\"d058311\" data-element_type=\"column\" data-e-type=\"column\" data-settings=\"{&quot;background_background&quot;:&quot;classic&quot;}\">\n\t\t\t<div class=\"elementor-widget-wrap elementor-element-populated\">\n\t\t\t\t\t\t<div class=\"elementor-element elementor-element-ba8db5d elementor-widget elementor-widget-spacer\" data-id=\"ba8db5d\" data-element_type=\"widget\" data-e-type=\"widget\" data-widget_type=\"spacer.default\">\n\t\t\t\t<div class=\"elementor-widget-container\">\n\t\t\t\t\t\t\t<div class=\"elementor-spacer\">\n\t\t\t<div class=\"elementor-spacer-inner\"><\/div>\n\t\t<\/div>\n\t\t\t\t\t\t<\/div>\n\t\t\t\t<\/div>\n\t\t\t\t<div class=\"elementor-element elementor-element-bc222e7 elementor-widget elementor-widget-image\" data-id=\"bc222e7\" data-element_type=\"widget\" data-e-type=\"widget\" data-widget_type=\"image.default\">\n\t\t\t\t<div class=\"elementor-widget-container\">\n\t\t\t\t\t\t\t\t\t\t\t\t\t\t\t\t<a href=\"https:\/\/www.lcingredients.com\/it\/mitoheal\/\">\n\t\t\t\t\t\t\t<img decoding=\"async\" width=\"800\" height=\"276\" src=\"https:\/\/www.lcingredients.com\/wp-content\/uploads\/2026\/02\/ksm-66_Logo-ashwaghandha-transparent.png\" class=\"attachment-large size-large wp-image-6042\" alt=\"ksm-66_Logo ashwaghandha trasparente\" srcset=\"https:\/\/www.lcingredients.com\/wp-content\/uploads\/2026\/02\/ksm-66_Logo-ashwaghandha-transparent.png 964w, https:\/\/www.lcingredients.com\/wp-content\/uploads\/2026\/02\/ksm-66_Logo-ashwaghandha-transparent-300x104.png 300w, https:\/\/www.lcingredients.com\/wp-content\/uploads\/2026\/02\/ksm-66_Logo-ashwaghandha-transparent-768x265.png 768w, https:\/\/www.lcingredients.com\/wp-content\/uploads\/2026\/02\/ksm-66_Logo-ashwaghandha-transparent-18x6.png 18w\" sizes=\"(max-width: 800px) 100vw, 800px\" \/>\t\t\t\t\t\t\t\t<\/a>\n\t\t\t\t\t\t\t\t\t\t\t\t\t\t\t<\/div>\n\t\t\t\t<\/div>\n\t\t\t\t\t<\/div>\n\t\t<\/div>\n\t\t\t\t<div class=\"elementor-column elementor-col-50 elementor-top-column elementor-element elementor-element-8cfea5f\" data-id=\"8cfea5f\" data-element_type=\"column\" data-e-type=\"column\" data-settings=\"{&quot;background_background&quot;:&quot;classic&quot;}\">\n\t\t\t<div class=\"elementor-widget-wrap elementor-element-populated\">\n\t\t\t\t\t\t<div class=\"elementor-element elementor-element-f42e604 elementor-widget elementor-widget-heading\" data-id=\"f42e604\" data-element_type=\"widget\" data-e-type=\"widget\" data-widget_type=\"heading.default\">\n\t\t\t\t<div class=\"elementor-widget-container\">\n\t\t\t\t\t<h2 class=\"elementor-heading-title elementor-size-default\">KSM-66 ASHWAGANDHA\u00ae<\/h2>\t\t\t\t<\/div>\n\t\t\t\t<\/div>\n\t\t\t\t<div class=\"elementor-element elementor-element-981ead4 elementor-widget elementor-widget-text-editor\" data-id=\"981ead4\" data-element_type=\"widget\" data-e-type=\"widget\" data-widget_type=\"text-editor.default\">\n\t\t\t\t<div class=\"elementor-widget-container\">\n\t\t\t\t\t\t\t\t\t<p><strong>KSM\u201166 Ashwagandha\u00ae<\/strong> \u00e8 un estratto di sola radice a spettro completo, riconosciuto come l&#039;ashwagandha pi\u00f9 clinicamente studiato e di pi\u00f9 alta qualit\u00e0 al mondo. Offre un esclusivo meccanismo d&#039;azione multi-percorso, supportando la riduzione dello stress, l&#039;equilibrio del cortisolo, l&#039;efficienza energetica, la composizione corporea, la forza e il recupero post-esercizio, il tutto convalidato da molteplici studi clinici randomizzati, in doppio cieco e controllati con placebo.<\/p>\t\t\t\t\t\t\t\t<\/div>\n\t\t\t\t<\/div>\n\t\t\t\t<div class=\"elementor-element elementor-element-04f222b elementor-button-info elementor-align-center elementor-widget elementor-widget-button\" data-id=\"04f222b\" data-element_type=\"widget\" data-e-type=\"widget\" data-widget_type=\"button.default\">\n\t\t\t\t<div class=\"elementor-widget-container\">\n\t\t\t\t\t\t\t\t\t<div class=\"elementor-button-wrapper\">\n\t\t\t\t\t<a class=\"elementor-button elementor-button-link elementor-size-sm\" href=\"https:\/\/www.lcingredients.com\/it\/ashwagandha-ksm-66\/\">\n\t\t\t\t\t\t<span class=\"elementor-button-content-wrapper\">\n\t\t\t\t\t\t\t\t\t<span class=\"elementor-button-text\">Vedi altro<\/span>\n\t\t\t\t\t<\/span>\n\t\t\t\t\t<\/a>\n\t\t\t\t<\/div>\n\t\t\t\t\t\t\t\t<\/div>\n\t\t\t\t<\/div>\n\t\t\t\t\t<\/div>\n\t\t<\/div>\n\t\t\t\t\t<\/div>\n\t\t<\/section>\n\t\t\t\t<\/div>","protected":false},"excerpt":{"rendered":"<p>I NOSTRI INGREDIENTI PER L&#039;UMORE E IL SONNO SUPPORTANO L&#039;EQUILIBRIO EMOTIVO E UN SONNO RIPOSANTE Umore e sonno sono pilastri profondamente interconnessi del benessere generale. La nostra gamma di ingredienti \u00e8 progettata per supportare la stabilit\u00e0 emotiva, la resilienza allo stress e cicli di sonno sani attraverso soluzioni nutrizionali mirate. Combinando principi attivi scientificamente studiati con composti naturali, offriamo soluzioni efficaci per aiutare [\u2026]<\/p>","protected":false},"author":2,"featured_media":0,"parent":0,"menu_order":0,"comment_status":"closed","ping_status":"closed","template":"","meta":{"_eb_attr":"","footnotes":""},"class_list":["post-2413","page","type-page","status-publish","hentry"],"yoast_head":"<!-- This site is optimized with the Yoast SEO plugin v26.7 - https:\/\/yoast.com\/wordpress\/plugins\/seo\/ -->\n<title>Mood &amp; Sleep - LC Ingredients<\/title>\n<meta name=\"robots\" content=\"index, follow, max-snippet:-1, max-image-preview:large, max-video-preview:-1\" \/>\n<link rel=\"canonical\" href=\"https:\/\/www.lcingredients.com\/it\/umore-sonno-ingredienti-cibo-dieta\/\" \/>\n<meta property=\"og:locale\" content=\"it_IT\" \/>\n<meta property=\"og:type\" content=\"article\" \/>\n<meta property=\"og:title\" content=\"Mood &amp; Sleep - LC Ingredients\" \/>\n<meta property=\"og:description\" content=\"OUR MOOD &amp; SLEEP INGREDIENTS SUPPORT FOR EMOTIONAL BALANCE AND RESTFUL SLEEP Mood and sleep are deeply interconnected pillars of overall well-being. Our ingredient range is designed to support emotional stability, stress resilience, and healthy sleep cycles through targeted nutritional solutions. By combining scientifically studied actives with natural compounds, we offer effective options to help [&hellip;]\" \/>\n<meta property=\"og:url\" content=\"https:\/\/www.lcingredients.com\/it\/umore-sonno-ingredienti-cibo-dieta\/\" \/>\n<meta property=\"og:site_name\" content=\"LC Ingredients\" \/>\n<meta property=\"article:modified_time\" content=\"2026-02-10T16:57:16+00:00\" \/>\n<meta property=\"og:image\" content=\"https:\/\/www.lcingredients.com\/wp-content\/uploads\/2025\/09\/mood-and-sleep-men-sleeping-night-bedroom.jpg\" \/>\n\t<meta property=\"og:image:width\" content=\"2000\" \/>\n\t<meta property=\"og:image:height\" content=\"1333\" \/>\n\t<meta property=\"og:image:type\" content=\"image\/jpeg\" \/>\n<meta name=\"twitter:card\" content=\"summary_large_image\" \/>\n<meta name=\"twitter:label1\" content=\"Tempo di lettura stimato\" \/>\n\t<meta name=\"twitter:data1\" content=\"2 minuti\" \/>\n<script type=\"application\/ld+json\" class=\"yoast-schema-graph\">{\"@context\":\"https:\/\/schema.org\",\"@graph\":[{\"@type\":\"WebPage\",\"@id\":\"https:\/\/www.lcingredients.com\/mood-sleep-ingredients-food-diatery\/\",\"url\":\"https:\/\/www.lcingredients.com\/mood-sleep-ingredients-food-diatery\/\",\"name\":\"Mood &amp; Sleep - LC Ingredients\",\"isPartOf\":{\"@id\":\"https:\/\/www.lcingredients.com\/#website\"},\"primaryImageOfPage\":{\"@id\":\"https:\/\/www.lcingredients.com\/mood-sleep-ingredients-food-diatery\/#primaryimage\"},\"image\":{\"@id\":\"https:\/\/www.lcingredients.com\/mood-sleep-ingredients-food-diatery\/#primaryimage\"},\"thumbnailUrl\":\"https:\/\/www.lcingredients.com\/wp-content\/uploads\/2025\/09\/mood-and-sleep-men-sleeping-night-bedroom-1024x682.jpg\",\"datePublished\":\"2024-09-26T07:32:16+00:00\",\"dateModified\":\"2026-02-10T16:57:16+00:00\",\"breadcrumb\":{\"@id\":\"https:\/\/www.lcingredients.com\/mood-sleep-ingredients-food-diatery\/#breadcrumb\"},\"inLanguage\":\"it-IT\",\"potentialAction\":[{\"@type\":\"ReadAction\",\"target\":[\"https:\/\/www.lcingredients.com\/mood-sleep-ingredients-food-diatery\/\"]}]},{\"@type\":\"ImageObject\",\"inLanguage\":\"it-IT\",\"@id\":\"https:\/\/www.lcingredients.com\/mood-sleep-ingredients-food-diatery\/#primaryimage\",\"url\":\"https:\/\/www.lcingredients.com\/wp-content\/uploads\/2025\/09\/mood-and-sleep-men-sleeping-night-bedroom-1024x682.jpg\",\"contentUrl\":\"https:\/\/www.lcingredients.com\/wp-content\/uploads\/2025\/09\/mood-and-sleep-men-sleeping-night-bedroom-1024x682.jpg\"},{\"@type\":\"BreadcrumbList\",\"@id\":\"https:\/\/www.lcingredients.com\/mood-sleep-ingredients-food-diatery\/#breadcrumb\",\"itemListElement\":[{\"@type\":\"ListItem\",\"position\":1,\"name\":\"Home\",\"item\":\"https:\/\/www.lcingredients.com\/\"},{\"@type\":\"ListItem\",\"position\":2,\"name\":\"Mood &amp; Sleep\"}]},{\"@type\":\"WebSite\",\"@id\":\"https:\/\/www.lcingredients.com\/#website\",\"url\":\"https:\/\/www.lcingredients.com\/\",\"name\":\"LC Ingredients\",\"description\":\"Discover high-quality ingredients for your food supplements and cosmetics formulations.\",\"publisher\":{\"@id\":\"https:\/\/www.lcingredients.com\/#organization\"},\"potentialAction\":[{\"@type\":\"SearchAction\",\"target\":{\"@type\":\"EntryPoint\",\"urlTemplate\":\"https:\/\/www.lcingredients.com\/?s={search_term_string}\"},\"query-input\":{\"@type\":\"PropertyValueSpecification\",\"valueRequired\":true,\"valueName\":\"search_term_string\"}}],\"inLanguage\":\"it-IT\"},{\"@type\":\"Organization\",\"@id\":\"https:\/\/www.lcingredients.com\/#organization\",\"name\":\"LC Ingredients\",\"url\":\"https:\/\/www.lcingredients.com\/\",\"logo\":{\"@type\":\"ImageObject\",\"inLanguage\":\"it-IT\",\"@id\":\"https:\/\/www.lcingredients.com\/#\/schema\/logo\/image\/\",\"url\":\"https:\/\/www.lcingredients.com\/wp-content\/uploads\/2023\/10\/LOGO-LC-INGREDIENTS.png\",\"contentUrl\":\"https:\/\/www.lcingredients.com\/wp-content\/uploads\/2023\/10\/LOGO-LC-INGREDIENTS.png\",\"width\":1280,\"height\":1060,\"caption\":\"LC Ingredients\"},\"image\":{\"@id\":\"https:\/\/www.lcingredients.com\/#\/schema\/logo\/image\/\"},\"sameAs\":[\"https:\/\/www.linkedin.com\/company\/lcingredients\/\"]}]}<\/script>\n<!-- \/ Yoast SEO plugin. -->","yoast_head_json":{"title":"Umore e sonno - Ingredienti LC","robots":{"index":"index","follow":"follow","max-snippet":"max-snippet:-1","max-image-preview":"max-image-preview:large","max-video-preview":"max-video-preview:-1"},"canonical":"https:\/\/www.lcingredients.com\/it\/umore-sonno-ingredienti-cibo-dieta\/","og_locale":"it_IT","og_type":"article","og_title":"Mood &amp; Sleep - LC Ingredients","og_description":"OUR MOOD &amp; SLEEP INGREDIENTS SUPPORT FOR EMOTIONAL BALANCE AND RESTFUL SLEEP Mood and sleep are deeply interconnected pillars of overall well-being. Our ingredient range is designed to support emotional stability, stress resilience, and healthy sleep cycles through targeted nutritional solutions. By combining scientifically studied actives with natural compounds, we offer effective options to help [&hellip;]","og_url":"https:\/\/www.lcingredients.com\/it\/umore-sonno-ingredienti-cibo-dieta\/","og_site_name":"LC Ingredients","article_modified_time":"2026-02-10T16:57:16+00:00","og_image":[{"width":2000,"height":1333,"url":"https:\/\/www.lcingredients.com\/wp-content\/uploads\/2025\/09\/mood-and-sleep-men-sleeping-night-bedroom.jpg","type":"image\/jpeg"}],"twitter_card":"summary_large_image","twitter_misc":{"Tempo di lettura stimato":"2 minuti"},"schema":{"@context":"https:\/\/schema.org","@graph":[{"@type":"WebPage","@id":"https:\/\/www.lcingredients.com\/mood-sleep-ingredients-food-diatery\/","url":"https:\/\/www.lcingredients.com\/mood-sleep-ingredients-food-diatery\/","name":"Umore e sonno - Ingredienti LC","isPartOf":{"@id":"https:\/\/www.lcingredients.com\/#website"},"primaryImageOfPage":{"@id":"https:\/\/www.lcingredients.com\/mood-sleep-ingredients-food-diatery\/#primaryimage"},"image":{"@id":"https:\/\/www.lcingredients.com\/mood-sleep-ingredients-food-diatery\/#primaryimage"},"thumbnailUrl":"https:\/\/www.lcingredients.com\/wp-content\/uploads\/2025\/09\/mood-and-sleep-men-sleeping-night-bedroom-1024x682.jpg","datePublished":"2024-09-26T07:32:16+00:00","dateModified":"2026-02-10T16:57:16+00:00","breadcrumb":{"@id":"https:\/\/www.lcingredients.com\/mood-sleep-ingredients-food-diatery\/#breadcrumb"},"inLanguage":"it-IT","potentialAction":[{"@type":"ReadAction","target":["https:\/\/www.lcingredients.com\/mood-sleep-ingredients-food-diatery\/"]}]},{"@type":"ImageObject","inLanguage":"it-IT","@id":"https:\/\/www.lcingredients.com\/mood-sleep-ingredients-food-diatery\/#primaryimage","url":"https:\/\/www.lcingredients.com\/wp-content\/uploads\/2025\/09\/mood-and-sleep-men-sleeping-night-bedroom-1024x682.jpg","contentUrl":"https:\/\/www.lcingredients.com\/wp-content\/uploads\/2025\/09\/mood-and-sleep-men-sleeping-night-bedroom-1024x682.jpg"},{"@type":"BreadcrumbList","@id":"https:\/\/www.lcingredients.com\/mood-sleep-ingredients-food-diatery\/#breadcrumb","itemListElement":[{"@type":"ListItem","position":1,"name":"Home","item":"https:\/\/www.lcingredients.com\/"},{"@type":"ListItem","position":2,"name":"Mood &amp; Sleep"}]},{"@type":"WebSite","@id":"https:\/\/www.lcingredients.com\/#website","url":"https:\/\/www.lcingredients.com\/","name":"Ingredienti LC","description":"Scopri ingredienti di alta qualit\u00e0 per le tue formulazioni di integratori alimentari e cosmetici.","publisher":{"@id":"https:\/\/www.lcingredients.com\/#organization"},"potentialAction":[{"@type":"SearchAction","target":{"@type":"EntryPoint","urlTemplate":"https:\/\/www.lcingredients.com\/?s={search_term_string}"},"query-input":{"@type":"PropertyValueSpecification","valueRequired":true,"valueName":"search_term_string"}}],"inLanguage":"it-IT"},{"@type":"Organization","@id":"https:\/\/www.lcingredients.com\/#organization","name":"Ingredienti LC","url":"https:\/\/www.lcingredients.com\/","logo":{"@type":"ImageObject","inLanguage":"it-IT","@id":"https:\/\/www.lcingredients.com\/#\/schema\/logo\/image\/","url":"https:\/\/www.lcingredients.com\/wp-content\/uploads\/2023\/10\/LOGO-LC-INGREDIENTS.png","contentUrl":"https:\/\/www.lcingredients.com\/wp-content\/uploads\/2023\/10\/LOGO-LC-INGREDIENTS.png","width":1280,"height":1060,"caption":"LC Ingredients"},"image":{"@id":"https:\/\/www.lcingredients.com\/#\/schema\/logo\/image\/"},"sameAs":["https:\/\/www.linkedin.com\/company\/lcingredients\/"]}]}},"_links":{"self":[{"href":"https:\/\/www.lcingredients.com\/it\/wp-json\/wp\/v2\/pages\/2413","targetHints":{"allow":["GET"]}}],"collection":[{"href":"https:\/\/www.lcingredients.com\/it\/wp-json\/wp\/v2\/pages"}],"about":[{"href":"https:\/\/www.lcingredients.com\/it\/wp-json\/wp\/v2\/types\/page"}],"author":[{"embeddable":true,"href":"https:\/\/www.lcingredients.com\/it\/wp-json\/wp\/v2\/users\/2"}],"replies":[{"embeddable":true,"href":"https:\/\/www.lcingredients.com\/it\/wp-json\/wp\/v2\/comments?post=2413"}],"version-history":[{"count":34,"href":"https:\/\/www.lcingredients.com\/it\/wp-json\/wp\/v2\/pages\/2413\/revisions"}],"predecessor-version":[{"id":6060,"href":"https:\/\/www.lcingredients.com\/it\/wp-json\/wp\/v2\/pages\/2413\/revisions\/6060"}],"wp:attachment":[{"href":"https:\/\/www.lcingredients.com\/it\/wp-json\/wp\/v2\/media?parent=2413"}],"curies":[{"name":"parola chiave","href":"https:\/\/api.w.org\/{rel}","templated":true}]}}