{"id":773,"date":"2023-10-02T14:30:08","date_gmt":"2023-10-02T14:30:08","guid":{"rendered":"https:\/\/www.lcingredients.com\/?page_id=773"},"modified":"2025-10-16T10:04:49","modified_gmt":"2025-10-16T10:04:49","slug":"produits-finis-complements-alimentaires","status":"publish","type":"page","link":"https:\/\/www.lcingredients.com\/fr\/produits-finis-complements-alimentaires\/","title":{"rendered":"PRODUITS FINIS"},"content":{"rendered":"<div data-elementor-type=\"wp-page\" data-elementor-id=\"773\" class=\"elementor elementor-773\" data-elementor-post-type=\"page\">\n\t\t\t\t\t\t<section class=\"elementor-section elementor-top-section elementor-element elementor-element-b3fd277 elementor-section-full_width elementor-section-height-default elementor-section-height-default\" data-id=\"b3fd277\" data-element_type=\"section\" data-e-type=\"section\">\n\t\t\t\t\t\t<div class=\"elementor-container elementor-column-gap-default\">\n\t\t\t\t\t<div class=\"elementor-column elementor-col-100 elementor-top-column elementor-element elementor-element-4739b3d\" data-id=\"4739b3d\" data-element_type=\"column\" data-e-type=\"column\">\n\t\t\t<div class=\"elementor-widget-wrap elementor-element-populated\">\n\t\t\t\t\t\t<div class=\"elementor-element elementor-element-446edb6 elementor-widget elementor-widget-image\" data-id=\"446edb6\" data-element_type=\"widget\" data-e-type=\"widget\" data-widget_type=\"image.default\">\n\t\t\t\t<div class=\"elementor-widget-container\">\n\t\t\t\t\t\t\t\t\t\t\t\t\t\t\t<img fetchpriority=\"high\" decoding=\"async\" width=\"800\" height=\"534\" src=\"https:\/\/www.lcingredients.com\/wp-content\/uploads\/2023\/10\/Depositphotos_273435452_DS-1024x683.jpg\" class=\"attachment-large size-large wp-image-1120\" alt=\"\" srcset=\"https:\/\/www.lcingredients.com\/wp-content\/uploads\/2023\/10\/Depositphotos_273435452_DS-1024x683.jpg 1024w, https:\/\/www.lcingredients.com\/wp-content\/uploads\/2023\/10\/Depositphotos_273435452_DS-300x200.jpg 300w, https:\/\/www.lcingredients.com\/wp-content\/uploads\/2023\/10\/Depositphotos_273435452_DS-768x512.jpg 768w, https:\/\/www.lcingredients.com\/wp-content\/uploads\/2023\/10\/Depositphotos_273435452_DS-1536x1024.jpg 1536w, https:\/\/www.lcingredients.com\/wp-content\/uploads\/2023\/10\/Depositphotos_273435452_DS-2048x1365.jpg 2048w\" sizes=\"(max-width: 800px) 100vw, 800px\" \/>\t\t\t\t\t\t\t\t\t\t\t\t\t\t\t<\/div>\n\t\t\t\t<\/div>\n\t\t\t\t<div class=\"elementor-element elementor-element-347b886 elementor-widget elementor-widget-heading\" data-id=\"347b886\" data-element_type=\"widget\" data-e-type=\"widget\" data-widget_type=\"heading.default\">\n\t\t\t\t<div class=\"elementor-widget-container\">\n\t\t\t\t\t<h1 class=\"elementor-heading-title elementor-size-default\">PRODUITS FINIS<\/h1>\t\t\t\t<\/div>\n\t\t\t\t<\/div>\n\t\t\t\t\t<\/div>\n\t\t<\/div>\n\t\t\t\t\t<\/div>\n\t\t<\/section>\n\t\t\t\t<section class=\"elementor-section elementor-top-section elementor-element elementor-element-769bb80 elementor-section-boxed elementor-section-height-default elementor-section-height-default\" data-id=\"769bb80\" data-element_type=\"section\" data-e-type=\"section\">\n\t\t\t\t\t\t<div class=\"elementor-container elementor-column-gap-default\">\n\t\t\t\t\t<div class=\"elementor-column elementor-col-100 elementor-top-column elementor-element elementor-element-867ecf7\" data-id=\"867ecf7\" data-element_type=\"column\" data-e-type=\"column\">\n\t\t\t<div class=\"elementor-widget-wrap elementor-element-populated\">\n\t\t\t\t\t\t<div class=\"elementor-element elementor-element-42aad96 elementor-widget elementor-widget-heading\" data-id=\"42aad96\" data-element_type=\"widget\" data-e-type=\"widget\" data-widget_type=\"heading.default\">\n\t\t\t\t<div class=\"elementor-widget-container\">\n\t\t\t\t\t<h1 class=\"elementor-heading-title elementor-size-default\">VOUS CHERCHEZ \u00c0 LANCER UN NOUVEAU PRODUIT ?<\/h1>\t\t\t\t<\/div>\n\t\t\t\t<\/div>\n\t\t\t\t<section class=\"elementor-section elementor-inner-section elementor-element elementor-element-eba97a5 elementor-section-boxed elementor-section-height-default elementor-section-height-default\" data-id=\"eba97a5\" data-element_type=\"section\" data-e-type=\"section\">\n\t\t\t\t\t\t<div class=\"elementor-container elementor-column-gap-default\">\n\t\t\t\t\t<div class=\"elementor-column elementor-col-50 elementor-inner-column elementor-element elementor-element-dfb760e\" data-id=\"dfb760e\" data-element_type=\"column\" data-e-type=\"column\">\n\t\t\t<div class=\"elementor-widget-wrap elementor-element-populated\">\n\t\t\t\t\t\t<div class=\"elementor-element elementor-element-bc8f171 elementor-widget elementor-widget-text-editor\" data-id=\"bc8f171\" data-element_type=\"widget\" data-e-type=\"widget\" data-widget_type=\"text-editor.default\">\n\t\t\t\t<div class=\"elementor-widget-container\">\n\t\t\t\t\t\t\t\t\t<p>Nous sommes plus qu\u2019un simple distributeur d\u2019ingr\u00e9dients, <b>nous sommes votre partenaire d&#039;innovation.<\/b> Sp\u00e9cialis\u00e9 dans les ingr\u00e9dients haute performance pour compl\u00e9ments alimentaires et cosm\u00e9tiques, <b>nous combinons l\u2019excellence de l\u2019approvisionnement avec l\u2019expertise scientifique pour accompagner le d\u00e9veloppement de vos produits du d\u00e9but \u00e0 la fin.<\/b> Notre d\u00e9di\u00e9 <b>Le d\u00e9partement R&amp;D travaille en \u00e9troite collaboration avec les marques, les formulateurs et les \u00e9quipes marketing<\/b> pour transformer les id\u00e9es en solutions pr\u00eates \u00e0 \u00eatre commercialis\u00e9es.\u00a0<br \/><!--EndFragment --><\/p>\t\t\t\t\t\t\t\t<\/div>\n\t\t\t\t<\/div>\n\t\t\t\t\t<\/div>\n\t\t<\/div>\n\t\t\t\t<div class=\"elementor-column elementor-col-50 elementor-inner-column elementor-element elementor-element-a7d3378\" data-id=\"a7d3378\" data-element_type=\"column\" data-e-type=\"column\">\n\t\t\t<div class=\"elementor-widget-wrap elementor-element-populated\">\n\t\t\t\t\t\t<div class=\"elementor-element elementor-element-20fb2a7 elementor-widget elementor-widget-text-editor\" data-id=\"20fb2a7\" data-element_type=\"widget\" data-e-type=\"widget\" data-widget_type=\"text-editor.default\">\n\t\t\t\t<div class=\"elementor-widget-container\">\n\t\t\t\t\t\t\t\t\t<p>Que vous lanciez un nouveau suppl\u00e9ment, conceviez une formule cosm\u00e9tique ou exploriez de nouvelles synergies d&#039;ingr\u00e9dients, <b>nous offrons un accompagnement sur mesure en mati\u00e8re de formulation, d\u2019orientation r\u00e9glementaire et de positionnement strat\u00e9gique.<\/b> Avec <b>connaissance approfondie des compos\u00e9s actifs, validation clinique et tendances de consommation, nous vous aidons \u00e0 cr\u00e9er des produits qui se d\u00e9marquent<\/b>, scientifiquement et commercialement.\u00a0<\/p>\t\t\t\t\t\t\t\t<\/div>\n\t\t\t\t<\/div>\n\t\t\t\t\t<\/div>\n\t\t<\/div>\n\t\t\t\t\t<\/div>\n\t\t<\/section>\n\t\t\t\t\t<\/div>\n\t\t<\/div>\n\t\t\t\t\t<\/div>\n\t\t<\/section>\n\t\t\t\t<section class=\"elementor-section elementor-top-section elementor-element elementor-element-7c063fc elementor-section-boxed elementor-section-height-default elementor-section-height-default\" data-id=\"7c063fc\" data-element_type=\"section\" data-e-type=\"section\">\n\t\t\t\t\t\t<div class=\"elementor-container elementor-column-gap-default\">\n\t\t\t\t\t<div class=\"elementor-column elementor-col-100 elementor-top-column elementor-element elementor-element-90fda5d\" data-id=\"90fda5d\" data-element_type=\"column\" data-e-type=\"column\">\n\t\t\t<div class=\"elementor-widget-wrap elementor-element-populated\">\n\t\t\t\t\t\t<div class=\"elementor-element elementor-element-17fd19f elementor-widget elementor-widget-text-editor\" data-id=\"17fd19f\" data-element_type=\"widget\" data-e-type=\"widget\" data-widget_type=\"text-editor.default\">\n\t\t\t\t<div class=\"elementor-widget-container\">\n\t\t\t\t\t\t\t\t\t<p>Collaborez avec nous pour lib\u00e9rer tout le potentiel de votre concept\u00a0<\/p><p>et acc\u00e9l\u00e9rez votre chemin vers le succ\u00e8s.<\/p>\t\t\t\t\t\t\t\t<\/div>\n\t\t\t\t<\/div>\n\t\t\t\t<div class=\"elementor-element elementor-element-93c0597 elementor-align-center elementor-widget elementor-widget-button\" data-id=\"93c0597\" data-element_type=\"widget\" data-e-type=\"widget\" data-widget_type=\"button.default\">\n\t\t\t\t<div class=\"elementor-widget-container\">\n\t\t\t\t\t\t\t\t\t<div class=\"elementor-button-wrapper\">\n\t\t\t\t\t<a class=\"elementor-button elementor-button-link elementor-size-sm\" href=\"https:\/\/www.lcingredients.com\/fr\/contactez-nous\/\">\n\t\t\t\t\t\t<span class=\"elementor-button-content-wrapper\">\n\t\t\t\t\t\t<span class=\"elementor-button-icon\">\n\t\t\t\t<i aria-hidden=\"true\" class=\"far fa-paper-plane\"><\/i>\t\t\t<\/span>\n\t\t\t\t\t\t\t\t\t<span class=\"elementor-button-text\">Contactez-nous<\/span>\n\t\t\t\t\t<\/span>\n\t\t\t\t\t<\/a>\n\t\t\t\t<\/div>\n\t\t\t\t\t\t\t\t<\/div>\n\t\t\t\t<\/div>\n\t\t\t\t\t<\/div>\n\t\t<\/div>\n\t\t\t\t\t<\/div>\n\t\t<\/section>\n\t\t\t\t<section class=\"elementor-section elementor-top-section elementor-element elementor-element-2d5f93b elementor-section-boxed elementor-section-height-default elementor-section-height-default\" data-id=\"2d5f93b\" data-element_type=\"section\" data-e-type=\"section\">\n\t\t\t\t\t\t<div class=\"elementor-container elementor-column-gap-default\">\n\t\t\t\t\t<div class=\"elementor-column elementor-col-100 elementor-top-column elementor-element elementor-element-7c7baa2\" data-id=\"7c7baa2\" data-element_type=\"column\" data-e-type=\"column\">\n\t\t\t<div class=\"elementor-widget-wrap elementor-element-populated\">\n\t\t\t\t\t\t<div class=\"elementor-element elementor-element-0920a27 elementor-widget elementor-widget-spacer\" data-id=\"0920a27\" data-element_type=\"widget\" data-e-type=\"widget\" data-widget_type=\"spacer.default\">\n\t\t\t\t<div class=\"elementor-widget-container\">\n\t\t\t\t\t\t\t<div class=\"elementor-spacer\">\n\t\t\t<div class=\"elementor-spacer-inner\"><\/div>\n\t\t<\/div>\n\t\t\t\t\t\t<\/div>\n\t\t\t\t<\/div>\n\t\t\t\t<div class=\"elementor-element elementor-element-328cd1a elementor-widget elementor-widget-heading\" data-id=\"328cd1a\" data-element_type=\"widget\" data-e-type=\"widget\" data-widget_type=\"heading.default\">\n\t\t\t\t<div class=\"elementor-widget-container\">\n\t\t\t\t\t<h2 class=\"elementor-heading-title elementor-size-default\">D\u00e9couvrez-en plus sur nos domaines d&#039;expertise<\/h2>\t\t\t\t<\/div>\n\t\t\t\t<\/div>\n\t\t\t\t\t<\/div>\n\t\t<\/div>\n\t\t\t\t\t<\/div>\n\t\t<\/section>\n\t\t\t\t<section class=\"elementor-section elementor-top-section elementor-element elementor-element-4c1b4af elementor-section-full_width elementor-section-height-default elementor-section-height-default\" data-id=\"4c1b4af\" data-element_type=\"section\" data-e-type=\"section\">\n\t\t\t\t\t\t<div class=\"elementor-container elementor-column-gap-default\">\n\t\t\t\t\t<div class=\"elementor-column elementor-col-50 elementor-top-column elementor-element elementor-element-f82f274\" data-id=\"f82f274\" data-element_type=\"column\" data-e-type=\"column\">\n\t\t\t<div class=\"elementor-widget-wrap elementor-element-populated\">\n\t\t\t\t\t\t<div class=\"elementor-element elementor-element-163d8d4 elementor-cta--skin-cover elementor-animated-content elementor-bg-transform elementor-bg-transform-zoom-in elementor-widget elementor-widget-call-to-action\" data-id=\"163d8d4\" data-element_type=\"widget\" data-e-type=\"widget\" data-widget_type=\"call-to-action.default\">\n\t\t\t\t<div class=\"elementor-widget-container\">\n\t\t\t\t\t\t\t<a class=\"elementor-cta\" href=\"https:\/\/www.lcingredients.com\/fr\/produits-finis\/\">\n\t\t\t\t\t<div class=\"elementor-cta__bg-wrapper\">\n\t\t\t\t<div class=\"elementor-cta__bg elementor-bg\" style=\"background-image: url(https:\/\/www.lcingredients.com\/wp-content\/uploads\/2023\/10\/cover-r4x3w1200-64a5244f2e8c1-visuel-complement-alimentaire-article-10-mass-1024x767.jpg);\" role=\"img\" aria-label=\"compl\u00e9ments alimentaires sur une table\"><\/div>\n\t\t\t\t<div class=\"elementor-cta__bg-overlay\"><\/div>\n\t\t\t<\/div>\n\t\t\t\t\t\t\t<div class=\"elementor-cta__content\">\n\t\t\t\t\n\t\t\t\t\t\t\t\t\t<h2 class=\"elementor-cta__title elementor-cta__content-item elementor-content-item elementor-animated-item--grow\">\n\t\t\t\t\t\tCompl\u00e9ments alimentaires\t\t\t\t\t<\/h2>\n\t\t\t\t\n\t\t\t\t\n\t\t\t\t\t\t\t<\/div>\n\t\t\t\t\t\t<\/a>\n\t\t\t\t\t\t<\/div>\n\t\t\t\t<\/div>\n\t\t\t\t\t<\/div>\n\t\t<\/div>\n\t\t\t\t<div class=\"elementor-column elementor-col-50 elementor-top-column elementor-element elementor-element-52c8939\" data-id=\"52c8939\" data-element_type=\"column\" data-e-type=\"column\">\n\t\t\t<div class=\"elementor-widget-wrap elementor-element-populated\">\n\t\t\t\t\t\t<div class=\"elementor-element elementor-element-d23a5e8 elementor-cta--skin-cover elementor-animated-content elementor-bg-transform elementor-bg-transform-zoom-in elementor-widget elementor-widget-call-to-action\" data-id=\"d23a5e8\" data-element_type=\"widget\" data-e-type=\"widget\" data-widget_type=\"call-to-action.default\">\n\t\t\t\t<div class=\"elementor-widget-container\">\n\t\t\t\t\t\t\t<a class=\"elementor-cta\" href=\"https:\/\/www.lcingredients.com\/fr\/produits-cosmetiques-finis\/\">\n\t\t\t\t\t<div class=\"elementor-cta__bg-wrapper\">\n\t\t\t\t<div class=\"elementor-cta__bg elementor-bg\" style=\"background-image: url(https:\/\/www.lcingredients.com\/wp-content\/uploads\/2025\/10\/Firefly_traces-creme-cosmetique-en-zoom-macro-beige-blanc-rose-pale-365940-1024x796.jpg);\" role=\"img\" aria-label=\"produits cosm\u00e9tiques finis_traces cr\u00e8me cosm\u00e9tique en macro zoom beige, blanc, rose p\u00e2le\"><\/div>\n\t\t\t\t<div class=\"elementor-cta__bg-overlay\"><\/div>\n\t\t\t<\/div>\n\t\t\t\t\t\t\t<div class=\"elementor-cta__content\">\n\t\t\t\t\n\t\t\t\t\t\t\t\t\t<h2 class=\"elementor-cta__title elementor-cta__content-item elementor-content-item elementor-animated-item--grow\">\n\t\t\t\t\t\tProduits de beaut\u00e9\t\t\t\t\t<\/h2>\n\t\t\t\t\n\t\t\t\t\n\t\t\t\t\t\t\t<\/div>\n\t\t\t\t\t\t<\/a>\n\t\t\t\t\t\t<\/div>\n\t\t\t\t<\/div>\n\t\t\t\t\t<\/div>\n\t\t<\/div>\n\t\t\t\t\t<\/div>\n\t\t<\/section>\n\t\t\t\t<\/div>","protected":false},"excerpt":{"rendered":"<p>VOUS SOUHAITEZ LANCER UN NOUVEAU PRODUIT FINI\u00a0? Nous sommes bien plus qu\u2019un simple distributeur d\u2019ingr\u00e9dients\u00a0: nous sommes votre partenaire en mati\u00e8re d\u2019innovation. Sp\u00e9cialis\u00e9s dans les ingr\u00e9dients haute performance pour les compl\u00e9ments alimentaires et les cosm\u00e9tiques, nous associons l\u2019excellence de notre approvisionnement \u00e0 une expertise scientifique pointue pour accompagner le d\u00e9veloppement de votre produit de A \u00e0 Z. Notre d\u00e9partement R&amp;D d\u00e9di\u00e9 travaille en \u00e9troite collaboration avec les marques, les formulateurs et les \u00e9quipes marketing [\u2026]<\/p>","protected":false},"author":3,"featured_media":0,"parent":0,"menu_order":0,"comment_status":"closed","ping_status":"closed","template":"","meta":{"_eb_attr":"","footnotes":""},"class_list":["post-773","page","type-page","status-publish","hentry"],"yoast_head":"<!-- This site is optimized with the Yoast SEO plugin v26.7 - https:\/\/yoast.com\/wordpress\/plugins\/seo\/ -->\n<title>FINISHED PRODUCTS - LC Ingredients<\/title>\n<meta name=\"description\" content=\"Discover our Food supplements formulation. We create your finished products. Vegan, Organic, in capsules or tablets : contact us\" \/>\n<meta name=\"robots\" content=\"index, follow, max-snippet:-1, max-image-preview:large, max-video-preview:-1\" \/>\n<link rel=\"canonical\" href=\"https:\/\/www.lcingredients.com\/fr\/produits-finis-complements-alimentaires\/\" \/>\n<meta property=\"og:locale\" content=\"fr_FR\" \/>\n<meta property=\"og:type\" content=\"article\" \/>\n<meta property=\"og:title\" content=\"FINISHED PRODUCTS - LC Ingredients\" \/>\n<meta property=\"og:description\" content=\"Discover our Food supplements formulation. We create your finished products. Vegan, Organic, in capsules or tablets : contact us\" \/>\n<meta property=\"og:url\" content=\"https:\/\/www.lcingredients.com\/fr\/produits-finis-complements-alimentaires\/\" \/>\n<meta property=\"og:site_name\" content=\"LC Ingredients\" \/>\n<meta property=\"article:modified_time\" content=\"2025-10-16T10:04:49+00:00\" \/>\n<meta property=\"og:image\" content=\"https:\/\/www.lcingredients.com\/wp-content\/uploads\/2023\/10\/Depositphotos_273435452_DS-scaled.jpg\" \/>\n\t<meta property=\"og:image:width\" content=\"2560\" \/>\n\t<meta property=\"og:image:height\" content=\"1707\" \/>\n\t<meta property=\"og:image:type\" content=\"image\/jpeg\" \/>\n<meta name=\"twitter:card\" content=\"summary_large_image\" \/>\n<meta name=\"twitter:label1\" content=\"Dur\u00e9e de lecture estim\u00e9e\" \/>\n\t<meta name=\"twitter:data1\" content=\"1 minute\" \/>\n<script type=\"application\/ld+json\" class=\"yoast-schema-graph\">{\"@context\":\"https:\/\/schema.org\",\"@graph\":[{\"@type\":\"WebPage\",\"@id\":\"https:\/\/www.lcingredients.com\/finished-products-food-supplements\/\",\"url\":\"https:\/\/www.lcingredients.com\/finished-products-food-supplements\/\",\"name\":\"FINISHED PRODUCTS - LC Ingredients\",\"isPartOf\":{\"@id\":\"https:\/\/www.lcingredients.com\/#website\"},\"primaryImageOfPage\":{\"@id\":\"https:\/\/www.lcingredients.com\/finished-products-food-supplements\/#primaryimage\"},\"image\":{\"@id\":\"https:\/\/www.lcingredients.com\/finished-products-food-supplements\/#primaryimage\"},\"thumbnailUrl\":\"https:\/\/www.lcingredients.com\/wp-content\/uploads\/2023\/10\/Depositphotos_273435452_DS-1024x683.jpg\",\"datePublished\":\"2023-10-02T14:30:08+00:00\",\"dateModified\":\"2025-10-16T10:04:49+00:00\",\"description\":\"Discover our Food supplements formulation. We create your finished products. Vegan, Organic, in capsules or tablets : contact us\",\"breadcrumb\":{\"@id\":\"https:\/\/www.lcingredients.com\/finished-products-food-supplements\/#breadcrumb\"},\"inLanguage\":\"fr-FR\",\"potentialAction\":[{\"@type\":\"ReadAction\",\"target\":[\"https:\/\/www.lcingredients.com\/finished-products-food-supplements\/\"]}]},{\"@type\":\"ImageObject\",\"inLanguage\":\"fr-FR\",\"@id\":\"https:\/\/www.lcingredients.com\/finished-products-food-supplements\/#primaryimage\",\"url\":\"https:\/\/www.lcingredients.com\/wp-content\/uploads\/2023\/10\/Depositphotos_273435452_DS-1024x683.jpg\",\"contentUrl\":\"https:\/\/www.lcingredients.com\/wp-content\/uploads\/2023\/10\/Depositphotos_273435452_DS-1024x683.jpg\"},{\"@type\":\"BreadcrumbList\",\"@id\":\"https:\/\/www.lcingredients.com\/finished-products-food-supplements\/#breadcrumb\",\"itemListElement\":[{\"@type\":\"ListItem\",\"position\":1,\"name\":\"Home\",\"item\":\"https:\/\/www.lcingredients.com\/\"},{\"@type\":\"ListItem\",\"position\":2,\"name\":\"FINISHED PRODUCTS\"}]},{\"@type\":\"WebSite\",\"@id\":\"https:\/\/www.lcingredients.com\/#website\",\"url\":\"https:\/\/www.lcingredients.com\/\",\"name\":\"LC Ingredients\",\"description\":\"Discover high-quality ingredients for your food supplements and cosmetics formulations.\",\"publisher\":{\"@id\":\"https:\/\/www.lcingredients.com\/#organization\"},\"potentialAction\":[{\"@type\":\"SearchAction\",\"target\":{\"@type\":\"EntryPoint\",\"urlTemplate\":\"https:\/\/www.lcingredients.com\/?s={search_term_string}\"},\"query-input\":{\"@type\":\"PropertyValueSpecification\",\"valueRequired\":true,\"valueName\":\"search_term_string\"}}],\"inLanguage\":\"fr-FR\"},{\"@type\":\"Organization\",\"@id\":\"https:\/\/www.lcingredients.com\/#organization\",\"name\":\"LC Ingredients\",\"url\":\"https:\/\/www.lcingredients.com\/\",\"logo\":{\"@type\":\"ImageObject\",\"inLanguage\":\"fr-FR\",\"@id\":\"https:\/\/www.lcingredients.com\/#\/schema\/logo\/image\/\",\"url\":\"https:\/\/www.lcingredients.com\/wp-content\/uploads\/2023\/10\/LOGO-LC-INGREDIENTS.png\",\"contentUrl\":\"https:\/\/www.lcingredients.com\/wp-content\/uploads\/2023\/10\/LOGO-LC-INGREDIENTS.png\",\"width\":1280,\"height\":1060,\"caption\":\"LC Ingredients\"},\"image\":{\"@id\":\"https:\/\/www.lcingredients.com\/#\/schema\/logo\/image\/\"},\"sameAs\":[\"https:\/\/www.linkedin.com\/company\/lcingredients\/\"]}]}<\/script>\n<!-- \/ Yoast SEO plugin. -->","yoast_head_json":{"title":"PRODUITS FINIS - LC Ingr\u00e9dients","description":"D\u00e9couvrez notre formulation de Compl\u00e9ments alimentaires. Nous cr\u00e9ons vos produits finis. Vegan, Bio, en g\u00e9lules ou comprim\u00e9s : contactez-nous","robots":{"index":"index","follow":"follow","max-snippet":"max-snippet:-1","max-image-preview":"max-image-preview:large","max-video-preview":"max-video-preview:-1"},"canonical":"https:\/\/www.lcingredients.com\/fr\/produits-finis-complements-alimentaires\/","og_locale":"fr_FR","og_type":"article","og_title":"FINISHED PRODUCTS - LC Ingredients","og_description":"Discover our Food supplements formulation. We create your finished products. Vegan, Organic, in capsules or tablets : contact us","og_url":"https:\/\/www.lcingredients.com\/fr\/produits-finis-complements-alimentaires\/","og_site_name":"LC Ingredients","article_modified_time":"2025-10-16T10:04:49+00:00","og_image":[{"width":2560,"height":1707,"url":"https:\/\/www.lcingredients.com\/wp-content\/uploads\/2023\/10\/Depositphotos_273435452_DS-scaled.jpg","type":"image\/jpeg"}],"twitter_card":"summary_large_image","twitter_misc":{"Dur\u00e9e de lecture estim\u00e9e":"1 minute"},"schema":{"@context":"https:\/\/schema.org","@graph":[{"@type":"WebPage","@id":"https:\/\/www.lcingredients.com\/finished-products-food-supplements\/","url":"https:\/\/www.lcingredients.com\/finished-products-food-supplements\/","name":"PRODUITS FINIS - LC Ingr\u00e9dients","isPartOf":{"@id":"https:\/\/www.lcingredients.com\/#website"},"primaryImageOfPage":{"@id":"https:\/\/www.lcingredients.com\/finished-products-food-supplements\/#primaryimage"},"image":{"@id":"https:\/\/www.lcingredients.com\/finished-products-food-supplements\/#primaryimage"},"thumbnailUrl":"https:\/\/www.lcingredients.com\/wp-content\/uploads\/2023\/10\/Depositphotos_273435452_DS-1024x683.jpg","datePublished":"2023-10-02T14:30:08+00:00","dateModified":"2025-10-16T10:04:49+00:00","description":"D\u00e9couvrez notre formulation de Compl\u00e9ments alimentaires. Nous cr\u00e9ons vos produits finis. Vegan, Bio, en g\u00e9lules ou comprim\u00e9s : contactez-nous","breadcrumb":{"@id":"https:\/\/www.lcingredients.com\/finished-products-food-supplements\/#breadcrumb"},"inLanguage":"fr-FR","potentialAction":[{"@type":"ReadAction","target":["https:\/\/www.lcingredients.com\/finished-products-food-supplements\/"]}]},{"@type":"ImageObject","inLanguage":"fr-FR","@id":"https:\/\/www.lcingredients.com\/finished-products-food-supplements\/#primaryimage","url":"https:\/\/www.lcingredients.com\/wp-content\/uploads\/2023\/10\/Depositphotos_273435452_DS-1024x683.jpg","contentUrl":"https:\/\/www.lcingredients.com\/wp-content\/uploads\/2023\/10\/Depositphotos_273435452_DS-1024x683.jpg"},{"@type":"BreadcrumbList","@id":"https:\/\/www.lcingredients.com\/finished-products-food-supplements\/#breadcrumb","itemListElement":[{"@type":"ListItem","position":1,"name":"Home","item":"https:\/\/www.lcingredients.com\/"},{"@type":"ListItem","position":2,"name":"FINISHED PRODUCTS"}]},{"@type":"WebSite","@id":"https:\/\/www.lcingredients.com\/#website","url":"https:\/\/www.lcingredients.com\/","name":"Ingr\u00e9dients LC","description":"D\u00e9couvrez des ingr\u00e9dients de haute qualit\u00e9 pour vos formulations de compl\u00e9ments alimentaires et cosm\u00e9tiques.","publisher":{"@id":"https:\/\/www.lcingredients.com\/#organization"},"potentialAction":[{"@type":"SearchAction","target":{"@type":"EntryPoint","urlTemplate":"https:\/\/www.lcingredients.com\/?s={search_term_string}"},"query-input":{"@type":"PropertyValueSpecification","valueRequired":true,"valueName":"search_term_string"}}],"inLanguage":"fr-FR"},{"@type":"Organization","@id":"https:\/\/www.lcingredients.com\/#organization","name":"Ingr\u00e9dients LC","url":"https:\/\/www.lcingredients.com\/","logo":{"@type":"ImageObject","inLanguage":"fr-FR","@id":"https:\/\/www.lcingredients.com\/#\/schema\/logo\/image\/","url":"https:\/\/www.lcingredients.com\/wp-content\/uploads\/2023\/10\/LOGO-LC-INGREDIENTS.png","contentUrl":"https:\/\/www.lcingredients.com\/wp-content\/uploads\/2023\/10\/LOGO-LC-INGREDIENTS.png","width":1280,"height":1060,"caption":"LC Ingredients"},"image":{"@id":"https:\/\/www.lcingredients.com\/#\/schema\/logo\/image\/"},"sameAs":["https:\/\/www.linkedin.com\/company\/lcingredients\/"]}]}},"_links":{"self":[{"href":"https:\/\/www.lcingredients.com\/fr\/wp-json\/wp\/v2\/pages\/773","targetHints":{"allow":["GET"]}}],"collection":[{"href":"https:\/\/www.lcingredients.com\/fr\/wp-json\/wp\/v2\/pages"}],"about":[{"href":"https:\/\/www.lcingredients.com\/fr\/wp-json\/wp\/v2\/types\/page"}],"author":[{"embeddable":true,"href":"https:\/\/www.lcingredients.com\/fr\/wp-json\/wp\/v2\/users\/3"}],"replies":[{"embeddable":true,"href":"https:\/\/www.lcingredients.com\/fr\/wp-json\/wp\/v2\/comments?post=773"}],"version-history":[{"count":23,"href":"https:\/\/www.lcingredients.com\/fr\/wp-json\/wp\/v2\/pages\/773\/revisions"}],"predecessor-version":[{"id":5322,"href":"https:\/\/www.lcingredients.com\/fr\/wp-json\/wp\/v2\/pages\/773\/revisions\/5322"}],"wp:attachment":[{"href":"https:\/\/www.lcingredients.com\/fr\/wp-json\/wp\/v2\/media?parent=773"}],"curies":[{"name":"wp","href":"https:\/\/api.w.org\/{rel}","templated":true}]}}