{"id":608,"date":"2023-09-25T14:28:33","date_gmt":"2023-09-25T14:28:33","guid":{"rendered":"https:\/\/www.lcingredients.com\/?page_id=608"},"modified":"2025-10-10T16:40:12","modified_gmt":"2025-10-10T16:40:12","slug":"ingredients-cosmetiques-de-bronzage","status":"publish","type":"page","link":"https:\/\/www.lcingredients.com\/fr\/ingredients-cosmetiques-de-bronzage\/","title":{"rendered":"Cosm\u00e9tique de bronzage"},"content":{"rendered":"<div data-elementor-type=\"wp-page\" data-elementor-id=\"608\" class=\"elementor elementor-608\" data-elementor-post-type=\"page\">\n\t\t\t\t\t\t<section class=\"elementor-section elementor-top-section elementor-element elementor-element-c128987 elementor-section-full_width elementor-section-height-default elementor-section-height-default\" data-id=\"c128987\" data-element_type=\"section\" data-e-type=\"section\">\n\t\t\t\t\t\t<div class=\"elementor-container elementor-column-gap-default\">\n\t\t\t\t\t<div class=\"elementor-column elementor-col-100 elementor-top-column elementor-element elementor-element-03236ee\" data-id=\"03236ee\" data-element_type=\"column\" data-e-type=\"column\">\n\t\t\t<div class=\"elementor-widget-wrap elementor-element-populated\">\n\t\t\t\t\t\t<div class=\"elementor-element elementor-element-228039c elementor-widget elementor-widget-image\" data-id=\"228039c\" data-element_type=\"widget\" data-e-type=\"widget\" data-widget_type=\"image.default\">\n\t\t\t\t<div class=\"elementor-widget-container\">\n\t\t\t\t\t\t\t\t\t\t\t\t\t\t\t<img fetchpriority=\"high\" decoding=\"async\" width=\"800\" height=\"1000\" src=\"https:\/\/www.lcingredients.com\/wp-content\/uploads\/2024\/05\/choisir-creme-solaire-filtre-chimique-mineral-scaled-1.jpg\" class=\"attachment-large size-large wp-image-2223\" alt=\"\" \/>\t\t\t\t\t\t\t\t\t\t\t\t\t\t\t<\/div>\n\t\t\t\t<\/div>\n\t\t\t\t<div class=\"elementor-element elementor-element-93bf336 elementor-widget elementor-widget-heading\" data-id=\"93bf336\" data-element_type=\"widget\" data-e-type=\"widget\" data-widget_type=\"heading.default\">\n\t\t\t\t<div class=\"elementor-widget-container\">\n\t\t\t\t\t<h1 class=\"elementor-heading-title elementor-size-default\">NOS INGR\u00c9DIENTS DE BRONZAGE<\/h1>\t\t\t\t<\/div>\n\t\t\t\t<\/div>\n\t\t\t\t\t<\/div>\n\t\t<\/div>\n\t\t\t\t\t<\/div>\n\t\t<\/section>\n\t\t\t\t<section class=\"elementor-section elementor-top-section elementor-element elementor-element-030f696 elementor-section-boxed elementor-section-height-default elementor-section-height-default\" data-id=\"030f696\" data-element_type=\"section\" data-e-type=\"section\">\n\t\t\t\t\t\t<div class=\"elementor-container elementor-column-gap-default\">\n\t\t\t\t\t<div class=\"elementor-column elementor-col-100 elementor-top-column elementor-element elementor-element-03e7204\" data-id=\"03e7204\" data-element_type=\"column\" data-e-type=\"column\">\n\t\t\t<div class=\"elementor-widget-wrap elementor-element-populated\">\n\t\t\t\t\t\t<div class=\"elementor-element elementor-element-9e0ba33 elementor-widget elementor-widget-heading\" data-id=\"9e0ba33\" data-element_type=\"widget\" data-e-type=\"widget\" data-widget_type=\"heading.default\">\n\t\t\t\t<div class=\"elementor-widget-container\">\n\t\t\t\t\t<h1 class=\"elementor-heading-title elementor-size-default\">\u00c9CLAT NATUREL AVEC ACTIFS BRONZANTS<\/h1>\t\t\t\t<\/div>\n\t\t\t\t<\/div>\n\t\t\t\t<section class=\"elementor-section elementor-inner-section elementor-element elementor-element-30af495 elementor-section-boxed elementor-section-height-default elementor-section-height-default\" data-id=\"30af495\" data-element_type=\"section\" data-e-type=\"section\">\n\t\t\t\t\t\t<div class=\"elementor-container elementor-column-gap-default\">\n\t\t\t\t\t<div class=\"elementor-column elementor-col-50 elementor-inner-column elementor-element elementor-element-c9a8b4c\" data-id=\"c9a8b4c\" data-element_type=\"column\" data-e-type=\"column\">\n\t\t\t<div class=\"elementor-widget-wrap elementor-element-populated\">\n\t\t\t\t\t\t<div class=\"elementor-element elementor-element-060753f elementor-widget elementor-widget-text-editor\" data-id=\"060753f\" data-element_type=\"widget\" data-e-type=\"widget\" data-widget_type=\"text-editor.default\">\n\t\t\t\t<div class=\"elementor-widget-container\">\n\t\t\t\t\t\t\t\t\t<p>Les ingr\u00e9dients de bronzage topiques sont con\u00e7us pour stimuler la production de m\u00e9lanine ou imiter ses effets, aidant \u00e0 obtenir un teint naturel et ensoleill\u00e9 sans exposition aux UV.\u00a0<\/p>\t\t\t\t\t\t\t\t<\/div>\n\t\t\t\t<\/div>\n\t\t\t\t\t<\/div>\n\t\t<\/div>\n\t\t\t\t<div class=\"elementor-column elementor-col-50 elementor-inner-column elementor-element elementor-element-de6d482\" data-id=\"de6d482\" data-element_type=\"column\" data-e-type=\"column\">\n\t\t\t<div class=\"elementor-widget-wrap elementor-element-populated\">\n\t\t\t\t\t\t<div class=\"elementor-element elementor-element-5e25b30 elementor-widget elementor-widget-text-editor\" data-id=\"5e25b30\" data-element_type=\"widget\" data-e-type=\"widget\" data-widget_type=\"text-editor.default\">\n\t\t\t\t<div class=\"elementor-widget-container\">\n\t\t\t\t\t\t\t\t\t<p>Ces actifs agissent en synergie avec la biologie cutan\u00e9e pour unifier le teint, rehausser l&#039;\u00e9clat et pr\u00e9server la sant\u00e9 de la peau. Id\u00e9als pour les soins visage et corps, ces ingr\u00e9dients autobronzants offrent un moyen s\u00fbr et efficace de sublimer l&#039;\u00e9clat tout en respectant l&#039;\u00e9quilibre naturel de la peau.<\/p>\t\t\t\t\t\t\t\t<\/div>\n\t\t\t\t<\/div>\n\t\t\t\t\t<\/div>\n\t\t<\/div>\n\t\t\t\t\t<\/div>\n\t\t<\/section>\n\t\t\t\t\t<\/div>\n\t\t<\/div>\n\t\t\t\t\t<\/div>\n\t\t<\/section>\n\t\t\t\t<section class=\"elementor-section elementor-top-section elementor-element elementor-element-77e82f0 elementor-section-boxed elementor-section-height-default elementor-section-height-default\" data-id=\"77e82f0\" data-element_type=\"section\" data-e-type=\"section\">\n\t\t\t\t\t\t<div class=\"elementor-container elementor-column-gap-default\">\n\t\t\t\t\t<div class=\"elementor-column elementor-col-50 elementor-top-column elementor-element elementor-element-9d73f08\" data-id=\"9d73f08\" data-element_type=\"column\" data-e-type=\"column\" data-settings=\"{&quot;background_background&quot;:&quot;classic&quot;}\">\n\t\t\t<div class=\"elementor-widget-wrap elementor-element-populated\">\n\t\t\t\t\t\t<div class=\"elementor-element elementor-element-b83fb8a elementor-widget elementor-widget-spacer\" data-id=\"b83fb8a\" data-element_type=\"widget\" data-e-type=\"widget\" data-widget_type=\"spacer.default\">\n\t\t\t\t<div class=\"elementor-widget-container\">\n\t\t\t\t\t\t\t<div class=\"elementor-spacer\">\n\t\t\t<div class=\"elementor-spacer-inner\"><\/div>\n\t\t<\/div>\n\t\t\t\t\t\t<\/div>\n\t\t\t\t<\/div>\n\t\t\t\t<div class=\"elementor-element elementor-element-e0024c4 elementor-widget elementor-widget-image\" data-id=\"e0024c4\" data-element_type=\"widget\" data-e-type=\"widget\" data-widget_type=\"image.default\">\n\t\t\t\t<div class=\"elementor-widget-container\">\n\t\t\t\t\t\t\t\t\t\t\t\t\t\t\t\t<a href=\"https:\/\/www.lcingredients.com\/fr\/haut-en-melaline\/\">\n\t\t\t\t\t\t\t<img decoding=\"async\" width=\"800\" height=\"480\" src=\"https:\/\/www.lcingredients.com\/wp-content\/uploads\/2023\/09\/Melaline-TOP.png\" class=\"attachment-large size-large wp-image-610\" alt=\"\" srcset=\"https:\/\/www.lcingredients.com\/wp-content\/uploads\/2023\/09\/Melaline-TOP.png 800w, https:\/\/www.lcingredients.com\/wp-content\/uploads\/2023\/09\/Melaline-TOP-300x180.png 300w, https:\/\/www.lcingredients.com\/wp-content\/uploads\/2023\/09\/Melaline-TOP-768x461.png 768w\" sizes=\"(max-width: 800px) 100vw, 800px\" \/>\t\t\t\t\t\t\t\t<\/a>\n\t\t\t\t\t\t\t\t\t\t\t\t\t\t\t<\/div>\n\t\t\t\t<\/div>\n\t\t\t\t\t<\/div>\n\t\t<\/div>\n\t\t\t\t<div class=\"elementor-column elementor-col-50 elementor-top-column elementor-element elementor-element-e0d4212\" data-id=\"e0d4212\" data-element_type=\"column\" data-e-type=\"column\" data-settings=\"{&quot;background_background&quot;:&quot;classic&quot;}\">\n\t\t\t<div class=\"elementor-widget-wrap elementor-element-populated\">\n\t\t\t\t\t\t<div class=\"elementor-element elementor-element-04d97a5 elementor-widget elementor-widget-heading\" data-id=\"04d97a5\" data-element_type=\"widget\" data-e-type=\"widget\" data-widget_type=\"heading.default\">\n\t\t\t\t<div class=\"elementor-widget-container\">\n\t\t\t\t\t<h2 class=\"elementor-heading-title elementor-size-default\">MELALINE\u00ae TOP<\/h2>\t\t\t\t<\/div>\n\t\t\t\t<\/div>\n\t\t\t\t<div class=\"elementor-element elementor-element-71ce372 elementor-widget elementor-widget-text-editor\" data-id=\"71ce372\" data-element_type=\"widget\" data-e-type=\"widget\" data-widget_type=\"text-editor.default\">\n\t\t\t\t<div class=\"elementor-widget-container\">\n\t\t\t\t\t\t\t\t\t<p><strong>M\u00e9lanine\u00ae TOP<\/strong> est une k\u00e9ratine fonc\u00e9e hydrolys\u00e9e \u00e0 usage cosm\u00e9tique,\u00a0<a href=\"https:\/\/www.ecocert.com\/fr-FR\/certification\/cosmetiques-biologiques-ou-naturels-cosmos\">COSMOS<\/a>\u00a0approuv\u00e9.\u00a0<\/p><p>En effet, c\u2019est un bouclier bronzant anti-\u00e2ge naturel.<\/p><p><strong>M\u00e9lanine\u00ae TOP<\/strong> p\u00e9n\u00e8tre dans l&#039;\u00e9piderme offrant une protection \u00e0 court et \u00e0 long terme : augmentation de la teneur en m\u00e9lanine et stimule la m\u00e9lanog\u00e9n\u00e8se apr\u00e8s exposition aux rayons UV.<\/p><p>Elle poss\u00e8de de nombreuses vertus comme une action antioxydante mais aussi un effet anti-inflammatoire lors d\u2019une exposition aux rayons UV.\u00a0<\/p><p>En outre, <strong>M\u00e9lanine\u00ae TOP<\/strong> am\u00e9liore et sublime consid\u00e9rablement le bronzage<\/p>\t\t\t\t\t\t\t\t<\/div>\n\t\t\t\t<\/div>\n\t\t\t\t<div class=\"elementor-element elementor-element-2d577ab elementor-button-info elementor-align-center elementor-widget elementor-widget-button\" data-id=\"2d577ab\" data-element_type=\"widget\" data-e-type=\"widget\" data-widget_type=\"button.default\">\n\t\t\t\t<div class=\"elementor-widget-container\">\n\t\t\t\t\t\t\t\t\t<div class=\"elementor-button-wrapper\">\n\t\t\t\t\t<a class=\"elementor-button elementor-button-link elementor-size-sm\" href=\"https:\/\/www.lcingredients.com\/fr\/haut-en-melaline\/\">\n\t\t\t\t\t\t<span class=\"elementor-button-content-wrapper\">\n\t\t\t\t\t\t\t\t\t<span class=\"elementor-button-text\">Voir plus<\/span>\n\t\t\t\t\t<\/span>\n\t\t\t\t\t<\/a>\n\t\t\t\t<\/div>\n\t\t\t\t\t\t\t\t<\/div>\n\t\t\t\t<\/div>\n\t\t\t\t\t<\/div>\n\t\t<\/div>\n\t\t\t\t\t<\/div>\n\t\t<\/section>\n\t\t\t\t<section class=\"elementor-section elementor-top-section elementor-element elementor-element-71ea015 elementor-section-boxed elementor-section-height-default elementor-section-height-default\" data-id=\"71ea015\" data-element_type=\"section\" data-e-type=\"section\">\n\t\t\t\t\t\t<div class=\"elementor-container elementor-column-gap-default\">\n\t\t\t\t\t<div class=\"elementor-column elementor-col-100 elementor-top-column elementor-element elementor-element-ee0affe\" data-id=\"ee0affe\" data-element_type=\"column\" data-e-type=\"column\">\n\t\t\t<div class=\"elementor-widget-wrap elementor-element-populated\">\n\t\t\t\t\t\t<div class=\"elementor-element elementor-element-203e462 elementor-widget elementor-widget-spacer\" data-id=\"203e462\" data-element_type=\"widget\" data-e-type=\"widget\" data-widget_type=\"spacer.default\">\n\t\t\t\t<div class=\"elementor-widget-container\">\n\t\t\t\t\t\t\t<div class=\"elementor-spacer\">\n\t\t\t<div class=\"elementor-spacer-inner\"><\/div>\n\t\t<\/div>\n\t\t\t\t\t\t<\/div>\n\t\t\t\t<\/div>\n\t\t\t\t\t<\/div>\n\t\t<\/div>\n\t\t\t\t\t<\/div>\n\t\t<\/section>\n\t\t\t\t<\/div>","protected":false},"excerpt":{"rendered":"<p>NOS INGR\u00c9DIENTS BRONZANTS\u00a0: UN \u00c9CLAT NATUREL GR\u00c2CE \u00c0 NOS ACTIFS BRONZANTS. Les ingr\u00e9dients bronzants topiques sont con\u00e7us pour stimuler la production de m\u00e9lanine ou en imiter les effets, vous permettant d&#039;obtenir un teint h\u00e2l\u00e9 naturel sans exposition aux UV. Ces actifs agissent en synergie avec la biologie cutan\u00e9e pour unifier le teint, rehausser l&#039;\u00e9clat et pr\u00e9server la sant\u00e9 de la peau. Id\u00e9al pour le visage et [\u2026]<\/p>","protected":false},"author":3,"featured_media":0,"parent":0,"menu_order":0,"comment_status":"closed","ping_status":"closed","template":"","meta":{"_eb_attr":"","footnotes":""},"class_list":["post-608","page","type-page","status-publish","hentry"],"yoast_head":"<!-- This site is optimized with the Yoast SEO plugin v26.7 - https:\/\/yoast.com\/wordpress\/plugins\/seo\/ -->\n<title>Tanning cosmetic - LC Ingredients<\/title>\n<meta name=\"description\" content=\"Discover our range of clinical valited cosmetics ingredients. COSMOS certified. Any cosmetic galenic form.\" \/>\n<meta name=\"robots\" content=\"index, follow, max-snippet:-1, max-image-preview:large, max-video-preview:-1\" \/>\n<link rel=\"canonical\" href=\"https:\/\/www.lcingredients.com\/fr\/ingredients-cosmetiques-de-bronzage\/\" \/>\n<meta property=\"og:locale\" content=\"fr_FR\" \/>\n<meta property=\"og:type\" content=\"article\" \/>\n<meta property=\"og:title\" content=\"Tanning cosmetic - LC Ingredients\" \/>\n<meta property=\"og:description\" content=\"Discover our range of clinical valited cosmetics ingredients. COSMOS certified. Any cosmetic galenic form.\" \/>\n<meta property=\"og:url\" content=\"https:\/\/www.lcingredients.com\/fr\/ingredients-cosmetiques-de-bronzage\/\" \/>\n<meta property=\"og:site_name\" content=\"LC Ingredients\" \/>\n<meta property=\"article:modified_time\" content=\"2025-10-10T16:40:12+00:00\" \/>\n<meta property=\"og:image\" content=\"https:\/\/www.lcingredients.com\/wp-content\/uploads\/2024\/05\/choisir-creme-solaire-filtre-chimique-mineral-scaled-1.jpg\" \/>\n\t<meta property=\"og:image:width\" content=\"2048\" \/>\n\t<meta property=\"og:image:height\" content=\"2560\" \/>\n\t<meta property=\"og:image:type\" content=\"image\/jpeg\" \/>\n<meta name=\"twitter:card\" content=\"summary_large_image\" \/>\n<meta name=\"twitter:label1\" content=\"Dur\u00e9e de lecture estim\u00e9e\" \/>\n\t<meta name=\"twitter:data1\" content=\"2 minutes\" \/>\n<script type=\"application\/ld+json\" class=\"yoast-schema-graph\">{\"@context\":\"https:\/\/schema.org\",\"@graph\":[{\"@type\":\"WebPage\",\"@id\":\"https:\/\/www.lcingredients.com\/tanning-cosmetic-ingredients\/\",\"url\":\"https:\/\/www.lcingredients.com\/tanning-cosmetic-ingredients\/\",\"name\":\"Tanning cosmetic - LC Ingredients\",\"isPartOf\":{\"@id\":\"https:\/\/www.lcingredients.com\/#website\"},\"primaryImageOfPage\":{\"@id\":\"https:\/\/www.lcingredients.com\/tanning-cosmetic-ingredients\/#primaryimage\"},\"image\":{\"@id\":\"https:\/\/www.lcingredients.com\/tanning-cosmetic-ingredients\/#primaryimage\"},\"thumbnailUrl\":\"https:\/\/www.lcingredients.com\/wp-content\/uploads\/2024\/05\/choisir-creme-solaire-filtre-chimique-mineral-scaled-1.jpg\",\"datePublished\":\"2023-09-25T14:28:33+00:00\",\"dateModified\":\"2025-10-10T16:40:12+00:00\",\"description\":\"Discover our range of clinical valited cosmetics ingredients. COSMOS certified. Any cosmetic galenic form.\",\"breadcrumb\":{\"@id\":\"https:\/\/www.lcingredients.com\/tanning-cosmetic-ingredients\/#breadcrumb\"},\"inLanguage\":\"fr-FR\",\"potentialAction\":[{\"@type\":\"ReadAction\",\"target\":[\"https:\/\/www.lcingredients.com\/tanning-cosmetic-ingredients\/\"]}]},{\"@type\":\"ImageObject\",\"inLanguage\":\"fr-FR\",\"@id\":\"https:\/\/www.lcingredients.com\/tanning-cosmetic-ingredients\/#primaryimage\",\"url\":\"https:\/\/www.lcingredients.com\/wp-content\/uploads\/2024\/05\/choisir-creme-solaire-filtre-chimique-mineral-scaled-1.jpg\",\"contentUrl\":\"https:\/\/www.lcingredients.com\/wp-content\/uploads\/2024\/05\/choisir-creme-solaire-filtre-chimique-mineral-scaled-1.jpg\"},{\"@type\":\"BreadcrumbList\",\"@id\":\"https:\/\/www.lcingredients.com\/tanning-cosmetic-ingredients\/#breadcrumb\",\"itemListElement\":[{\"@type\":\"ListItem\",\"position\":1,\"name\":\"Home\",\"item\":\"https:\/\/www.lcingredients.com\/\"},{\"@type\":\"ListItem\",\"position\":2,\"name\":\"Tanning cosmetic\"}]},{\"@type\":\"WebSite\",\"@id\":\"https:\/\/www.lcingredients.com\/#website\",\"url\":\"https:\/\/www.lcingredients.com\/\",\"name\":\"LC Ingredients\",\"description\":\"Discover high-quality ingredients for your food supplements and cosmetics formulations.\",\"publisher\":{\"@id\":\"https:\/\/www.lcingredients.com\/#organization\"},\"potentialAction\":[{\"@type\":\"SearchAction\",\"target\":{\"@type\":\"EntryPoint\",\"urlTemplate\":\"https:\/\/www.lcingredients.com\/?s={search_term_string}\"},\"query-input\":{\"@type\":\"PropertyValueSpecification\",\"valueRequired\":true,\"valueName\":\"search_term_string\"}}],\"inLanguage\":\"fr-FR\"},{\"@type\":\"Organization\",\"@id\":\"https:\/\/www.lcingredients.com\/#organization\",\"name\":\"LC Ingredients\",\"url\":\"https:\/\/www.lcingredients.com\/\",\"logo\":{\"@type\":\"ImageObject\",\"inLanguage\":\"fr-FR\",\"@id\":\"https:\/\/www.lcingredients.com\/#\/schema\/logo\/image\/\",\"url\":\"https:\/\/www.lcingredients.com\/wp-content\/uploads\/2023\/10\/LOGO-LC-INGREDIENTS.png\",\"contentUrl\":\"https:\/\/www.lcingredients.com\/wp-content\/uploads\/2023\/10\/LOGO-LC-INGREDIENTS.png\",\"width\":1280,\"height\":1060,\"caption\":\"LC Ingredients\"},\"image\":{\"@id\":\"https:\/\/www.lcingredients.com\/#\/schema\/logo\/image\/\"},\"sameAs\":[\"https:\/\/www.linkedin.com\/company\/lcingredients\/\"]}]}<\/script>\n<!-- \/ Yoast SEO plugin. -->","yoast_head_json":{"title":"Cosm\u00e9tique bronzant - LC Ingr\u00e9dients","description":"D\u00e9couvrez notre gamme d\u2019ingr\u00e9dients cosm\u00e9tiques \u00e0 valeur clinique. Certifi\u00e9 COSMOS. Toute forme gal\u00e9nique cosm\u00e9tique.","robots":{"index":"index","follow":"follow","max-snippet":"max-snippet:-1","max-image-preview":"max-image-preview:large","max-video-preview":"max-video-preview:-1"},"canonical":"https:\/\/www.lcingredients.com\/fr\/ingredients-cosmetiques-de-bronzage\/","og_locale":"fr_FR","og_type":"article","og_title":"Tanning cosmetic - LC Ingredients","og_description":"Discover our range of clinical valited cosmetics ingredients. COSMOS certified. Any cosmetic galenic form.","og_url":"https:\/\/www.lcingredients.com\/fr\/ingredients-cosmetiques-de-bronzage\/","og_site_name":"LC Ingredients","article_modified_time":"2025-10-10T16:40:12+00:00","og_image":[{"width":2048,"height":2560,"url":"https:\/\/www.lcingredients.com\/wp-content\/uploads\/2024\/05\/choisir-creme-solaire-filtre-chimique-mineral-scaled-1.jpg","type":"image\/jpeg"}],"twitter_card":"summary_large_image","twitter_misc":{"Dur\u00e9e de lecture estim\u00e9e":"2 minutes"},"schema":{"@context":"https:\/\/schema.org","@graph":[{"@type":"WebPage","@id":"https:\/\/www.lcingredients.com\/tanning-cosmetic-ingredients\/","url":"https:\/\/www.lcingredients.com\/tanning-cosmetic-ingredients\/","name":"Cosm\u00e9tique bronzant - LC Ingr\u00e9dients","isPartOf":{"@id":"https:\/\/www.lcingredients.com\/#website"},"primaryImageOfPage":{"@id":"https:\/\/www.lcingredients.com\/tanning-cosmetic-ingredients\/#primaryimage"},"image":{"@id":"https:\/\/www.lcingredients.com\/tanning-cosmetic-ingredients\/#primaryimage"},"thumbnailUrl":"https:\/\/www.lcingredients.com\/wp-content\/uploads\/2024\/05\/choisir-creme-solaire-filtre-chimique-mineral-scaled-1.jpg","datePublished":"2023-09-25T14:28:33+00:00","dateModified":"2025-10-10T16:40:12+00:00","description":"D\u00e9couvrez notre gamme d\u2019ingr\u00e9dients cosm\u00e9tiques \u00e0 valeur clinique. Certifi\u00e9 COSMOS. Toute forme gal\u00e9nique cosm\u00e9tique.","breadcrumb":{"@id":"https:\/\/www.lcingredients.com\/tanning-cosmetic-ingredients\/#breadcrumb"},"inLanguage":"fr-FR","potentialAction":[{"@type":"ReadAction","target":["https:\/\/www.lcingredients.com\/tanning-cosmetic-ingredients\/"]}]},{"@type":"ImageObject","inLanguage":"fr-FR","@id":"https:\/\/www.lcingredients.com\/tanning-cosmetic-ingredients\/#primaryimage","url":"https:\/\/www.lcingredients.com\/wp-content\/uploads\/2024\/05\/choisir-creme-solaire-filtre-chimique-mineral-scaled-1.jpg","contentUrl":"https:\/\/www.lcingredients.com\/wp-content\/uploads\/2024\/05\/choisir-creme-solaire-filtre-chimique-mineral-scaled-1.jpg"},{"@type":"BreadcrumbList","@id":"https:\/\/www.lcingredients.com\/tanning-cosmetic-ingredients\/#breadcrumb","itemListElement":[{"@type":"ListItem","position":1,"name":"Home","item":"https:\/\/www.lcingredients.com\/"},{"@type":"ListItem","position":2,"name":"Tanning cosmetic"}]},{"@type":"WebSite","@id":"https:\/\/www.lcingredients.com\/#website","url":"https:\/\/www.lcingredients.com\/","name":"Ingr\u00e9dients LC","description":"D\u00e9couvrez des ingr\u00e9dients de haute qualit\u00e9 pour vos formulations de compl\u00e9ments alimentaires et cosm\u00e9tiques.","publisher":{"@id":"https:\/\/www.lcingredients.com\/#organization"},"potentialAction":[{"@type":"SearchAction","target":{"@type":"EntryPoint","urlTemplate":"https:\/\/www.lcingredients.com\/?s={search_term_string}"},"query-input":{"@type":"PropertyValueSpecification","valueRequired":true,"valueName":"search_term_string"}}],"inLanguage":"fr-FR"},{"@type":"Organization","@id":"https:\/\/www.lcingredients.com\/#organization","name":"Ingr\u00e9dients LC","url":"https:\/\/www.lcingredients.com\/","logo":{"@type":"ImageObject","inLanguage":"fr-FR","@id":"https:\/\/www.lcingredients.com\/#\/schema\/logo\/image\/","url":"https:\/\/www.lcingredients.com\/wp-content\/uploads\/2023\/10\/LOGO-LC-INGREDIENTS.png","contentUrl":"https:\/\/www.lcingredients.com\/wp-content\/uploads\/2023\/10\/LOGO-LC-INGREDIENTS.png","width":1280,"height":1060,"caption":"LC Ingredients"},"image":{"@id":"https:\/\/www.lcingredients.com\/#\/schema\/logo\/image\/"},"sameAs":["https:\/\/www.linkedin.com\/company\/lcingredients\/"]}]}},"_links":{"self":[{"href":"https:\/\/www.lcingredients.com\/fr\/wp-json\/wp\/v2\/pages\/608","targetHints":{"allow":["GET"]}}],"collection":[{"href":"https:\/\/www.lcingredients.com\/fr\/wp-json\/wp\/v2\/pages"}],"about":[{"href":"https:\/\/www.lcingredients.com\/fr\/wp-json\/wp\/v2\/types\/page"}],"author":[{"embeddable":true,"href":"https:\/\/www.lcingredients.com\/fr\/wp-json\/wp\/v2\/users\/3"}],"replies":[{"embeddable":true,"href":"https:\/\/www.lcingredients.com\/fr\/wp-json\/wp\/v2\/comments?post=608"}],"version-history":[{"count":26,"href":"https:\/\/www.lcingredients.com\/fr\/wp-json\/wp\/v2\/pages\/608\/revisions"}],"predecessor-version":[{"id":5153,"href":"https:\/\/www.lcingredients.com\/fr\/wp-json\/wp\/v2\/pages\/608\/revisions\/5153"}],"wp:attachment":[{"href":"https:\/\/www.lcingredients.com\/fr\/wp-json\/wp\/v2\/media?parent=608"}],"curies":[{"name":"wp","href":"https:\/\/api.w.org\/{rel}","templated":true}]}}