{"id":588,"date":"2023-09-25T13:52:23","date_gmt":"2023-09-25T13:52:23","guid":{"rendered":"https:\/\/www.lcingredients.com\/?page_id=588"},"modified":"2025-10-10T15:24:01","modified_gmt":"2025-10-10T15:24:01","slug":"ingredients-cosmetiques-pour-cheveux-barbe-et-perte-de-force","status":"publish","type":"page","link":"https:\/\/www.lcingredients.com\/fr\/ingredients-cosmetiques-pour-cheveux-barbe-et-perte-de-force\/","title":{"rendered":"Cheveux &amp; Barbe"},"content":{"rendered":"<div data-elementor-type=\"wp-page\" data-elementor-id=\"588\" class=\"elementor elementor-588\" data-elementor-post-type=\"page\">\n\t\t\t\t\t\t<section class=\"elementor-section elementor-top-section elementor-element elementor-element-dbb4097 elementor-section-full_width elementor-section-height-default elementor-section-height-default\" data-id=\"dbb4097\" data-element_type=\"section\" data-e-type=\"section\">\n\t\t\t\t\t\t<div class=\"elementor-container elementor-column-gap-default\">\n\t\t\t\t\t<div class=\"elementor-column elementor-col-100 elementor-top-column elementor-element elementor-element-0bf6d31\" data-id=\"0bf6d31\" data-element_type=\"column\" data-e-type=\"column\">\n\t\t\t<div class=\"elementor-widget-wrap elementor-element-populated\">\n\t\t\t\t\t\t<div class=\"elementor-element elementor-element-1bb0239 elementor-widget elementor-widget-image\" data-id=\"1bb0239\" data-element_type=\"widget\" data-e-type=\"widget\" data-widget_type=\"image.default\">\n\t\t\t\t<div class=\"elementor-widget-container\">\n\t\t\t\t\t\t\t\t\t\t\t\t\t\t\t<img fetchpriority=\"high\" decoding=\"async\" width=\"800\" height=\"622\" src=\"https:\/\/www.lcingredients.com\/wp-content\/uploads\/2025\/10\/beard_portrait-dun-homme-avec-une-belle-barbe-avec-un-fond-poetique-et-naturel-1024x796.jpg\" class=\"attachment-large size-large wp-image-5007\" alt=\"beard_portrait d&#039;un homme avec une belle barbe avec un fond po\u00e9tique et naturel\" srcset=\"https:\/\/www.lcingredients.com\/wp-content\/uploads\/2025\/10\/beard_portrait-dun-homme-avec-une-belle-barbe-avec-un-fond-poetique-et-naturel-1024x796.jpg 1024w, https:\/\/www.lcingredients.com\/wp-content\/uploads\/2025\/10\/beard_portrait-dun-homme-avec-une-belle-barbe-avec-un-fond-poetique-et-naturel-300x233.jpg 300w, https:\/\/www.lcingredients.com\/wp-content\/uploads\/2025\/10\/beard_portrait-dun-homme-avec-une-belle-barbe-avec-un-fond-poetique-et-naturel-768x597.jpg 768w, https:\/\/www.lcingredients.com\/wp-content\/uploads\/2025\/10\/beard_portrait-dun-homme-avec-une-belle-barbe-avec-un-fond-poetique-et-naturel-1536x1195.jpg 1536w, https:\/\/www.lcingredients.com\/wp-content\/uploads\/2025\/10\/beard_portrait-dun-homme-avec-une-belle-barbe-avec-un-fond-poetique-et-naturel-2048x1593.jpg 2048w, https:\/\/www.lcingredients.com\/wp-content\/uploads\/2025\/10\/beard_portrait-dun-homme-avec-une-belle-barbe-avec-un-fond-poetique-et-naturel-15x12.jpg 15w, https:\/\/www.lcingredients.com\/wp-content\/uploads\/2025\/10\/beard_portrait-dun-homme-avec-une-belle-barbe-avec-un-fond-poetique-et-naturel-1320x1027.jpg 1320w\" sizes=\"(max-width: 800px) 100vw, 800px\" \/>\t\t\t\t\t\t\t\t\t\t\t\t\t\t\t<\/div>\n\t\t\t\t<\/div>\n\t\t\t\t<div class=\"elementor-element elementor-element-5a783c9 elementor-widget elementor-widget-heading\" data-id=\"5a783c9\" data-element_type=\"widget\" data-e-type=\"widget\" data-widget_type=\"heading.default\">\n\t\t\t\t<div class=\"elementor-widget-container\">\n\t\t\t\t\t<h1 class=\"elementor-heading-title elementor-size-default\">NOS INGR\u00c9DIENTS POUR CHEVEUX ET BARBE<\/h1>\t\t\t\t<\/div>\n\t\t\t\t<\/div>\n\t\t\t\t\t<\/div>\n\t\t<\/div>\n\t\t\t\t\t<\/div>\n\t\t<\/section>\n\t\t\t\t<section class=\"elementor-section elementor-top-section elementor-element elementor-element-0626753 elementor-section-boxed elementor-section-height-default elementor-section-height-default\" data-id=\"0626753\" data-element_type=\"section\" data-e-type=\"section\">\n\t\t\t\t\t\t<div class=\"elementor-container elementor-column-gap-default\">\n\t\t\t\t\t<div class=\"elementor-column elementor-col-100 elementor-top-column elementor-element elementor-element-9b36661\" data-id=\"9b36661\" data-element_type=\"column\" data-e-type=\"column\">\n\t\t\t<div class=\"elementor-widget-wrap elementor-element-populated\">\n\t\t\t\t\t\t<div class=\"elementor-element elementor-element-7e92cdc elementor-widget elementor-widget-heading\" data-id=\"7e92cdc\" data-element_type=\"widget\" data-e-type=\"widget\" data-widget_type=\"heading.default\">\n\t\t\t\t<div class=\"elementor-widget-container\">\n\t\t\t\t\t<h1 class=\"elementor-heading-title elementor-size-default\">K\u00c9RATINE POUR LA FORCE DES CHEVEUX ET DE LA BARBE<\/h1>\t\t\t\t<\/div>\n\t\t\t\t<\/div>\n\t\t\t\t<section class=\"elementor-section elementor-inner-section elementor-element elementor-element-e90d5c1 elementor-section-boxed elementor-section-height-default elementor-section-height-default\" data-id=\"e90d5c1\" data-element_type=\"section\" data-e-type=\"section\">\n\t\t\t\t\t\t<div class=\"elementor-container elementor-column-gap-default\">\n\t\t\t\t\t<div class=\"elementor-column elementor-col-50 elementor-inner-column elementor-element elementor-element-9933ae1\" data-id=\"9933ae1\" data-element_type=\"column\" data-e-type=\"column\">\n\t\t\t<div class=\"elementor-widget-wrap elementor-element-populated\">\n\t\t\t\t\t\t<div class=\"elementor-element elementor-element-b164818 elementor-widget elementor-widget-text-editor\" data-id=\"b164818\" data-element_type=\"widget\" data-e-type=\"widget\" data-widget_type=\"text-editor.default\">\n\t\t\t\t<div class=\"elementor-widget-container\">\n\t\t\t\t\t\t\t\t\t<p>La k\u00e9ratine est la prot\u00e9ine essentielle qui constitue la base structurelle des fibres capillaires et de la barbe. Riche en acides amin\u00e9s comme la cyst\u00e9ine, elle contribue \u00e0 renforcer la fibre capillaire, \u00e0 am\u00e9liorer la texture et \u00e0 la prot\u00e9ger des agressions ext\u00e9rieures.\u00a0<br \/><!--EndFragment --><\/p>\t\t\t\t\t\t\t\t<\/div>\n\t\t\t\t<\/div>\n\t\t\t\t\t<\/div>\n\t\t<\/div>\n\t\t\t\t<div class=\"elementor-column elementor-col-50 elementor-inner-column elementor-element elementor-element-3de1722\" data-id=\"3de1722\" data-element_type=\"column\" data-e-type=\"column\">\n\t\t\t<div class=\"elementor-widget-wrap elementor-element-populated\">\n\t\t\t\t\t\t<div class=\"elementor-element elementor-element-d53220b elementor-widget elementor-widget-text-editor\" data-id=\"d53220b\" data-element_type=\"widget\" data-e-type=\"widget\" data-widget_type=\"text-editor.default\">\n\t\t\t\t<div class=\"elementor-widget-container\">\n\t\t\t\t\t\t\t\t\t<p>Ingr\u00e9dient cl\u00e9 des formules de soins avanc\u00e9es, la k\u00e9ratine contribue \u00e0 des cheveux et une barbe plus sains et plus r\u00e9sistants, de la racine \u00e0 la pointe. Notre gamme comprend une solution \u00e9prouv\u00e9e\u00a0:&nbsp;<strong>Cynatine\u00ae HAUT<\/strong>, une forme hautement biodisponible de k\u00e9ratine, applicable dans les formules cosm\u00e9tiques.<\/p>\t\t\t\t\t\t\t\t<\/div>\n\t\t\t\t<\/div>\n\t\t\t\t\t<\/div>\n\t\t<\/div>\n\t\t\t\t\t<\/div>\n\t\t<\/section>\n\t\t\t\t\t<\/div>\n\t\t<\/div>\n\t\t\t\t\t<\/div>\n\t\t<\/section>\n\t\t\t\t<section class=\"elementor-section elementor-top-section elementor-element elementor-element-37b96d1 elementor-section-boxed elementor-section-height-default elementor-section-height-default\" data-id=\"37b96d1\" data-element_type=\"section\" data-e-type=\"section\">\n\t\t\t\t\t\t<div class=\"elementor-container elementor-column-gap-default\">\n\t\t\t\t\t<div class=\"elementor-column elementor-col-50 elementor-top-column elementor-element elementor-element-b7c1a1d\" data-id=\"b7c1a1d\" data-element_type=\"column\" data-e-type=\"column\" data-settings=\"{&quot;background_background&quot;:&quot;classic&quot;}\">\n\t\t\t<div class=\"elementor-widget-wrap elementor-element-populated\">\n\t\t\t\t\t\t<div class=\"elementor-element elementor-element-65bd3dc elementor-widget elementor-widget-heading\" data-id=\"65bd3dc\" data-element_type=\"widget\" data-e-type=\"widget\" data-widget_type=\"heading.default\">\n\t\t\t\t<div class=\"elementor-widget-container\">\n\t\t\t\t\t<h2 class=\"elementor-heading-title elementor-size-default\">CYNATINE\u00ae TOP<\/h2>\t\t\t\t<\/div>\n\t\t\t\t<\/div>\n\t\t\t\t<div class=\"elementor-element elementor-element-9877409 elementor-widget elementor-widget-text-editor\" data-id=\"9877409\" data-element_type=\"widget\" data-e-type=\"widget\" data-widget_type=\"text-editor.default\">\n\t\t\t\t<div class=\"elementor-widget-container\">\n\t\t\t\t\t\t\t\t\t<p><strong>Cynatine\u00ae HAUT<\/strong>\u00a0est un\u00a0<strong>k\u00e9ratine hydrolys\u00e9e<\/strong>\u00a0\u00e0 usage cosm\u00e9tique,\u00a0<strong><a href=\"https:\/\/www.ecocert.com\/fr-FR\/certification\/cosmetiques-biologiques-ou-naturels-cosmos\">COSMOS<\/a>\u00a0<\/strong>approuv\u00e9<b>.<\/b><\/p><p>Cet ingr\u00e9dient est cliniquement test\u00e9 efficace avec des dosages commen\u00e7ant \u00e0 0,5% pour\u00a0<strong>am\u00e9liorer la brillance et l&#039;\u00e9clat<\/strong>\u00a0cils et sourcils, renforcer le<strong>\u00a0structure<\/strong>\u00a0et le\u00a0<strong>teneur en prot\u00e9ines<\/strong>\u00a0de ceux-ci.<\/p>\t\t\t\t\t\t\t\t<\/div>\n\t\t\t\t<\/div>\n\t\t\t\t<div class=\"elementor-element elementor-element-49d5e31 elementor-button-info elementor-align-center elementor-widget elementor-widget-button\" data-id=\"49d5e31\" data-element_type=\"widget\" data-e-type=\"widget\" data-widget_type=\"button.default\">\n\t\t\t\t<div class=\"elementor-widget-container\">\n\t\t\t\t\t\t\t\t\t<div class=\"elementor-button-wrapper\">\n\t\t\t\t\t<a class=\"elementor-button elementor-button-link elementor-size-sm\" href=\"https:\/\/www.lcingredients.com\/fr\/cheveux-superieurs-en-cynatine-cosmetique\/\">\n\t\t\t\t\t\t<span class=\"elementor-button-content-wrapper\">\n\t\t\t\t\t\t\t\t\t<span class=\"elementor-button-text\">Voir plus<\/span>\n\t\t\t\t\t<\/span>\n\t\t\t\t\t<\/a>\n\t\t\t\t<\/div>\n\t\t\t\t\t\t\t\t<\/div>\n\t\t\t\t<\/div>\n\t\t\t\t\t<\/div>\n\t\t<\/div>\n\t\t\t\t<div class=\"elementor-column elementor-col-50 elementor-top-column elementor-element elementor-element-1cd2d85\" data-id=\"1cd2d85\" data-element_type=\"column\" data-e-type=\"column\" data-settings=\"{&quot;background_background&quot;:&quot;classic&quot;}\">\n\t\t\t<div class=\"elementor-widget-wrap elementor-element-populated\">\n\t\t\t\t\t\t<div class=\"elementor-element elementor-element-fe804f5 elementor-widget elementor-widget-spacer\" data-id=\"fe804f5\" data-element_type=\"widget\" data-e-type=\"widget\" data-widget_type=\"spacer.default\">\n\t\t\t\t<div class=\"elementor-widget-container\">\n\t\t\t\t\t\t\t<div class=\"elementor-spacer\">\n\t\t\t<div class=\"elementor-spacer-inner\"><\/div>\n\t\t<\/div>\n\t\t\t\t\t\t<\/div>\n\t\t\t\t<\/div>\n\t\t\t\t<div class=\"elementor-element elementor-element-04fff7c elementor-widget-laptop__width-initial elementor-widget elementor-widget-image\" data-id=\"04fff7c\" data-element_type=\"widget\" data-e-type=\"widget\" data-widget_type=\"image.default\">\n\t\t\t\t<div class=\"elementor-widget-container\">\n\t\t\t\t\t\t\t\t\t\t\t\t\t\t\t<img decoding=\"async\" width=\"800\" height=\"213\" src=\"https:\/\/www.lcingredients.com\/wp-content\/uploads\/2023\/09\/CYNATINE-TOP-LOGO-1024x272.png\" class=\"attachment-large size-large wp-image-624\" alt=\"\" srcset=\"https:\/\/www.lcingredients.com\/wp-content\/uploads\/2023\/09\/CYNATINE-TOP-LOGO-1024x272.png 1024w, https:\/\/www.lcingredients.com\/wp-content\/uploads\/2023\/09\/CYNATINE-TOP-LOGO-300x80.png 300w, https:\/\/www.lcingredients.com\/wp-content\/uploads\/2023\/09\/CYNATINE-TOP-LOGO-768x204.png 768w, https:\/\/www.lcingredients.com\/wp-content\/uploads\/2023\/09\/CYNATINE-TOP-LOGO-1536x408.png 1536w, https:\/\/www.lcingredients.com\/wp-content\/uploads\/2023\/09\/CYNATINE-TOP-LOGO-1320x351.png 1320w, https:\/\/www.lcingredients.com\/wp-content\/uploads\/2023\/09\/CYNATINE-TOP-LOGO.png 1600w\" sizes=\"(max-width: 800px) 100vw, 800px\" \/>\t\t\t\t\t\t\t\t\t\t\t\t\t\t\t<\/div>\n\t\t\t\t<\/div>\n\t\t\t\t\t<\/div>\n\t\t<\/div>\n\t\t\t\t\t<\/div>\n\t\t<\/section>\n\t\t\t\t<section class=\"elementor-section elementor-top-section elementor-element elementor-element-8dea707 elementor-section-boxed elementor-section-height-default elementor-section-height-default\" data-id=\"8dea707\" data-element_type=\"section\" data-e-type=\"section\">\n\t\t\t\t\t\t<div class=\"elementor-container elementor-column-gap-default\">\n\t\t\t\t\t<div class=\"elementor-column elementor-col-100 elementor-top-column elementor-element elementor-element-fabc0e2\" data-id=\"fabc0e2\" data-element_type=\"column\" data-e-type=\"column\">\n\t\t\t<div class=\"elementor-widget-wrap elementor-element-populated\">\n\t\t\t\t\t\t<div class=\"elementor-element elementor-element-493657f elementor-widget elementor-widget-spacer\" data-id=\"493657f\" data-element_type=\"widget\" data-e-type=\"widget\" data-widget_type=\"spacer.default\">\n\t\t\t\t<div class=\"elementor-widget-container\">\n\t\t\t\t\t\t\t<div class=\"elementor-spacer\">\n\t\t\t<div class=\"elementor-spacer-inner\"><\/div>\n\t\t<\/div>\n\t\t\t\t\t\t<\/div>\n\t\t\t\t<\/div>\n\t\t\t\t\t<\/div>\n\t\t<\/div>\n\t\t\t\t\t<\/div>\n\t\t<\/section>\n\t\t\t\t<\/div>","protected":false},"excerpt":{"rendered":"<p>NOS INGR\u00c9DIENTS POUR CHEVEUX ET BARBE\u00a0: LA K\u00c9RATINE POUR UNE BARBE ET DES CHEVEUX PLUS FORTES. La k\u00e9ratine est la prot\u00e9ine essentielle qui constitue la base structurelle des fibres capillaires et de la barbe. Riche en acides amin\u00e9s comme la cyst\u00e9ine, elle contribue \u00e0 renforcer la force, \u00e0 am\u00e9liorer la texture et \u00e0 prot\u00e9ger des agressions ext\u00e9rieures. Ingr\u00e9dient cl\u00e9 des formules de soins avanc\u00e9es, la k\u00e9ratine favorise une barbe plus saine et plus [\u2026]<\/p>","protected":false},"author":3,"featured_media":0,"parent":0,"menu_order":0,"comment_status":"closed","ping_status":"closed","template":"","meta":{"_eb_attr":"","footnotes":""},"class_list":["post-588","page","type-page","status-publish","hentry"],"yoast_head":"<!-- This site is optimized with the Yoast SEO plugin v26.7 - https:\/\/yoast.com\/wordpress\/plugins\/seo\/ -->\n<title>Hair &amp; Beard - LC Ingredients<\/title>\n<meta name=\"description\" content=\"Discover our cosmetics ingredients for beautiful hair and a thick beard. Certified COSMOS and clinicaly validated\" \/>\n<meta name=\"robots\" content=\"index, follow, max-snippet:-1, max-image-preview:large, max-video-preview:-1\" \/>\n<link rel=\"canonical\" href=\"https:\/\/www.lcingredients.com\/fr\/ingredients-cosmetiques-pour-cheveux-barbe-et-perte-de-force\/\" \/>\n<meta property=\"og:locale\" content=\"fr_FR\" \/>\n<meta property=\"og:type\" content=\"article\" \/>\n<meta property=\"og:title\" content=\"Hair &amp; Beard - LC Ingredients\" \/>\n<meta property=\"og:description\" content=\"Discover our cosmetics ingredients for beautiful hair and a thick beard. Certified COSMOS and clinicaly validated\" \/>\n<meta property=\"og:url\" content=\"https:\/\/www.lcingredients.com\/fr\/ingredients-cosmetiques-pour-cheveux-barbe-et-perte-de-force\/\" \/>\n<meta property=\"og:site_name\" content=\"LC Ingredients\" \/>\n<meta property=\"article:modified_time\" content=\"2025-10-10T15:24:01+00:00\" \/>\n<meta property=\"og:image\" content=\"https:\/\/www.lcingredients.com\/wp-content\/uploads\/2025\/10\/beard_portrait-dun-homme-avec-une-belle-barbe-avec-un-fond-poetique-et-naturel.jpg\" \/>\n\t<meta property=\"og:image:width\" content=\"2304\" \/>\n\t<meta property=\"og:image:height\" content=\"1792\" \/>\n\t<meta property=\"og:image:type\" content=\"image\/jpeg\" \/>\n<meta name=\"twitter:card\" content=\"summary_large_image\" \/>\n<meta name=\"twitter:label1\" content=\"Dur\u00e9e de lecture estim\u00e9e\" \/>\n\t<meta name=\"twitter:data1\" content=\"1 minute\" \/>\n<script type=\"application\/ld+json\" class=\"yoast-schema-graph\">{\"@context\":\"https:\/\/schema.org\",\"@graph\":[{\"@type\":\"WebPage\",\"@id\":\"https:\/\/www.lcingredients.com\/hair-beard-cosmetic-ingredients-loss-strenght\/\",\"url\":\"https:\/\/www.lcingredients.com\/hair-beard-cosmetic-ingredients-loss-strenght\/\",\"name\":\"Hair & Beard - LC Ingredients\",\"isPartOf\":{\"@id\":\"https:\/\/www.lcingredients.com\/#website\"},\"primaryImageOfPage\":{\"@id\":\"https:\/\/www.lcingredients.com\/hair-beard-cosmetic-ingredients-loss-strenght\/#primaryimage\"},\"image\":{\"@id\":\"https:\/\/www.lcingredients.com\/hair-beard-cosmetic-ingredients-loss-strenght\/#primaryimage\"},\"thumbnailUrl\":\"https:\/\/www.lcingredients.com\/wp-content\/uploads\/2025\/10\/beard_portrait-dun-homme-avec-une-belle-barbe-avec-un-fond-poetique-et-naturel-1024x796.jpg\",\"datePublished\":\"2023-09-25T13:52:23+00:00\",\"dateModified\":\"2025-10-10T15:24:01+00:00\",\"description\":\"Discover our cosmetics ingredients for beautiful hair and a thick beard. Certified COSMOS and clinicaly validated\",\"breadcrumb\":{\"@id\":\"https:\/\/www.lcingredients.com\/hair-beard-cosmetic-ingredients-loss-strenght\/#breadcrumb\"},\"inLanguage\":\"fr-FR\",\"potentialAction\":[{\"@type\":\"ReadAction\",\"target\":[\"https:\/\/www.lcingredients.com\/hair-beard-cosmetic-ingredients-loss-strenght\/\"]}]},{\"@type\":\"ImageObject\",\"inLanguage\":\"fr-FR\",\"@id\":\"https:\/\/www.lcingredients.com\/hair-beard-cosmetic-ingredients-loss-strenght\/#primaryimage\",\"url\":\"https:\/\/www.lcingredients.com\/wp-content\/uploads\/2025\/10\/beard_portrait-dun-homme-avec-une-belle-barbe-avec-un-fond-poetique-et-naturel-1024x796.jpg\",\"contentUrl\":\"https:\/\/www.lcingredients.com\/wp-content\/uploads\/2025\/10\/beard_portrait-dun-homme-avec-une-belle-barbe-avec-un-fond-poetique-et-naturel-1024x796.jpg\"},{\"@type\":\"BreadcrumbList\",\"@id\":\"https:\/\/www.lcingredients.com\/hair-beard-cosmetic-ingredients-loss-strenght\/#breadcrumb\",\"itemListElement\":[{\"@type\":\"ListItem\",\"position\":1,\"name\":\"Home\",\"item\":\"https:\/\/www.lcingredients.com\/\"},{\"@type\":\"ListItem\",\"position\":2,\"name\":\"Hair &#038; Beard\"}]},{\"@type\":\"WebSite\",\"@id\":\"https:\/\/www.lcingredients.com\/#website\",\"url\":\"https:\/\/www.lcingredients.com\/\",\"name\":\"LC Ingredients\",\"description\":\"Discover high-quality ingredients for your food supplements and cosmetics formulations.\",\"publisher\":{\"@id\":\"https:\/\/www.lcingredients.com\/#organization\"},\"potentialAction\":[{\"@type\":\"SearchAction\",\"target\":{\"@type\":\"EntryPoint\",\"urlTemplate\":\"https:\/\/www.lcingredients.com\/?s={search_term_string}\"},\"query-input\":{\"@type\":\"PropertyValueSpecification\",\"valueRequired\":true,\"valueName\":\"search_term_string\"}}],\"inLanguage\":\"fr-FR\"},{\"@type\":\"Organization\",\"@id\":\"https:\/\/www.lcingredients.com\/#organization\",\"name\":\"LC Ingredients\",\"url\":\"https:\/\/www.lcingredients.com\/\",\"logo\":{\"@type\":\"ImageObject\",\"inLanguage\":\"fr-FR\",\"@id\":\"https:\/\/www.lcingredients.com\/#\/schema\/logo\/image\/\",\"url\":\"https:\/\/www.lcingredients.com\/wp-content\/uploads\/2023\/10\/LOGO-LC-INGREDIENTS.png\",\"contentUrl\":\"https:\/\/www.lcingredients.com\/wp-content\/uploads\/2023\/10\/LOGO-LC-INGREDIENTS.png\",\"width\":1280,\"height\":1060,\"caption\":\"LC Ingredients\"},\"image\":{\"@id\":\"https:\/\/www.lcingredients.com\/#\/schema\/logo\/image\/\"},\"sameAs\":[\"https:\/\/www.linkedin.com\/company\/lcingredients\/\"]}]}<\/script>\n<!-- \/ Yoast SEO plugin. -->","yoast_head_json":{"title":"Cheveux &amp; Barbe - LC Ingr\u00e9dients","description":"D\u00e9couvrez nos ingr\u00e9dients cosm\u00e9tiques pour de beaux cheveux et une barbe \u00e9paisse. Certifi\u00e9 COSMOS et valid\u00e9 cliniquement","robots":{"index":"index","follow":"follow","max-snippet":"max-snippet:-1","max-image-preview":"max-image-preview:large","max-video-preview":"max-video-preview:-1"},"canonical":"https:\/\/www.lcingredients.com\/fr\/ingredients-cosmetiques-pour-cheveux-barbe-et-perte-de-force\/","og_locale":"fr_FR","og_type":"article","og_title":"Hair & Beard - LC Ingredients","og_description":"Discover our cosmetics ingredients for beautiful hair and a thick beard. Certified COSMOS and clinicaly validated","og_url":"https:\/\/www.lcingredients.com\/fr\/ingredients-cosmetiques-pour-cheveux-barbe-et-perte-de-force\/","og_site_name":"LC Ingredients","article_modified_time":"2025-10-10T15:24:01+00:00","og_image":[{"width":2304,"height":1792,"url":"https:\/\/www.lcingredients.com\/wp-content\/uploads\/2025\/10\/beard_portrait-dun-homme-avec-une-belle-barbe-avec-un-fond-poetique-et-naturel.jpg","type":"image\/jpeg"}],"twitter_card":"summary_large_image","twitter_misc":{"Dur\u00e9e de lecture estim\u00e9e":"1 minute"},"schema":{"@context":"https:\/\/schema.org","@graph":[{"@type":"WebPage","@id":"https:\/\/www.lcingredients.com\/hair-beard-cosmetic-ingredients-loss-strenght\/","url":"https:\/\/www.lcingredients.com\/hair-beard-cosmetic-ingredients-loss-strenght\/","name":"Cheveux &amp; Barbe - LC Ingr\u00e9dients","isPartOf":{"@id":"https:\/\/www.lcingredients.com\/#website"},"primaryImageOfPage":{"@id":"https:\/\/www.lcingredients.com\/hair-beard-cosmetic-ingredients-loss-strenght\/#primaryimage"},"image":{"@id":"https:\/\/www.lcingredients.com\/hair-beard-cosmetic-ingredients-loss-strenght\/#primaryimage"},"thumbnailUrl":"https:\/\/www.lcingredients.com\/wp-content\/uploads\/2025\/10\/beard_portrait-dun-homme-avec-une-belle-barbe-avec-un-fond-poetique-et-naturel-1024x796.jpg","datePublished":"2023-09-25T13:52:23+00:00","dateModified":"2025-10-10T15:24:01+00:00","description":"D\u00e9couvrez nos ingr\u00e9dients cosm\u00e9tiques pour de beaux cheveux et une barbe \u00e9paisse. Certifi\u00e9 COSMOS et valid\u00e9 cliniquement","breadcrumb":{"@id":"https:\/\/www.lcingredients.com\/hair-beard-cosmetic-ingredients-loss-strenght\/#breadcrumb"},"inLanguage":"fr-FR","potentialAction":[{"@type":"ReadAction","target":["https:\/\/www.lcingredients.com\/hair-beard-cosmetic-ingredients-loss-strenght\/"]}]},{"@type":"ImageObject","inLanguage":"fr-FR","@id":"https:\/\/www.lcingredients.com\/hair-beard-cosmetic-ingredients-loss-strenght\/#primaryimage","url":"https:\/\/www.lcingredients.com\/wp-content\/uploads\/2025\/10\/beard_portrait-dun-homme-avec-une-belle-barbe-avec-un-fond-poetique-et-naturel-1024x796.jpg","contentUrl":"https:\/\/www.lcingredients.com\/wp-content\/uploads\/2025\/10\/beard_portrait-dun-homme-avec-une-belle-barbe-avec-un-fond-poetique-et-naturel-1024x796.jpg"},{"@type":"BreadcrumbList","@id":"https:\/\/www.lcingredients.com\/hair-beard-cosmetic-ingredients-loss-strenght\/#breadcrumb","itemListElement":[{"@type":"ListItem","position":1,"name":"Home","item":"https:\/\/www.lcingredients.com\/"},{"@type":"ListItem","position":2,"name":"Hair &#038; Beard"}]},{"@type":"WebSite","@id":"https:\/\/www.lcingredients.com\/#website","url":"https:\/\/www.lcingredients.com\/","name":"Ingr\u00e9dients LC","description":"D\u00e9couvrez des ingr\u00e9dients de haute qualit\u00e9 pour vos formulations de compl\u00e9ments alimentaires et cosm\u00e9tiques.","publisher":{"@id":"https:\/\/www.lcingredients.com\/#organization"},"potentialAction":[{"@type":"SearchAction","target":{"@type":"EntryPoint","urlTemplate":"https:\/\/www.lcingredients.com\/?s={search_term_string}"},"query-input":{"@type":"PropertyValueSpecification","valueRequired":true,"valueName":"search_term_string"}}],"inLanguage":"fr-FR"},{"@type":"Organization","@id":"https:\/\/www.lcingredients.com\/#organization","name":"Ingr\u00e9dients LC","url":"https:\/\/www.lcingredients.com\/","logo":{"@type":"ImageObject","inLanguage":"fr-FR","@id":"https:\/\/www.lcingredients.com\/#\/schema\/logo\/image\/","url":"https:\/\/www.lcingredients.com\/wp-content\/uploads\/2023\/10\/LOGO-LC-INGREDIENTS.png","contentUrl":"https:\/\/www.lcingredients.com\/wp-content\/uploads\/2023\/10\/LOGO-LC-INGREDIENTS.png","width":1280,"height":1060,"caption":"LC Ingredients"},"image":{"@id":"https:\/\/www.lcingredients.com\/#\/schema\/logo\/image\/"},"sameAs":["https:\/\/www.linkedin.com\/company\/lcingredients\/"]}]}},"_links":{"self":[{"href":"https:\/\/www.lcingredients.com\/fr\/wp-json\/wp\/v2\/pages\/588","targetHints":{"allow":["GET"]}}],"collection":[{"href":"https:\/\/www.lcingredients.com\/fr\/wp-json\/wp\/v2\/pages"}],"about":[{"href":"https:\/\/www.lcingredients.com\/fr\/wp-json\/wp\/v2\/types\/page"}],"author":[{"embeddable":true,"href":"https:\/\/www.lcingredients.com\/fr\/wp-json\/wp\/v2\/users\/3"}],"replies":[{"embeddable":true,"href":"https:\/\/www.lcingredients.com\/fr\/wp-json\/wp\/v2\/comments?post=588"}],"version-history":[{"count":38,"href":"https:\/\/www.lcingredients.com\/fr\/wp-json\/wp\/v2\/pages\/588\/revisions"}],"predecessor-version":[{"id":5013,"href":"https:\/\/www.lcingredients.com\/fr\/wp-json\/wp\/v2\/pages\/588\/revisions\/5013"}],"wp:attachment":[{"href":"https:\/\/www.lcingredients.com\/fr\/wp-json\/wp\/v2\/media?parent=588"}],"curies":[{"name":"wp","href":"https:\/\/api.w.org\/{rel}","templated":true}]}}