{"id":3,"date":"2023-06-26T12:45:29","date_gmt":"2023-06-26T12:45:29","guid":{"rendered":"https:\/\/www.lcingredients.com\/?page_id=3"},"modified":"2023-10-23T08:26:20","modified_gmt":"2023-10-23T08:26:20","slug":"politique-de-confidentialite","status":"publish","type":"page","link":"https:\/\/www.lcingredients.com\/fr\/politique-de-confidentialite\/","title":{"rendered":"politique de confidentialit\u00e9"},"content":{"rendered":"<h2 class=\"wp-block-heading\">Qui nous sommes<\/h2>\n\n\n\n<p><strong class=\"privacy-policy-tutorial\">Texte sugg\u00e9r\u00e9\u00a0: <\/strong>L&#039;adresse de notre site Web est\u00a0: https:\/\/www.lcingredients.com.<\/p>\n\n\n\n<p>Ingr\u00e9dients LC<br>Adresse : 227, Avenue de Provence<br>13600 La Ciotat, France<br>T\u00e9l\u00e9phone : +33 (0)4 42 08 89 20<br>Email : contact@lcingredients.com<\/p>\n\n\n\n<h2 class=\"wp-block-heading\">Conception de sites Web<br><\/h2>\n\n\n\n<p>Conception, d\u00e9veloppement informatique, graphisme et cr\u00e9ation de site internet par CoobleWeb<\/p>\n\n\n\n<h2 class=\"wp-block-heading\">PROPRI\u00c9T\u00c9 INTELLECTUELLE<\/h2>\n\n\n\n<p>La structure g\u00e9n\u00e9rale, ainsi que le questionnaire, les textes, les images anim\u00e9es ou fixes, les sons, les graphiques,<br>les documents t\u00e9l\u00e9chargeables, les bases de donn\u00e9es et tout autre \u00e9l\u00e9ment composant le site sont soumis aux lois en vigueur<br>et restent la propri\u00e9t\u00e9 exclusive de LC ingr\u00e9dients. Toute reproduction ou redistribution de tout ou partie de ce contenu est soumise \u00e0 l&#039;autorisation pr\u00e9alable, \u00e9crite et expresse de LC ingr\u00e9dients.<\/p>\n\n\n\n<h2 class=\"wp-block-heading\">HYPERLIEN<\/h2>\n\n\n\n<p>LC ingr\u00e9dients autorise la cr\u00e9ation de liens hypertextes vers le contenu de son site, sous r\u00e9serve de :<br>le lien vers le site LC ingr\u00e9dients est accessible en ouvrant une nouvelle fen\u00eatre\/onglet.<br>Toute reproduction d&#039;un des \u00e9l\u00e9ments du site dans un site tiers par voie d&#039;inclusion, de framing, d&#039;inlining ou tout autre proc\u00e9d\u00e9 similaire est interdite.<br>Le frame, l\u2019inlining ou tout autre processus similaire sont strictement interdits.<br>la balise \u00ab titre \u00bb du lien doit mentionner les ingr\u00e9dients LC et la source doit \u00eatre clairement indiqu\u00e9e sur ou \u00e0 proximit\u00e9 du lien.<br>le lien n&#039;est pas utilis\u00e9 \u00e0 des fins commerciales ou publicitaires.<br>Cette autorisation ne s&#039;applique pas aux sites Internet contenant des informations \u00e0 caract\u00e8re violent, pornographique ou x\u00e9nophobe, pornographique, x\u00e9nophobe ou autrement offensante pour le grand public.<\/p>\n\n\n\n<h2 class=\"wp-block-heading\">COOKIES DU SITE WEB<\/h2>\n\n\n\n<p>Ce site utilise des cookies \u2013 de petits fichiers texte plac\u00e9s sur votre ordinateur pour aider le site \u00e0 offrir une meilleure exp\u00e9rience utilisateur. En g\u00e9n\u00e9ral, les cookies sont utilis\u00e9s pour suivre les pr\u00e9f\u00e9rences des utilisateurs, stocker des informations telles que les paniers d&#039;achat et fournir des donn\u00e9es de suivi anonymis\u00e9es \u00e0 des applications tierces telles que Google Analytics. En r\u00e8gle g\u00e9n\u00e9rale, les cookies am\u00e9lioreront votre exp\u00e9rience de navigation. Cependant, vous pr\u00e9f\u00e9rerez peut-\u00eatre d\u00e9sactiver les cookies sur ce site et sur d&#039;autres sites. Le moyen le plus efficace consiste \u00e0 d\u00e9sactiver les cookies dans votre navigateur. Nous vous sugg\u00e9rons de consulter la rubrique Aide de votre navigateur, ou le site \u00c0 propos des cookies, qui propose des conseils pour tous les navigateurs modernes.<\/p>\n\n\n\n<h2 class=\"wp-block-heading\">DONN\u00c9ES PERSONNELLES<\/h2>\n\n\n\n<p>IDENTIT\u00c9 DU RESPONSABLE DU TRAITEMENT<br>Les donn\u00e9es personnelles sont collect\u00e9es par LC Ingr\u00e9dients<br>Le responsable du traitement des donn\u00e9es personnelles est Lorenzo Carlini.<\/p>\n\n\n\n<h2 class=\"wp-block-heading\">OBJECTIF DU TRAITEMENT<\/h2>\n\n\n\n<p>Les donn\u00e9es sont collect\u00e9es et trait\u00e9es afin de permettre \u00e0 LC ingr\u00e9dients de :<br>fournir aux r\u00e9pondants une synth\u00e8se des r\u00e9sultats par secteur d\u2019activit\u00e9, taille d\u2019entreprise, etc.<br>\u00e9diter le diagnostic et y associer les conseils pertinents \u00e0 transmettre aux r\u00e9pondants,<br>r\u00e9pondre aux demandes \u00e9crites formul\u00e9es via le formulaire de contact<br>envoyer une newsletter,<br>mesurer l&#039;audience du site.<br>suivre les commentaires li\u00e9s au blog<br>suivre les achats sur le site Web<\/p>\n\n\n\n<h2 class=\"wp-block-heading\">DESTINATAIRE DES INFORMATIONS<\/h2>\n\n\n\n<p>Les destinataires des donn\u00e9es sont le service ingr\u00e9dients de LC en charge du num\u00e9rique et de la mise en \u0153uvre du RGPD.<\/p>\n\n\n\n<h2 class=\"wp-block-heading\">DROITS PERSONNELS<\/h2>\n\n\n\n<p>Conform\u00e9ment \u00e0 la loi Informatique et Libert\u00e9s n\u00b0 Conform\u00e9ment \u00e0 la loi n\u00b0 78-17 du 6 janvier 1978 modifi\u00e9e, vous disposez d&#039;un droit d&#039;acc\u00e8s aux donn\u00e9es trait\u00e9es et vous pouvez en obtenir une rectification ou exercer votre droit d&#039;opposition.<br><\/p>\n\n\n\n<p>Vous pouvez exercer vos droits en nous contactant via notre formulaire de contact ou sur le<br>page d\u00e9di\u00e9e : RGPD \u2013 Demande de donn\u00e9es personnelles<br>Conform\u00e9ment \u00e0 la r\u00e9glementation en vigueur, votre demande doit \u00eatre accompagn\u00e9e d&#039;une photocopie d&#039;un titre d&#039;identit\u00e9 et pr\u00e9ciser l&#039;adresse \u00e0 laquelle doit \u00eatre envoy\u00e9e la r\u00e9ponse.<br><\/p>\n\n\n\n<p>Nous vous invitons \u00e9galement \u00e0 consulter notre politique d&#039;utilisation des cookies, voir section II des pr\u00e9sentes mentions l\u00e9gales.<\/p>\n\n\n\n<h2 class=\"wp-block-heading\">FORMULAIRE DE CONTACT<\/h2>\n\n\n\n<p>Les donn\u00e9es collect\u00e9es via le formulaire de contact et le chabot permettent \u00e0 LCingredients de r\u00e9pondre \u00e0 vos demandes. Vous disposez d&#039;un droit d&#039;acc\u00e8s aux donn\u00e9es trait\u00e9es et vous pouvez obtenir une rectification ou exercer votre droit d&#039;opposition en contactant LC ingr\u00e9dients via la page d\u00e9di\u00e9e.<\/p>\n\n\n\n<h2 class=\"wp-block-heading\">POLITIQUE DE CONFIDENTIALIT\u00c9<\/h2>\n\n\n\n<p>Types de donn\u00e9es collect\u00e9es :<br>Noms, pr\u00e9noms, email, t\u00e9l\u00e9phone, adresse postale, adresse IP.<br>Pourquoi nous collectons ces donn\u00e9es :<br>communication via newsletters, facturation, suivi du comportement des utilisateurs sur le site\u2026<br>Dur\u00e9e de conservation des donn\u00e9es :<br>LC Ingr\u00e9dients conserve les donn\u00e9es marketing pendant 3 ans maximum, et les donn\u00e9es de facturation pendant 6 ans maximum.<\/p>\n\n\n\n<p>Mesures de s\u00e9curit\u00e9 mises en \u0153uvre pour respecter le RGPD<br>Cr\u00e9ation d&#039;une page d\u00e9di\u00e9e \u00e0 la modification des donn\u00e9es personnelles : https:\/\/www.lcingredients.com\/gdpr-rgpddemand\u2026ees-personnelles\/<br>Cr\u00e9ation de boutons obligatoires sur les formulaires de contact<\/p>","protected":false},"excerpt":{"rendered":"<p>Qui sommes-nous Texte sugg\u00e9r\u00e9 : L\u2019adresse de notre site Internet est : https:\/\/www.lcingredients.com. LC ingr\u00e9dientsAdresse : 227, Avenue de Provence13600 La Ciotat, FranceT\u00e9l\u00e9phone : +33 (0)4 42 08 89 20Email : contact@lcingredients.com R\u00e9alisation du site Internet Conception, d\u00e9veloppement informatique, graphisme et cr\u00e9ation du site Internet par CoobleWeb PROPRI\u00c9T\u00c9 INTELLECTUELLE La structure g\u00e9n\u00e9rale, ainsi que le questionnaire, les textes, les images anim\u00e9es ou non, [\u2026]<\/p>","protected":false},"author":1,"featured_media":0,"parent":0,"menu_order":0,"comment_status":"closed","ping_status":"open","template":"","meta":{"_eb_attr":"","footnotes":""},"class_list":["post-3","page","type-page","status-publish","hentry"],"yoast_head":"<!-- This site is optimized with the Yoast SEO plugin v26.7 - https:\/\/yoast.com\/wordpress\/plugins\/seo\/ -->\n<title>Privacy Policy - LC Ingredients<\/title>\n<meta name=\"description\" content=\"LC Ingredients - Privacy Policy\" \/>\n<meta name=\"robots\" content=\"index, follow, max-snippet:-1, max-image-preview:large, max-video-preview:-1\" \/>\n<link rel=\"canonical\" href=\"https:\/\/www.lcingredients.com\/fr\/politique-de-confidentialite\/\" \/>\n<meta property=\"og:locale\" content=\"fr_FR\" \/>\n<meta property=\"og:type\" content=\"article\" \/>\n<meta property=\"og:title\" content=\"Privacy Policy - LC Ingredients\" \/>\n<meta property=\"og:description\" content=\"LC Ingredients - Privacy Policy\" \/>\n<meta property=\"og:url\" content=\"https:\/\/www.lcingredients.com\/fr\/politique-de-confidentialite\/\" \/>\n<meta property=\"og:site_name\" content=\"LC Ingredients\" \/>\n<meta property=\"article:modified_time\" content=\"2023-10-23T08:26:20+00:00\" \/>\n<meta name=\"twitter:card\" content=\"summary_large_image\" \/>\n<meta name=\"twitter:label1\" content=\"Dur\u00e9e de lecture estim\u00e9e\" \/>\n\t<meta name=\"twitter:data1\" content=\"3 minutes\" \/>\n<script type=\"application\/ld+json\" class=\"yoast-schema-graph\">{\"@context\":\"https:\/\/schema.org\",\"@graph\":[{\"@type\":\"WebPage\",\"@id\":\"https:\/\/www.lcingredients.com\/fr\/politique-de-confidentialite\/\",\"url\":\"https:\/\/www.lcingredients.com\/fr\/politique-de-confidentialite\/\",\"name\":\"Privacy Policy - LC Ingredients\",\"isPartOf\":{\"@id\":\"https:\/\/www.lcingredients.com\/#website\"},\"datePublished\":\"2023-06-26T12:45:29+00:00\",\"dateModified\":\"2023-10-23T08:26:20+00:00\",\"description\":\"LC Ingredients - Privacy Policy\",\"breadcrumb\":{\"@id\":\"https:\/\/www.lcingredients.com\/fr\/politique-de-confidentialite\/#breadcrumb\"},\"inLanguage\":\"fr-FR\",\"potentialAction\":[{\"@type\":\"ReadAction\",\"target\":[\"https:\/\/www.lcingredients.com\/fr\/politique-de-confidentialite\/\"]}]},{\"@type\":\"BreadcrumbList\",\"@id\":\"https:\/\/www.lcingredients.com\/fr\/politique-de-confidentialite\/#breadcrumb\",\"itemListElement\":[{\"@type\":\"ListItem\",\"position\":1,\"name\":\"Home\",\"item\":\"https:\/\/www.lcingredients.com\/\"},{\"@type\":\"ListItem\",\"position\":2,\"name\":\"Privacy Policy\"}]},{\"@type\":\"WebSite\",\"@id\":\"https:\/\/www.lcingredients.com\/#website\",\"url\":\"https:\/\/www.lcingredients.com\/\",\"name\":\"LC Ingredients\",\"description\":\"Discover high-quality ingredients for your food supplements and cosmetics formulations.\",\"publisher\":{\"@id\":\"https:\/\/www.lcingredients.com\/#organization\"},\"potentialAction\":[{\"@type\":\"SearchAction\",\"target\":{\"@type\":\"EntryPoint\",\"urlTemplate\":\"https:\/\/www.lcingredients.com\/?s={search_term_string}\"},\"query-input\":{\"@type\":\"PropertyValueSpecification\",\"valueRequired\":true,\"valueName\":\"search_term_string\"}}],\"inLanguage\":\"fr-FR\"},{\"@type\":\"Organization\",\"@id\":\"https:\/\/www.lcingredients.com\/#organization\",\"name\":\"LC Ingredients\",\"url\":\"https:\/\/www.lcingredients.com\/\",\"logo\":{\"@type\":\"ImageObject\",\"inLanguage\":\"fr-FR\",\"@id\":\"https:\/\/www.lcingredients.com\/#\/schema\/logo\/image\/\",\"url\":\"https:\/\/www.lcingredients.com\/wp-content\/uploads\/2023\/10\/LOGO-LC-INGREDIENTS.png\",\"contentUrl\":\"https:\/\/www.lcingredients.com\/wp-content\/uploads\/2023\/10\/LOGO-LC-INGREDIENTS.png\",\"width\":1280,\"height\":1060,\"caption\":\"LC Ingredients\"},\"image\":{\"@id\":\"https:\/\/www.lcingredients.com\/#\/schema\/logo\/image\/\"},\"sameAs\":[\"https:\/\/www.linkedin.com\/company\/lcingredients\/\"]}]}<\/script>\n<!-- \/ Yoast SEO plugin. -->","yoast_head_json":{"title":"Politique de confidentialit\u00e9 - LC Ingr\u00e9dients","description":"Ingr\u00e9dients LC - Politique de confidentialit\u00e9","robots":{"index":"index","follow":"follow","max-snippet":"max-snippet:-1","max-image-preview":"max-image-preview:large","max-video-preview":"max-video-preview:-1"},"canonical":"https:\/\/www.lcingredients.com\/fr\/politique-de-confidentialite\/","og_locale":"fr_FR","og_type":"article","og_title":"Privacy Policy - LC Ingredients","og_description":"LC Ingredients - Privacy Policy","og_url":"https:\/\/www.lcingredients.com\/fr\/politique-de-confidentialite\/","og_site_name":"LC Ingredients","article_modified_time":"2023-10-23T08:26:20+00:00","twitter_card":"summary_large_image","twitter_misc":{"Dur\u00e9e de lecture estim\u00e9e":"3 minutes"},"schema":{"@context":"https:\/\/schema.org","@graph":[{"@type":"WebPage","@id":"https:\/\/www.lcingredients.com\/fr\/politique-de-confidentialite\/","url":"https:\/\/www.lcingredients.com\/fr\/politique-de-confidentialite\/","name":"Politique de confidentialit\u00e9 - LC Ingr\u00e9dients","isPartOf":{"@id":"https:\/\/www.lcingredients.com\/#website"},"datePublished":"2023-06-26T12:45:29+00:00","dateModified":"2023-10-23T08:26:20+00:00","description":"Ingr\u00e9dients LC - Politique de confidentialit\u00e9","breadcrumb":{"@id":"https:\/\/www.lcingredients.com\/fr\/politique-de-confidentialite\/#breadcrumb"},"inLanguage":"fr-FR","potentialAction":[{"@type":"ReadAction","target":["https:\/\/www.lcingredients.com\/fr\/politique-de-confidentialite\/"]}]},{"@type":"BreadcrumbList","@id":"https:\/\/www.lcingredients.com\/fr\/politique-de-confidentialite\/#breadcrumb","itemListElement":[{"@type":"ListItem","position":1,"name":"Home","item":"https:\/\/www.lcingredients.com\/"},{"@type":"ListItem","position":2,"name":"Privacy Policy"}]},{"@type":"WebSite","@id":"https:\/\/www.lcingredients.com\/#website","url":"https:\/\/www.lcingredients.com\/","name":"Ingr\u00e9dients LC","description":"D\u00e9couvrez des ingr\u00e9dients de haute qualit\u00e9 pour vos formulations de compl\u00e9ments alimentaires et cosm\u00e9tiques.","publisher":{"@id":"https:\/\/www.lcingredients.com\/#organization"},"potentialAction":[{"@type":"SearchAction","target":{"@type":"EntryPoint","urlTemplate":"https:\/\/www.lcingredients.com\/?s={search_term_string}"},"query-input":{"@type":"PropertyValueSpecification","valueRequired":true,"valueName":"search_term_string"}}],"inLanguage":"fr-FR"},{"@type":"Organization","@id":"https:\/\/www.lcingredients.com\/#organization","name":"Ingr\u00e9dients LC","url":"https:\/\/www.lcingredients.com\/","logo":{"@type":"ImageObject","inLanguage":"fr-FR","@id":"https:\/\/www.lcingredients.com\/#\/schema\/logo\/image\/","url":"https:\/\/www.lcingredients.com\/wp-content\/uploads\/2023\/10\/LOGO-LC-INGREDIENTS.png","contentUrl":"https:\/\/www.lcingredients.com\/wp-content\/uploads\/2023\/10\/LOGO-LC-INGREDIENTS.png","width":1280,"height":1060,"caption":"LC Ingredients"},"image":{"@id":"https:\/\/www.lcingredients.com\/#\/schema\/logo\/image\/"},"sameAs":["https:\/\/www.linkedin.com\/company\/lcingredients\/"]}]}},"_links":{"self":[{"href":"https:\/\/www.lcingredients.com\/fr\/wp-json\/wp\/v2\/pages\/3","targetHints":{"allow":["GET"]}}],"collection":[{"href":"https:\/\/www.lcingredients.com\/fr\/wp-json\/wp\/v2\/pages"}],"about":[{"href":"https:\/\/www.lcingredients.com\/fr\/wp-json\/wp\/v2\/types\/page"}],"author":[{"embeddable":true,"href":"https:\/\/www.lcingredients.com\/fr\/wp-json\/wp\/v2\/users\/1"}],"replies":[{"embeddable":true,"href":"https:\/\/www.lcingredients.com\/fr\/wp-json\/wp\/v2\/comments?post=3"}],"version-history":[{"count":2,"href":"https:\/\/www.lcingredients.com\/fr\/wp-json\/wp\/v2\/pages\/3\/revisions"}],"predecessor-version":[{"id":1307,"href":"https:\/\/www.lcingredients.com\/fr\/wp-json\/wp\/v2\/pages\/3\/revisions\/1307"}],"wp:attachment":[{"href":"https:\/\/www.lcingredients.com\/fr\/wp-json\/wp\/v2\/media?parent=3"}],"curies":[{"name":"wp","href":"https:\/\/api.w.org\/{rel}","templated":true}]}}