{"id":2581,"date":"2024-11-18T17:01:04","date_gmt":"2024-11-18T17:01:04","guid":{"rendered":"https:\/\/www.lcingredients.com\/?page_id=2581"},"modified":"2025-10-10T16:10:45","modified_gmt":"2025-10-10T16:10:45","slug":"sante-des-hommes","status":"publish","type":"page","link":"https:\/\/www.lcingredients.com\/fr\/sante-des-hommes\/","title":{"rendered":"Sant\u00e9 des hommes"},"content":{"rendered":"<div data-elementor-type=\"wp-page\" data-elementor-id=\"2581\" class=\"elementor elementor-2581\" data-elementor-post-type=\"page\">\n\t\t\t\t\t\t<section class=\"elementor-section elementor-top-section elementor-element elementor-element-d3eed9e elementor-section-full_width elementor-section-height-default elementor-section-height-default\" data-id=\"d3eed9e\" data-element_type=\"section\" data-e-type=\"section\">\n\t\t\t\t\t\t<div class=\"elementor-container elementor-column-gap-default\">\n\t\t\t\t\t<div class=\"elementor-column elementor-col-100 elementor-top-column elementor-element elementor-element-84d243b\" data-id=\"84d243b\" data-element_type=\"column\" data-e-type=\"column\">\n\t\t\t<div class=\"elementor-widget-wrap elementor-element-populated\">\n\t\t\t\t\t\t<div class=\"elementor-element elementor-element-665f186 elementor-widget elementor-widget-image\" data-id=\"665f186\" data-element_type=\"widget\" data-e-type=\"widget\" data-widget_type=\"image.default\">\n\t\t\t\t<div class=\"elementor-widget-container\">\n\t\t\t\t\t\t\t\t\t\t\t\t\t\t\t<img fetchpriority=\"high\" decoding=\"async\" width=\"800\" height=\"533\" src=\"https:\/\/www.lcingredients.com\/wp-content\/uploads\/2024\/12\/technique-amelioration-attention-concentration.jpg\" class=\"attachment-large size-large wp-image-2624\" alt=\"homme noir touchant sa t\u00eate dans son salon avec son ordinateur\" \/>\t\t\t\t\t\t\t\t\t\t\t\t\t\t\t<\/div>\n\t\t\t\t<\/div>\n\t\t\t\t<div class=\"elementor-element elementor-element-f3932e2 elementor-widget elementor-widget-heading\" data-id=\"f3932e2\" data-element_type=\"widget\" data-e-type=\"widget\" data-widget_type=\"heading.default\">\n\t\t\t\t<div class=\"elementor-widget-container\">\n\t\t\t\t\t<h1 class=\"elementor-heading-title elementor-size-default\">NOS INGR\u00c9DIENTS POUR LA SANT\u00c9 DES HOMMES<\/h1>\t\t\t\t<\/div>\n\t\t\t\t<\/div>\n\t\t\t\t\t<\/div>\n\t\t<\/div>\n\t\t\t\t\t<\/div>\n\t\t<\/section>\n\t\t\t\t<section class=\"elementor-section elementor-top-section elementor-element elementor-element-dabec21 elementor-section-boxed elementor-section-height-default elementor-section-height-default\" data-id=\"dabec21\" data-element_type=\"section\" data-e-type=\"section\">\n\t\t\t\t\t\t<div class=\"elementor-container elementor-column-gap-default\">\n\t\t\t\t\t<div class=\"elementor-column elementor-col-100 elementor-top-column elementor-element elementor-element-b41ab89\" data-id=\"b41ab89\" data-element_type=\"column\" data-e-type=\"column\">\n\t\t\t<div class=\"elementor-widget-wrap elementor-element-populated\">\n\t\t\t\t\t\t<div class=\"elementor-element elementor-element-014926d elementor-widget elementor-widget-heading\" data-id=\"014926d\" data-element_type=\"widget\" data-e-type=\"widget\" data-widget_type=\"heading.default\">\n\t\t\t\t<div class=\"elementor-widget-container\">\n\t\t\t\t\t<h1 class=\"elementor-heading-title elementor-size-default\">NUTRITION CIBL\u00c9E POUR LA VITALIT\u00c9 DES HOMMES<\/h1>\t\t\t\t<\/div>\n\t\t\t\t<\/div>\n\t\t\t\t<section class=\"elementor-section elementor-inner-section elementor-element elementor-element-c4fbdae elementor-section-boxed elementor-section-height-default elementor-section-height-default\" data-id=\"c4fbdae\" data-element_type=\"section\" data-e-type=\"section\">\n\t\t\t\t\t\t<div class=\"elementor-container elementor-column-gap-default\">\n\t\t\t\t\t<div class=\"elementor-column elementor-col-50 elementor-inner-column elementor-element elementor-element-0e45a59\" data-id=\"0e45a59\" data-element_type=\"column\" data-e-type=\"column\">\n\t\t\t<div class=\"elementor-widget-wrap elementor-element-populated\">\n\t\t\t\t\t\t<div class=\"elementor-element elementor-element-2356c1d elementor-widget elementor-widget-text-editor\" data-id=\"2356c1d\" data-element_type=\"widget\" data-e-type=\"widget\" data-widget_type=\"text-editor.default\">\n\t\t\t\t<div class=\"elementor-widget-container\">\n\t\t\t\t\t\t\t\t\t<p>La sant\u00e9 masculine n\u00e9cessite un soutien nutritionnel sur mesure pour pr\u00e9server l&#039;\u00e9nergie, l&#039;\u00e9quilibre hormonal, les performances physiques et un vieillissement en bonne sant\u00e9. Nos ingr\u00e9dients sont s\u00e9lectionn\u00e9s pour r\u00e9pondre \u00e0 des besoins physiologiques cl\u00e9s, de la protection cellulaire au soutien structurel, aidant ainsi les hommes \u00e0 rester actifs, r\u00e9silients et \u00e9quilibr\u00e9s tout au long de leur vie.<br \/><!--EndFragment --><\/p>\t\t\t\t\t\t\t\t<\/div>\n\t\t\t\t<\/div>\n\t\t\t\t\t<\/div>\n\t\t<\/div>\n\t\t\t\t<div class=\"elementor-column elementor-col-50 elementor-inner-column elementor-element elementor-element-a496fb1\" data-id=\"a496fb1\" data-element_type=\"column\" data-e-type=\"column\">\n\t\t\t<div class=\"elementor-widget-wrap elementor-element-populated\">\n\t\t\t\t\t\t<div class=\"elementor-element elementor-element-9cb7363 elementor-widget elementor-widget-text-editor\" data-id=\"9cb7363\" data-element_type=\"widget\" data-e-type=\"widget\" data-widget_type=\"text-editor.default\">\n\t\t\t\t<div class=\"elementor-widget-container\">\n\t\t\t\t\t\t\t\t\t<p><strong>Testofen\u00ae <\/strong>est l&#039;ingr\u00e9dient id\u00e9al pour soutenir la vitalit\u00e9, l&#039;\u00e9nergie et l&#039;\u00e9quilibre hormonal et aider \u00e0 am\u00e9liorer la sant\u00e9 des hommes.<\/p><p>D\u00e9couvrez-en plus sur cet ingr\u00e9dient.<\/p>\t\t\t\t\t\t\t\t<\/div>\n\t\t\t\t<\/div>\n\t\t\t\t\t<\/div>\n\t\t<\/div>\n\t\t\t\t\t<\/div>\n\t\t<\/section>\n\t\t\t\t\t<\/div>\n\t\t<\/div>\n\t\t\t\t\t<\/div>\n\t\t<\/section>\n\t\t\t\t<section class=\"elementor-section elementor-top-section elementor-element elementor-element-64f5ee3 elementor-section-boxed elementor-section-height-default elementor-section-height-default\" data-id=\"64f5ee3\" data-element_type=\"section\" data-e-type=\"section\">\n\t\t\t\t\t\t<div class=\"elementor-container elementor-column-gap-default\">\n\t\t\t\t\t<div class=\"elementor-column elementor-col-50 elementor-top-column elementor-element elementor-element-8767b40\" data-id=\"8767b40\" data-element_type=\"column\" data-e-type=\"column\" data-settings=\"{&quot;background_background&quot;:&quot;classic&quot;}\">\n\t\t\t<div class=\"elementor-widget-wrap elementor-element-populated\">\n\t\t\t\t\t\t<div class=\"elementor-element elementor-element-bbc754b elementor-widget elementor-widget-spacer\" data-id=\"bbc754b\" data-element_type=\"widget\" data-e-type=\"widget\" data-widget_type=\"spacer.default\">\n\t\t\t\t<div class=\"elementor-widget-container\">\n\t\t\t\t\t\t\t<div class=\"elementor-spacer\">\n\t\t\t<div class=\"elementor-spacer-inner\"><\/div>\n\t\t<\/div>\n\t\t\t\t\t\t<\/div>\n\t\t\t\t<\/div>\n\t\t\t\t<div class=\"elementor-element elementor-element-2878452 elementor-widget elementor-widget-image\" data-id=\"2878452\" data-element_type=\"widget\" data-e-type=\"widget\" data-widget_type=\"image.default\">\n\t\t\t\t<div class=\"elementor-widget-container\">\n\t\t\t\t\t\t\t\t\t\t\t\t\t\t\t\t<a href=\"https:\/\/www.lcingredients.com\/fr\/ingredients-testofen-sexuel-vitalite\/\">\n\t\t\t\t\t\t\t<img decoding=\"async\" width=\"398\" height=\"222\" src=\"https:\/\/www.lcingredients.com\/wp-content\/uploads\/2024\/11\/TESTOFEN-LOGO-REDUIT-1.png\" class=\"attachment-large size-large wp-image-2568\" alt=\"\" \/>\t\t\t\t\t\t\t\t<\/a>\n\t\t\t\t\t\t\t\t\t\t\t\t\t\t\t<\/div>\n\t\t\t\t<\/div>\n\t\t\t\t\t<\/div>\n\t\t<\/div>\n\t\t\t\t<div class=\"elementor-column elementor-col-50 elementor-top-column elementor-element elementor-element-258b03d\" data-id=\"258b03d\" data-element_type=\"column\" data-e-type=\"column\" data-settings=\"{&quot;background_background&quot;:&quot;classic&quot;}\">\n\t\t\t<div class=\"elementor-widget-wrap elementor-element-populated\">\n\t\t\t\t\t\t<div class=\"elementor-element elementor-element-89f9cbb elementor-widget elementor-widget-heading\" data-id=\"89f9cbb\" data-element_type=\"widget\" data-e-type=\"widget\" data-widget_type=\"heading.default\">\n\t\t\t\t<div class=\"elementor-widget-container\">\n\t\t\t\t\t<h2 class=\"elementor-heading-title elementor-size-default\">TESTOFEN\u00ae<\/h2>\t\t\t\t<\/div>\n\t\t\t\t<\/div>\n\t\t\t\t<div class=\"elementor-element elementor-element-da9528e elementor-widget elementor-widget-text-editor\" data-id=\"da9528e\" data-element_type=\"widget\" data-e-type=\"widget\" data-widget_type=\"text-editor.default\">\n\t\t\t\t<div class=\"elementor-widget-container\">\n\t\t\t\t\t\t\t\t\t<p><strong>Testofen\u00ae<\/strong> est un extrait standardis\u00e9 de\u00a0<em>Trigonella foenum-graecum<\/em>\u00a0Graines de fenugrec, cliniquement \u00e9tudi\u00e9es pour leur r\u00f4le dans le maintien d&#039;un taux de testost\u00e9rone sain, des performances physiques et de la libido masculine. Riche en saponines bioactives, notamment en compos\u00e9s f\u00e9nusides, Testofen\u00ae contribue \u00e0 l&#039;\u00e9quilibre hormonal et au m\u00e9tabolisme \u00e9nerg\u00e9tique, ce qui en fait un ingr\u00e9dient pr\u00e9cieux dans les formules ciblant la vitalit\u00e9 et la force masculines.<\/p>\t\t\t\t\t\t\t\t<\/div>\n\t\t\t\t<\/div>\n\t\t\t\t<div class=\"elementor-element elementor-element-5bb07a1 elementor-button-info elementor-align-center elementor-widget elementor-widget-button\" data-id=\"5bb07a1\" data-element_type=\"widget\" data-e-type=\"widget\" data-widget_type=\"button.default\">\n\t\t\t\t<div class=\"elementor-widget-container\">\n\t\t\t\t\t\t\t\t\t<div class=\"elementor-button-wrapper\">\n\t\t\t\t\t<a class=\"elementor-button elementor-button-link elementor-size-sm\" href=\"https:\/\/www.lcingredients.com\/fr\/ingredients-testofen-sexuel-vitalite\/\">\n\t\t\t\t\t\t<span class=\"elementor-button-content-wrapper\">\n\t\t\t\t\t\t\t\t\t<span class=\"elementor-button-text\">Voir plus<\/span>\n\t\t\t\t\t<\/span>\n\t\t\t\t\t<\/a>\n\t\t\t\t<\/div>\n\t\t\t\t\t\t\t\t<\/div>\n\t\t\t\t<\/div>\n\t\t\t\t\t<\/div>\n\t\t<\/div>\n\t\t\t\t\t<\/div>\n\t\t<\/section>\n\t\t\t\t<\/div>","protected":false},"excerpt":{"rendered":"<p>NOS INGR\u00c9DIENTS POUR LA SANT\u00c9 MASCULINE\u00a0: UNE NUTRITION CIBL\u00c9E POUR LA VITALIT\u00c9 DES HOMMES. La sant\u00e9 masculine n\u00e9cessite un soutien nutritionnel sur mesure pour maintenir l&#039;\u00e9nergie, l&#039;\u00e9quilibre hormonal, les performances physiques et un vieillissement en bonne sant\u00e9. Nos ingr\u00e9dients sont s\u00e9lectionn\u00e9s pour r\u00e9pondre \u00e0 des besoins physiologiques cl\u00e9s, de la protection cellulaire au soutien structurel, aidant les hommes \u00e0 rester actifs, r\u00e9silients et \u00e9quilibr\u00e9s tout au long de leur vie. Testofen\u00ae est l&#039;ingr\u00e9dient id\u00e9al pour [\u2026]<\/p>","protected":false},"author":2,"featured_media":0,"parent":0,"menu_order":0,"comment_status":"closed","ping_status":"closed","template":"","meta":{"_eb_attr":"","footnotes":""},"class_list":["post-2581","page","type-page","status-publish","hentry"],"yoast_head":"<!-- This site is optimized with the Yoast SEO plugin v26.7 - https:\/\/yoast.com\/wordpress\/plugins\/seo\/ -->\n<title>Men&#039;s Health: Boosting Vitality with Testofen - LC Ingredients<\/title>\n<meta name=\"description\" content=\"Support your men&#039;s health journey with key nutrients. Discover how Testofen\u00ae promotes vitality and strong hormonal balance.\" \/>\n<meta name=\"robots\" content=\"index, follow, max-snippet:-1, max-image-preview:large, max-video-preview:-1\" \/>\n<link rel=\"canonical\" href=\"https:\/\/www.lcingredients.com\/fr\/sante-des-hommes\/\" \/>\n<meta property=\"og:locale\" content=\"fr_FR\" \/>\n<meta property=\"og:type\" content=\"article\" \/>\n<meta property=\"og:title\" content=\"Men&#039;s Health: Boosting Vitality with Testofen - LC Ingredients\" \/>\n<meta property=\"og:description\" content=\"Support your men&#039;s health journey with key nutrients. Discover how Testofen\u00ae promotes vitality and strong hormonal balance.\" \/>\n<meta property=\"og:url\" content=\"https:\/\/www.lcingredients.com\/fr\/sante-des-hommes\/\" \/>\n<meta property=\"og:site_name\" content=\"LC Ingredients\" \/>\n<meta property=\"article:modified_time\" content=\"2025-10-10T16:10:45+00:00\" \/>\n<meta property=\"og:image\" content=\"https:\/\/www.lcingredients.com\/wp-content\/uploads\/2024\/12\/technique-amelioration-attention-concentration.jpg\" \/>\n\t<meta property=\"og:image:width\" content=\"1200\" \/>\n\t<meta property=\"og:image:height\" content=\"800\" \/>\n\t<meta property=\"og:image:type\" content=\"image\/jpeg\" \/>\n<meta name=\"twitter:card\" content=\"summary_large_image\" \/>\n<meta name=\"twitter:label1\" content=\"Dur\u00e9e de lecture estim\u00e9e\" \/>\n\t<meta name=\"twitter:data1\" content=\"1 minute\" \/>\n<script type=\"application\/ld+json\" class=\"yoast-schema-graph\">{\"@context\":\"https:\/\/schema.org\",\"@graph\":[{\"@type\":\"WebPage\",\"@id\":\"https:\/\/www.lcingredients.com\/mens-health\/\",\"url\":\"https:\/\/www.lcingredients.com\/mens-health\/\",\"name\":\"Men's Health: Boosting Vitality with Testofen - LC Ingredients\",\"isPartOf\":{\"@id\":\"https:\/\/www.lcingredients.com\/#website\"},\"primaryImageOfPage\":{\"@id\":\"https:\/\/www.lcingredients.com\/mens-health\/#primaryimage\"},\"image\":{\"@id\":\"https:\/\/www.lcingredients.com\/mens-health\/#primaryimage\"},\"thumbnailUrl\":\"https:\/\/www.lcingredients.com\/wp-content\/uploads\/2024\/12\/technique-amelioration-attention-concentration.jpg\",\"datePublished\":\"2024-11-18T17:01:04+00:00\",\"dateModified\":\"2025-10-10T16:10:45+00:00\",\"description\":\"Support your men's health journey with key nutrients. Discover how Testofen\u00ae promotes vitality and strong hormonal balance.\",\"breadcrumb\":{\"@id\":\"https:\/\/www.lcingredients.com\/mens-health\/#breadcrumb\"},\"inLanguage\":\"fr-FR\",\"potentialAction\":[{\"@type\":\"ReadAction\",\"target\":[\"https:\/\/www.lcingredients.com\/mens-health\/\"]}]},{\"@type\":\"ImageObject\",\"inLanguage\":\"fr-FR\",\"@id\":\"https:\/\/www.lcingredients.com\/mens-health\/#primaryimage\",\"url\":\"https:\/\/www.lcingredients.com\/wp-content\/uploads\/2024\/12\/technique-amelioration-attention-concentration.jpg\",\"contentUrl\":\"https:\/\/www.lcingredients.com\/wp-content\/uploads\/2024\/12\/technique-amelioration-attention-concentration.jpg\"},{\"@type\":\"BreadcrumbList\",\"@id\":\"https:\/\/www.lcingredients.com\/mens-health\/#breadcrumb\",\"itemListElement\":[{\"@type\":\"ListItem\",\"position\":1,\"name\":\"Home\",\"item\":\"https:\/\/www.lcingredients.com\/\"},{\"@type\":\"ListItem\",\"position\":2,\"name\":\"Men&#8217;s health\"}]},{\"@type\":\"WebSite\",\"@id\":\"https:\/\/www.lcingredients.com\/#website\",\"url\":\"https:\/\/www.lcingredients.com\/\",\"name\":\"LC Ingredients\",\"description\":\"Discover high-quality ingredients for your food supplements and cosmetics formulations.\",\"publisher\":{\"@id\":\"https:\/\/www.lcingredients.com\/#organization\"},\"potentialAction\":[{\"@type\":\"SearchAction\",\"target\":{\"@type\":\"EntryPoint\",\"urlTemplate\":\"https:\/\/www.lcingredients.com\/?s={search_term_string}\"},\"query-input\":{\"@type\":\"PropertyValueSpecification\",\"valueRequired\":true,\"valueName\":\"search_term_string\"}}],\"inLanguage\":\"fr-FR\"},{\"@type\":\"Organization\",\"@id\":\"https:\/\/www.lcingredients.com\/#organization\",\"name\":\"LC Ingredients\",\"url\":\"https:\/\/www.lcingredients.com\/\",\"logo\":{\"@type\":\"ImageObject\",\"inLanguage\":\"fr-FR\",\"@id\":\"https:\/\/www.lcingredients.com\/#\/schema\/logo\/image\/\",\"url\":\"https:\/\/www.lcingredients.com\/wp-content\/uploads\/2023\/10\/LOGO-LC-INGREDIENTS.png\",\"contentUrl\":\"https:\/\/www.lcingredients.com\/wp-content\/uploads\/2023\/10\/LOGO-LC-INGREDIENTS.png\",\"width\":1280,\"height\":1060,\"caption\":\"LC Ingredients\"},\"image\":{\"@id\":\"https:\/\/www.lcingredients.com\/#\/schema\/logo\/image\/\"},\"sameAs\":[\"https:\/\/www.linkedin.com\/company\/lcingredients\/\"]}]}<\/script>\n<!-- \/ Yoast SEO plugin. -->","yoast_head_json":{"title":"Sant\u00e9 masculine\u00a0: Dynamiser sa vitalit\u00e9 avec Testofen - LC Ingredients","description":"Soutenez votre parcours sant\u00e9 masculin gr\u00e2ce \u00e0 des nutriments essentiels. D\u00e9couvrez comment Testofen\u00ae favorise la vitalit\u00e9 et un \u00e9quilibre hormonal optimal.","robots":{"index":"index","follow":"follow","max-snippet":"max-snippet:-1","max-image-preview":"max-image-preview:large","max-video-preview":"max-video-preview:-1"},"canonical":"https:\/\/www.lcingredients.com\/fr\/sante-des-hommes\/","og_locale":"fr_FR","og_type":"article","og_title":"Men's Health: Boosting Vitality with Testofen - LC Ingredients","og_description":"Support your men's health journey with key nutrients. Discover how Testofen\u00ae promotes vitality and strong hormonal balance.","og_url":"https:\/\/www.lcingredients.com\/fr\/sante-des-hommes\/","og_site_name":"LC Ingredients","article_modified_time":"2025-10-10T16:10:45+00:00","og_image":[{"width":1200,"height":800,"url":"https:\/\/www.lcingredients.com\/wp-content\/uploads\/2024\/12\/technique-amelioration-attention-concentration.jpg","type":"image\/jpeg"}],"twitter_card":"summary_large_image","twitter_misc":{"Dur\u00e9e de lecture estim\u00e9e":"1 minute"},"schema":{"@context":"https:\/\/schema.org","@graph":[{"@type":"WebPage","@id":"https:\/\/www.lcingredients.com\/mens-health\/","url":"https:\/\/www.lcingredients.com\/mens-health\/","name":"Sant\u00e9 masculine\u00a0: Dynamiser sa vitalit\u00e9 avec Testofen - LC Ingredients","isPartOf":{"@id":"https:\/\/www.lcingredients.com\/#website"},"primaryImageOfPage":{"@id":"https:\/\/www.lcingredients.com\/mens-health\/#primaryimage"},"image":{"@id":"https:\/\/www.lcingredients.com\/mens-health\/#primaryimage"},"thumbnailUrl":"https:\/\/www.lcingredients.com\/wp-content\/uploads\/2024\/12\/technique-amelioration-attention-concentration.jpg","datePublished":"2024-11-18T17:01:04+00:00","dateModified":"2025-10-10T16:10:45+00:00","description":"Soutenez votre parcours sant\u00e9 masculin gr\u00e2ce \u00e0 des nutriments essentiels. D\u00e9couvrez comment Testofen\u00ae favorise la vitalit\u00e9 et un \u00e9quilibre hormonal optimal.","breadcrumb":{"@id":"https:\/\/www.lcingredients.com\/mens-health\/#breadcrumb"},"inLanguage":"fr-FR","potentialAction":[{"@type":"ReadAction","target":["https:\/\/www.lcingredients.com\/mens-health\/"]}]},{"@type":"ImageObject","inLanguage":"fr-FR","@id":"https:\/\/www.lcingredients.com\/mens-health\/#primaryimage","url":"https:\/\/www.lcingredients.com\/wp-content\/uploads\/2024\/12\/technique-amelioration-attention-concentration.jpg","contentUrl":"https:\/\/www.lcingredients.com\/wp-content\/uploads\/2024\/12\/technique-amelioration-attention-concentration.jpg"},{"@type":"BreadcrumbList","@id":"https:\/\/www.lcingredients.com\/mens-health\/#breadcrumb","itemListElement":[{"@type":"ListItem","position":1,"name":"Home","item":"https:\/\/www.lcingredients.com\/"},{"@type":"ListItem","position":2,"name":"Men&#8217;s health"}]},{"@type":"WebSite","@id":"https:\/\/www.lcingredients.com\/#website","url":"https:\/\/www.lcingredients.com\/","name":"Ingr\u00e9dients LC","description":"D\u00e9couvrez des ingr\u00e9dients de haute qualit\u00e9 pour vos formulations de compl\u00e9ments alimentaires et cosm\u00e9tiques.","publisher":{"@id":"https:\/\/www.lcingredients.com\/#organization"},"potentialAction":[{"@type":"SearchAction","target":{"@type":"EntryPoint","urlTemplate":"https:\/\/www.lcingredients.com\/?s={search_term_string}"},"query-input":{"@type":"PropertyValueSpecification","valueRequired":true,"valueName":"search_term_string"}}],"inLanguage":"fr-FR"},{"@type":"Organization","@id":"https:\/\/www.lcingredients.com\/#organization","name":"Ingr\u00e9dients LC","url":"https:\/\/www.lcingredients.com\/","logo":{"@type":"ImageObject","inLanguage":"fr-FR","@id":"https:\/\/www.lcingredients.com\/#\/schema\/logo\/image\/","url":"https:\/\/www.lcingredients.com\/wp-content\/uploads\/2023\/10\/LOGO-LC-INGREDIENTS.png","contentUrl":"https:\/\/www.lcingredients.com\/wp-content\/uploads\/2023\/10\/LOGO-LC-INGREDIENTS.png","width":1280,"height":1060,"caption":"LC Ingredients"},"image":{"@id":"https:\/\/www.lcingredients.com\/#\/schema\/logo\/image\/"},"sameAs":["https:\/\/www.linkedin.com\/company\/lcingredients\/"]}]}},"_links":{"self":[{"href":"https:\/\/www.lcingredients.com\/fr\/wp-json\/wp\/v2\/pages\/2581","targetHints":{"allow":["GET"]}}],"collection":[{"href":"https:\/\/www.lcingredients.com\/fr\/wp-json\/wp\/v2\/pages"}],"about":[{"href":"https:\/\/www.lcingredients.com\/fr\/wp-json\/wp\/v2\/types\/page"}],"author":[{"embeddable":true,"href":"https:\/\/www.lcingredients.com\/fr\/wp-json\/wp\/v2\/users\/2"}],"replies":[{"embeddable":true,"href":"https:\/\/www.lcingredients.com\/fr\/wp-json\/wp\/v2\/comments?post=2581"}],"version-history":[{"count":22,"href":"https:\/\/www.lcingredients.com\/fr\/wp-json\/wp\/v2\/pages\/2581\/revisions"}],"predecessor-version":[{"id":5080,"href":"https:\/\/www.lcingredients.com\/fr\/wp-json\/wp\/v2\/pages\/2581\/revisions\/5080"}],"wp:attachment":[{"href":"https:\/\/www.lcingredients.com\/fr\/wp-json\/wp\/v2\/media?parent=2581"}],"curies":[{"name":"wp","href":"https:\/\/api.w.org\/{rel}","templated":true}]}}