{"id":2536,"date":"2024-10-15T15:44:16","date_gmt":"2024-10-15T15:44:16","guid":{"rendered":"https:\/\/www.lcingredients.com\/?page_id=2536"},"modified":"2025-10-15T15:25:44","modified_gmt":"2025-10-15T15:25:44","slug":"ingredients-pour-la-sante-des-femmes-menopause","status":"publish","type":"page","link":"https:\/\/www.lcingredients.com\/fr\/ingredients-pour-la-sante-des-femmes-menopause\/","title":{"rendered":"Sant\u00e9 des femmes"},"content":{"rendered":"<div data-elementor-type=\"wp-page\" data-elementor-id=\"2536\" class=\"elementor elementor-2536\" data-elementor-post-type=\"page\">\n\t\t\t\t\t\t<section class=\"elementor-section elementor-top-section elementor-element elementor-element-1aa3f59 elementor-section-full_width elementor-section-height-default elementor-section-height-default\" data-id=\"1aa3f59\" data-element_type=\"section\" data-e-type=\"section\">\n\t\t\t\t\t\t<div class=\"elementor-container elementor-column-gap-default\">\n\t\t\t\t\t<div class=\"elementor-column elementor-col-100 elementor-top-column elementor-element elementor-element-327f0e2\" data-id=\"327f0e2\" data-element_type=\"column\" data-e-type=\"column\">\n\t\t\t<div class=\"elementor-widget-wrap elementor-element-populated\">\n\t\t\t\t\t\t<div class=\"elementor-element elementor-element-533162f elementor-widget elementor-widget-image\" data-id=\"533162f\" data-element_type=\"widget\" data-e-type=\"widget\" data-widget_type=\"image.default\">\n\t\t\t\t<div class=\"elementor-widget-container\">\n\t\t\t\t\t\t\t\t\t\t\t\t\t\t\t<img fetchpriority=\"high\" decoding=\"async\" width=\"800\" height=\"533\" src=\"https:\/\/www.lcingredients.com\/wp-content\/uploads\/2024\/10\/Image1-2.png\" class=\"attachment-large size-large wp-image-2477\" alt=\"\" \/>\t\t\t\t\t\t\t\t\t\t\t\t\t\t\t<\/div>\n\t\t\t\t<\/div>\n\t\t\t\t<div class=\"elementor-element elementor-element-2d44429 elementor-widget elementor-widget-heading\" data-id=\"2d44429\" data-element_type=\"widget\" data-e-type=\"widget\" data-widget_type=\"heading.default\">\n\t\t\t\t<div class=\"elementor-widget-container\">\n\t\t\t\t\t<h1 class=\"elementor-heading-title elementor-size-default\">NOS FEMMES <br>INGR\u00c9DIENTS POUR LA SANT\u00c9<\/h1>\t\t\t\t<\/div>\n\t\t\t\t<\/div>\n\t\t\t\t\t<\/div>\n\t\t<\/div>\n\t\t\t\t\t<\/div>\n\t\t<\/section>\n\t\t\t\t<section class=\"elementor-section elementor-top-section elementor-element elementor-element-31a6439 elementor-section-boxed elementor-section-height-default elementor-section-height-default\" data-id=\"31a6439\" data-element_type=\"section\" data-e-type=\"section\">\n\t\t\t\t\t\t<div class=\"elementor-container elementor-column-gap-default\">\n\t\t\t\t\t<div class=\"elementor-column elementor-col-100 elementor-top-column elementor-element elementor-element-b72dfea\" data-id=\"b72dfea\" data-element_type=\"column\" data-e-type=\"column\">\n\t\t\t<div class=\"elementor-widget-wrap elementor-element-populated\">\n\t\t\t\t\t\t<div class=\"elementor-element elementor-element-e77da4c elementor-widget elementor-widget-heading\" data-id=\"e77da4c\" data-element_type=\"widget\" data-e-type=\"widget\" data-widget_type=\"heading.default\">\n\t\t\t\t<div class=\"elementor-widget-container\">\n\t\t\t\t\t<h1 class=\"elementor-heading-title elementor-size-default\">SOUTENIR LA SANT\u00c9 DES FEMMES \u00c0 CHAQUE \u00c9TAPE DE LA VIE<\/h1>\t\t\t\t<\/div>\n\t\t\t\t<\/div>\n\t\t\t\t<section class=\"elementor-section elementor-inner-section elementor-element elementor-element-d46e9d0 elementor-section-boxed elementor-section-height-default elementor-section-height-default\" data-id=\"d46e9d0\" data-element_type=\"section\" data-e-type=\"section\">\n\t\t\t\t\t\t<div class=\"elementor-container elementor-column-gap-default\">\n\t\t\t\t\t<div class=\"elementor-column elementor-col-50 elementor-inner-column elementor-element elementor-element-c8f61bf\" data-id=\"c8f61bf\" data-element_type=\"column\" data-e-type=\"column\">\n\t\t\t<div class=\"elementor-widget-wrap elementor-element-populated\">\n\t\t\t\t\t\t<div class=\"elementor-element elementor-element-a6923f7 elementor-widget elementor-widget-text-editor\" data-id=\"a6923f7\" data-element_type=\"widget\" data-e-type=\"widget\" data-widget_type=\"text-editor.default\">\n\t\t\t\t<div class=\"elementor-widget-container\">\n\t\t\t\t\t\t\t\t\t<p>Les besoins nutritionnels des femmes \u00e9voluent tout au long de leur vie\u00a0: \u00e9quilibre hormonal, \u00e9nergie, peau, cheveux et bien-\u00eatre \u00e9motionnel. Notre gamme d&#039;ingr\u00e9dients est con\u00e7ue pour accompagner les femmes \u00e0 chaque \u00e9tape de leur vie, en leur offrant un soutien cibl\u00e9.\u00a0<\/p>\t\t\t\t\t\t\t\t<\/div>\n\t\t\t\t<\/div>\n\t\t\t\t\t<\/div>\n\t\t<\/div>\n\t\t\t\t<div class=\"elementor-column elementor-col-50 elementor-inner-column elementor-element elementor-element-61d2fe1\" data-id=\"61d2fe1\" data-element_type=\"column\" data-e-type=\"column\">\n\t\t\t<div class=\"elementor-widget-wrap elementor-element-populated\">\n\t\t\t\t\t\t<div class=\"elementor-element elementor-element-1dd6d3b elementor-widget elementor-widget-text-editor\" data-id=\"1dd6d3b\" data-element_type=\"widget\" data-e-type=\"widget\" data-widget_type=\"text-editor.default\">\n\t\t\t\t<div class=\"elementor-widget-container\">\n\t\t\t\t\t\t\t\t\t<p>Gr\u00e2ce \u00e0 des actifs cliniquement \u00e9tudi\u00e9s et des compos\u00e9s naturels, nous contribuons \u00e0 promouvoir vitalit\u00e9, r\u00e9silience et \u00e9quilibre int\u00e9rieur \u00e0 chaque \u00e9tape. D\u00e9couvrez notre gamme d&#039;ingr\u00e9dients.<\/p>\t\t\t\t\t\t\t\t<\/div>\n\t\t\t\t<\/div>\n\t\t\t\t\t<\/div>\n\t\t<\/div>\n\t\t\t\t\t<\/div>\n\t\t<\/section>\n\t\t\t\t\t<\/div>\n\t\t<\/div>\n\t\t\t\t\t<\/div>\n\t\t<\/section>\n\t\t\t\t<section class=\"elementor-section elementor-top-section elementor-element elementor-element-516cea4 elementor-section-boxed elementor-section-height-default elementor-section-height-default\" data-id=\"516cea4\" data-element_type=\"section\" data-e-type=\"section\">\n\t\t\t\t\t\t<div class=\"elementor-container elementor-column-gap-default\">\n\t\t\t\t\t<div class=\"elementor-column elementor-col-50 elementor-top-column elementor-element elementor-element-aacf796\" data-id=\"aacf796\" data-element_type=\"column\" data-e-type=\"column\" data-settings=\"{&quot;background_background&quot;:&quot;classic&quot;}\">\n\t\t\t<div class=\"elementor-widget-wrap elementor-element-populated\">\n\t\t\t\t\t\t<div class=\"elementor-element elementor-element-e0ddee6 elementor-widget elementor-widget-spacer\" data-id=\"e0ddee6\" data-element_type=\"widget\" data-e-type=\"widget\" data-widget_type=\"spacer.default\">\n\t\t\t\t<div class=\"elementor-widget-container\">\n\t\t\t\t\t\t\t<div class=\"elementor-spacer\">\n\t\t\t<div class=\"elementor-spacer-inner\"><\/div>\n\t\t<\/div>\n\t\t\t\t\t\t<\/div>\n\t\t\t\t<\/div>\n\t\t\t\t<div class=\"elementor-element elementor-element-c9cab0d elementor-widget elementor-widget-image\" data-id=\"c9cab0d\" data-element_type=\"widget\" data-e-type=\"widget\" data-widget_type=\"image.default\">\n\t\t\t\t<div class=\"elementor-widget-container\">\n\t\t\t\t\t\t\t\t\t\t\t\t\t\t\t\t<a href=\"https:\/\/www.lcingredients.com\/fr\/libifem\/\">\n\t\t\t\t\t\t\t<img decoding=\"async\" width=\"792\" height=\"218\" src=\"https:\/\/www.lcingredients.com\/wp-content\/uploads\/2024\/10\/LIBIFEM-LOGO-2.png\" class=\"attachment-large size-large wp-image-2538\" alt=\"\" \/>\t\t\t\t\t\t\t\t<\/a>\n\t\t\t\t\t\t\t\t\t\t\t\t\t\t\t<\/div>\n\t\t\t\t<\/div>\n\t\t\t\t\t<\/div>\n\t\t<\/div>\n\t\t\t\t<div class=\"elementor-column elementor-col-50 elementor-top-column elementor-element elementor-element-6d67071\" data-id=\"6d67071\" data-element_type=\"column\" data-e-type=\"column\" data-settings=\"{&quot;background_background&quot;:&quot;classic&quot;}\">\n\t\t\t<div class=\"elementor-widget-wrap elementor-element-populated\">\n\t\t\t\t\t\t<div class=\"elementor-element elementor-element-436d54f elementor-widget elementor-widget-heading\" data-id=\"436d54f\" data-element_type=\"widget\" data-e-type=\"widget\" data-widget_type=\"heading.default\">\n\t\t\t\t<div class=\"elementor-widget-container\">\n\t\t\t\t\t<h2 class=\"elementor-heading-title elementor-size-default\">LIBIFEM\u00ae<\/h2>\t\t\t\t<\/div>\n\t\t\t\t<\/div>\n\t\t\t\t<div class=\"elementor-element elementor-element-6378d49 elementor-widget elementor-widget-text-editor\" data-id=\"6378d49\" data-element_type=\"widget\" data-e-type=\"widget\" data-widget_type=\"text-editor.default\">\n\t\t\t\t<div class=\"elementor-widget-container\">\n\t\t\t\t\t\t\t\t\t<p><strong><a href=\"https:\/\/www.lcingredients.com\/fr\/libifem\/\">Libifem<sup>\u00ae<\/sup><\/a>\u00a0<\/strong>est le nom de marque de Gencor pour un extrait contenant des saponines qui favorisent des niveaux sains d&#039;estradiol chez les femmes. Il a \u00e9t\u00e9 cliniquement d\u00e9montr\u00e9 que cet extrait favorise la vitalit\u00e9 et le d\u00e9sir sexuels sains d&#039;une femme, ainsi que qu&#039;il aide \u00e0 soulager les sympt\u00f4mes normaux de la m\u00e9nopause.<\/p>\t\t\t\t\t\t\t\t<\/div>\n\t\t\t\t<\/div>\n\t\t\t\t<div class=\"elementor-element elementor-element-793320b elementor-button-info elementor-align-center elementor-widget elementor-widget-button\" data-id=\"793320b\" data-element_type=\"widget\" data-e-type=\"widget\" data-widget_type=\"button.default\">\n\t\t\t\t<div class=\"elementor-widget-container\">\n\t\t\t\t\t\t\t\t\t<div class=\"elementor-button-wrapper\">\n\t\t\t\t\t<a class=\"elementor-button elementor-button-link elementor-size-sm\" href=\"https:\/\/www.lcingredients.com\/fr\/libifem\/\">\n\t\t\t\t\t\t<span class=\"elementor-button-content-wrapper\">\n\t\t\t\t\t\t\t\t\t<span class=\"elementor-button-text\">Voir plus<\/span>\n\t\t\t\t\t<\/span>\n\t\t\t\t\t<\/a>\n\t\t\t\t<\/div>\n\t\t\t\t\t\t\t\t<\/div>\n\t\t\t\t<\/div>\n\t\t\t\t\t<\/div>\n\t\t<\/div>\n\t\t\t\t\t<\/div>\n\t\t<\/section>\n\t\t\t\t<section class=\"elementor-section elementor-top-section elementor-element elementor-element-8a38ab2 elementor-section-boxed elementor-section-height-default elementor-section-height-default\" data-id=\"8a38ab2\" data-element_type=\"section\" data-e-type=\"section\">\n\t\t\t\t\t\t<div class=\"elementor-container elementor-column-gap-default\">\n\t\t\t\t\t<div class=\"elementor-column elementor-col-50 elementor-top-column elementor-element elementor-element-c56ee09\" data-id=\"c56ee09\" data-element_type=\"column\" data-e-type=\"column\" data-settings=\"{&quot;background_background&quot;:&quot;classic&quot;}\">\n\t\t\t<div class=\"elementor-widget-wrap elementor-element-populated\">\n\t\t\t\t\t\t<div class=\"elementor-element elementor-element-4846020 elementor-widget elementor-widget-heading\" data-id=\"4846020\" data-element_type=\"widget\" data-e-type=\"widget\" data-widget_type=\"heading.default\">\n\t\t\t\t<div class=\"elementor-widget-container\">\n\t\t\t\t\t<h2 class=\"elementor-heading-title elementor-size-default\">LEVAGEN+\u00ae<\/h2>\t\t\t\t<\/div>\n\t\t\t\t<\/div>\n\t\t\t\t<div class=\"elementor-element elementor-element-561abfb elementor-widget elementor-widget-text-editor\" data-id=\"561abfb\" data-element_type=\"widget\" data-e-type=\"widget\" data-widget_type=\"text-editor.default\">\n\t\t\t\t<div class=\"elementor-widget-container\">\n\t\t\t\t\t\t\t\t\t<p><strong>LEVAGEN+\u00ae<\/strong> est un palmitoyl\u00e9thanolamide (PEA) de haute qualit\u00e9. Le PEA est produit biologiquement par notre organisme gr\u00e2ce \u00e0 un m\u00e9canisme de r\u00e9paration, agissant sur les r\u00e9cepteurs CB1, CB2 et GPR55 ainsi que sur le canal TRPV1.\u00a0<\/p><p>Il s&#039;agit d&#039;un anti-inflammatoire naturel aux bienfaits \u00e9vidents dans divers domaines d&#039;application. Gr\u00e2ce \u00e0 l&#039;utilisation de la technologie lipisperse, l&#039;ingr\u00e9dient est dispersible, augmentant sa biodisponibilit\u00e9 (1,75 de plus que la version standard de Levagen).\u00a0<\/p>\t\t\t\t\t\t\t\t<\/div>\n\t\t\t\t<\/div>\n\t\t\t\t<div class=\"elementor-element elementor-element-1288b01 elementor-button-info elementor-align-center elementor-widget elementor-widget-button\" data-id=\"1288b01\" data-element_type=\"widget\" data-e-type=\"widget\" data-widget_type=\"button.default\">\n\t\t\t\t<div class=\"elementor-widget-container\">\n\t\t\t\t\t\t\t\t\t<div class=\"elementor-button-wrapper\">\n\t\t\t\t\t<a class=\"elementor-button elementor-button-link elementor-size-sm\" href=\"https:\/\/www.lcingredients.com\/fr\/douleurs-menstruelles-chez-les-femmes-levagen\/\">\n\t\t\t\t\t\t<span class=\"elementor-button-content-wrapper\">\n\t\t\t\t\t\t\t\t\t<span class=\"elementor-button-text\">Voir plus<\/span>\n\t\t\t\t\t<\/span>\n\t\t\t\t\t<\/a>\n\t\t\t\t<\/div>\n\t\t\t\t\t\t\t\t<\/div>\n\t\t\t\t<\/div>\n\t\t\t\t\t<\/div>\n\t\t<\/div>\n\t\t\t\t<div class=\"elementor-column elementor-col-50 elementor-top-column elementor-element elementor-element-61b11a4\" data-id=\"61b11a4\" data-element_type=\"column\" data-e-type=\"column\" data-settings=\"{&quot;background_background&quot;:&quot;classic&quot;}\">\n\t\t\t<div class=\"elementor-widget-wrap elementor-element-populated\">\n\t\t\t\t\t\t<div class=\"elementor-element elementor-element-4c46307 elementor-widget elementor-widget-spacer\" data-id=\"4c46307\" data-element_type=\"widget\" data-e-type=\"widget\" data-widget_type=\"spacer.default\">\n\t\t\t\t<div class=\"elementor-widget-container\">\n\t\t\t\t\t\t\t<div class=\"elementor-spacer\">\n\t\t\t<div class=\"elementor-spacer-inner\"><\/div>\n\t\t<\/div>\n\t\t\t\t\t\t<\/div>\n\t\t\t\t<\/div>\n\t\t\t\t<div class=\"elementor-element elementor-element-c21fd9d elementor-widget elementor-widget-image\" data-id=\"c21fd9d\" data-element_type=\"widget\" data-e-type=\"widget\" data-widget_type=\"image.default\">\n\t\t\t\t<div class=\"elementor-widget-container\">\n\t\t\t\t\t\t\t\t\t\t\t\t\t\t\t\t<a href=\"https:\/\/www.lcingredients.com\/fr\/mitoguerison\/\">\n\t\t\t\t\t\t\t<img decoding=\"async\" width=\"800\" height=\"273\" src=\"https:\/\/www.lcingredients.com\/wp-content\/uploads\/2024\/09\/Levagen-removebg-preview.png\" class=\"attachment-large size-large wp-image-2427\" alt=\"\" \/>\t\t\t\t\t\t\t\t<\/a>\n\t\t\t\t\t\t\t\t\t\t\t\t\t\t\t<\/div>\n\t\t\t\t<\/div>\n\t\t\t\t\t<\/div>\n\t\t<\/div>\n\t\t\t\t\t<\/div>\n\t\t<\/section>\n\t\t\t\t<\/div>","protected":false},"excerpt":{"rendered":"<p>NOS INGR\u00c9DIENTS POUR LA SANT\u00c9 F\u00c9MININE SOUTIENNENT LA SANT\u00c9 DES FEMMES \u00c0 CHAQUE \u00c9TAPE DE LA VIE. Les besoins nutritionnels des femmes \u00e9voluent tout au long de leur vie, de leur \u00e9quilibre hormonal et de leur \u00e9nergie \u00e0 leur peau, leurs cheveux et leur bien-\u00eatre \u00e9motionnel. Notre gamme d&#039;ingr\u00e9dients est con\u00e7ue pour accompagner les femmes \u00e0 chaque \u00e9tape de leur vie, en leur offrant un soutien cibl\u00e9. Gr\u00e2ce \u00e0 des actifs cliniquement \u00e9tudi\u00e9s et [\u2026]<\/p>","protected":false},"author":2,"featured_media":2894,"parent":0,"menu_order":0,"comment_status":"closed","ping_status":"closed","template":"","meta":{"_eb_attr":"","footnotes":""},"class_list":["post-2536","page","type-page","status-publish","has-post-thumbnail","hentry"],"yoast_head":"<!-- This site is optimized with the Yoast SEO plugin v26.7 - https:\/\/yoast.com\/wordpress\/plugins\/seo\/ -->\n<title>Women&#039;s Health - LC Ingredients<\/title>\n<meta name=\"description\" content=\"D\u00e9couvrez notre gamme d&#039;ingr\u00e9dients brevet\u00e9s d\u00e9di\u00e9s \u00e0 la sant\u00e9 des femmes, m\u00e9nopause, sommeil, m\u00e9tabolisme etc\" \/>\n<meta name=\"robots\" content=\"index, follow, max-snippet:-1, max-image-preview:large, max-video-preview:-1\" \/>\n<link rel=\"canonical\" href=\"https:\/\/www.lcingredients.com\/fr\/ingredients-pour-la-sante-des-femmes-menopause\/\" \/>\n<meta property=\"og:locale\" content=\"fr_FR\" \/>\n<meta property=\"og:type\" content=\"article\" \/>\n<meta property=\"og:title\" content=\"Women&#039;s Health - LC Ingredients\" \/>\n<meta property=\"og:description\" content=\"D\u00e9couvrez notre gamme d&#039;ingr\u00e9dients brevet\u00e9s d\u00e9di\u00e9s \u00e0 la sant\u00e9 des femmes, m\u00e9nopause, sommeil, m\u00e9tabolisme etc\" \/>\n<meta property=\"og:url\" content=\"https:\/\/www.lcingredients.com\/fr\/ingredients-pour-la-sante-des-femmes-menopause\/\" \/>\n<meta property=\"og:site_name\" content=\"LC Ingredients\" \/>\n<meta property=\"article:modified_time\" content=\"2025-10-15T15:25:44+00:00\" \/>\n<meta property=\"og:image\" content=\"https:\/\/www.lcingredients.com\/wp-content\/uploads\/2025\/03\/femmes-diversite-1160x680-1.jpg\" \/>\n\t<meta property=\"og:image:width\" content=\"1160\" \/>\n\t<meta property=\"og:image:height\" content=\"680\" \/>\n\t<meta property=\"og:image:type\" content=\"image\/jpeg\" \/>\n<meta name=\"twitter:card\" content=\"summary_large_image\" \/>\n<meta name=\"twitter:label1\" content=\"Dur\u00e9e de lecture estim\u00e9e\" \/>\n\t<meta name=\"twitter:data1\" content=\"2 minutes\" \/>\n<script type=\"application\/ld+json\" class=\"yoast-schema-graph\">{\"@context\":\"https:\/\/schema.org\",\"@graph\":[{\"@type\":\"WebPage\",\"@id\":\"https:\/\/www.lcingredients.com\/womens-health-ingredients-menopause\/\",\"url\":\"https:\/\/www.lcingredients.com\/womens-health-ingredients-menopause\/\",\"name\":\"Women's Health - LC Ingredients\",\"isPartOf\":{\"@id\":\"https:\/\/www.lcingredients.com\/#website\"},\"primaryImageOfPage\":{\"@id\":\"https:\/\/www.lcingredients.com\/womens-health-ingredients-menopause\/#primaryimage\"},\"image\":{\"@id\":\"https:\/\/www.lcingredients.com\/womens-health-ingredients-menopause\/#primaryimage\"},\"thumbnailUrl\":\"https:\/\/www.lcingredients.com\/wp-content\/uploads\/2025\/03\/femmes-diversite-1160x680-1.jpg\",\"datePublished\":\"2024-10-15T15:44:16+00:00\",\"dateModified\":\"2025-10-15T15:25:44+00:00\",\"description\":\"D\u00e9couvrez notre gamme d'ingr\u00e9dients brevet\u00e9s d\u00e9di\u00e9s \u00e0 la sant\u00e9 des femmes, m\u00e9nopause, sommeil, m\u00e9tabolisme etc\",\"breadcrumb\":{\"@id\":\"https:\/\/www.lcingredients.com\/womens-health-ingredients-menopause\/#breadcrumb\"},\"inLanguage\":\"fr-FR\",\"potentialAction\":[{\"@type\":\"ReadAction\",\"target\":[\"https:\/\/www.lcingredients.com\/womens-health-ingredients-menopause\/\"]}]},{\"@type\":\"ImageObject\",\"inLanguage\":\"fr-FR\",\"@id\":\"https:\/\/www.lcingredients.com\/womens-health-ingredients-menopause\/#primaryimage\",\"url\":\"https:\/\/www.lcingredients.com\/wp-content\/uploads\/2025\/03\/femmes-diversite-1160x680-1.jpg\",\"contentUrl\":\"https:\/\/www.lcingredients.com\/wp-content\/uploads\/2025\/03\/femmes-diversite-1160x680-1.jpg\",\"width\":1160,\"height\":680,\"caption\":\"sant\u00e9 des femmes m\u00e9nopause lc ingredients\"},{\"@type\":\"BreadcrumbList\",\"@id\":\"https:\/\/www.lcingredients.com\/womens-health-ingredients-menopause\/#breadcrumb\",\"itemListElement\":[{\"@type\":\"ListItem\",\"position\":1,\"name\":\"Home\",\"item\":\"https:\/\/www.lcingredients.com\/\"},{\"@type\":\"ListItem\",\"position\":2,\"name\":\"Women&#8217;s Health\"}]},{\"@type\":\"WebSite\",\"@id\":\"https:\/\/www.lcingredients.com\/#website\",\"url\":\"https:\/\/www.lcingredients.com\/\",\"name\":\"LC Ingredients\",\"description\":\"Discover high-quality ingredients for your food supplements and cosmetics formulations.\",\"publisher\":{\"@id\":\"https:\/\/www.lcingredients.com\/#organization\"},\"potentialAction\":[{\"@type\":\"SearchAction\",\"target\":{\"@type\":\"EntryPoint\",\"urlTemplate\":\"https:\/\/www.lcingredients.com\/?s={search_term_string}\"},\"query-input\":{\"@type\":\"PropertyValueSpecification\",\"valueRequired\":true,\"valueName\":\"search_term_string\"}}],\"inLanguage\":\"fr-FR\"},{\"@type\":\"Organization\",\"@id\":\"https:\/\/www.lcingredients.com\/#organization\",\"name\":\"LC Ingredients\",\"url\":\"https:\/\/www.lcingredients.com\/\",\"logo\":{\"@type\":\"ImageObject\",\"inLanguage\":\"fr-FR\",\"@id\":\"https:\/\/www.lcingredients.com\/#\/schema\/logo\/image\/\",\"url\":\"https:\/\/www.lcingredients.com\/wp-content\/uploads\/2023\/10\/LOGO-LC-INGREDIENTS.png\",\"contentUrl\":\"https:\/\/www.lcingredients.com\/wp-content\/uploads\/2023\/10\/LOGO-LC-INGREDIENTS.png\",\"width\":1280,\"height\":1060,\"caption\":\"LC Ingredients\"},\"image\":{\"@id\":\"https:\/\/www.lcingredients.com\/#\/schema\/logo\/image\/\"},\"sameAs\":[\"https:\/\/www.linkedin.com\/company\/lcingredients\/\"]}]}<\/script>\n<!-- \/ Yoast SEO plugin. -->","yoast_head_json":{"title":"Sant\u00e9 des femmes \u2013 Ingr\u00e9dients LC","description":"D\u00e9couvrez notre gamme d&#039;ingr\u00e9dients brevet\u00e9s d\u00e9di\u00e9s \u00e0 la sant\u00e9 des femmes, m\u00e9nopause, sommeil, m\u00e9tabolisme etc.","robots":{"index":"index","follow":"follow","max-snippet":"max-snippet:-1","max-image-preview":"max-image-preview:large","max-video-preview":"max-video-preview:-1"},"canonical":"https:\/\/www.lcingredients.com\/fr\/ingredients-pour-la-sante-des-femmes-menopause\/","og_locale":"fr_FR","og_type":"article","og_title":"Women's Health - LC Ingredients","og_description":"D\u00e9couvrez notre gamme d'ingr\u00e9dients brevet\u00e9s d\u00e9di\u00e9s \u00e0 la sant\u00e9 des femmes, m\u00e9nopause, sommeil, m\u00e9tabolisme etc","og_url":"https:\/\/www.lcingredients.com\/fr\/ingredients-pour-la-sante-des-femmes-menopause\/","og_site_name":"LC Ingredients","article_modified_time":"2025-10-15T15:25:44+00:00","og_image":[{"width":1160,"height":680,"url":"https:\/\/www.lcingredients.com\/wp-content\/uploads\/2025\/03\/femmes-diversite-1160x680-1.jpg","type":"image\/jpeg"}],"twitter_card":"summary_large_image","twitter_misc":{"Dur\u00e9e de lecture estim\u00e9e":"2 minutes"},"schema":{"@context":"https:\/\/schema.org","@graph":[{"@type":"WebPage","@id":"https:\/\/www.lcingredients.com\/womens-health-ingredients-menopause\/","url":"https:\/\/www.lcingredients.com\/womens-health-ingredients-menopause\/","name":"Sant\u00e9 des femmes \u2013 Ingr\u00e9dients LC","isPartOf":{"@id":"https:\/\/www.lcingredients.com\/#website"},"primaryImageOfPage":{"@id":"https:\/\/www.lcingredients.com\/womens-health-ingredients-menopause\/#primaryimage"},"image":{"@id":"https:\/\/www.lcingredients.com\/womens-health-ingredients-menopause\/#primaryimage"},"thumbnailUrl":"https:\/\/www.lcingredients.com\/wp-content\/uploads\/2025\/03\/femmes-diversite-1160x680-1.jpg","datePublished":"2024-10-15T15:44:16+00:00","dateModified":"2025-10-15T15:25:44+00:00","description":"D\u00e9couvrez notre gamme d&#039;ingr\u00e9dients brevet\u00e9s d\u00e9di\u00e9s \u00e0 la sant\u00e9 des femmes, m\u00e9nopause, sommeil, m\u00e9tabolisme etc.","breadcrumb":{"@id":"https:\/\/www.lcingredients.com\/womens-health-ingredients-menopause\/#breadcrumb"},"inLanguage":"fr-FR","potentialAction":[{"@type":"ReadAction","target":["https:\/\/www.lcingredients.com\/womens-health-ingredients-menopause\/"]}]},{"@type":"ImageObject","inLanguage":"fr-FR","@id":"https:\/\/www.lcingredients.com\/womens-health-ingredients-menopause\/#primaryimage","url":"https:\/\/www.lcingredients.com\/wp-content\/uploads\/2025\/03\/femmes-diversite-1160x680-1.jpg","contentUrl":"https:\/\/www.lcingredients.com\/wp-content\/uploads\/2025\/03\/femmes-diversite-1160x680-1.jpg","width":1160,"height":680,"caption":"sant\u00e9 des femmes m\u00e9nopause lc ingredients"},{"@type":"BreadcrumbList","@id":"https:\/\/www.lcingredients.com\/womens-health-ingredients-menopause\/#breadcrumb","itemListElement":[{"@type":"ListItem","position":1,"name":"Home","item":"https:\/\/www.lcingredients.com\/"},{"@type":"ListItem","position":2,"name":"Women&#8217;s Health"}]},{"@type":"WebSite","@id":"https:\/\/www.lcingredients.com\/#website","url":"https:\/\/www.lcingredients.com\/","name":"Ingr\u00e9dients LC","description":"D\u00e9couvrez des ingr\u00e9dients de haute qualit\u00e9 pour vos formulations de compl\u00e9ments alimentaires et cosm\u00e9tiques.","publisher":{"@id":"https:\/\/www.lcingredients.com\/#organization"},"potentialAction":[{"@type":"SearchAction","target":{"@type":"EntryPoint","urlTemplate":"https:\/\/www.lcingredients.com\/?s={search_term_string}"},"query-input":{"@type":"PropertyValueSpecification","valueRequired":true,"valueName":"search_term_string"}}],"inLanguage":"fr-FR"},{"@type":"Organization","@id":"https:\/\/www.lcingredients.com\/#organization","name":"Ingr\u00e9dients LC","url":"https:\/\/www.lcingredients.com\/","logo":{"@type":"ImageObject","inLanguage":"fr-FR","@id":"https:\/\/www.lcingredients.com\/#\/schema\/logo\/image\/","url":"https:\/\/www.lcingredients.com\/wp-content\/uploads\/2023\/10\/LOGO-LC-INGREDIENTS.png","contentUrl":"https:\/\/www.lcingredients.com\/wp-content\/uploads\/2023\/10\/LOGO-LC-INGREDIENTS.png","width":1280,"height":1060,"caption":"LC Ingredients"},"image":{"@id":"https:\/\/www.lcingredients.com\/#\/schema\/logo\/image\/"},"sameAs":["https:\/\/www.linkedin.com\/company\/lcingredients\/"]}]}},"_links":{"self":[{"href":"https:\/\/www.lcingredients.com\/fr\/wp-json\/wp\/v2\/pages\/2536","targetHints":{"allow":["GET"]}}],"collection":[{"href":"https:\/\/www.lcingredients.com\/fr\/wp-json\/wp\/v2\/pages"}],"about":[{"href":"https:\/\/www.lcingredients.com\/fr\/wp-json\/wp\/v2\/types\/page"}],"author":[{"embeddable":true,"href":"https:\/\/www.lcingredients.com\/fr\/wp-json\/wp\/v2\/users\/2"}],"replies":[{"embeddable":true,"href":"https:\/\/www.lcingredients.com\/fr\/wp-json\/wp\/v2\/comments?post=2536"}],"version-history":[{"count":37,"href":"https:\/\/www.lcingredients.com\/fr\/wp-json\/wp\/v2\/pages\/2536\/revisions"}],"predecessor-version":[{"id":5204,"href":"https:\/\/www.lcingredients.com\/fr\/wp-json\/wp\/v2\/pages\/2536\/revisions\/5204"}],"wp:featuredmedia":[{"embeddable":true,"href":"https:\/\/www.lcingredients.com\/fr\/wp-json\/wp\/v2\/media\/2894"}],"wp:attachment":[{"href":"https:\/\/www.lcingredients.com\/fr\/wp-json\/wp\/v2\/media?parent=2536"}],"curies":[{"name":"wp","href":"https:\/\/api.w.org\/{rel}","templated":true}]}}