{"id":2413,"date":"2024-09-26T07:32:16","date_gmt":"2024-09-26T07:32:16","guid":{"rendered":"https:\/\/www.lcingredients.com\/?page_id=2413"},"modified":"2026-02-10T16:57:16","modified_gmt":"2026-02-10T16:57:16","slug":"humeur-sommeil-ingredients-nourriture-alimentation","status":"publish","type":"page","link":"https:\/\/www.lcingredients.com\/fr\/humeur-sommeil-ingredients-nourriture-alimentation\/","title":{"rendered":"Humeur et sommeil"},"content":{"rendered":"<div data-elementor-type=\"wp-page\" data-elementor-id=\"2413\" class=\"elementor elementor-2413\" data-elementor-post-type=\"page\">\n\t\t\t\t\t\t<section class=\"elementor-section elementor-top-section elementor-element elementor-element-f2bf93f elementor-section-full_width elementor-section-height-default elementor-section-height-default\" data-id=\"f2bf93f\" data-element_type=\"section\" data-e-type=\"section\">\n\t\t\t\t\t\t<div class=\"elementor-container elementor-column-gap-default\">\n\t\t\t\t\t<div class=\"elementor-column elementor-col-100 elementor-top-column elementor-element elementor-element-b0fb680\" data-id=\"b0fb680\" data-element_type=\"column\" data-e-type=\"column\">\n\t\t\t<div class=\"elementor-widget-wrap elementor-element-populated\">\n\t\t\t\t\t\t<div class=\"elementor-element elementor-element-e6b56f4 elementor-widget elementor-widget-image\" data-id=\"e6b56f4\" data-element_type=\"widget\" data-e-type=\"widget\" data-widget_type=\"image.default\">\n\t\t\t\t<div class=\"elementor-widget-container\">\n\t\t\t\t\t\t\t\t\t\t\t\t\t\t\t<img fetchpriority=\"high\" decoding=\"async\" width=\"800\" height=\"533\" src=\"https:\/\/www.lcingredients.com\/wp-content\/uploads\/2025\/09\/mood-and-sleep-men-sleeping-night-bedroom-1024x682.jpg\" class=\"attachment-large size-large wp-image-3596\" alt=\"humeur et sommeil hommes dormant nuit chambre\" srcset=\"https:\/\/www.lcingredients.com\/wp-content\/uploads\/2025\/09\/mood-and-sleep-men-sleeping-night-bedroom-1024x682.jpg 1024w, https:\/\/www.lcingredients.com\/wp-content\/uploads\/2025\/09\/mood-and-sleep-men-sleeping-night-bedroom-300x200.jpg 300w, https:\/\/www.lcingredients.com\/wp-content\/uploads\/2025\/09\/mood-and-sleep-men-sleeping-night-bedroom-768x512.jpg 768w, https:\/\/www.lcingredients.com\/wp-content\/uploads\/2025\/09\/mood-and-sleep-men-sleeping-night-bedroom-1536x1024.jpg 1536w, https:\/\/www.lcingredients.com\/wp-content\/uploads\/2025\/09\/mood-and-sleep-men-sleeping-night-bedroom-18x12.jpg 18w, https:\/\/www.lcingredients.com\/wp-content\/uploads\/2025\/09\/mood-and-sleep-men-sleeping-night-bedroom-1320x880.jpg 1320w, https:\/\/www.lcingredients.com\/wp-content\/uploads\/2025\/09\/mood-and-sleep-men-sleeping-night-bedroom.jpg 2000w\" sizes=\"(max-width: 800px) 100vw, 800px\" \/>\t\t\t\t\t\t\t\t\t\t\t\t\t\t\t<\/div>\n\t\t\t\t<\/div>\n\t\t\t\t<div class=\"elementor-element elementor-element-b43d07c elementor-widget elementor-widget-heading\" data-id=\"b43d07c\" data-element_type=\"widget\" data-e-type=\"widget\" data-widget_type=\"heading.default\">\n\t\t\t\t<div class=\"elementor-widget-container\">\n\t\t\t\t\t<h1 class=\"elementor-heading-title elementor-size-default\">NOS INGR\u00c9DIENTS POUR L&#039;HUMEUR ET LE SOMMEIL<\/h1>\t\t\t\t<\/div>\n\t\t\t\t<\/div>\n\t\t\t\t\t<\/div>\n\t\t<\/div>\n\t\t\t\t\t<\/div>\n\t\t<\/section>\n\t\t\t\t<section class=\"elementor-section elementor-top-section elementor-element elementor-element-8151140 elementor-section-boxed elementor-section-height-default elementor-section-height-default\" data-id=\"8151140\" data-element_type=\"section\" data-e-type=\"section\">\n\t\t\t\t\t\t<div class=\"elementor-container elementor-column-gap-default\">\n\t\t\t\t\t<div class=\"elementor-column elementor-col-100 elementor-top-column elementor-element elementor-element-e3a2af5\" data-id=\"e3a2af5\" data-element_type=\"column\" data-e-type=\"column\">\n\t\t\t<div class=\"elementor-widget-wrap elementor-element-populated\">\n\t\t\t\t\t\t<div class=\"elementor-element elementor-element-bca0d7b elementor-widget elementor-widget-heading\" data-id=\"bca0d7b\" data-element_type=\"widget\" data-e-type=\"widget\" data-widget_type=\"heading.default\">\n\t\t\t\t<div class=\"elementor-widget-container\">\n\t\t\t\t\t<h1 class=\"elementor-heading-title elementor-size-default\">SOUTIEN \u00c0 L&#039;\u00c9QUILIBRE \u00c9MOTIONNEL ET \u00c0 UN SOMMEIL R\u00c9PARATEUR<\/h1>\t\t\t\t<\/div>\n\t\t\t\t<\/div>\n\t\t\t\t<section class=\"elementor-section elementor-inner-section elementor-element elementor-element-6266707 elementor-section-boxed elementor-section-height-default elementor-section-height-default\" data-id=\"6266707\" data-element_type=\"section\" data-e-type=\"section\">\n\t\t\t\t\t\t<div class=\"elementor-container elementor-column-gap-default\">\n\t\t\t\t\t<div class=\"elementor-column elementor-col-50 elementor-inner-column elementor-element elementor-element-7d86d34\" data-id=\"7d86d34\" data-element_type=\"column\" data-e-type=\"column\">\n\t\t\t<div class=\"elementor-widget-wrap elementor-element-populated\">\n\t\t\t\t\t\t<div class=\"elementor-element elementor-element-4ebd3ea elementor-widget elementor-widget-text-editor\" data-id=\"4ebd3ea\" data-element_type=\"widget\" data-e-type=\"widget\" data-widget_type=\"text-editor.default\">\n\t\t\t\t<div class=\"elementor-widget-container\">\n\t\t\t\t\t\t\t\t\t<p>L&#039;humeur et le sommeil sont des piliers intimement li\u00e9s du bien-\u00eatre g\u00e9n\u00e9ral. Notre gamme d&#039;ingr\u00e9dients est con\u00e7ue pour favoriser la stabilit\u00e9 \u00e9motionnelle, la r\u00e9sistance au stress et un sommeil r\u00e9parateur gr\u00e2ce \u00e0 des solutions nutritionnelles cibl\u00e9es.<br \/><!--EndFragment --><\/p>\t\t\t\t\t\t\t\t<\/div>\n\t\t\t\t<\/div>\n\t\t\t\t\t<\/div>\n\t\t<\/div>\n\t\t\t\t<div class=\"elementor-column elementor-col-50 elementor-inner-column elementor-element elementor-element-648180a\" data-id=\"648180a\" data-element_type=\"column\" data-e-type=\"column\">\n\t\t\t<div class=\"elementor-widget-wrap elementor-element-populated\">\n\t\t\t\t\t\t<div class=\"elementor-element elementor-element-a8bcff0 elementor-widget elementor-widget-text-editor\" data-id=\"a8bcff0\" data-element_type=\"widget\" data-e-type=\"widget\" data-widget_type=\"text-editor.default\">\n\t\t\t\t<div class=\"elementor-widget-container\">\n\t\t\t\t\t\t\t\t\t<p>En combinant des actifs scientifiquement \u00e9tudi\u00e9s avec des compos\u00e9s naturels, nous proposons des options efficaces pour aider \u00e0 restaurer le calme int\u00e9rieur et favoriser un repos r\u00e9parateur.<\/p>\t\t\t\t\t\t\t\t<\/div>\n\t\t\t\t<\/div>\n\t\t\t\t\t<\/div>\n\t\t<\/div>\n\t\t\t\t\t<\/div>\n\t\t<\/section>\n\t\t\t\t\t<\/div>\n\t\t<\/div>\n\t\t\t\t\t<\/div>\n\t\t<\/section>\n\t\t\t\t<section class=\"elementor-section elementor-top-section elementor-element elementor-element-961a9ee elementor-section-boxed elementor-section-height-default elementor-section-height-default\" data-id=\"961a9ee\" data-element_type=\"section\" data-e-type=\"section\">\n\t\t\t\t\t\t<div class=\"elementor-container elementor-column-gap-default\">\n\t\t\t\t\t<div class=\"elementor-column elementor-col-50 elementor-top-column elementor-element elementor-element-df1d7b3\" data-id=\"df1d7b3\" data-element_type=\"column\" data-e-type=\"column\" data-settings=\"{&quot;background_background&quot;:&quot;classic&quot;}\">\n\t\t\t<div class=\"elementor-widget-wrap elementor-element-populated\">\n\t\t\t\t\t\t<div class=\"elementor-element elementor-element-359e202 elementor-widget elementor-widget-heading\" data-id=\"359e202\" data-element_type=\"widget\" data-e-type=\"widget\" data-widget_type=\"heading.default\">\n\t\t\t\t<div class=\"elementor-widget-container\">\n\t\t\t\t\t<h2 class=\"elementor-heading-title elementor-size-default\">LEVAGEN+\u00ae<\/h2>\t\t\t\t<\/div>\n\t\t\t\t<\/div>\n\t\t\t\t<div class=\"elementor-element elementor-element-3916b7a elementor-widget elementor-widget-text-editor\" data-id=\"3916b7a\" data-element_type=\"widget\" data-e-type=\"widget\" data-widget_type=\"text-editor.default\">\n\t\t\t\t<div class=\"elementor-widget-container\">\n\t\t\t\t\t\t\t\t\t<p><strong>LEVAGEN+\u00ae<\/strong> est un palmitoyl\u00e9thanolamide (PEA) de haute qualit\u00e9. Le PEA est produit biologiquement par notre organisme gr\u00e2ce \u00e0 un m\u00e9canisme de r\u00e9paration, agissant sur les r\u00e9cepteurs CB1, CB2 et GPR55 ainsi que sur le canal TRPV1.\u00a0<\/p><p>Il s&#039;agit d&#039;un anti-inflammatoire naturel aux bienfaits \u00e9vidents dans divers domaines d&#039;application. Gr\u00e2ce \u00e0 l&#039;utilisation de la technologie lipisperse, l&#039;ingr\u00e9dient est dispersible, augmentant sa biodisponibilit\u00e9 (1,75 de plus que la version standard de Levagen).\u00a0<\/p>\t\t\t\t\t\t\t\t<\/div>\n\t\t\t\t<\/div>\n\t\t\t\t<div class=\"elementor-element elementor-element-8486551 elementor-button-info elementor-align-center elementor-widget elementor-widget-button\" data-id=\"8486551\" data-element_type=\"widget\" data-e-type=\"widget\" data-widget_type=\"button.default\">\n\t\t\t\t<div class=\"elementor-widget-container\">\n\t\t\t\t\t\t\t\t\t<div class=\"elementor-button-wrapper\">\n\t\t\t\t\t<a class=\"elementor-button elementor-button-link elementor-size-sm\" href=\"https:\/\/www.lcingredients.com\/fr\/complements-alimentaires-levagen\/\">\n\t\t\t\t\t\t<span class=\"elementor-button-content-wrapper\">\n\t\t\t\t\t\t\t\t\t<span class=\"elementor-button-text\">Voir plus<\/span>\n\t\t\t\t\t<\/span>\n\t\t\t\t\t<\/a>\n\t\t\t\t<\/div>\n\t\t\t\t\t\t\t\t<\/div>\n\t\t\t\t<\/div>\n\t\t\t\t\t<\/div>\n\t\t<\/div>\n\t\t\t\t<div class=\"elementor-column elementor-col-50 elementor-top-column elementor-element elementor-element-ccec04e\" data-id=\"ccec04e\" data-element_type=\"column\" data-e-type=\"column\" data-settings=\"{&quot;background_background&quot;:&quot;classic&quot;}\">\n\t\t\t<div class=\"elementor-widget-wrap elementor-element-populated\">\n\t\t\t\t\t\t<div class=\"elementor-element elementor-element-e379cbb elementor-widget elementor-widget-spacer\" data-id=\"e379cbb\" data-element_type=\"widget\" data-e-type=\"widget\" data-widget_type=\"spacer.default\">\n\t\t\t\t<div class=\"elementor-widget-container\">\n\t\t\t\t\t\t\t<div class=\"elementor-spacer\">\n\t\t\t<div class=\"elementor-spacer-inner\"><\/div>\n\t\t<\/div>\n\t\t\t\t\t\t<\/div>\n\t\t\t\t<\/div>\n\t\t\t\t<div class=\"elementor-element elementor-element-bdf5532 elementor-widget elementor-widget-image\" data-id=\"bdf5532\" data-element_type=\"widget\" data-e-type=\"widget\" data-widget_type=\"image.default\">\n\t\t\t\t<div class=\"elementor-widget-container\">\n\t\t\t\t\t\t\t\t\t\t\t\t\t\t\t\t<a href=\"https:\/\/www.lcingredients.com\/fr\/mitoguerison\/\">\n\t\t\t\t\t\t\t<img decoding=\"async\" width=\"800\" height=\"273\" src=\"https:\/\/www.lcingredients.com\/wp-content\/uploads\/2024\/09\/Levagen-removebg-preview.png\" class=\"attachment-large size-large wp-image-2427\" alt=\"\" \/>\t\t\t\t\t\t\t\t<\/a>\n\t\t\t\t\t\t\t\t\t\t\t\t\t\t\t<\/div>\n\t\t\t\t<\/div>\n\t\t\t\t\t<\/div>\n\t\t<\/div>\n\t\t\t\t\t<\/div>\n\t\t<\/section>\n\t\t\t\t<section class=\"elementor-section elementor-top-section elementor-element elementor-element-6b6082f elementor-section-boxed elementor-section-height-default elementor-section-height-default\" data-id=\"6b6082f\" data-element_type=\"section\" data-e-type=\"section\">\n\t\t\t\t\t\t<div class=\"elementor-container elementor-column-gap-default\">\n\t\t\t\t\t<div class=\"elementor-column elementor-col-50 elementor-top-column elementor-element elementor-element-d058311\" data-id=\"d058311\" data-element_type=\"column\" data-e-type=\"column\" data-settings=\"{&quot;background_background&quot;:&quot;classic&quot;}\">\n\t\t\t<div class=\"elementor-widget-wrap elementor-element-populated\">\n\t\t\t\t\t\t<div class=\"elementor-element elementor-element-ba8db5d elementor-widget elementor-widget-spacer\" data-id=\"ba8db5d\" data-element_type=\"widget\" data-e-type=\"widget\" data-widget_type=\"spacer.default\">\n\t\t\t\t<div class=\"elementor-widget-container\">\n\t\t\t\t\t\t\t<div class=\"elementor-spacer\">\n\t\t\t<div class=\"elementor-spacer-inner\"><\/div>\n\t\t<\/div>\n\t\t\t\t\t\t<\/div>\n\t\t\t\t<\/div>\n\t\t\t\t<div class=\"elementor-element elementor-element-bc222e7 elementor-widget elementor-widget-image\" data-id=\"bc222e7\" data-element_type=\"widget\" data-e-type=\"widget\" data-widget_type=\"image.default\">\n\t\t\t\t<div class=\"elementor-widget-container\">\n\t\t\t\t\t\t\t\t\t\t\t\t\t\t\t\t<a href=\"https:\/\/www.lcingredients.com\/fr\/mitoguerison\/\">\n\t\t\t\t\t\t\t<img decoding=\"async\" width=\"800\" height=\"276\" src=\"https:\/\/www.lcingredients.com\/wp-content\/uploads\/2026\/02\/ksm-66_Logo-ashwaghandha-transparent.png\" class=\"attachment-large size-large wp-image-6042\" alt=\"ksm-66_Logo ashwaghandha transparent\" srcset=\"https:\/\/www.lcingredients.com\/wp-content\/uploads\/2026\/02\/ksm-66_Logo-ashwaghandha-transparent.png 964w, https:\/\/www.lcingredients.com\/wp-content\/uploads\/2026\/02\/ksm-66_Logo-ashwaghandha-transparent-300x104.png 300w, https:\/\/www.lcingredients.com\/wp-content\/uploads\/2026\/02\/ksm-66_Logo-ashwaghandha-transparent-768x265.png 768w, https:\/\/www.lcingredients.com\/wp-content\/uploads\/2026\/02\/ksm-66_Logo-ashwaghandha-transparent-18x6.png 18w\" sizes=\"(max-width: 800px) 100vw, 800px\" \/>\t\t\t\t\t\t\t\t<\/a>\n\t\t\t\t\t\t\t\t\t\t\t\t\t\t\t<\/div>\n\t\t\t\t<\/div>\n\t\t\t\t\t<\/div>\n\t\t<\/div>\n\t\t\t\t<div class=\"elementor-column elementor-col-50 elementor-top-column elementor-element elementor-element-8cfea5f\" data-id=\"8cfea5f\" data-element_type=\"column\" data-e-type=\"column\" data-settings=\"{&quot;background_background&quot;:&quot;classic&quot;}\">\n\t\t\t<div class=\"elementor-widget-wrap elementor-element-populated\">\n\t\t\t\t\t\t<div class=\"elementor-element elementor-element-f42e604 elementor-widget elementor-widget-heading\" data-id=\"f42e604\" data-element_type=\"widget\" data-e-type=\"widget\" data-widget_type=\"heading.default\">\n\t\t\t\t<div class=\"elementor-widget-container\">\n\t\t\t\t\t<h2 class=\"elementor-heading-title elementor-size-default\">KSM-66 ASHWAGANDHA\u00ae<\/h2>\t\t\t\t<\/div>\n\t\t\t\t<\/div>\n\t\t\t\t<div class=\"elementor-element elementor-element-981ead4 elementor-widget elementor-widget-text-editor\" data-id=\"981ead4\" data-element_type=\"widget\" data-e-type=\"widget\" data-widget_type=\"text-editor.default\">\n\t\t\t\t<div class=\"elementor-widget-container\">\n\t\t\t\t\t\t\t\t\t<p><strong>Ashwagandha KSM\u201166\u00ae<\/strong> Cet extrait de racine \u00e0 spectre complet est reconnu comme l&#039;ashwagandha de la plus haute qualit\u00e9 et la plus \u00e9tudi\u00e9e cliniquement au monde. Son m\u00e9canisme d&#039;action unique \u00e0 plusieurs voies favorise la r\u00e9duction du stress, l&#039;\u00e9quilibre du cortisol, l&#039;efficacit\u00e9 \u00e9nerg\u00e9tique, la composition corporelle, la force et la r\u00e9cup\u00e9ration apr\u00e8s l&#039;effort, le tout valid\u00e9 par de multiples \u00e9tudes cliniques randomis\u00e9es, en double aveugle et contr\u00f4l\u00e9es par placebo.<\/p>\t\t\t\t\t\t\t\t<\/div>\n\t\t\t\t<\/div>\n\t\t\t\t<div class=\"elementor-element elementor-element-04f222b elementor-button-info elementor-align-center elementor-widget elementor-widget-button\" data-id=\"04f222b\" data-element_type=\"widget\" data-e-type=\"widget\" data-widget_type=\"button.default\">\n\t\t\t\t<div class=\"elementor-widget-container\">\n\t\t\t\t\t\t\t\t\t<div class=\"elementor-button-wrapper\">\n\t\t\t\t\t<a class=\"elementor-button elementor-button-link elementor-size-sm\" href=\"https:\/\/www.lcingredients.com\/fr\/ashwagandha-ksm-66\/\">\n\t\t\t\t\t\t<span class=\"elementor-button-content-wrapper\">\n\t\t\t\t\t\t\t\t\t<span class=\"elementor-button-text\">Voir plus<\/span>\n\t\t\t\t\t<\/span>\n\t\t\t\t\t<\/a>\n\t\t\t\t<\/div>\n\t\t\t\t\t\t\t\t<\/div>\n\t\t\t\t<\/div>\n\t\t\t\t\t<\/div>\n\t\t<\/div>\n\t\t\t\t\t<\/div>\n\t\t<\/section>\n\t\t\t\t<\/div>","protected":false},"excerpt":{"rendered":"<p>NOS INGR\u00c9DIENTS POUR L&#039;HUMEUR ET LE SOMMEIL CONTRIBUENT \u00c0 L&#039;\u00c9QUILIBRE \u00c9MOTIONNEL ET \u00c0 UN SOMMEIL R\u00c9PARATEUR. L&#039;humeur et le sommeil sont des piliers intimement li\u00e9s du bien-\u00eatre g\u00e9n\u00e9ral. Notre gamme d&#039;ingr\u00e9dients est con\u00e7ue pour favoriser la stabilit\u00e9 \u00e9motionnelle, la r\u00e9sistance au stress et des cycles de sommeil sains gr\u00e2ce \u00e0 des solutions nutritionnelles cibl\u00e9es. En associant des actifs scientifiquement \u00e9tudi\u00e9s \u00e0 des compos\u00e9s naturels, nous proposons des solutions efficaces pour [\u2026]<\/p>","protected":false},"author":2,"featured_media":0,"parent":0,"menu_order":0,"comment_status":"closed","ping_status":"closed","template":"","meta":{"_eb_attr":"","footnotes":""},"class_list":["post-2413","page","type-page","status-publish","hentry"],"yoast_head":"<!-- This site is optimized with the Yoast SEO plugin v26.7 - https:\/\/yoast.com\/wordpress\/plugins\/seo\/ -->\n<title>Mood &amp; Sleep - LC Ingredients<\/title>\n<meta name=\"robots\" content=\"index, follow, max-snippet:-1, max-image-preview:large, max-video-preview:-1\" \/>\n<link rel=\"canonical\" href=\"https:\/\/www.lcingredients.com\/fr\/humeur-sommeil-ingredients-nourriture-alimentation\/\" \/>\n<meta property=\"og:locale\" content=\"fr_FR\" \/>\n<meta property=\"og:type\" content=\"article\" \/>\n<meta property=\"og:title\" content=\"Mood &amp; Sleep - LC Ingredients\" \/>\n<meta property=\"og:description\" content=\"OUR MOOD &amp; SLEEP INGREDIENTS SUPPORT FOR EMOTIONAL BALANCE AND RESTFUL SLEEP Mood and sleep are deeply interconnected pillars of overall well-being. Our ingredient range is designed to support emotional stability, stress resilience, and healthy sleep cycles through targeted nutritional solutions. By combining scientifically studied actives with natural compounds, we offer effective options to help [&hellip;]\" \/>\n<meta property=\"og:url\" content=\"https:\/\/www.lcingredients.com\/fr\/humeur-sommeil-ingredients-nourriture-alimentation\/\" \/>\n<meta property=\"og:site_name\" content=\"LC Ingredients\" \/>\n<meta property=\"article:modified_time\" content=\"2026-02-10T16:57:16+00:00\" \/>\n<meta property=\"og:image\" content=\"https:\/\/www.lcingredients.com\/wp-content\/uploads\/2025\/09\/mood-and-sleep-men-sleeping-night-bedroom.jpg\" \/>\n\t<meta property=\"og:image:width\" content=\"2000\" \/>\n\t<meta property=\"og:image:height\" content=\"1333\" \/>\n\t<meta property=\"og:image:type\" content=\"image\/jpeg\" \/>\n<meta name=\"twitter:card\" content=\"summary_large_image\" \/>\n<meta name=\"twitter:label1\" content=\"Dur\u00e9e de lecture estim\u00e9e\" \/>\n\t<meta name=\"twitter:data1\" content=\"2 minutes\" \/>\n<script type=\"application\/ld+json\" class=\"yoast-schema-graph\">{\"@context\":\"https:\/\/schema.org\",\"@graph\":[{\"@type\":\"WebPage\",\"@id\":\"https:\/\/www.lcingredients.com\/mood-sleep-ingredients-food-diatery\/\",\"url\":\"https:\/\/www.lcingredients.com\/mood-sleep-ingredients-food-diatery\/\",\"name\":\"Mood &amp; Sleep - LC Ingredients\",\"isPartOf\":{\"@id\":\"https:\/\/www.lcingredients.com\/#website\"},\"primaryImageOfPage\":{\"@id\":\"https:\/\/www.lcingredients.com\/mood-sleep-ingredients-food-diatery\/#primaryimage\"},\"image\":{\"@id\":\"https:\/\/www.lcingredients.com\/mood-sleep-ingredients-food-diatery\/#primaryimage\"},\"thumbnailUrl\":\"https:\/\/www.lcingredients.com\/wp-content\/uploads\/2025\/09\/mood-and-sleep-men-sleeping-night-bedroom-1024x682.jpg\",\"datePublished\":\"2024-09-26T07:32:16+00:00\",\"dateModified\":\"2026-02-10T16:57:16+00:00\",\"breadcrumb\":{\"@id\":\"https:\/\/www.lcingredients.com\/mood-sleep-ingredients-food-diatery\/#breadcrumb\"},\"inLanguage\":\"fr-FR\",\"potentialAction\":[{\"@type\":\"ReadAction\",\"target\":[\"https:\/\/www.lcingredients.com\/mood-sleep-ingredients-food-diatery\/\"]}]},{\"@type\":\"ImageObject\",\"inLanguage\":\"fr-FR\",\"@id\":\"https:\/\/www.lcingredients.com\/mood-sleep-ingredients-food-diatery\/#primaryimage\",\"url\":\"https:\/\/www.lcingredients.com\/wp-content\/uploads\/2025\/09\/mood-and-sleep-men-sleeping-night-bedroom-1024x682.jpg\",\"contentUrl\":\"https:\/\/www.lcingredients.com\/wp-content\/uploads\/2025\/09\/mood-and-sleep-men-sleeping-night-bedroom-1024x682.jpg\"},{\"@type\":\"BreadcrumbList\",\"@id\":\"https:\/\/www.lcingredients.com\/mood-sleep-ingredients-food-diatery\/#breadcrumb\",\"itemListElement\":[{\"@type\":\"ListItem\",\"position\":1,\"name\":\"Home\",\"item\":\"https:\/\/www.lcingredients.com\/\"},{\"@type\":\"ListItem\",\"position\":2,\"name\":\"Mood &amp; Sleep\"}]},{\"@type\":\"WebSite\",\"@id\":\"https:\/\/www.lcingredients.com\/#website\",\"url\":\"https:\/\/www.lcingredients.com\/\",\"name\":\"LC Ingredients\",\"description\":\"Discover high-quality ingredients for your food supplements and cosmetics formulations.\",\"publisher\":{\"@id\":\"https:\/\/www.lcingredients.com\/#organization\"},\"potentialAction\":[{\"@type\":\"SearchAction\",\"target\":{\"@type\":\"EntryPoint\",\"urlTemplate\":\"https:\/\/www.lcingredients.com\/?s={search_term_string}\"},\"query-input\":{\"@type\":\"PropertyValueSpecification\",\"valueRequired\":true,\"valueName\":\"search_term_string\"}}],\"inLanguage\":\"fr-FR\"},{\"@type\":\"Organization\",\"@id\":\"https:\/\/www.lcingredients.com\/#organization\",\"name\":\"LC Ingredients\",\"url\":\"https:\/\/www.lcingredients.com\/\",\"logo\":{\"@type\":\"ImageObject\",\"inLanguage\":\"fr-FR\",\"@id\":\"https:\/\/www.lcingredients.com\/#\/schema\/logo\/image\/\",\"url\":\"https:\/\/www.lcingredients.com\/wp-content\/uploads\/2023\/10\/LOGO-LC-INGREDIENTS.png\",\"contentUrl\":\"https:\/\/www.lcingredients.com\/wp-content\/uploads\/2023\/10\/LOGO-LC-INGREDIENTS.png\",\"width\":1280,\"height\":1060,\"caption\":\"LC Ingredients\"},\"image\":{\"@id\":\"https:\/\/www.lcingredients.com\/#\/schema\/logo\/image\/\"},\"sameAs\":[\"https:\/\/www.linkedin.com\/company\/lcingredients\/\"]}]}<\/script>\n<!-- \/ Yoast SEO plugin. -->","yoast_head_json":{"title":"Humeur et sommeil - LC Ingredients","robots":{"index":"index","follow":"follow","max-snippet":"max-snippet:-1","max-image-preview":"max-image-preview:large","max-video-preview":"max-video-preview:-1"},"canonical":"https:\/\/www.lcingredients.com\/fr\/humeur-sommeil-ingredients-nourriture-alimentation\/","og_locale":"fr_FR","og_type":"article","og_title":"Mood &amp; Sleep - LC Ingredients","og_description":"OUR MOOD &amp; SLEEP INGREDIENTS SUPPORT FOR EMOTIONAL BALANCE AND RESTFUL SLEEP Mood and sleep are deeply interconnected pillars of overall well-being. Our ingredient range is designed to support emotional stability, stress resilience, and healthy sleep cycles through targeted nutritional solutions. By combining scientifically studied actives with natural compounds, we offer effective options to help [&hellip;]","og_url":"https:\/\/www.lcingredients.com\/fr\/humeur-sommeil-ingredients-nourriture-alimentation\/","og_site_name":"LC Ingredients","article_modified_time":"2026-02-10T16:57:16+00:00","og_image":[{"width":2000,"height":1333,"url":"https:\/\/www.lcingredients.com\/wp-content\/uploads\/2025\/09\/mood-and-sleep-men-sleeping-night-bedroom.jpg","type":"image\/jpeg"}],"twitter_card":"summary_large_image","twitter_misc":{"Dur\u00e9e de lecture estim\u00e9e":"2 minutes"},"schema":{"@context":"https:\/\/schema.org","@graph":[{"@type":"WebPage","@id":"https:\/\/www.lcingredients.com\/mood-sleep-ingredients-food-diatery\/","url":"https:\/\/www.lcingredients.com\/mood-sleep-ingredients-food-diatery\/","name":"Humeur et sommeil - LC Ingredients","isPartOf":{"@id":"https:\/\/www.lcingredients.com\/#website"},"primaryImageOfPage":{"@id":"https:\/\/www.lcingredients.com\/mood-sleep-ingredients-food-diatery\/#primaryimage"},"image":{"@id":"https:\/\/www.lcingredients.com\/mood-sleep-ingredients-food-diatery\/#primaryimage"},"thumbnailUrl":"https:\/\/www.lcingredients.com\/wp-content\/uploads\/2025\/09\/mood-and-sleep-men-sleeping-night-bedroom-1024x682.jpg","datePublished":"2024-09-26T07:32:16+00:00","dateModified":"2026-02-10T16:57:16+00:00","breadcrumb":{"@id":"https:\/\/www.lcingredients.com\/mood-sleep-ingredients-food-diatery\/#breadcrumb"},"inLanguage":"fr-FR","potentialAction":[{"@type":"ReadAction","target":["https:\/\/www.lcingredients.com\/mood-sleep-ingredients-food-diatery\/"]}]},{"@type":"ImageObject","inLanguage":"fr-FR","@id":"https:\/\/www.lcingredients.com\/mood-sleep-ingredients-food-diatery\/#primaryimage","url":"https:\/\/www.lcingredients.com\/wp-content\/uploads\/2025\/09\/mood-and-sleep-men-sleeping-night-bedroom-1024x682.jpg","contentUrl":"https:\/\/www.lcingredients.com\/wp-content\/uploads\/2025\/09\/mood-and-sleep-men-sleeping-night-bedroom-1024x682.jpg"},{"@type":"BreadcrumbList","@id":"https:\/\/www.lcingredients.com\/mood-sleep-ingredients-food-diatery\/#breadcrumb","itemListElement":[{"@type":"ListItem","position":1,"name":"Home","item":"https:\/\/www.lcingredients.com\/"},{"@type":"ListItem","position":2,"name":"Mood &amp; Sleep"}]},{"@type":"WebSite","@id":"https:\/\/www.lcingredients.com\/#website","url":"https:\/\/www.lcingredients.com\/","name":"Ingr\u00e9dients LC","description":"D\u00e9couvrez des ingr\u00e9dients de haute qualit\u00e9 pour vos formulations de compl\u00e9ments alimentaires et cosm\u00e9tiques.","publisher":{"@id":"https:\/\/www.lcingredients.com\/#organization"},"potentialAction":[{"@type":"SearchAction","target":{"@type":"EntryPoint","urlTemplate":"https:\/\/www.lcingredients.com\/?s={search_term_string}"},"query-input":{"@type":"PropertyValueSpecification","valueRequired":true,"valueName":"search_term_string"}}],"inLanguage":"fr-FR"},{"@type":"Organization","@id":"https:\/\/www.lcingredients.com\/#organization","name":"Ingr\u00e9dients LC","url":"https:\/\/www.lcingredients.com\/","logo":{"@type":"ImageObject","inLanguage":"fr-FR","@id":"https:\/\/www.lcingredients.com\/#\/schema\/logo\/image\/","url":"https:\/\/www.lcingredients.com\/wp-content\/uploads\/2023\/10\/LOGO-LC-INGREDIENTS.png","contentUrl":"https:\/\/www.lcingredients.com\/wp-content\/uploads\/2023\/10\/LOGO-LC-INGREDIENTS.png","width":1280,"height":1060,"caption":"LC Ingredients"},"image":{"@id":"https:\/\/www.lcingredients.com\/#\/schema\/logo\/image\/"},"sameAs":["https:\/\/www.linkedin.com\/company\/lcingredients\/"]}]}},"_links":{"self":[{"href":"https:\/\/www.lcingredients.com\/fr\/wp-json\/wp\/v2\/pages\/2413","targetHints":{"allow":["GET"]}}],"collection":[{"href":"https:\/\/www.lcingredients.com\/fr\/wp-json\/wp\/v2\/pages"}],"about":[{"href":"https:\/\/www.lcingredients.com\/fr\/wp-json\/wp\/v2\/types\/page"}],"author":[{"embeddable":true,"href":"https:\/\/www.lcingredients.com\/fr\/wp-json\/wp\/v2\/users\/2"}],"replies":[{"embeddable":true,"href":"https:\/\/www.lcingredients.com\/fr\/wp-json\/wp\/v2\/comments?post=2413"}],"version-history":[{"count":34,"href":"https:\/\/www.lcingredients.com\/fr\/wp-json\/wp\/v2\/pages\/2413\/revisions"}],"predecessor-version":[{"id":6060,"href":"https:\/\/www.lcingredients.com\/fr\/wp-json\/wp\/v2\/pages\/2413\/revisions\/6060"}],"wp:attachment":[{"href":"https:\/\/www.lcingredients.com\/fr\/wp-json\/wp\/v2\/media?parent=2413"}],"curies":[{"name":"wp","href":"https:\/\/api.w.org\/{rel}","templated":true}]}}