{"id":928,"date":"2023-10-11T13:36:24","date_gmt":"2023-10-11T13:36:24","guid":{"rendered":"https:\/\/www.lcingredients.com\/?page_id=928"},"modified":"2025-10-10T14:36:03","modified_gmt":"2025-10-10T14:36:03","slug":"ingredientes-cosmeticos","status":"publish","type":"page","link":"https:\/\/www.lcingredients.com\/es\/ingredientes-cosmeticos\/","title":{"rendered":"Ingredientes COSM\u00c9TICOS"},"content":{"rendered":"<div data-elementor-type=\"wp-page\" data-elementor-id=\"928\" class=\"elementor elementor-928\" data-elementor-post-type=\"page\">\n\t\t\t\t\t\t<section class=\"elementor-section elementor-top-section elementor-element elementor-element-a01948b elementor-section-full_width elementor-section-height-default elementor-section-height-default\" data-id=\"a01948b\" data-element_type=\"section\" data-e-type=\"section\">\n\t\t\t\t\t\t<div class=\"elementor-container elementor-column-gap-default\">\n\t\t\t\t\t<div class=\"elementor-column elementor-col-100 elementor-top-column elementor-element elementor-element-03e4897\" data-id=\"03e4897\" data-element_type=\"column\" data-e-type=\"column\">\n\t\t\t<div class=\"elementor-widget-wrap elementor-element-populated\">\n\t\t\t\t\t\t<div class=\"elementor-element elementor-element-60fb158 elementor-widget elementor-widget-image\" data-id=\"60fb158\" data-element_type=\"widget\" data-e-type=\"widget\" data-widget_type=\"image.default\">\n\t\t\t\t<div class=\"elementor-widget-container\">\n\t\t\t\t\t\t\t\t\t\t\t\t\t\t\t<img fetchpriority=\"high\" decoding=\"async\" width=\"800\" height=\"534\" src=\"https:\/\/www.lcingredients.com\/wp-content\/uploads\/2023\/07\/Depositphotos_447834916_XL-scaled-e1689600769656-1024x683.jpg\" class=\"attachment-large size-large wp-image-74\" alt=\"Set de cosm\u00e9tica herbal SPA con hojas de eucalipto sobre fondo verde. Dise\u00f1o de productos de belleza org\u00e1nicos y naturales, imagen de marca. Vista superior.\" srcset=\"https:\/\/www.lcingredients.com\/wp-content\/uploads\/2023\/07\/Depositphotos_447834916_XL-scaled-e1689600769656-1024x683.jpg 1024w, https:\/\/www.lcingredients.com\/wp-content\/uploads\/2023\/07\/Depositphotos_447834916_XL-scaled-e1689600769656-300x200.jpg 300w, https:\/\/www.lcingredients.com\/wp-content\/uploads\/2023\/07\/Depositphotos_447834916_XL-scaled-e1689600769656-768x512.jpg 768w, https:\/\/www.lcingredients.com\/wp-content\/uploads\/2023\/07\/Depositphotos_447834916_XL-scaled-e1689600769656-1536x1024.jpg 1536w, https:\/\/www.lcingredients.com\/wp-content\/uploads\/2023\/07\/Depositphotos_447834916_XL-scaled-e1689600769656-2048x1366.jpg 2048w\" sizes=\"(max-width: 800px) 100vw, 800px\" \/>\t\t\t\t\t\t\t\t\t\t\t\t\t\t\t<\/div>\n\t\t\t\t<\/div>\n\t\t\t\t<div class=\"elementor-element elementor-element-3ba2d6b elementor-widget elementor-widget-heading\" data-id=\"3ba2d6b\" data-element_type=\"widget\" data-e-type=\"widget\" data-widget_type=\"heading.default\">\n\t\t\t\t<div class=\"elementor-widget-container\">\n\t\t\t\t\t<h1 class=\"elementor-heading-title elementor-size-default\">PRODUCTOS COSM\u00c9TICOS<\/h1>\t\t\t\t<\/div>\n\t\t\t\t<\/div>\n\t\t\t\t\t<\/div>\n\t\t<\/div>\n\t\t\t\t\t<\/div>\n\t\t<\/section>\n\t\t\t\t<section class=\"elementor-section elementor-top-section elementor-element elementor-element-180a0ed elementor-section-boxed elementor-section-height-default elementor-section-height-default\" data-id=\"180a0ed\" data-element_type=\"section\" data-e-type=\"section\">\n\t\t\t\t\t\t<div class=\"elementor-container elementor-column-gap-default\">\n\t\t\t\t\t<div class=\"elementor-column elementor-col-100 elementor-top-column elementor-element elementor-element-d30cd80\" data-id=\"d30cd80\" data-element_type=\"column\" data-e-type=\"column\">\n\t\t\t<div class=\"elementor-widget-wrap elementor-element-populated\">\n\t\t\t\t\t\t<div class=\"elementor-element elementor-element-0133079 elementor-widget elementor-widget-heading\" data-id=\"0133079\" data-element_type=\"widget\" data-e-type=\"widget\" data-widget_type=\"heading.default\">\n\t\t\t\t<div class=\"elementor-widget-container\">\n\t\t\t\t\t<h2 class=\"elementor-heading-title elementor-size-default\">COSM\u00c9TICOS QUE CUMPLEN<\/h2>\t\t\t\t<\/div>\n\t\t\t\t<\/div>\n\t\t\t\t<section class=\"elementor-section elementor-inner-section elementor-element elementor-element-fab4c45 elementor-section-boxed elementor-section-height-default elementor-section-height-default\" data-id=\"fab4c45\" data-element_type=\"section\" data-e-type=\"section\">\n\t\t\t\t\t\t<div class=\"elementor-container elementor-column-gap-default\">\n\t\t\t\t\t<div class=\"elementor-column elementor-col-50 elementor-inner-column elementor-element elementor-element-b6d4ee9\" data-id=\"b6d4ee9\" data-element_type=\"column\" data-e-type=\"column\">\n\t\t\t<div class=\"elementor-widget-wrap elementor-element-populated\">\n\t\t\t\t\t\t<div class=\"elementor-element elementor-element-37f606f elementor-widget elementor-widget-text-editor\" data-id=\"37f606f\" data-element_type=\"widget\" data-e-type=\"widget\" data-widget_type=\"text-editor.default\">\n\t\t\t\t<div class=\"elementor-widget-container\">\n\t\t\t\t\t\t\t\t\t<p><!--StartFragment --><\/p><p>Explora nuestra gama completa de <strong>ingredientes cosm\u00e9ticos<\/strong> Dise\u00f1ado para elevar tu <strong>formulaciones cosm\u00e9ticas<\/strong>Desde principios activos cl\u00ednicamente respaldados hasta sistemas de administraci\u00f3n innovadores, LC Ingredients ofrece soluciones que respaldan <strong>belleza de la piel<\/strong>, <strong>ca\u00edda del cabello, belleza de las u\u00f1as<\/strong>, y mucho m\u00e1s.<!--EndFragment --><\/p>\t\t\t\t\t\t\t\t<\/div>\n\t\t\t\t<\/div>\n\t\t\t\t\t<\/div>\n\t\t<\/div>\n\t\t\t\t<div class=\"elementor-column elementor-col-50 elementor-inner-column elementor-element elementor-element-f36b4ee\" data-id=\"f36b4ee\" data-element_type=\"column\" data-e-type=\"column\">\n\t\t\t<div class=\"elementor-widget-wrap elementor-element-populated\">\n\t\t\t\t\t\t<div class=\"elementor-element elementor-element-3e64b7f elementor-widget elementor-widget-text-editor\" data-id=\"3e64b7f\" data-element_type=\"widget\" data-e-type=\"widget\" data-widget_type=\"text-editor.default\">\n\t\t\t\t<div class=\"elementor-widget-container\">\n\t\t\t\t\t\t\t\t\t<p>Nuestro portafolio incluye <strong>ingredientes biodisponibles<\/strong><strong>,<\/strong>\u00a0Todos seleccionados para satisfacer las demandas de la actualidad. <strong>mercado de cosm\u00e9ticos<\/strong>Ya sea que est\u00e9 desarrollando champ\u00fa, loci\u00f3n, acondicionador o crema, lo ayudamos a crear productos que brinden resultados y respondan a las necesidades de los consumidores.<\/p>\t\t\t\t\t\t\t\t<\/div>\n\t\t\t\t<\/div>\n\t\t\t\t\t<\/div>\n\t\t<\/div>\n\t\t\t\t\t<\/div>\n\t\t<\/section>\n\t\t\t\t\t<\/div>\n\t\t<\/div>\n\t\t\t\t\t<\/div>\n\t\t<\/section>\n\t\t\t\t<section class=\"elementor-section elementor-top-section elementor-element elementor-element-e649bc8 elementor-section-full_width elementor-section-height-default elementor-section-height-default\" data-id=\"e649bc8\" data-element_type=\"section\" data-e-type=\"section\">\n\t\t\t\t\t\t<div class=\"elementor-container elementor-column-gap-default\">\n\t\t\t\t\t<div class=\"elementor-column elementor-col-50 elementor-top-column elementor-element elementor-element-3a38308\" data-id=\"3a38308\" data-element_type=\"column\" data-e-type=\"column\">\n\t\t\t<div class=\"elementor-widget-wrap elementor-element-populated\">\n\t\t\t\t\t\t<div class=\"elementor-element elementor-element-30523d5 elementor-cta--skin-cover elementor-animated-content elementor-bg-transform elementor-bg-transform-zoom-in elementor-widget elementor-widget-call-to-action\" data-id=\"30523d5\" data-element_type=\"widget\" data-e-type=\"widget\" data-widget_type=\"call-to-action.default\">\n\t\t\t\t<div class=\"elementor-widget-container\">\n\t\t\t\t\t\t\t<a class=\"elementor-cta\" href=\"https:\/\/www.lcingredients.com\/es\/cabello-barba-ingredientes-cosmeticos-perdida-de-fuerza\/\">\n\t\t\t\t\t<div class=\"elementor-cta__bg-wrapper\">\n\t\t\t\t<div class=\"elementor-cta__bg elementor-bg\" style=\"background-image: url(https:\/\/www.lcingredients.com\/wp-content\/uploads\/2023\/08\/17_Services_SpaBeauty-HairServices_2.jpg);\" role=\"img\" aria-label=\"chica de cabello rubio belleza\"><\/div>\n\t\t\t\t<div class=\"elementor-cta__bg-overlay\"><\/div>\n\t\t\t<\/div>\n\t\t\t\t\t\t\t<div class=\"elementor-cta__content\">\n\t\t\t\t\n\t\t\t\t\t\t\t\t\t<h2 class=\"elementor-cta__title elementor-cta__content-item elementor-content-item elementor-animated-item--grow\">\n\t\t\t\t\t\tCabello y barba\t\t\t\t\t<\/h2>\n\t\t\t\t\n\t\t\t\t\n\t\t\t\t\t\t\t<\/div>\n\t\t\t\t\t\t<\/a>\n\t\t\t\t\t\t<\/div>\n\t\t\t\t<\/div>\n\t\t\t\t<div class=\"elementor-element elementor-element-48c8ab2 elementor-cta--skin-cover elementor-animated-content elementor-bg-transform elementor-bg-transform-zoom-in elementor-widget elementor-widget-call-to-action\" data-id=\"48c8ab2\" data-element_type=\"widget\" data-e-type=\"widget\" data-widget_type=\"call-to-action.default\">\n\t\t\t\t<div class=\"elementor-widget-container\">\n\t\t\t\t\t\t\t<a class=\"elementor-cta\" href=\"https:\/\/www.lcingredients.com\/es\/cuidado-del-cuerpo-de-la-cara\/\">\n\t\t\t\t\t<div class=\"elementor-cta__bg-wrapper\">\n\t\t\t\t<div class=\"elementor-cta__bg elementor-bg\" style=\"background-image: url(https:\/\/www.lcingredients.com\/wp-content\/uploads\/2025\/03\/femmes-diversite-1160x680-1.jpg);\" role=\"img\" aria-label=\"ingredientes de sant\u00e9 des femmes m\u00e9nopause lc\"><\/div>\n\t\t\t\t<div class=\"elementor-cta__bg-overlay\"><\/div>\n\t\t\t<\/div>\n\t\t\t\t\t\t\t<div class=\"elementor-cta__content\">\n\t\t\t\t\n\t\t\t\t\t\t\t\t\t<h2 class=\"elementor-cta__title elementor-cta__content-item elementor-content-item elementor-animated-item--grow\">\n\t\t\t\t\t\tRostro y cuerpo\t\t\t\t\t<\/h2>\n\t\t\t\t\n\t\t\t\t\n\t\t\t\t\t\t\t<\/div>\n\t\t\t\t\t\t<\/a>\n\t\t\t\t\t\t<\/div>\n\t\t\t\t<\/div>\n\t\t\t\t<div class=\"elementor-element elementor-element-3dd39a8 elementor-cta--skin-cover elementor-animated-content elementor-bg-transform elementor-bg-transform-zoom-in elementor-widget elementor-widget-call-to-action\" data-id=\"3dd39a8\" data-element_type=\"widget\" data-e-type=\"widget\" data-widget_type=\"call-to-action.default\">\n\t\t\t\t<div class=\"elementor-widget-container\">\n\t\t\t\t\t\t\t<a class=\"elementor-cta\" href=\"https:\/\/www.lcingredients.com\/es\/ingredientes-cosmeticos-bronceadores\/\">\n\t\t\t\t\t<div class=\"elementor-cta__bg-wrapper\">\n\t\t\t\t<div class=\"elementor-cta__bg elementor-bg\" style=\"background-image: url(https:\/\/www.lcingredients.com\/wp-content\/uploads\/2024\/05\/choisir-creme-solaire-filtre-chimique-mineral-scaled-1.jpg);\" role=\"img\" aria-label=\"Primer plano de una mano femenina aplic\u00e1ndose protector solar en la pierna. Cuidado de la piel. Protecci\u00f3n solar. Una mujer se aplica loci\u00f3n hidratante en sus piernas bronceadas. Una chica sostiene protector solar.\"><\/div>\n\t\t\t\t<div class=\"elementor-cta__bg-overlay\"><\/div>\n\t\t\t<\/div>\n\t\t\t\t\t\t\t<div class=\"elementor-cta__content\">\n\t\t\t\t\n\t\t\t\t\t\t\t\t\t<h2 class=\"elementor-cta__title elementor-cta__content-item elementor-content-item elementor-animated-item--grow\">\n\t\t\t\t\t\tBronceado\t\t\t\t\t<\/h2>\n\t\t\t\t\n\t\t\t\t\n\t\t\t\t\t\t\t<\/div>\n\t\t\t\t\t\t<\/a>\n\t\t\t\t\t\t<\/div>\n\t\t\t\t<\/div>\n\t\t\t\t\t<\/div>\n\t\t<\/div>\n\t\t\t\t<div class=\"elementor-column elementor-col-50 elementor-top-column elementor-element elementor-element-3b8cd3d\" data-id=\"3b8cd3d\" data-element_type=\"column\" data-e-type=\"column\">\n\t\t\t<div class=\"elementor-widget-wrap elementor-element-populated\">\n\t\t\t\t\t\t<div class=\"elementor-element elementor-element-7fe7015 elementor-cta--skin-cover elementor-animated-content elementor-bg-transform elementor-bg-transform-zoom-in elementor-widget elementor-widget-call-to-action\" data-id=\"7fe7015\" data-element_type=\"widget\" data-e-type=\"widget\" data-widget_type=\"call-to-action.default\">\n\t\t\t\t<div class=\"elementor-widget-container\">\n\t\t\t\t\t\t\t<a class=\"elementor-cta\" href=\"https:\/\/www.lcingredients.com\/es\/unas-ingrediente-cosmetico\/\">\n\t\t\t\t\t<div class=\"elementor-cta__bg-wrapper\">\n\t\t\t\t<div class=\"elementor-cta__bg elementor-bg\" style=\"background-image: url(https:\/\/www.lcingredients.com\/wp-content\/uploads\/2023\/10\/Depositphotos_195751416_XL-1024x683.jpg);\" role=\"img\" aria-label=\"Palma de mujer joven. Hermosa manicura glamurosa. Estilo franc\u00e9s. Esmalte de u\u00f1as. Cuidado de manos y u\u00f1as, piel limpia.\"><\/div>\n\t\t\t\t<div class=\"elementor-cta__bg-overlay\"><\/div>\n\t\t\t<\/div>\n\t\t\t\t\t\t\t<div class=\"elementor-cta__content\">\n\t\t\t\t\n\t\t\t\t\t\t\t\t\t<h2 class=\"elementor-cta__title elementor-cta__content-item elementor-content-item elementor-animated-item--grow\">\n\t\t\t\t\t\tClavos\t\t\t\t\t<\/h2>\n\t\t\t\t\n\t\t\t\t\n\t\t\t\t\t\t\t<\/div>\n\t\t\t\t\t\t<\/a>\n\t\t\t\t\t\t<\/div>\n\t\t\t\t<\/div>\n\t\t\t\t<div class=\"elementor-element elementor-element-ae2ee3d elementor-cta--skin-cover elementor-animated-content elementor-bg-transform elementor-bg-transform-zoom-in elementor-widget elementor-widget-call-to-action\" data-id=\"ae2ee3d\" data-element_type=\"widget\" data-e-type=\"widget\" data-widget_type=\"call-to-action.default\">\n\t\t\t\t<div class=\"elementor-widget-container\">\n\t\t\t\t\t\t\t<a class=\"elementor-cta\" href=\"https:\/\/www.lcingredients.com\/es\/pestanas-cejas\/\">\n\t\t\t\t\t<div class=\"elementor-cta__bg-wrapper\">\n\t\t\t\t<div class=\"elementor-cta__bg elementor-bg\" style=\"background-image: url(https:\/\/www.lcingredients.com\/wp-content\/uploads\/2025\/09\/cosmetics-eyebrowes-and-eyelashes-macro-plan-girl-with-blue-eye.jpg);\" role=\"img\" aria-label=\"Cosm\u00e9tica cejas y pesta\u00f1as plan macro chica con ojo azul\"><\/div>\n\t\t\t\t<div class=\"elementor-cta__bg-overlay\"><\/div>\n\t\t\t<\/div>\n\t\t\t\t\t\t\t<div class=\"elementor-cta__content\">\n\t\t\t\t\n\t\t\t\t\t\t\t\t\t<h2 class=\"elementor-cta__title elementor-cta__content-item elementor-content-item elementor-animated-item--grow\">\n\t\t\t\t\t\tPesta\u00f1as y cejas\t\t\t\t\t<\/h2>\n\t\t\t\t\n\t\t\t\t\n\t\t\t\t\t\t\t<\/div>\n\t\t\t\t\t\t<\/a>\n\t\t\t\t\t\t<\/div>\n\t\t\t\t<\/div>\n\t\t\t\t\t<\/div>\n\t\t<\/div>\n\t\t\t\t\t<\/div>\n\t\t<\/section>\n\t\t\t\t<\/div>","protected":false},"excerpt":{"rendered":"<p>COSM\u00c9TICOS QUE CUMPLEN CON SUS NECESIDADES. Explore nuestra gama completa de ingredientes cosm\u00e9ticos dise\u00f1ados para mejorar sus f\u00f3rmulas. Desde principios activos cl\u00ednicamente probados hasta innovadores sistemas de administraci\u00f3n, LC Ingredients ofrece soluciones que favorecen la belleza de la piel, la ca\u00edda del cabello, la belleza de las u\u00f1as y mucho m\u00e1s. Nuestro portafolio incluye ingredientes biodisponibles, todos seleccionados para satisfacer las demandas del mercado cosm\u00e9tico actual. Ya sea que [\u2026]<\/p>","protected":false},"author":3,"featured_media":0,"parent":0,"menu_order":0,"comment_status":"closed","ping_status":"closed","template":"","meta":{"_eb_attr":"","footnotes":""},"class_list":["post-928","page","type-page","status-publish","hentry"],"yoast_head":"<!-- This site is optimized with the Yoast SEO plugin v26.7 - https:\/\/yoast.com\/wordpress\/plugins\/seo\/ -->\n<title>COSMETICS Ingredients - LC Ingredients<\/title>\n<meta name=\"description\" content=\"Discover top-quality cosmetics ingredients that support beauty and deliver results. Enhance your products with our expert solutions.\" \/>\n<meta name=\"robots\" content=\"index, follow, max-snippet:-1, max-image-preview:large, max-video-preview:-1\" \/>\n<link rel=\"canonical\" href=\"https:\/\/www.lcingredients.com\/es\/ingredientes-cosmeticos\/\" \/>\n<meta property=\"og:locale\" content=\"es_ES\" \/>\n<meta property=\"og:type\" content=\"article\" \/>\n<meta property=\"og:title\" content=\"COSMETICS Ingredients - LC Ingredients\" \/>\n<meta property=\"og:description\" content=\"Discover top-quality cosmetics ingredients that support beauty and deliver results. Enhance your products with our expert solutions.\" \/>\n<meta property=\"og:url\" content=\"https:\/\/www.lcingredients.com\/es\/ingredientes-cosmeticos\/\" \/>\n<meta property=\"og:site_name\" content=\"LC Ingredients\" \/>\n<meta property=\"article:modified_time\" content=\"2025-10-10T14:36:03+00:00\" \/>\n<meta property=\"og:image\" content=\"https:\/\/www.lcingredients.com\/wp-content\/uploads\/2023\/07\/Depositphotos_447834916_XL-scaled-e1689600769656-1024x683.jpg\" \/>\n<meta name=\"twitter:card\" content=\"summary_large_image\" \/>\n<meta name=\"twitter:label1\" content=\"Tiempo de lectura\" \/>\n\t<meta name=\"twitter:data1\" content=\"1 minuto\" \/>\n<script type=\"application\/ld+json\" class=\"yoast-schema-graph\">{\"@context\":\"https:\/\/schema.org\",\"@graph\":[{\"@type\":\"WebPage\",\"@id\":\"https:\/\/www.lcingredients.com\/cosmetics-ingredients\/\",\"url\":\"https:\/\/www.lcingredients.com\/cosmetics-ingredients\/\",\"name\":\"COSMETICS Ingredients - LC Ingredients\",\"isPartOf\":{\"@id\":\"https:\/\/www.lcingredients.com\/#website\"},\"primaryImageOfPage\":{\"@id\":\"https:\/\/www.lcingredients.com\/cosmetics-ingredients\/#primaryimage\"},\"image\":{\"@id\":\"https:\/\/www.lcingredients.com\/cosmetics-ingredients\/#primaryimage\"},\"thumbnailUrl\":\"https:\/\/www.lcingredients.com\/wp-content\/uploads\/2023\/07\/Depositphotos_447834916_XL-scaled-e1689600769656-1024x683.jpg\",\"datePublished\":\"2023-10-11T13:36:24+00:00\",\"dateModified\":\"2025-10-10T14:36:03+00:00\",\"description\":\"Discover top-quality cosmetics ingredients that support beauty and deliver results. Enhance your products with our expert solutions.\",\"breadcrumb\":{\"@id\":\"https:\/\/www.lcingredients.com\/cosmetics-ingredients\/#breadcrumb\"},\"inLanguage\":\"es\",\"potentialAction\":[{\"@type\":\"ReadAction\",\"target\":[\"https:\/\/www.lcingredients.com\/cosmetics-ingredients\/\"]}]},{\"@type\":\"ImageObject\",\"inLanguage\":\"es\",\"@id\":\"https:\/\/www.lcingredients.com\/cosmetics-ingredients\/#primaryimage\",\"url\":\"https:\/\/www.lcingredients.com\/wp-content\/uploads\/2023\/07\/Depositphotos_447834916_XL-scaled-e1689600769656-1024x683.jpg\",\"contentUrl\":\"https:\/\/www.lcingredients.com\/wp-content\/uploads\/2023\/07\/Depositphotos_447834916_XL-scaled-e1689600769656-1024x683.jpg\"},{\"@type\":\"BreadcrumbList\",\"@id\":\"https:\/\/www.lcingredients.com\/cosmetics-ingredients\/#breadcrumb\",\"itemListElement\":[{\"@type\":\"ListItem\",\"position\":1,\"name\":\"Home\",\"item\":\"https:\/\/www.lcingredients.com\/\"},{\"@type\":\"ListItem\",\"position\":2,\"name\":\"COSMETICS Ingredients\"}]},{\"@type\":\"WebSite\",\"@id\":\"https:\/\/www.lcingredients.com\/#website\",\"url\":\"https:\/\/www.lcingredients.com\/\",\"name\":\"LC Ingredients\",\"description\":\"Discover high-quality ingredients for your food supplements and cosmetics formulations.\",\"publisher\":{\"@id\":\"https:\/\/www.lcingredients.com\/#organization\"},\"potentialAction\":[{\"@type\":\"SearchAction\",\"target\":{\"@type\":\"EntryPoint\",\"urlTemplate\":\"https:\/\/www.lcingredients.com\/?s={search_term_string}\"},\"query-input\":{\"@type\":\"PropertyValueSpecification\",\"valueRequired\":true,\"valueName\":\"search_term_string\"}}],\"inLanguage\":\"es\"},{\"@type\":\"Organization\",\"@id\":\"https:\/\/www.lcingredients.com\/#organization\",\"name\":\"LC Ingredients\",\"url\":\"https:\/\/www.lcingredients.com\/\",\"logo\":{\"@type\":\"ImageObject\",\"inLanguage\":\"es\",\"@id\":\"https:\/\/www.lcingredients.com\/#\/schema\/logo\/image\/\",\"url\":\"https:\/\/www.lcingredients.com\/wp-content\/uploads\/2023\/10\/LOGO-LC-INGREDIENTS.png\",\"contentUrl\":\"https:\/\/www.lcingredients.com\/wp-content\/uploads\/2023\/10\/LOGO-LC-INGREDIENTS.png\",\"width\":1280,\"height\":1060,\"caption\":\"LC Ingredients\"},\"image\":{\"@id\":\"https:\/\/www.lcingredients.com\/#\/schema\/logo\/image\/\"},\"sameAs\":[\"https:\/\/www.linkedin.com\/company\/lcingredients\/\"]}]}<\/script>\n<!-- \/ Yoast SEO plugin. -->","yoast_head_json":{"title":"Ingredientes COSM\u00c9TICOS - Ingredientes LC","description":"Descubra ingredientes cosm\u00e9ticos de alta calidad que realzan la belleza y ofrecen resultados. Mejore sus productos con nuestras soluciones expertas.","robots":{"index":"index","follow":"follow","max-snippet":"max-snippet:-1","max-image-preview":"max-image-preview:large","max-video-preview":"max-video-preview:-1"},"canonical":"https:\/\/www.lcingredients.com\/es\/ingredientes-cosmeticos\/","og_locale":"es_ES","og_type":"article","og_title":"COSMETICS Ingredients - LC Ingredients","og_description":"Discover top-quality cosmetics ingredients that support beauty and deliver results. Enhance your products with our expert solutions.","og_url":"https:\/\/www.lcingredients.com\/es\/ingredientes-cosmeticos\/","og_site_name":"LC Ingredients","article_modified_time":"2025-10-10T14:36:03+00:00","og_image":[{"url":"https:\/\/www.lcingredients.com\/wp-content\/uploads\/2023\/07\/Depositphotos_447834916_XL-scaled-e1689600769656-1024x683.jpg","type":"","width":"","height":""}],"twitter_card":"summary_large_image","twitter_misc":{"Tiempo de lectura":"1 minuto"},"schema":{"@context":"https:\/\/schema.org","@graph":[{"@type":"WebPage","@id":"https:\/\/www.lcingredients.com\/cosmetics-ingredients\/","url":"https:\/\/www.lcingredients.com\/cosmetics-ingredients\/","name":"Ingredientes COSM\u00c9TICOS - Ingredientes LC","isPartOf":{"@id":"https:\/\/www.lcingredients.com\/#website"},"primaryImageOfPage":{"@id":"https:\/\/www.lcingredients.com\/cosmetics-ingredients\/#primaryimage"},"image":{"@id":"https:\/\/www.lcingredients.com\/cosmetics-ingredients\/#primaryimage"},"thumbnailUrl":"https:\/\/www.lcingredients.com\/wp-content\/uploads\/2023\/07\/Depositphotos_447834916_XL-scaled-e1689600769656-1024x683.jpg","datePublished":"2023-10-11T13:36:24+00:00","dateModified":"2025-10-10T14:36:03+00:00","description":"Descubra ingredientes cosm\u00e9ticos de alta calidad que realzan la belleza y ofrecen resultados. Mejore sus productos con nuestras soluciones expertas.","breadcrumb":{"@id":"https:\/\/www.lcingredients.com\/cosmetics-ingredients\/#breadcrumb"},"inLanguage":"es","potentialAction":[{"@type":"ReadAction","target":["https:\/\/www.lcingredients.com\/cosmetics-ingredients\/"]}]},{"@type":"ImageObject","inLanguage":"es","@id":"https:\/\/www.lcingredients.com\/cosmetics-ingredients\/#primaryimage","url":"https:\/\/www.lcingredients.com\/wp-content\/uploads\/2023\/07\/Depositphotos_447834916_XL-scaled-e1689600769656-1024x683.jpg","contentUrl":"https:\/\/www.lcingredients.com\/wp-content\/uploads\/2023\/07\/Depositphotos_447834916_XL-scaled-e1689600769656-1024x683.jpg"},{"@type":"BreadcrumbList","@id":"https:\/\/www.lcingredients.com\/cosmetics-ingredients\/#breadcrumb","itemListElement":[{"@type":"ListItem","position":1,"name":"Home","item":"https:\/\/www.lcingredients.com\/"},{"@type":"ListItem","position":2,"name":"COSMETICS Ingredients"}]},{"@type":"WebSite","@id":"https:\/\/www.lcingredients.com\/#website","url":"https:\/\/www.lcingredients.com\/","name":"Ingredientes LC","description":"Descubra ingredientes de alta calidad para sus complementos alimenticios y formulaciones cosm\u00e9ticas.","publisher":{"@id":"https:\/\/www.lcingredients.com\/#organization"},"potentialAction":[{"@type":"SearchAction","target":{"@type":"EntryPoint","urlTemplate":"https:\/\/www.lcingredients.com\/?s={search_term_string}"},"query-input":{"@type":"PropertyValueSpecification","valueRequired":true,"valueName":"search_term_string"}}],"inLanguage":"es"},{"@type":"Organization","@id":"https:\/\/www.lcingredients.com\/#organization","name":"Ingredientes LC","url":"https:\/\/www.lcingredients.com\/","logo":{"@type":"ImageObject","inLanguage":"es","@id":"https:\/\/www.lcingredients.com\/#\/schema\/logo\/image\/","url":"https:\/\/www.lcingredients.com\/wp-content\/uploads\/2023\/10\/LOGO-LC-INGREDIENTS.png","contentUrl":"https:\/\/www.lcingredients.com\/wp-content\/uploads\/2023\/10\/LOGO-LC-INGREDIENTS.png","width":1280,"height":1060,"caption":"LC Ingredients"},"image":{"@id":"https:\/\/www.lcingredients.com\/#\/schema\/logo\/image\/"},"sameAs":["https:\/\/www.linkedin.com\/company\/lcingredients\/"]}]}},"_links":{"self":[{"href":"https:\/\/www.lcingredients.com\/es\/wp-json\/wp\/v2\/pages\/928","targetHints":{"allow":["GET"]}}],"collection":[{"href":"https:\/\/www.lcingredients.com\/es\/wp-json\/wp\/v2\/pages"}],"about":[{"href":"https:\/\/www.lcingredients.com\/es\/wp-json\/wp\/v2\/types\/page"}],"author":[{"embeddable":true,"href":"https:\/\/www.lcingredients.com\/es\/wp-json\/wp\/v2\/users\/3"}],"replies":[{"embeddable":true,"href":"https:\/\/www.lcingredients.com\/es\/wp-json\/wp\/v2\/comments?post=928"}],"version-history":[{"count":44,"href":"https:\/\/www.lcingredients.com\/es\/wp-json\/wp\/v2\/pages\/928\/revisions"}],"predecessor-version":[{"id":4944,"href":"https:\/\/www.lcingredients.com\/es\/wp-json\/wp\/v2\/pages\/928\/revisions\/4944"}],"wp:attachment":[{"href":"https:\/\/www.lcingredients.com\/es\/wp-json\/wp\/v2\/media?parent=928"}],"curies":[{"name":"gracias","href":"https:\/\/api.w.org\/{rel}","templated":true}]}}