{"id":628,"date":"2023-09-25T15:15:40","date_gmt":"2023-09-25T15:15:40","guid":{"rendered":"https:\/\/www.lcingredients.com\/?page_id=628"},"modified":"2025-10-10T16:19:53","modified_gmt":"2025-10-10T16:19:53","slug":"unas-ingrediente-cosmetico","status":"publish","type":"page","link":"https:\/\/www.lcingredients.com\/es\/unas-ingrediente-cosmetico\/","title":{"rendered":"Clavos"},"content":{"rendered":"<div data-elementor-type=\"wp-page\" data-elementor-id=\"628\" class=\"elementor elementor-628\" data-elementor-post-type=\"page\">\n\t\t\t\t\t\t<section class=\"elementor-section elementor-top-section elementor-element elementor-element-fbfac87 elementor-section-full_width elementor-section-height-default elementor-section-height-default\" data-id=\"fbfac87\" data-element_type=\"section\" data-e-type=\"section\">\n\t\t\t\t\t\t<div class=\"elementor-container elementor-column-gap-default\">\n\t\t\t\t\t<div class=\"elementor-column elementor-col-100 elementor-top-column elementor-element elementor-element-f0e1a9e\" data-id=\"f0e1a9e\" data-element_type=\"column\" data-e-type=\"column\">\n\t\t\t<div class=\"elementor-widget-wrap elementor-element-populated\">\n\t\t\t\t\t\t<div class=\"elementor-element elementor-element-f2bdcff elementor-widget elementor-widget-image\" data-id=\"f2bdcff\" data-element_type=\"widget\" data-e-type=\"widget\" data-widget_type=\"image.default\">\n\t\t\t\t<div class=\"elementor-widget-container\">\n\t\t\t\t\t\t\t\t\t\t\t\t\t\t\t<img fetchpriority=\"high\" decoding=\"async\" width=\"800\" height=\"534\" src=\"https:\/\/www.lcingredients.com\/wp-content\/uploads\/2023\/10\/Depositphotos_195751416_XL-1024x683.jpg\" class=\"attachment-large size-large wp-image-856\" alt=\"Palma de mujer joven. Hermosa manicura glamurosa. Estilo franc\u00e9s. Esmalte de u\u00f1as. Cuidado de manos y u\u00f1as, piel limpia.\" srcset=\"https:\/\/www.lcingredients.com\/wp-content\/uploads\/2023\/10\/Depositphotos_195751416_XL-1024x683.jpg 1024w, https:\/\/www.lcingredients.com\/wp-content\/uploads\/2023\/10\/Depositphotos_195751416_XL-300x200.jpg 300w, https:\/\/www.lcingredients.com\/wp-content\/uploads\/2023\/10\/Depositphotos_195751416_XL-768x512.jpg 768w, https:\/\/www.lcingredients.com\/wp-content\/uploads\/2023\/10\/Depositphotos_195751416_XL-1536x1024.jpg 1536w, https:\/\/www.lcingredients.com\/wp-content\/uploads\/2023\/10\/Depositphotos_195751416_XL-2048x1365.jpg 2048w, https:\/\/www.lcingredients.com\/wp-content\/uploads\/2023\/10\/Depositphotos_195751416_XL-1320x880.jpg 1320w\" sizes=\"(max-width: 800px) 100vw, 800px\" \/>\t\t\t\t\t\t\t\t\t\t\t\t\t\t\t<\/div>\n\t\t\t\t<\/div>\n\t\t\t\t<div class=\"elementor-element elementor-element-d7eceda elementor-widget elementor-widget-heading\" data-id=\"d7eceda\" data-element_type=\"widget\" data-e-type=\"widget\" data-widget_type=\"heading.default\">\n\t\t\t\t<div class=\"elementor-widget-container\">\n\t\t\t\t\t<h1 class=\"elementor-heading-title elementor-size-default\">INGREDIENTES DE NUESTRAS U\u00d1AS<\/h1>\t\t\t\t<\/div>\n\t\t\t\t<\/div>\n\t\t\t\t\t<\/div>\n\t\t<\/div>\n\t\t\t\t\t<\/div>\n\t\t<\/section>\n\t\t\t\t<section class=\"elementor-section elementor-top-section elementor-element elementor-element-5dcfda0 elementor-section-boxed elementor-section-height-default elementor-section-height-default\" data-id=\"5dcfda0\" data-element_type=\"section\" data-e-type=\"section\">\n\t\t\t\t\t\t<div class=\"elementor-container elementor-column-gap-default\">\n\t\t\t\t\t<div class=\"elementor-column elementor-col-100 elementor-top-column elementor-element elementor-element-6bb3617\" data-id=\"6bb3617\" data-element_type=\"column\" data-e-type=\"column\">\n\t\t\t<div class=\"elementor-widget-wrap elementor-element-populated\">\n\t\t\t\t\t\t<div class=\"elementor-element elementor-element-70d2d28 elementor-widget elementor-widget-heading\" data-id=\"70d2d28\" data-element_type=\"widget\" data-e-type=\"widget\" data-widget_type=\"heading.default\">\n\t\t\t\t<div class=\"elementor-widget-container\">\n\t\t\t\t\t<h2 class=\"elementor-heading-title elementor-size-default\">APOYO NUTRICIONAL PARA U\u00d1AS FUERTES Y SALUDABLES<\/h2>\t\t\t\t<\/div>\n\t\t\t\t<\/div>\n\t\t\t\t<section class=\"elementor-section elementor-inner-section elementor-element elementor-element-b53cad5 elementor-section-boxed elementor-section-height-default elementor-section-height-default\" data-id=\"b53cad5\" data-element_type=\"section\" data-e-type=\"section\">\n\t\t\t\t\t\t<div class=\"elementor-container elementor-column-gap-default\">\n\t\t\t\t\t<div class=\"elementor-column elementor-col-50 elementor-inner-column elementor-element elementor-element-0febeb9\" data-id=\"0febeb9\" data-element_type=\"column\" data-e-type=\"column\">\n\t\t\t<div class=\"elementor-widget-wrap elementor-element-populated\">\n\t\t\t\t\t\t<div class=\"elementor-element elementor-element-02a12b7 elementor-widget elementor-widget-text-editor\" data-id=\"02a12b7\" data-element_type=\"widget\" data-e-type=\"widget\" data-widget_type=\"text-editor.default\">\n\t\t\t\t<div class=\"elementor-widget-container\">\n\t\t\t\t\t\t\t\t\t<p>Las u\u00f1as est\u00e1n compuestas principalmente de queratina, una prote\u00edna estructural rica en amino\u00e1cidos esenciales como la ciste\u00edna, que proporciona fuerza, resistencia y protecci\u00f3n.\u00a0<br \/><!--EndFragment --><\/p>\t\t\t\t\t\t\t\t<\/div>\n\t\t\t\t<\/div>\n\t\t\t\t\t<\/div>\n\t\t<\/div>\n\t\t\t\t<div class=\"elementor-column elementor-col-50 elementor-inner-column elementor-element elementor-element-988db52\" data-id=\"988db52\" data-element_type=\"column\" data-e-type=\"column\">\n\t\t\t<div class=\"elementor-widget-wrap elementor-element-populated\">\n\t\t\t\t\t\t<div class=\"elementor-element elementor-element-c54fbcb elementor-widget elementor-widget-text-editor\" data-id=\"c54fbcb\" data-element_type=\"widget\" data-e-type=\"widget\" data-widget_type=\"text-editor.default\">\n\t\t\t\t<div class=\"elementor-widget-container\">\n\t\t\t\t\t\t\t\t\t<p>Nuestros ingredientes para la salud de las u\u00f1as est\u00e1n dise\u00f1ados para apoyar la producci\u00f3n de queratina desde adentro, ayudando a mejorar el grosor de las u\u00f1as, reducir la fragilidad y promover la vitalidad general de las u\u00f1as a trav\u00e9s de una suplementaci\u00f3n nutricional espec\u00edfica.<\/p>\t\t\t\t\t\t\t\t<\/div>\n\t\t\t\t<\/div>\n\t\t\t\t\t<\/div>\n\t\t<\/div>\n\t\t\t\t\t<\/div>\n\t\t<\/section>\n\t\t\t\t\t<\/div>\n\t\t<\/div>\n\t\t\t\t\t<\/div>\n\t\t<\/section>\n\t\t\t\t<section class=\"elementor-section elementor-top-section elementor-element elementor-element-aa2d214 elementor-section-boxed elementor-section-height-default elementor-section-height-default\" data-id=\"aa2d214\" data-element_type=\"section\" data-e-type=\"section\">\n\t\t\t\t\t\t<div class=\"elementor-container elementor-column-gap-default\">\n\t\t\t\t\t<div class=\"elementor-column elementor-col-50 elementor-top-column elementor-element elementor-element-cb88c35\" data-id=\"cb88c35\" data-element_type=\"column\" data-e-type=\"column\" data-settings=\"{&quot;background_background&quot;:&quot;classic&quot;}\">\n\t\t\t<div class=\"elementor-widget-wrap elementor-element-populated\">\n\t\t\t\t\t\t<div class=\"elementor-element elementor-element-bac37db elementor-widget elementor-widget-heading\" data-id=\"bac37db\" data-element_type=\"widget\" data-e-type=\"widget\" data-widget_type=\"heading.default\">\n\t\t\t\t<div class=\"elementor-widget-container\">\n\t\t\t\t\t<h2 class=\"elementor-heading-title elementor-size-default\">CYNATINE\u00ae TOP<\/h2>\t\t\t\t<\/div>\n\t\t\t\t<\/div>\n\t\t\t\t<div class=\"elementor-element elementor-element-e35f132 elementor-widget elementor-widget-text-editor\" data-id=\"e35f132\" data-element_type=\"widget\" data-e-type=\"widget\" data-widget_type=\"text-editor.default\">\n\t\t\t\t<div class=\"elementor-widget-container\">\n\t\t\t\t\t\t\t\t\t<p><strong>Cynatine\u00ae ARRIBA<\/strong>\u00a0es un\u00a0<strong>queratina hidrolizada<\/strong>\u00a0para uso cosm\u00e9tico,\u00a0<strong><a href=\"https:\/\/www.ecocert.com\/fr-FR\/certification\/cosmetiques-biologiques-ou-naturels-cosmos\">COSMOS<\/a>\u00a0<\/strong>aprobado<b>.<\/b><\/p><p>Este ingrediente est\u00e1 cl\u00ednicamente probado como eficaz con dosis a partir de 0,51 TP3T para endurecer las u\u00f1as.<\/p><p>Nuestra queratina proporciona un efecto\u00a0<span style=\"font-weight: bolder;\">anti roturas<\/span>\u00a0y mejorar su\u00a0<span style=\"font-weight: bolder;\">crecimiento natural.<\/span><\/p>\t\t\t\t\t\t\t\t<\/div>\n\t\t\t\t<\/div>\n\t\t\t\t<div class=\"elementor-element elementor-element-d94f030 elementor-button-info elementor-align-center elementor-widget elementor-widget-button\" data-id=\"d94f030\" data-element_type=\"widget\" data-e-type=\"widget\" data-widget_type=\"button.default\">\n\t\t\t\t<div class=\"elementor-widget-container\">\n\t\t\t\t\t\t\t\t\t<div class=\"elementor-button-wrapper\">\n\t\t\t\t\t<a class=\"elementor-button elementor-button-link elementor-size-sm\" href=\"https:\/\/www.lcingredients.com\/es\/pelo-superior-de-cinatina-cosmetica\/\">\n\t\t\t\t\t\t<span class=\"elementor-button-content-wrapper\">\n\t\t\t\t\t\t\t\t\t<span class=\"elementor-button-text\">Ver m\u00e1s<\/span>\n\t\t\t\t\t<\/span>\n\t\t\t\t\t<\/a>\n\t\t\t\t<\/div>\n\t\t\t\t\t\t\t\t<\/div>\n\t\t\t\t<\/div>\n\t\t\t\t\t<\/div>\n\t\t<\/div>\n\t\t\t\t<div class=\"elementor-column elementor-col-50 elementor-top-column elementor-element elementor-element-e90d3fa\" data-id=\"e90d3fa\" data-element_type=\"column\" data-e-type=\"column\" data-settings=\"{&quot;background_background&quot;:&quot;classic&quot;}\">\n\t\t\t<div class=\"elementor-widget-wrap elementor-element-populated\">\n\t\t\t\t\t\t<div class=\"elementor-element elementor-element-e1d3dfa elementor-widget elementor-widget-spacer\" data-id=\"e1d3dfa\" data-element_type=\"widget\" data-e-type=\"widget\" data-widget_type=\"spacer.default\">\n\t\t\t\t<div class=\"elementor-widget-container\">\n\t\t\t\t\t\t\t<div class=\"elementor-spacer\">\n\t\t\t<div class=\"elementor-spacer-inner\"><\/div>\n\t\t<\/div>\n\t\t\t\t\t\t<\/div>\n\t\t\t\t<\/div>\n\t\t\t\t<div class=\"elementor-element elementor-element-490d828 elementor-widget-laptop__width-initial elementor-widget elementor-widget-image\" data-id=\"490d828\" data-element_type=\"widget\" data-e-type=\"widget\" data-widget_type=\"image.default\">\n\t\t\t\t<div class=\"elementor-widget-container\">\n\t\t\t\t\t\t\t\t\t\t\t\t\t\t\t<img decoding=\"async\" width=\"800\" height=\"213\" src=\"https:\/\/www.lcingredients.com\/wp-content\/uploads\/2023\/09\/CYNATINE-TOP-LOGO-1024x272.png\" class=\"attachment-large size-large wp-image-624\" alt=\"\" srcset=\"https:\/\/www.lcingredients.com\/wp-content\/uploads\/2023\/09\/CYNATINE-TOP-LOGO-1024x272.png 1024w, https:\/\/www.lcingredients.com\/wp-content\/uploads\/2023\/09\/CYNATINE-TOP-LOGO-300x80.png 300w, https:\/\/www.lcingredients.com\/wp-content\/uploads\/2023\/09\/CYNATINE-TOP-LOGO-768x204.png 768w, https:\/\/www.lcingredients.com\/wp-content\/uploads\/2023\/09\/CYNATINE-TOP-LOGO-1536x408.png 1536w, https:\/\/www.lcingredients.com\/wp-content\/uploads\/2023\/09\/CYNATINE-TOP-LOGO-1320x351.png 1320w, https:\/\/www.lcingredients.com\/wp-content\/uploads\/2023\/09\/CYNATINE-TOP-LOGO.png 1600w\" sizes=\"(max-width: 800px) 100vw, 800px\" \/>\t\t\t\t\t\t\t\t\t\t\t\t\t\t\t<\/div>\n\t\t\t\t<\/div>\n\t\t\t\t\t<\/div>\n\t\t<\/div>\n\t\t\t\t\t<\/div>\n\t\t<\/section>\n\t\t\t\t<section class=\"elementor-section elementor-top-section elementor-element elementor-element-9826eb7 elementor-section-boxed elementor-section-height-default elementor-section-height-default\" data-id=\"9826eb7\" data-element_type=\"section\" data-e-type=\"section\">\n\t\t\t\t\t\t<div class=\"elementor-container elementor-column-gap-default\">\n\t\t\t\t\t<div class=\"elementor-column elementor-col-100 elementor-top-column elementor-element elementor-element-e5dd838\" data-id=\"e5dd838\" data-element_type=\"column\" data-e-type=\"column\">\n\t\t\t<div class=\"elementor-widget-wrap elementor-element-populated\">\n\t\t\t\t\t\t<div class=\"elementor-element elementor-element-06cb8d5 elementor-widget elementor-widget-spacer\" data-id=\"06cb8d5\" data-element_type=\"widget\" data-e-type=\"widget\" data-widget_type=\"spacer.default\">\n\t\t\t\t<div class=\"elementor-widget-container\">\n\t\t\t\t\t\t\t<div class=\"elementor-spacer\">\n\t\t\t<div class=\"elementor-spacer-inner\"><\/div>\n\t\t<\/div>\n\t\t\t\t\t\t<\/div>\n\t\t\t\t<\/div>\n\t\t\t\t\t<\/div>\n\t\t<\/div>\n\t\t\t\t\t<\/div>\n\t\t<\/section>\n\t\t\t\t<\/div>","protected":false},"excerpt":{"rendered":"<p>NUESTROS INGREDIENTES PARA U\u00d1AS: APOYO NUTRICIONAL PARA UNAS U\u00d1AS FUERTES Y SALUDABLES. Las u\u00f1as se componen principalmente de queratina, una prote\u00edna estructural rica en amino\u00e1cidos esenciales como la ciste\u00edna, que proporciona fuerza, resistencia y protecci\u00f3n. Nuestros ingredientes para la salud de las u\u00f1as est\u00e1n dise\u00f1ados para estimular la producci\u00f3n de queratina desde el interior, ayudando a mejorar el grosor de las u\u00f1as, reducir la fragilidad y promover la vitalidad general de las u\u00f1as [\u2026]<\/p>","protected":false},"author":3,"featured_media":0,"parent":0,"menu_order":0,"comment_status":"closed","ping_status":"closed","template":"","meta":{"_eb_attr":"","footnotes":""},"class_list":["post-628","page","type-page","status-publish","hentry"],"yoast_head":"<!-- This site is optimized with the Yoast SEO plugin v26.7 - https:\/\/yoast.com\/wordpress\/plugins\/seo\/ -->\n<title>Nails - LC Ingredients<\/title>\n<meta name=\"description\" content=\"Discover our ingredients CYNATINE TOP certified COSMOS, for nails care formulation. Clinicaly validated for harder nails.\" \/>\n<meta name=\"robots\" content=\"index, follow, max-snippet:-1, max-image-preview:large, max-video-preview:-1\" \/>\n<link rel=\"canonical\" href=\"https:\/\/www.lcingredients.com\/es\/unas-ingrediente-cosmetico\/\" \/>\n<meta property=\"og:locale\" content=\"es_ES\" \/>\n<meta property=\"og:type\" content=\"article\" \/>\n<meta property=\"og:title\" content=\"Nails - LC Ingredients\" \/>\n<meta property=\"og:description\" content=\"Discover our ingredients CYNATINE TOP certified COSMOS, for nails care formulation. Clinicaly validated for harder nails.\" \/>\n<meta property=\"og:url\" content=\"https:\/\/www.lcingredients.com\/es\/unas-ingrediente-cosmetico\/\" \/>\n<meta property=\"og:site_name\" content=\"LC Ingredients\" \/>\n<meta property=\"article:modified_time\" content=\"2025-10-10T16:19:53+00:00\" \/>\n<meta property=\"og:image\" content=\"https:\/\/www.lcingredients.com\/wp-content\/uploads\/2023\/10\/Depositphotos_195751416_XL-scaled.jpg\" \/>\n\t<meta property=\"og:image:width\" content=\"2560\" \/>\n\t<meta property=\"og:image:height\" content=\"1707\" \/>\n\t<meta property=\"og:image:type\" content=\"image\/jpeg\" \/>\n<meta name=\"twitter:card\" content=\"summary_large_image\" \/>\n<meta name=\"twitter:label1\" content=\"Tiempo de lectura\" \/>\n\t<meta name=\"twitter:data1\" content=\"1 minuto\" \/>\n<script type=\"application\/ld+json\" class=\"yoast-schema-graph\">{\"@context\":\"https:\/\/schema.org\",\"@graph\":[{\"@type\":\"WebPage\",\"@id\":\"https:\/\/www.lcingredients.com\/nails-ingredient-cosmetic\/\",\"url\":\"https:\/\/www.lcingredients.com\/nails-ingredient-cosmetic\/\",\"name\":\"Nails - LC Ingredients\",\"isPartOf\":{\"@id\":\"https:\/\/www.lcingredients.com\/#website\"},\"primaryImageOfPage\":{\"@id\":\"https:\/\/www.lcingredients.com\/nails-ingredient-cosmetic\/#primaryimage\"},\"image\":{\"@id\":\"https:\/\/www.lcingredients.com\/nails-ingredient-cosmetic\/#primaryimage\"},\"thumbnailUrl\":\"https:\/\/www.lcingredients.com\/wp-content\/uploads\/2023\/10\/Depositphotos_195751416_XL-1024x683.jpg\",\"datePublished\":\"2023-09-25T15:15:40+00:00\",\"dateModified\":\"2025-10-10T16:19:53+00:00\",\"description\":\"Discover our ingredients CYNATINE TOP certified COSMOS, for nails care formulation. Clinicaly validated for harder nails.\",\"breadcrumb\":{\"@id\":\"https:\/\/www.lcingredients.com\/nails-ingredient-cosmetic\/#breadcrumb\"},\"inLanguage\":\"es\",\"potentialAction\":[{\"@type\":\"ReadAction\",\"target\":[\"https:\/\/www.lcingredients.com\/nails-ingredient-cosmetic\/\"]}]},{\"@type\":\"ImageObject\",\"inLanguage\":\"es\",\"@id\":\"https:\/\/www.lcingredients.com\/nails-ingredient-cosmetic\/#primaryimage\",\"url\":\"https:\/\/www.lcingredients.com\/wp-content\/uploads\/2023\/10\/Depositphotos_195751416_XL-1024x683.jpg\",\"contentUrl\":\"https:\/\/www.lcingredients.com\/wp-content\/uploads\/2023\/10\/Depositphotos_195751416_XL-1024x683.jpg\"},{\"@type\":\"BreadcrumbList\",\"@id\":\"https:\/\/www.lcingredients.com\/nails-ingredient-cosmetic\/#breadcrumb\",\"itemListElement\":[{\"@type\":\"ListItem\",\"position\":1,\"name\":\"Home\",\"item\":\"https:\/\/www.lcingredients.com\/\"},{\"@type\":\"ListItem\",\"position\":2,\"name\":\"Nails\"}]},{\"@type\":\"WebSite\",\"@id\":\"https:\/\/www.lcingredients.com\/#website\",\"url\":\"https:\/\/www.lcingredients.com\/\",\"name\":\"LC Ingredients\",\"description\":\"Discover high-quality ingredients for your food supplements and cosmetics formulations.\",\"publisher\":{\"@id\":\"https:\/\/www.lcingredients.com\/#organization\"},\"potentialAction\":[{\"@type\":\"SearchAction\",\"target\":{\"@type\":\"EntryPoint\",\"urlTemplate\":\"https:\/\/www.lcingredients.com\/?s={search_term_string}\"},\"query-input\":{\"@type\":\"PropertyValueSpecification\",\"valueRequired\":true,\"valueName\":\"search_term_string\"}}],\"inLanguage\":\"es\"},{\"@type\":\"Organization\",\"@id\":\"https:\/\/www.lcingredients.com\/#organization\",\"name\":\"LC Ingredients\",\"url\":\"https:\/\/www.lcingredients.com\/\",\"logo\":{\"@type\":\"ImageObject\",\"inLanguage\":\"es\",\"@id\":\"https:\/\/www.lcingredients.com\/#\/schema\/logo\/image\/\",\"url\":\"https:\/\/www.lcingredients.com\/wp-content\/uploads\/2023\/10\/LOGO-LC-INGREDIENTS.png\",\"contentUrl\":\"https:\/\/www.lcingredients.com\/wp-content\/uploads\/2023\/10\/LOGO-LC-INGREDIENTS.png\",\"width\":1280,\"height\":1060,\"caption\":\"LC Ingredients\"},\"image\":{\"@id\":\"https:\/\/www.lcingredients.com\/#\/schema\/logo\/image\/\"},\"sameAs\":[\"https:\/\/www.linkedin.com\/company\/lcingredients\/\"]}]}<\/script>\n<!-- \/ Yoast SEO plugin. -->","yoast_head_json":{"title":"U\u00f1as - Ingredientes LC","description":"Descubra nuestros ingredientes CYNATINE TOP certificado COSMOS, para formulaci\u00f3n para el cuidado de las u\u00f1as. Cl\u00ednicamente validado para u\u00f1as m\u00e1s duras.","robots":{"index":"index","follow":"follow","max-snippet":"max-snippet:-1","max-image-preview":"max-image-preview:large","max-video-preview":"max-video-preview:-1"},"canonical":"https:\/\/www.lcingredients.com\/es\/unas-ingrediente-cosmetico\/","og_locale":"es_ES","og_type":"article","og_title":"Nails - LC Ingredients","og_description":"Discover our ingredients CYNATINE TOP certified COSMOS, for nails care formulation. Clinicaly validated for harder nails.","og_url":"https:\/\/www.lcingredients.com\/es\/unas-ingrediente-cosmetico\/","og_site_name":"LC Ingredients","article_modified_time":"2025-10-10T16:19:53+00:00","og_image":[{"width":2560,"height":1707,"url":"https:\/\/www.lcingredients.com\/wp-content\/uploads\/2023\/10\/Depositphotos_195751416_XL-scaled.jpg","type":"image\/jpeg"}],"twitter_card":"summary_large_image","twitter_misc":{"Tiempo de lectura":"1 minuto"},"schema":{"@context":"https:\/\/schema.org","@graph":[{"@type":"WebPage","@id":"https:\/\/www.lcingredients.com\/nails-ingredient-cosmetic\/","url":"https:\/\/www.lcingredients.com\/nails-ingredient-cosmetic\/","name":"U\u00f1as - Ingredientes LC","isPartOf":{"@id":"https:\/\/www.lcingredients.com\/#website"},"primaryImageOfPage":{"@id":"https:\/\/www.lcingredients.com\/nails-ingredient-cosmetic\/#primaryimage"},"image":{"@id":"https:\/\/www.lcingredients.com\/nails-ingredient-cosmetic\/#primaryimage"},"thumbnailUrl":"https:\/\/www.lcingredients.com\/wp-content\/uploads\/2023\/10\/Depositphotos_195751416_XL-1024x683.jpg","datePublished":"2023-09-25T15:15:40+00:00","dateModified":"2025-10-10T16:19:53+00:00","description":"Descubra nuestros ingredientes CYNATINE TOP certificado COSMOS, para formulaci\u00f3n para el cuidado de las u\u00f1as. Cl\u00ednicamente validado para u\u00f1as m\u00e1s duras.","breadcrumb":{"@id":"https:\/\/www.lcingredients.com\/nails-ingredient-cosmetic\/#breadcrumb"},"inLanguage":"es","potentialAction":[{"@type":"ReadAction","target":["https:\/\/www.lcingredients.com\/nails-ingredient-cosmetic\/"]}]},{"@type":"ImageObject","inLanguage":"es","@id":"https:\/\/www.lcingredients.com\/nails-ingredient-cosmetic\/#primaryimage","url":"https:\/\/www.lcingredients.com\/wp-content\/uploads\/2023\/10\/Depositphotos_195751416_XL-1024x683.jpg","contentUrl":"https:\/\/www.lcingredients.com\/wp-content\/uploads\/2023\/10\/Depositphotos_195751416_XL-1024x683.jpg"},{"@type":"BreadcrumbList","@id":"https:\/\/www.lcingredients.com\/nails-ingredient-cosmetic\/#breadcrumb","itemListElement":[{"@type":"ListItem","position":1,"name":"Home","item":"https:\/\/www.lcingredients.com\/"},{"@type":"ListItem","position":2,"name":"Nails"}]},{"@type":"WebSite","@id":"https:\/\/www.lcingredients.com\/#website","url":"https:\/\/www.lcingredients.com\/","name":"Ingredientes LC","description":"Descubra ingredientes de alta calidad para sus complementos alimenticios y formulaciones cosm\u00e9ticas.","publisher":{"@id":"https:\/\/www.lcingredients.com\/#organization"},"potentialAction":[{"@type":"SearchAction","target":{"@type":"EntryPoint","urlTemplate":"https:\/\/www.lcingredients.com\/?s={search_term_string}"},"query-input":{"@type":"PropertyValueSpecification","valueRequired":true,"valueName":"search_term_string"}}],"inLanguage":"es"},{"@type":"Organization","@id":"https:\/\/www.lcingredients.com\/#organization","name":"Ingredientes LC","url":"https:\/\/www.lcingredients.com\/","logo":{"@type":"ImageObject","inLanguage":"es","@id":"https:\/\/www.lcingredients.com\/#\/schema\/logo\/image\/","url":"https:\/\/www.lcingredients.com\/wp-content\/uploads\/2023\/10\/LOGO-LC-INGREDIENTS.png","contentUrl":"https:\/\/www.lcingredients.com\/wp-content\/uploads\/2023\/10\/LOGO-LC-INGREDIENTS.png","width":1280,"height":1060,"caption":"LC Ingredients"},"image":{"@id":"https:\/\/www.lcingredients.com\/#\/schema\/logo\/image\/"},"sameAs":["https:\/\/www.linkedin.com\/company\/lcingredients\/"]}]}},"_links":{"self":[{"href":"https:\/\/www.lcingredients.com\/es\/wp-json\/wp\/v2\/pages\/628","targetHints":{"allow":["GET"]}}],"collection":[{"href":"https:\/\/www.lcingredients.com\/es\/wp-json\/wp\/v2\/pages"}],"about":[{"href":"https:\/\/www.lcingredients.com\/es\/wp-json\/wp\/v2\/types\/page"}],"author":[{"embeddable":true,"href":"https:\/\/www.lcingredients.com\/es\/wp-json\/wp\/v2\/users\/3"}],"replies":[{"embeddable":true,"href":"https:\/\/www.lcingredients.com\/es\/wp-json\/wp\/v2\/comments?post=628"}],"version-history":[{"count":29,"href":"https:\/\/www.lcingredients.com\/es\/wp-json\/wp\/v2\/pages\/628\/revisions"}],"predecessor-version":[{"id":5119,"href":"https:\/\/www.lcingredients.com\/es\/wp-json\/wp\/v2\/pages\/628\/revisions\/5119"}],"wp:attachment":[{"href":"https:\/\/www.lcingredients.com\/es\/wp-json\/wp\/v2\/media?parent=628"}],"curies":[{"name":"gracias","href":"https:\/\/api.w.org\/{rel}","templated":true}]}}