{"id":490,"date":"2023-09-22T15:30:41","date_gmt":"2023-09-22T15:30:41","guid":{"rendered":"https:\/\/www.lcingredients.com\/?page_id=490"},"modified":"2025-10-10T15:28:20","modified_gmt":"2025-10-10T15:28:20","slug":"comodidad-articular","status":"publish","type":"page","link":"https:\/\/www.lcingredients.com\/es\/comodidad-articular\/","title":{"rendered":"Comodidad articular"},"content":{"rendered":"<div data-elementor-type=\"wp-page\" data-elementor-id=\"490\" class=\"elementor elementor-490\" data-elementor-post-type=\"page\">\n\t\t\t\t\t\t<section class=\"elementor-section elementor-top-section elementor-element elementor-element-30a59c3 elementor-section-full_width elementor-section-height-default elementor-section-height-default\" data-id=\"30a59c3\" data-element_type=\"section\" data-e-type=\"section\">\n\t\t\t\t\t\t<div class=\"elementor-container elementor-column-gap-default\">\n\t\t\t\t\t<div class=\"elementor-column elementor-col-100 elementor-top-column elementor-element elementor-element-2e816d1\" data-id=\"2e816d1\" data-element_type=\"column\" data-e-type=\"column\">\n\t\t\t<div class=\"elementor-widget-wrap elementor-element-populated\">\n\t\t\t\t\t\t<div class=\"elementor-element elementor-element-402d40b elementor-widget elementor-widget-image\" data-id=\"402d40b\" data-element_type=\"widget\" data-e-type=\"widget\" data-widget_type=\"image.default\">\n\t\t\t\t<div class=\"elementor-widget-container\">\n\t\t\t\t\t\t\t\t\t\t\t\t\t\t\t<img fetchpriority=\"high\" decoding=\"async\" width=\"800\" height=\"533\" src=\"https:\/\/www.lcingredients.com\/wp-content\/uploads\/2025\/09\/active-men-running-in-the-city-1024x682.jpg\" class=\"attachment-large size-large wp-image-3467\" alt=\"hombres activos corriendo en la ciudad\" srcset=\"https:\/\/www.lcingredients.com\/wp-content\/uploads\/2025\/09\/active-men-running-in-the-city-1024x682.jpg 1024w, https:\/\/www.lcingredients.com\/wp-content\/uploads\/2025\/09\/active-men-running-in-the-city-300x200.jpg 300w, https:\/\/www.lcingredients.com\/wp-content\/uploads\/2025\/09\/active-men-running-in-the-city-768x512.jpg 768w, https:\/\/www.lcingredients.com\/wp-content\/uploads\/2025\/09\/active-men-running-in-the-city-1536x1024.jpg 1536w, https:\/\/www.lcingredients.com\/wp-content\/uploads\/2025\/09\/active-men-running-in-the-city-18x12.jpg 18w, https:\/\/www.lcingredients.com\/wp-content\/uploads\/2025\/09\/active-men-running-in-the-city-1320x880.jpg 1320w, https:\/\/www.lcingredients.com\/wp-content\/uploads\/2025\/09\/active-men-running-in-the-city.jpg 2000w\" sizes=\"(max-width: 800px) 100vw, 800px\" \/>\t\t\t\t\t\t\t\t\t\t\t\t\t\t\t<\/div>\n\t\t\t\t<\/div>\n\t\t\t\t<div class=\"elementor-element elementor-element-2c74228 elementor-widget elementor-widget-heading\" data-id=\"2c74228\" data-element_type=\"widget\" data-e-type=\"widget\" data-widget_type=\"heading.default\">\n\t\t\t\t<div class=\"elementor-widget-container\">\n\t\t\t\t\t<h1 class=\"elementor-heading-title elementor-size-default\">NUESTROS INGREDIENTES PARA EL CONFORT DE LAS ARTICULACIONES<\/h1>\t\t\t\t<\/div>\n\t\t\t\t<\/div>\n\t\t\t\t\t<\/div>\n\t\t<\/div>\n\t\t\t\t\t<\/div>\n\t\t<\/section>\n\t\t\t\t<section class=\"elementor-section elementor-top-section elementor-element elementor-element-58063ae elementor-section-boxed elementor-section-height-default elementor-section-height-default\" data-id=\"58063ae\" data-element_type=\"section\" data-e-type=\"section\">\n\t\t\t\t\t\t<div class=\"elementor-container elementor-column-gap-default\">\n\t\t\t\t\t<div class=\"elementor-column elementor-col-100 elementor-top-column elementor-element elementor-element-afc60d4\" data-id=\"afc60d4\" data-element_type=\"column\" data-e-type=\"column\">\n\t\t\t<div class=\"elementor-widget-wrap elementor-element-populated\">\n\t\t\t\t\t\t<div class=\"elementor-element elementor-element-d8e5da5 elementor-widget elementor-widget-heading\" data-id=\"d8e5da5\" data-element_type=\"widget\" data-e-type=\"widget\" data-widget_type=\"heading.default\">\n\t\t\t\t<div class=\"elementor-widget-container\">\n\t\t\t\t\t<h2 class=\"elementor-heading-title elementor-size-default\">APOYO A LA MOVILIDAD Y LA COMODIDAD DE LAS ARTICULACIONES <br>DESDE DENTRO<\/h2>\t\t\t\t<\/div>\n\t\t\t\t<\/div>\n\t\t\t\t<section class=\"elementor-section elementor-inner-section elementor-element elementor-element-9704c9c elementor-section-boxed elementor-section-height-default elementor-section-height-default\" data-id=\"9704c9c\" data-element_type=\"section\" data-e-type=\"section\">\n\t\t\t\t\t\t<div class=\"elementor-container elementor-column-gap-default\">\n\t\t\t\t\t<div class=\"elementor-column elementor-col-50 elementor-inner-column elementor-element elementor-element-3f3c4ce\" data-id=\"3f3c4ce\" data-element_type=\"column\" data-e-type=\"column\">\n\t\t\t<div class=\"elementor-widget-wrap elementor-element-populated\">\n\t\t\t\t\t\t<div class=\"elementor-element elementor-element-835f099 elementor-widget elementor-widget-text-editor\" data-id=\"835f099\" data-element_type=\"widget\" data-e-type=\"widget\" data-widget_type=\"text-editor.default\">\n\t\t\t\t<div class=\"elementor-widget-container\">\n\t\t\t\t\t\t\t\t\t<p>La salud articular es esencial para mantener la movilidad, la flexibilidad y la calidad de vida en general. Con el tiempo, factores como el envejecimiento, el estr\u00e9s f\u00edsico y la inflamaci\u00f3n pueden comprometer la integridad del cart\u00edlago y el tejido conectivo.\u00a0<br \/><!--EndFragment --><\/p>\t\t\t\t\t\t\t\t<\/div>\n\t\t\t\t<\/div>\n\t\t\t\t\t<\/div>\n\t\t<\/div>\n\t\t\t\t<div class=\"elementor-column elementor-col-50 elementor-inner-column elementor-element elementor-element-b2156a3\" data-id=\"b2156a3\" data-element_type=\"column\" data-e-type=\"column\">\n\t\t\t<div class=\"elementor-widget-wrap elementor-element-populated\">\n\t\t\t\t\t\t<div class=\"elementor-element elementor-element-18056e5 elementor-widget elementor-widget-text-editor\" data-id=\"18056e5\" data-element_type=\"widget\" data-e-type=\"widget\" data-widget_type=\"text-editor.default\">\n\t\t\t\t<div class=\"elementor-widget-container\">\n\t\t\t\t\t\t\t\t\t<p>Nuestros ingredientes para el confort de las articulaciones est\u00e1n dise\u00f1ados para nutrir y proteger estas estructuras, ayudando a reducir las molestias, favorecer la flexibilidad y promover el bienestar musculoesquel\u00e9tico a largo plazo a trav\u00e9s de un apoyo nutricional espec\u00edfico.\u00a0<\/p>\t\t\t\t\t\t\t\t<\/div>\n\t\t\t\t<\/div>\n\t\t\t\t\t<\/div>\n\t\t<\/div>\n\t\t\t\t\t<\/div>\n\t\t<\/section>\n\t\t\t\t\t<\/div>\n\t\t<\/div>\n\t\t\t\t\t<\/div>\n\t\t<\/section>\n\t\t\t\t<section class=\"elementor-section elementor-top-section elementor-element elementor-element-57b4336 elementor-section-boxed elementor-section-height-default elementor-section-height-default\" data-id=\"57b4336\" data-element_type=\"section\" data-e-type=\"section\">\n\t\t\t\t\t\t<div class=\"elementor-container elementor-column-gap-default\">\n\t\t\t\t\t<div class=\"elementor-column elementor-col-50 elementor-top-column elementor-element elementor-element-a2985e1\" data-id=\"a2985e1\" data-element_type=\"column\" data-e-type=\"column\" data-settings=\"{&quot;background_background&quot;:&quot;classic&quot;}\">\n\t\t\t<div class=\"elementor-widget-wrap elementor-element-populated\">\n\t\t\t\t\t\t<div class=\"elementor-element elementor-element-e7a4582 elementor-widget elementor-widget-spacer\" data-id=\"e7a4582\" data-element_type=\"widget\" data-e-type=\"widget\" data-widget_type=\"spacer.default\">\n\t\t\t\t<div class=\"elementor-widget-container\">\n\t\t\t\t\t\t\t<div class=\"elementor-spacer\">\n\t\t\t<div class=\"elementor-spacer-inner\"><\/div>\n\t\t<\/div>\n\t\t\t\t\t\t<\/div>\n\t\t\t\t<\/div>\n\t\t\t\t<div class=\"elementor-element elementor-element-94f6f46 elementor-widget elementor-widget-image\" data-id=\"94f6f46\" data-element_type=\"widget\" data-e-type=\"widget\" data-widget_type=\"image.default\">\n\t\t\t\t<div class=\"elementor-widget-container\">\n\t\t\t\t\t\t\t\t\t\t\t\t\t\t\t\t<a href=\"https:\/\/www.lcingredients.com\/es\/articulaciones-cinatina-flx\/\">\n\t\t\t\t\t\t\t<img decoding=\"async\" width=\"800\" height=\"480\" src=\"https:\/\/www.lcingredients.com\/wp-content\/uploads\/2023\/09\/Cynatine-FLX.png\" class=\"attachment-large size-large wp-image-518\" alt=\"\" srcset=\"https:\/\/www.lcingredients.com\/wp-content\/uploads\/2023\/09\/Cynatine-FLX.png 800w, https:\/\/www.lcingredients.com\/wp-content\/uploads\/2023\/09\/Cynatine-FLX-300x180.png 300w, https:\/\/www.lcingredients.com\/wp-content\/uploads\/2023\/09\/Cynatine-FLX-768x461.png 768w\" sizes=\"(max-width: 800px) 100vw, 800px\" \/>\t\t\t\t\t\t\t\t<\/a>\n\t\t\t\t\t\t\t\t\t\t\t\t\t\t\t<\/div>\n\t\t\t\t<\/div>\n\t\t\t\t\t<\/div>\n\t\t<\/div>\n\t\t\t\t<div class=\"elementor-column elementor-col-50 elementor-top-column elementor-element elementor-element-5f3b2a0\" data-id=\"5f3b2a0\" data-element_type=\"column\" data-e-type=\"column\" data-settings=\"{&quot;background_background&quot;:&quot;classic&quot;}\">\n\t\t\t<div class=\"elementor-widget-wrap elementor-element-populated\">\n\t\t\t\t\t\t<div class=\"elementor-element elementor-element-ae9d4e3 elementor-widget elementor-widget-heading\" data-id=\"ae9d4e3\" data-element_type=\"widget\" data-e-type=\"widget\" data-widget_type=\"heading.default\">\n\t\t\t\t<div class=\"elementor-widget-container\">\n\t\t\t\t\t<h2 class=\"elementor-heading-title elementor-size-default\">CYNATINE\u00ae FLX<\/h2>\t\t\t\t<\/div>\n\t\t\t\t<\/div>\n\t\t\t\t<div class=\"elementor-element elementor-element-a111f4a elementor-widget elementor-widget-text-editor\" data-id=\"a111f4a\" data-element_type=\"widget\" data-e-type=\"widget\" data-widget_type=\"text-editor.default\">\n\t\t\t\t<div class=\"elementor-widget-container\">\n\t\t\t\t\t\t\t\t\t<p><strong>Cynatine\u00aeFLX<\/strong> Es un polvo de queratina soluble producido a partir de lana de oveja de primera calidad mediante un proceso \u00fanico y patentado que conserva el perfil de amino\u00e1cidos nativos. La perfecta solubilidad de Cynatine la hace incre\u00edblemente vers\u00e1til para cualquier desarrollo gal\u00e9nico.\u00a0<\/p><p>Est\u00e1 cl\u00ednicamente probado que Cynatine\u00ae FLX reduce significativamente la inflamaci\u00f3n de las articulaciones, promueve la s\u00edntesis de glutati\u00f3n y estimula la regeneraci\u00f3n del cart\u00edlago. Cynatine\u00ae FLX protege las articulaciones y mejora el confort de la vida diaria preservando la flexibilidad y la movilidad.\u00a0<\/p>\t\t\t\t\t\t\t\t<\/div>\n\t\t\t\t<\/div>\n\t\t\t\t<div class=\"elementor-element elementor-element-17fe4c3 elementor-button-info elementor-align-center elementor-widget elementor-widget-button\" data-id=\"17fe4c3\" data-element_type=\"widget\" data-e-type=\"widget\" data-widget_type=\"button.default\">\n\t\t\t\t<div class=\"elementor-widget-container\">\n\t\t\t\t\t\t\t\t\t<div class=\"elementor-button-wrapper\">\n\t\t\t\t\t<a class=\"elementor-button elementor-button-link elementor-size-sm\" href=\"https:\/\/www.lcingredients.com\/es\/articulaciones-cinatina-flx\/\">\n\t\t\t\t\t\t<span class=\"elementor-button-content-wrapper\">\n\t\t\t\t\t\t\t\t\t<span class=\"elementor-button-text\">Ver m\u00e1s<\/span>\n\t\t\t\t\t<\/span>\n\t\t\t\t\t<\/a>\n\t\t\t\t<\/div>\n\t\t\t\t\t\t\t\t<\/div>\n\t\t\t\t<\/div>\n\t\t\t\t\t<\/div>\n\t\t<\/div>\n\t\t\t\t\t<\/div>\n\t\t<\/section>\n\t\t\t\t<section class=\"elementor-section elementor-top-section elementor-element elementor-element-e6f3cfb elementor-section-boxed elementor-section-height-default elementor-section-height-default\" data-id=\"e6f3cfb\" data-element_type=\"section\" data-e-type=\"section\">\n\t\t\t\t\t\t<div class=\"elementor-container elementor-column-gap-default\">\n\t\t\t\t\t<div class=\"elementor-column elementor-col-50 elementor-top-column elementor-element elementor-element-ced7385\" data-id=\"ced7385\" data-element_type=\"column\" data-e-type=\"column\" data-settings=\"{&quot;background_background&quot;:&quot;classic&quot;}\">\n\t\t\t<div class=\"elementor-widget-wrap elementor-element-populated\">\n\t\t\t\t\t\t<div class=\"elementor-element elementor-element-fbed9fa elementor-widget elementor-widget-heading\" data-id=\"fbed9fa\" data-element_type=\"widget\" data-e-type=\"widget\" data-widget_type=\"heading.default\">\n\t\t\t\t<div class=\"elementor-widget-container\">\n\t\t\t\t\t<h2 class=\"elementor-heading-title elementor-size-default\">CURCUMINA BIOSOLVE\u2122<\/h2>\t\t\t\t<\/div>\n\t\t\t\t<\/div>\n\t\t\t\t<div class=\"elementor-element elementor-element-2e2f5c3 elementor-widget elementor-widget-text-editor\" data-id=\"2e2f5c3\" data-element_type=\"widget\" data-e-type=\"widget\" data-widget_type=\"text-editor.default\">\n\t\t\t\t<div class=\"elementor-widget-container\">\n\t\t\t\t\t\t\t\t\t<p>BioSOLVE Curcumin\u2122 mejora el dolor y la hinchaz\u00f3n de las articulaciones.\u00a0<\/p><p>Este ingrediente ayuda a calmar la rigidez de las articulaciones y facilita las actividades f\u00edsicas diarias.\u00a0<\/p><p>Conocida por sus propiedades antiinflamatorias, la c\u00farcuma ahora es reconocida como la hierba n\u00famero uno para un envejecimiento saludable.\u00a0<\/p><p>BioSOLVE es la \u00fanica curcumina optimizada con una matriz alimentaria y estudios cl\u00ednicos que demuestran su eficacia.\u00a0<\/p><p>Su composici\u00f3n especial evita irritantes g\u00e1stricos como la piperina, surfactantes mayores y otros qu\u00edmicos, preservando una biodisponibilidad superior y una dispersi\u00f3n inmediata.<\/p>\t\t\t\t\t\t\t\t<\/div>\n\t\t\t\t<\/div>\n\t\t\t\t<div class=\"elementor-element elementor-element-443ac12 elementor-button-info elementor-align-center elementor-widget elementor-widget-button\" data-id=\"443ac12\" data-element_type=\"widget\" data-e-type=\"widget\" data-widget_type=\"button.default\">\n\t\t\t\t<div class=\"elementor-widget-container\">\n\t\t\t\t\t\t\t\t\t<div class=\"elementor-button-wrapper\">\n\t\t\t\t\t<a class=\"elementor-button elementor-button-link elementor-size-sm\" href=\"https:\/\/www.lcingredients.com\/es\/curcumina-biosolve\/\">\n\t\t\t\t\t\t<span class=\"elementor-button-content-wrapper\">\n\t\t\t\t\t\t\t\t\t<span class=\"elementor-button-text\">Ver m\u00e1s<\/span>\n\t\t\t\t\t<\/span>\n\t\t\t\t\t<\/a>\n\t\t\t\t<\/div>\n\t\t\t\t\t\t\t\t<\/div>\n\t\t\t\t<\/div>\n\t\t\t\t\t<\/div>\n\t\t<\/div>\n\t\t\t\t<div class=\"elementor-column elementor-col-50 elementor-top-column elementor-element elementor-element-2040ba9\" data-id=\"2040ba9\" data-element_type=\"column\" data-e-type=\"column\" data-settings=\"{&quot;background_background&quot;:&quot;classic&quot;}\">\n\t\t\t<div class=\"elementor-widget-wrap elementor-element-populated\">\n\t\t\t\t\t\t<div class=\"elementor-element elementor-element-20da048 elementor-widget elementor-widget-spacer\" data-id=\"20da048\" data-element_type=\"widget\" data-e-type=\"widget\" data-widget_type=\"spacer.default\">\n\t\t\t\t<div class=\"elementor-widget-container\">\n\t\t\t\t\t\t\t<div class=\"elementor-spacer\">\n\t\t\t<div class=\"elementor-spacer-inner\"><\/div>\n\t\t<\/div>\n\t\t\t\t\t\t<\/div>\n\t\t\t\t<\/div>\n\t\t\t\t<div class=\"elementor-element elementor-element-bceff77 elementor-widget elementor-widget-image\" data-id=\"bceff77\" data-element_type=\"widget\" data-e-type=\"widget\" data-widget_type=\"image.default\">\n\t\t\t\t<div class=\"elementor-widget-container\">\n\t\t\t\t\t\t\t\t\t\t\t\t\t\t\t\t<a href=\"https:\/\/www.lcingredients.com\/es\/curcumina-biosolve\/\">\n\t\t\t\t\t\t\t<img decoding=\"async\" width=\"395\" height=\"52\" src=\"https:\/\/www.lcingredients.com\/wp-content\/uploads\/2023\/09\/biosolvecurcumin-title-2-removebg-preview-1.png\" class=\"attachment-large size-large wp-image-519\" alt=\"\" srcset=\"https:\/\/www.lcingredients.com\/wp-content\/uploads\/2023\/09\/biosolvecurcumin-title-2-removebg-preview-1.png 395w, https:\/\/www.lcingredients.com\/wp-content\/uploads\/2023\/09\/biosolvecurcumin-title-2-removebg-preview-1-300x39.png 300w\" sizes=\"(max-width: 395px) 100vw, 395px\" \/>\t\t\t\t\t\t\t\t<\/a>\n\t\t\t\t\t\t\t\t\t\t\t\t\t\t\t<\/div>\n\t\t\t\t<\/div>\n\t\t\t\t\t<\/div>\n\t\t<\/div>\n\t\t\t\t\t<\/div>\n\t\t<\/section>\n\t\t\t\t<\/div>","protected":false},"excerpt":{"rendered":"<p>NUESTROS INGREDIENTES PARA EL CONFORT ARTICULAR FOMENTAN LA MOVILIDAD Y EL CONFORT ARTICULAR DESDE EL INTERIOR. La salud articular es esencial para mantener la movilidad, la flexibilidad y la calidad de vida en general. Con el tiempo, factores como el envejecimiento, el estr\u00e9s f\u00edsico y la inflamaci\u00f3n pueden comprometer la integridad del cart\u00edlago y el tejido conectivo. Nuestros ingredientes para el confort articular est\u00e1n dise\u00f1ados para nutrir y proteger estas estructuras, [\u2026]<\/p>","protected":false},"author":3,"featured_media":0,"parent":0,"menu_order":0,"comment_status":"closed","ping_status":"closed","template":"","meta":{"_eb_attr":"","footnotes":""},"class_list":["post-490","page","type-page","status-publish","hentry"],"yoast_head":"<!-- This site is optimized with the Yoast SEO plugin v26.7 - https:\/\/yoast.com\/wordpress\/plugins\/seo\/ -->\n<title>Joint comfort - LC Ingredients<\/title>\n<meta name=\"description\" content=\"Discover the key ingredients for joint comfort and how they can improve your musculoskeletal health and daily activities.\" \/>\n<meta name=\"robots\" content=\"index, follow, max-snippet:-1, max-image-preview:large, max-video-preview:-1\" \/>\n<link rel=\"canonical\" href=\"https:\/\/www.lcingredients.com\/es\/comodidad-articular\/\" \/>\n<meta property=\"og:locale\" content=\"es_ES\" \/>\n<meta property=\"og:type\" content=\"article\" \/>\n<meta property=\"og:title\" content=\"Joint comfort - LC Ingredients\" \/>\n<meta property=\"og:description\" content=\"Discover the key ingredients for joint comfort and how they can improve your musculoskeletal health and daily activities.\" \/>\n<meta property=\"og:url\" content=\"https:\/\/www.lcingredients.com\/es\/comodidad-articular\/\" \/>\n<meta property=\"og:site_name\" content=\"LC Ingredients\" \/>\n<meta property=\"article:modified_time\" content=\"2025-10-10T15:28:20+00:00\" \/>\n<meta property=\"og:image\" content=\"https:\/\/www.lcingredients.com\/wp-content\/uploads\/2025\/09\/active-men-running-in-the-city.jpg\" \/>\n\t<meta property=\"og:image:width\" content=\"2000\" \/>\n\t<meta property=\"og:image:height\" content=\"1333\" \/>\n\t<meta property=\"og:image:type\" content=\"image\/jpeg\" \/>\n<meta name=\"twitter:card\" content=\"summary_large_image\" \/>\n<meta name=\"twitter:label1\" content=\"Tiempo de lectura\" \/>\n\t<meta name=\"twitter:data1\" content=\"2 minutos\" \/>\n<script type=\"application\/ld+json\" class=\"yoast-schema-graph\">{\"@context\":\"https:\/\/schema.org\",\"@graph\":[{\"@type\":\"WebPage\",\"@id\":\"https:\/\/www.lcingredients.com\/joint-comfort\/\",\"url\":\"https:\/\/www.lcingredients.com\/joint-comfort\/\",\"name\":\"Joint comfort - LC Ingredients\",\"isPartOf\":{\"@id\":\"https:\/\/www.lcingredients.com\/#website\"},\"primaryImageOfPage\":{\"@id\":\"https:\/\/www.lcingredients.com\/joint-comfort\/#primaryimage\"},\"image\":{\"@id\":\"https:\/\/www.lcingredients.com\/joint-comfort\/#primaryimage\"},\"thumbnailUrl\":\"https:\/\/www.lcingredients.com\/wp-content\/uploads\/2025\/09\/active-men-running-in-the-city-1024x682.jpg\",\"datePublished\":\"2023-09-22T15:30:41+00:00\",\"dateModified\":\"2025-10-10T15:28:20+00:00\",\"description\":\"Discover the key ingredients for joint comfort and how they can improve your musculoskeletal health and daily activities.\",\"breadcrumb\":{\"@id\":\"https:\/\/www.lcingredients.com\/joint-comfort\/#breadcrumb\"},\"inLanguage\":\"es\",\"potentialAction\":[{\"@type\":\"ReadAction\",\"target\":[\"https:\/\/www.lcingredients.com\/joint-comfort\/\"]}]},{\"@type\":\"ImageObject\",\"inLanguage\":\"es\",\"@id\":\"https:\/\/www.lcingredients.com\/joint-comfort\/#primaryimage\",\"url\":\"https:\/\/www.lcingredients.com\/wp-content\/uploads\/2025\/09\/active-men-running-in-the-city-1024x682.jpg\",\"contentUrl\":\"https:\/\/www.lcingredients.com\/wp-content\/uploads\/2025\/09\/active-men-running-in-the-city-1024x682.jpg\"},{\"@type\":\"BreadcrumbList\",\"@id\":\"https:\/\/www.lcingredients.com\/joint-comfort\/#breadcrumb\",\"itemListElement\":[{\"@type\":\"ListItem\",\"position\":1,\"name\":\"Home\",\"item\":\"https:\/\/www.lcingredients.com\/\"},{\"@type\":\"ListItem\",\"position\":2,\"name\":\"Joint comfort\"}]},{\"@type\":\"WebSite\",\"@id\":\"https:\/\/www.lcingredients.com\/#website\",\"url\":\"https:\/\/www.lcingredients.com\/\",\"name\":\"LC Ingredients\",\"description\":\"Discover high-quality ingredients for your food supplements and cosmetics formulations.\",\"publisher\":{\"@id\":\"https:\/\/www.lcingredients.com\/#organization\"},\"potentialAction\":[{\"@type\":\"SearchAction\",\"target\":{\"@type\":\"EntryPoint\",\"urlTemplate\":\"https:\/\/www.lcingredients.com\/?s={search_term_string}\"},\"query-input\":{\"@type\":\"PropertyValueSpecification\",\"valueRequired\":true,\"valueName\":\"search_term_string\"}}],\"inLanguage\":\"es\"},{\"@type\":\"Organization\",\"@id\":\"https:\/\/www.lcingredients.com\/#organization\",\"name\":\"LC Ingredients\",\"url\":\"https:\/\/www.lcingredients.com\/\",\"logo\":{\"@type\":\"ImageObject\",\"inLanguage\":\"es\",\"@id\":\"https:\/\/www.lcingredients.com\/#\/schema\/logo\/image\/\",\"url\":\"https:\/\/www.lcingredients.com\/wp-content\/uploads\/2023\/10\/LOGO-LC-INGREDIENTS.png\",\"contentUrl\":\"https:\/\/www.lcingredients.com\/wp-content\/uploads\/2023\/10\/LOGO-LC-INGREDIENTS.png\",\"width\":1280,\"height\":1060,\"caption\":\"LC Ingredients\"},\"image\":{\"@id\":\"https:\/\/www.lcingredients.com\/#\/schema\/logo\/image\/\"},\"sameAs\":[\"https:\/\/www.linkedin.com\/company\/lcingredients\/\"]}]}<\/script>\n<!-- \/ Yoast SEO plugin. -->","yoast_head_json":{"title":"Comodidad articular - Ingredientes LC","description":"Descubra los ingredientes clave para la comodidad de las articulaciones y c\u00f3mo pueden mejorar su salud musculoesquel\u00e9tica y sus actividades diarias.","robots":{"index":"index","follow":"follow","max-snippet":"max-snippet:-1","max-image-preview":"max-image-preview:large","max-video-preview":"max-video-preview:-1"},"canonical":"https:\/\/www.lcingredients.com\/es\/comodidad-articular\/","og_locale":"es_ES","og_type":"article","og_title":"Joint comfort - LC Ingredients","og_description":"Discover the key ingredients for joint comfort and how they can improve your musculoskeletal health and daily activities.","og_url":"https:\/\/www.lcingredients.com\/es\/comodidad-articular\/","og_site_name":"LC Ingredients","article_modified_time":"2025-10-10T15:28:20+00:00","og_image":[{"width":2000,"height":1333,"url":"https:\/\/www.lcingredients.com\/wp-content\/uploads\/2025\/09\/active-men-running-in-the-city.jpg","type":"image\/jpeg"}],"twitter_card":"summary_large_image","twitter_misc":{"Tiempo de lectura":"2 minutos"},"schema":{"@context":"https:\/\/schema.org","@graph":[{"@type":"WebPage","@id":"https:\/\/www.lcingredients.com\/joint-comfort\/","url":"https:\/\/www.lcingredients.com\/joint-comfort\/","name":"Comodidad articular - Ingredientes LC","isPartOf":{"@id":"https:\/\/www.lcingredients.com\/#website"},"primaryImageOfPage":{"@id":"https:\/\/www.lcingredients.com\/joint-comfort\/#primaryimage"},"image":{"@id":"https:\/\/www.lcingredients.com\/joint-comfort\/#primaryimage"},"thumbnailUrl":"https:\/\/www.lcingredients.com\/wp-content\/uploads\/2025\/09\/active-men-running-in-the-city-1024x682.jpg","datePublished":"2023-09-22T15:30:41+00:00","dateModified":"2025-10-10T15:28:20+00:00","description":"Descubra los ingredientes clave para la comodidad de las articulaciones y c\u00f3mo pueden mejorar su salud musculoesquel\u00e9tica y sus actividades diarias.","breadcrumb":{"@id":"https:\/\/www.lcingredients.com\/joint-comfort\/#breadcrumb"},"inLanguage":"es","potentialAction":[{"@type":"ReadAction","target":["https:\/\/www.lcingredients.com\/joint-comfort\/"]}]},{"@type":"ImageObject","inLanguage":"es","@id":"https:\/\/www.lcingredients.com\/joint-comfort\/#primaryimage","url":"https:\/\/www.lcingredients.com\/wp-content\/uploads\/2025\/09\/active-men-running-in-the-city-1024x682.jpg","contentUrl":"https:\/\/www.lcingredients.com\/wp-content\/uploads\/2025\/09\/active-men-running-in-the-city-1024x682.jpg"},{"@type":"BreadcrumbList","@id":"https:\/\/www.lcingredients.com\/joint-comfort\/#breadcrumb","itemListElement":[{"@type":"ListItem","position":1,"name":"Home","item":"https:\/\/www.lcingredients.com\/"},{"@type":"ListItem","position":2,"name":"Joint comfort"}]},{"@type":"WebSite","@id":"https:\/\/www.lcingredients.com\/#website","url":"https:\/\/www.lcingredients.com\/","name":"Ingredientes LC","description":"Descubra ingredientes de alta calidad para sus complementos alimenticios y formulaciones cosm\u00e9ticas.","publisher":{"@id":"https:\/\/www.lcingredients.com\/#organization"},"potentialAction":[{"@type":"SearchAction","target":{"@type":"EntryPoint","urlTemplate":"https:\/\/www.lcingredients.com\/?s={search_term_string}"},"query-input":{"@type":"PropertyValueSpecification","valueRequired":true,"valueName":"search_term_string"}}],"inLanguage":"es"},{"@type":"Organization","@id":"https:\/\/www.lcingredients.com\/#organization","name":"Ingredientes LC","url":"https:\/\/www.lcingredients.com\/","logo":{"@type":"ImageObject","inLanguage":"es","@id":"https:\/\/www.lcingredients.com\/#\/schema\/logo\/image\/","url":"https:\/\/www.lcingredients.com\/wp-content\/uploads\/2023\/10\/LOGO-LC-INGREDIENTS.png","contentUrl":"https:\/\/www.lcingredients.com\/wp-content\/uploads\/2023\/10\/LOGO-LC-INGREDIENTS.png","width":1280,"height":1060,"caption":"LC Ingredients"},"image":{"@id":"https:\/\/www.lcingredients.com\/#\/schema\/logo\/image\/"},"sameAs":["https:\/\/www.linkedin.com\/company\/lcingredients\/"]}]}},"_links":{"self":[{"href":"https:\/\/www.lcingredients.com\/es\/wp-json\/wp\/v2\/pages\/490","targetHints":{"allow":["GET"]}}],"collection":[{"href":"https:\/\/www.lcingredients.com\/es\/wp-json\/wp\/v2\/pages"}],"about":[{"href":"https:\/\/www.lcingredients.com\/es\/wp-json\/wp\/v2\/types\/page"}],"author":[{"embeddable":true,"href":"https:\/\/www.lcingredients.com\/es\/wp-json\/wp\/v2\/users\/3"}],"replies":[{"embeddable":true,"href":"https:\/\/www.lcingredients.com\/es\/wp-json\/wp\/v2\/comments?post=490"}],"version-history":[{"count":31,"href":"https:\/\/www.lcingredients.com\/es\/wp-json\/wp\/v2\/pages\/490\/revisions"}],"predecessor-version":[{"id":5022,"href":"https:\/\/www.lcingredients.com\/es\/wp-json\/wp\/v2\/pages\/490\/revisions\/5022"}],"wp:attachment":[{"href":"https:\/\/www.lcingredients.com\/es\/wp-json\/wp\/v2\/media?parent=490"}],"curies":[{"name":"gracias","href":"https:\/\/api.w.org\/{rel}","templated":true}]}}