{"id":3,"date":"2023-06-26T12:45:29","date_gmt":"2023-06-26T12:45:29","guid":{"rendered":"https:\/\/www.lcingredients.com\/?page_id=3"},"modified":"2023-10-23T08:26:20","modified_gmt":"2023-10-23T08:26:20","slug":"politica-de-privacidad","status":"publish","type":"page","link":"https:\/\/www.lcingredients.com\/es\/politica-de-privacidad\/","title":{"rendered":"pol\u00edtica de privacidad"},"content":{"rendered":"<h2 class=\"wp-block-heading\">Quienes somos<\/h2>\n\n\n\n<p><strong class=\"privacy-policy-tutorial\">Texto sugerido: <\/strong>La direcci\u00f3n de nuestro sitio web es: https:\/\/www.lcingredients.com.<\/p>\n\n\n\n<p>Ingredientes LC<br>Direcci\u00f3n: 227, Avenue de Provence<br>13600 La Ciotat, Francia<br>Tel\u00e9fono : +33 (0)4 42 08 89 20<br>Correo electr\u00f3nico: contact@lcingredients.com<\/p>\n\n\n\n<h2 class=\"wp-block-heading\">Dise\u00f1o de p\u00e1ginas web<br><\/h2>\n\n\n\n<p>Dise\u00f1o, desarrollo inform\u00e1tico, gr\u00e1fica y creaci\u00f3n de sitios web por CoobleWeb<\/p>\n\n\n\n<h2 class=\"wp-block-heading\">PROPIEDAD INTELECTUAL<\/h2>\n\n\n\n<p>La estructura general, as\u00ed como el cuestionario, textos, im\u00e1genes animadas o fijas, sonidos, gr\u00e1ficos,<br>Los documentos descargables, bases de datos y cualquier otro elemento que integre el sitio est\u00e1n sujetos a las vigentes<br>y siguen siendo propiedad exclusiva de LC ingr\u00e9dients. Cualquier reproducci\u00f3n o redistribuci\u00f3n de todo o parte de este contenido est\u00e1 sujeta a la autorizaci\u00f3n previa, escrita y expresa de LC ingr\u00e9dients.<\/p>\n\n\n\n<h2 class=\"wp-block-heading\">HIPERV\u00cdNCULO<\/h2>\n\n\n\n<p>LC ingr\u00e9dients autoriza la creaci\u00f3n de enlaces de hipertexto hacia los contenidos de su sitio, sin perjuicio de:<br>Se puede acceder al enlace al sitio de LC ingr\u00e9dients abriendo una nueva ventana\/pesta\u00f1a.<br>Queda prohibida cualquier reproducci\u00f3n de uno de los elementos del sitio en un sitio de terceros mediante inclusi\u00f3n, enmarcado, inlining o cualquier otro proceso similar.<br>frame, inlining o cualquier otro proceso similar est\u00e1 estrictamente prohibido.<br>la etiqueta &quot;t\u00edtulo&quot; del enlace debe mencionar los ingredientes de LC y la fuente debe indicarse claramente en el enlace o cerca de \u00e9l.<br>el enlace no se utiliza con fines comerciales o publicitarios.<br>Esta autorizaci\u00f3n no se aplica a sitios web que contengan informaci\u00f3n de naturaleza violenta, pornogr\u00e1fica o xen\u00f3foba, pornogr\u00e1fica, xen\u00f3foba o de otro modo ofensiva para el p\u00fablico en general.<\/p>\n\n\n\n<h2 class=\"wp-block-heading\">COOKIES DEL SITIO WEB<\/h2>\n\n\n\n<p>Este sitio utiliza cookies, peque\u00f1os archivos de texto que se colocan en su m\u00e1quina para ayudar al sitio a brindar una mejor experiencia de usuario. En general, las cookies se utilizan para realizar un seguimiento de las preferencias del usuario, almacenar informaci\u00f3n para elementos como carritos de compras y proporcionar datos de seguimiento an\u00f3nimos a aplicaciones de terceros como Google Analytics. Como regla general, las cookies mejorar\u00e1n su experiencia de navegaci\u00f3n. Sin embargo, es posible que prefiera desactivar las cookies en este y otros sitios. La forma m\u00e1s eficaz es desactivar las cookies en su navegador. Le sugerimos que consulte la secci\u00f3n de Ayuda de su navegador o el sitio web Acerca de las cookies, que ofrece consejos para todos los navegadores modernos.<\/p>\n\n\n\n<h2 class=\"wp-block-heading\">INFORMACI\u00d3N PERSONAL<\/h2>\n\n\n\n<p>IDENTIDAD DEL RESPONSABLE DEL TRATAMIENTO<br>Los datos personales son recopilados por LC Ingredients<br>El responsable del tratamiento de los datos personales es Lorenzo Carlini.<\/p>\n\n\n\n<h2 class=\"wp-block-heading\">FINALIDAD DEL TRATAMIENTO<\/h2>\n\n\n\n<p>Los datos se recopilan y procesan para permitir que los ingredientes LC:<br>Proporcionar a los encuestados un resumen de resultados por sector de actividad, tama\u00f1o de empresa, etc.<br>editar el diagn\u00f3stico y asociar consejos relevantes para enviarlos a los encuestados,<br>responder a las solicitudes escritas realizadas a trav\u00e9s del formulario de contacto<br>enviar un bolet\u00edn,<br>medir la audiencia del sitio.<br>rastrear comentarios relacionados con el blog<br>rastrear compras en el sitio web<\/p>\n\n\n\n<h2 class=\"wp-block-heading\">INFORMACI\u00d3N DEL DESTINATARIO<\/h2>\n\n\n\n<p>Los destinatarios de los datos son el departamento de ingredientes de LC encargado de la implementaci\u00f3n digital y de la implementaci\u00f3n del RGPD.<\/p>\n\n\n\n<h2 class=\"wp-block-heading\">DERECHOS PERSONALES<\/h2>\n\n\n\n<p>De conformidad con la Ley francesa de protecci\u00f3n de datos n. 78-17 del 6 de enero de 1978, seg\u00fan enmendada, usted tiene derecho de acceso a los datos procesados y puede obtener su rectificaci\u00f3n o ejercer su derecho de oposici\u00f3n.<br><\/p>\n\n\n\n<p>Puede ejercer sus derechos poni\u00e9ndose en contacto con nosotros a trav\u00e9s de nuestro formulario de contacto o en el<br>p\u00e1gina dedicada: RGPD \u2013 Solicitud de datos personales<br>De acuerdo con la normativa vigente, su solicitud deber\u00e1 ir acompa\u00f1ada de fotocopia de un documento de identidad y especificar la direcci\u00f3n a la que deber\u00e1 dirigirse la respuesta.<br><\/p>\n\n\n\n<p>Tambi\u00e9n le invitamos a consultar nuestra pol\u00edtica sobre el uso de cookies, ver apartado II de este aviso legal.<\/p>\n\n\n\n<h2 class=\"wp-block-heading\">FORMULARIO DE CONTACTO<\/h2>\n\n\n\n<p>Los datos recogidos a trav\u00e9s del formulario de contacto y del chatbot permiten a LCingredients responder a sus solicitudes. Tiene derecho de acceso a los datos tratados y puede obtener su rectificaci\u00f3n o ejercer su derecho de oposici\u00f3n poni\u00e9ndose en contacto con LC ingr\u00e9dients a trav\u00e9s de la p\u00e1gina correspondiente.<\/p>\n\n\n\n<h2 class=\"wp-block-heading\">POL\u00cdTICA DE PRIVACIDAD<\/h2>\n\n\n\n<p>Tipos de datos recopilados:<br>Nombres, apellidos, correo electr\u00f3nico, tel\u00e9fono, direcci\u00f3n postal, direcci\u00f3n IP.<br>Por qu\u00e9 recopilamos estos datos:<br>comunicaci\u00f3n a trav\u00e9s de newsletters, facturaci\u00f3n, seguimiento del comportamiento de los usuarios en el sitio\u2026<br>Plazo de conservaci\u00f3n de los datos:<br>LC Ingr\u00e9dients conserva los datos de marketing durante un m\u00e1ximo de 3 a\u00f1os y los datos de facturaci\u00f3n durante un m\u00e1ximo de 6 a\u00f1os.<\/p>\n\n\n\n<p>Medidas de seguridad implementadas para cumplir con el RGPD<br>Creaci\u00f3n de una p\u00e1gina dedicada a la modificaci\u00f3n de datos personales: https:\/\/www.lcingredients.com\/gdpr-rgpddemand\u2026ees-personnelles\/<br>Creaci\u00f3n de botones obligatorios en formularios de contacto.<\/p>","protected":false},"excerpt":{"rendered":"<p>Qui\u00e9nes somos Texto sugerido: La direcci\u00f3n de nuestro sitio web es: https:\/\/www.lcingredients.com. LC ingr\u00e9dients Direcci\u00f3n : 227, Avenue de Provence 13600 La Ciotat, Francia Tel\u00e9fono : +33 (0)4 42 08 89 20 Correo electr\u00f3nico : contact@lcingredients.com Dise\u00f1o de sitios web Dise\u00f1o, desarrollo inform\u00e1tico, gr\u00e1ficos y creaci\u00f3n de sitios web mediante CoobleWeb PROPIEDAD INTELECTUAL La estructura general, as\u00ed como el cuestionario, textos, im\u00e1genes animadas o fijas, [\u2026]<\/p>","protected":false},"author":1,"featured_media":0,"parent":0,"menu_order":0,"comment_status":"closed","ping_status":"open","template":"","meta":{"_eb_attr":"","footnotes":""},"class_list":["post-3","page","type-page","status-publish","hentry"],"yoast_head":"<!-- This site is optimized with the Yoast SEO plugin v26.7 - https:\/\/yoast.com\/wordpress\/plugins\/seo\/ -->\n<title>Privacy Policy - LC Ingredients<\/title>\n<meta name=\"description\" content=\"LC Ingredients - Privacy Policy\" \/>\n<meta name=\"robots\" content=\"index, follow, max-snippet:-1, max-image-preview:large, max-video-preview:-1\" \/>\n<link rel=\"canonical\" href=\"https:\/\/www.lcingredients.com\/es\/politica-de-privacidad\/\" \/>\n<meta property=\"og:locale\" content=\"es_ES\" \/>\n<meta property=\"og:type\" content=\"article\" \/>\n<meta property=\"og:title\" content=\"Privacy Policy - LC Ingredients\" \/>\n<meta property=\"og:description\" content=\"LC Ingredients - Privacy Policy\" \/>\n<meta property=\"og:url\" content=\"https:\/\/www.lcingredients.com\/es\/politica-de-privacidad\/\" \/>\n<meta property=\"og:site_name\" content=\"LC Ingredients\" \/>\n<meta property=\"article:modified_time\" content=\"2023-10-23T08:26:20+00:00\" \/>\n<meta name=\"twitter:card\" content=\"summary_large_image\" \/>\n<meta name=\"twitter:label1\" content=\"Tiempo de lectura\" \/>\n\t<meta name=\"twitter:data1\" content=\"3 minutos\" \/>\n<script type=\"application\/ld+json\" class=\"yoast-schema-graph\">{\"@context\":\"https:\/\/schema.org\",\"@graph\":[{\"@type\":\"WebPage\",\"@id\":\"https:\/\/www.lcingredients.com\/fr\/politique-de-confidentialite\/\",\"url\":\"https:\/\/www.lcingredients.com\/fr\/politique-de-confidentialite\/\",\"name\":\"Privacy Policy - LC Ingredients\",\"isPartOf\":{\"@id\":\"https:\/\/www.lcingredients.com\/#website\"},\"datePublished\":\"2023-06-26T12:45:29+00:00\",\"dateModified\":\"2023-10-23T08:26:20+00:00\",\"description\":\"LC Ingredients - Privacy Policy\",\"breadcrumb\":{\"@id\":\"https:\/\/www.lcingredients.com\/fr\/politique-de-confidentialite\/#breadcrumb\"},\"inLanguage\":\"es\",\"potentialAction\":[{\"@type\":\"ReadAction\",\"target\":[\"https:\/\/www.lcingredients.com\/fr\/politique-de-confidentialite\/\"]}]},{\"@type\":\"BreadcrumbList\",\"@id\":\"https:\/\/www.lcingredients.com\/fr\/politique-de-confidentialite\/#breadcrumb\",\"itemListElement\":[{\"@type\":\"ListItem\",\"position\":1,\"name\":\"Home\",\"item\":\"https:\/\/www.lcingredients.com\/\"},{\"@type\":\"ListItem\",\"position\":2,\"name\":\"Privacy Policy\"}]},{\"@type\":\"WebSite\",\"@id\":\"https:\/\/www.lcingredients.com\/#website\",\"url\":\"https:\/\/www.lcingredients.com\/\",\"name\":\"LC Ingredients\",\"description\":\"Discover high-quality ingredients for your food supplements and cosmetics formulations.\",\"publisher\":{\"@id\":\"https:\/\/www.lcingredients.com\/#organization\"},\"potentialAction\":[{\"@type\":\"SearchAction\",\"target\":{\"@type\":\"EntryPoint\",\"urlTemplate\":\"https:\/\/www.lcingredients.com\/?s={search_term_string}\"},\"query-input\":{\"@type\":\"PropertyValueSpecification\",\"valueRequired\":true,\"valueName\":\"search_term_string\"}}],\"inLanguage\":\"es\"},{\"@type\":\"Organization\",\"@id\":\"https:\/\/www.lcingredients.com\/#organization\",\"name\":\"LC Ingredients\",\"url\":\"https:\/\/www.lcingredients.com\/\",\"logo\":{\"@type\":\"ImageObject\",\"inLanguage\":\"es\",\"@id\":\"https:\/\/www.lcingredients.com\/#\/schema\/logo\/image\/\",\"url\":\"https:\/\/www.lcingredients.com\/wp-content\/uploads\/2023\/10\/LOGO-LC-INGREDIENTS.png\",\"contentUrl\":\"https:\/\/www.lcingredients.com\/wp-content\/uploads\/2023\/10\/LOGO-LC-INGREDIENTS.png\",\"width\":1280,\"height\":1060,\"caption\":\"LC Ingredients\"},\"image\":{\"@id\":\"https:\/\/www.lcingredients.com\/#\/schema\/logo\/image\/\"},\"sameAs\":[\"https:\/\/www.linkedin.com\/company\/lcingredients\/\"]}]}<\/script>\n<!-- \/ Yoast SEO plugin. -->","yoast_head_json":{"title":"Pol\u00edtica de privacidad - Ingredientes LC","description":"Ingredientes LC - Pol\u00edtica de privacidad","robots":{"index":"index","follow":"follow","max-snippet":"max-snippet:-1","max-image-preview":"max-image-preview:large","max-video-preview":"max-video-preview:-1"},"canonical":"https:\/\/www.lcingredients.com\/es\/politica-de-privacidad\/","og_locale":"es_ES","og_type":"article","og_title":"Privacy Policy - LC Ingredients","og_description":"LC Ingredients - Privacy Policy","og_url":"https:\/\/www.lcingredients.com\/es\/politica-de-privacidad\/","og_site_name":"LC Ingredients","article_modified_time":"2023-10-23T08:26:20+00:00","twitter_card":"summary_large_image","twitter_misc":{"Tiempo de lectura":"3 minutos"},"schema":{"@context":"https:\/\/schema.org","@graph":[{"@type":"WebPage","@id":"https:\/\/www.lcingredients.com\/fr\/politique-de-confidentialite\/","url":"https:\/\/www.lcingredients.com\/fr\/politique-de-confidentialite\/","name":"Pol\u00edtica de privacidad - Ingredientes LC","isPartOf":{"@id":"https:\/\/www.lcingredients.com\/#website"},"datePublished":"2023-06-26T12:45:29+00:00","dateModified":"2023-10-23T08:26:20+00:00","description":"Ingredientes LC - Pol\u00edtica de privacidad","breadcrumb":{"@id":"https:\/\/www.lcingredients.com\/fr\/politique-de-confidentialite\/#breadcrumb"},"inLanguage":"es","potentialAction":[{"@type":"ReadAction","target":["https:\/\/www.lcingredients.com\/fr\/politique-de-confidentialite\/"]}]},{"@type":"BreadcrumbList","@id":"https:\/\/www.lcingredients.com\/fr\/politique-de-confidentialite\/#breadcrumb","itemListElement":[{"@type":"ListItem","position":1,"name":"Home","item":"https:\/\/www.lcingredients.com\/"},{"@type":"ListItem","position":2,"name":"Privacy Policy"}]},{"@type":"WebSite","@id":"https:\/\/www.lcingredients.com\/#website","url":"https:\/\/www.lcingredients.com\/","name":"Ingredientes LC","description":"Descubra ingredientes de alta calidad para sus complementos alimenticios y formulaciones cosm\u00e9ticas.","publisher":{"@id":"https:\/\/www.lcingredients.com\/#organization"},"potentialAction":[{"@type":"SearchAction","target":{"@type":"EntryPoint","urlTemplate":"https:\/\/www.lcingredients.com\/?s={search_term_string}"},"query-input":{"@type":"PropertyValueSpecification","valueRequired":true,"valueName":"search_term_string"}}],"inLanguage":"es"},{"@type":"Organization","@id":"https:\/\/www.lcingredients.com\/#organization","name":"Ingredientes LC","url":"https:\/\/www.lcingredients.com\/","logo":{"@type":"ImageObject","inLanguage":"es","@id":"https:\/\/www.lcingredients.com\/#\/schema\/logo\/image\/","url":"https:\/\/www.lcingredients.com\/wp-content\/uploads\/2023\/10\/LOGO-LC-INGREDIENTS.png","contentUrl":"https:\/\/www.lcingredients.com\/wp-content\/uploads\/2023\/10\/LOGO-LC-INGREDIENTS.png","width":1280,"height":1060,"caption":"LC Ingredients"},"image":{"@id":"https:\/\/www.lcingredients.com\/#\/schema\/logo\/image\/"},"sameAs":["https:\/\/www.linkedin.com\/company\/lcingredients\/"]}]}},"_links":{"self":[{"href":"https:\/\/www.lcingredients.com\/es\/wp-json\/wp\/v2\/pages\/3","targetHints":{"allow":["GET"]}}],"collection":[{"href":"https:\/\/www.lcingredients.com\/es\/wp-json\/wp\/v2\/pages"}],"about":[{"href":"https:\/\/www.lcingredients.com\/es\/wp-json\/wp\/v2\/types\/page"}],"author":[{"embeddable":true,"href":"https:\/\/www.lcingredients.com\/es\/wp-json\/wp\/v2\/users\/1"}],"replies":[{"embeddable":true,"href":"https:\/\/www.lcingredients.com\/es\/wp-json\/wp\/v2\/comments?post=3"}],"version-history":[{"count":2,"href":"https:\/\/www.lcingredients.com\/es\/wp-json\/wp\/v2\/pages\/3\/revisions"}],"predecessor-version":[{"id":1307,"href":"https:\/\/www.lcingredients.com\/es\/wp-json\/wp\/v2\/pages\/3\/revisions\/1307"}],"wp:attachment":[{"href":"https:\/\/www.lcingredients.com\/es\/wp-json\/wp\/v2\/media?parent=3"}],"curies":[{"name":"gracias","href":"https:\/\/api.w.org\/{rel}","templated":true}]}}