{"id":2413,"date":"2024-09-26T07:32:16","date_gmt":"2024-09-26T07:32:16","guid":{"rendered":"https:\/\/www.lcingredients.com\/?page_id=2413"},"modified":"2026-02-10T16:57:16","modified_gmt":"2026-02-10T16:57:16","slug":"estado-de-animo-sueno-ingredientes-alimentacion-dieta","status":"publish","type":"page","link":"https:\/\/www.lcingredients.com\/es\/estado-de-animo-sueno-ingredientes-alimentacion-dieta\/","title":{"rendered":"Estado de \u00e1nimo y sue\u00f1o"},"content":{"rendered":"<div data-elementor-type=\"wp-page\" data-elementor-id=\"2413\" class=\"elementor elementor-2413\" data-elementor-post-type=\"page\">\n\t\t\t\t\t\t<section class=\"elementor-section elementor-top-section elementor-element elementor-element-f2bf93f elementor-section-full_width elementor-section-height-default elementor-section-height-default\" data-id=\"f2bf93f\" data-element_type=\"section\" data-e-type=\"section\">\n\t\t\t\t\t\t<div class=\"elementor-container elementor-column-gap-default\">\n\t\t\t\t\t<div class=\"elementor-column elementor-col-100 elementor-top-column elementor-element elementor-element-b0fb680\" data-id=\"b0fb680\" data-element_type=\"column\" data-e-type=\"column\">\n\t\t\t<div class=\"elementor-widget-wrap elementor-element-populated\">\n\t\t\t\t\t\t<div class=\"elementor-element elementor-element-e6b56f4 elementor-widget elementor-widget-image\" data-id=\"e6b56f4\" data-element_type=\"widget\" data-e-type=\"widget\" data-widget_type=\"image.default\">\n\t\t\t\t<div class=\"elementor-widget-container\">\n\t\t\t\t\t\t\t\t\t\t\t\t\t\t\t<img fetchpriority=\"high\" decoding=\"async\" width=\"800\" height=\"533\" src=\"https:\/\/www.lcingredients.com\/wp-content\/uploads\/2025\/09\/mood-and-sleep-men-sleeping-night-bedroom-1024x682.jpg\" class=\"attachment-large size-large wp-image-3596\" alt=\"Estado de \u00e1nimo y sue\u00f1o hombres durmiendo noche dormitorio\" srcset=\"https:\/\/www.lcingredients.com\/wp-content\/uploads\/2025\/09\/mood-and-sleep-men-sleeping-night-bedroom-1024x682.jpg 1024w, https:\/\/www.lcingredients.com\/wp-content\/uploads\/2025\/09\/mood-and-sleep-men-sleeping-night-bedroom-300x200.jpg 300w, https:\/\/www.lcingredients.com\/wp-content\/uploads\/2025\/09\/mood-and-sleep-men-sleeping-night-bedroom-768x512.jpg 768w, https:\/\/www.lcingredients.com\/wp-content\/uploads\/2025\/09\/mood-and-sleep-men-sleeping-night-bedroom-1536x1024.jpg 1536w, https:\/\/www.lcingredients.com\/wp-content\/uploads\/2025\/09\/mood-and-sleep-men-sleeping-night-bedroom-18x12.jpg 18w, https:\/\/www.lcingredients.com\/wp-content\/uploads\/2025\/09\/mood-and-sleep-men-sleeping-night-bedroom-1320x880.jpg 1320w, https:\/\/www.lcingredients.com\/wp-content\/uploads\/2025\/09\/mood-and-sleep-men-sleeping-night-bedroom.jpg 2000w\" sizes=\"(max-width: 800px) 100vw, 800px\" \/>\t\t\t\t\t\t\t\t\t\t\t\t\t\t\t<\/div>\n\t\t\t\t<\/div>\n\t\t\t\t<div class=\"elementor-element elementor-element-b43d07c elementor-widget elementor-widget-heading\" data-id=\"b43d07c\" data-element_type=\"widget\" data-e-type=\"widget\" data-widget_type=\"heading.default\">\n\t\t\t\t<div class=\"elementor-widget-container\">\n\t\t\t\t\t<h1 class=\"elementor-heading-title elementor-size-default\">NUESTROS INGREDIENTES PARA EL ESTADO DE \u00c1NIMO Y EL SUE\u00d1O<\/h1>\t\t\t\t<\/div>\n\t\t\t\t<\/div>\n\t\t\t\t\t<\/div>\n\t\t<\/div>\n\t\t\t\t\t<\/div>\n\t\t<\/section>\n\t\t\t\t<section class=\"elementor-section elementor-top-section elementor-element elementor-element-8151140 elementor-section-boxed elementor-section-height-default elementor-section-height-default\" data-id=\"8151140\" data-element_type=\"section\" data-e-type=\"section\">\n\t\t\t\t\t\t<div class=\"elementor-container elementor-column-gap-default\">\n\t\t\t\t\t<div class=\"elementor-column elementor-col-100 elementor-top-column elementor-element elementor-element-e3a2af5\" data-id=\"e3a2af5\" data-element_type=\"column\" data-e-type=\"column\">\n\t\t\t<div class=\"elementor-widget-wrap elementor-element-populated\">\n\t\t\t\t\t\t<div class=\"elementor-element elementor-element-bca0d7b elementor-widget elementor-widget-heading\" data-id=\"bca0d7b\" data-element_type=\"widget\" data-e-type=\"widget\" data-widget_type=\"heading.default\">\n\t\t\t\t<div class=\"elementor-widget-container\">\n\t\t\t\t\t<h1 class=\"elementor-heading-title elementor-size-default\">APOYO PARA EL EQUILIBRIO EMOCIONAL Y UN SUE\u00d1O REPARADOR<\/h1>\t\t\t\t<\/div>\n\t\t\t\t<\/div>\n\t\t\t\t<section class=\"elementor-section elementor-inner-section elementor-element elementor-element-6266707 elementor-section-boxed elementor-section-height-default elementor-section-height-default\" data-id=\"6266707\" data-element_type=\"section\" data-e-type=\"section\">\n\t\t\t\t\t\t<div class=\"elementor-container elementor-column-gap-default\">\n\t\t\t\t\t<div class=\"elementor-column elementor-col-50 elementor-inner-column elementor-element elementor-element-7d86d34\" data-id=\"7d86d34\" data-element_type=\"column\" data-e-type=\"column\">\n\t\t\t<div class=\"elementor-widget-wrap elementor-element-populated\">\n\t\t\t\t\t\t<div class=\"elementor-element elementor-element-4ebd3ea elementor-widget elementor-widget-text-editor\" data-id=\"4ebd3ea\" data-element_type=\"widget\" data-e-type=\"widget\" data-widget_type=\"text-editor.default\">\n\t\t\t\t<div class=\"elementor-widget-container\">\n\t\t\t\t\t\t\t\t\t<p>El estado de \u00e1nimo y el sue\u00f1o son pilares profundamente interconectados del bienestar general. Nuestra gama de ingredientes est\u00e1 dise\u00f1ada para favorecer la estabilidad emocional, la resiliencia al estr\u00e9s y ciclos de sue\u00f1o saludables mediante soluciones nutricionales espec\u00edficas.<br \/><!--EndFragment --><\/p>\t\t\t\t\t\t\t\t<\/div>\n\t\t\t\t<\/div>\n\t\t\t\t\t<\/div>\n\t\t<\/div>\n\t\t\t\t<div class=\"elementor-column elementor-col-50 elementor-inner-column elementor-element elementor-element-648180a\" data-id=\"648180a\" data-element_type=\"column\" data-e-type=\"column\">\n\t\t\t<div class=\"elementor-widget-wrap elementor-element-populated\">\n\t\t\t\t\t\t<div class=\"elementor-element elementor-element-a8bcff0 elementor-widget elementor-widget-text-editor\" data-id=\"a8bcff0\" data-element_type=\"widget\" data-e-type=\"widget\" data-widget_type=\"text-editor.default\">\n\t\t\t\t<div class=\"elementor-widget-container\">\n\t\t\t\t\t\t\t\t\t<p>Al combinar activos cient\u00edficamente estudiados con compuestos naturales, ofrecemos opciones efectivas para ayudar a restablecer la calma interior y promover un descanso reparador.<\/p>\t\t\t\t\t\t\t\t<\/div>\n\t\t\t\t<\/div>\n\t\t\t\t\t<\/div>\n\t\t<\/div>\n\t\t\t\t\t<\/div>\n\t\t<\/section>\n\t\t\t\t\t<\/div>\n\t\t<\/div>\n\t\t\t\t\t<\/div>\n\t\t<\/section>\n\t\t\t\t<section class=\"elementor-section elementor-top-section elementor-element elementor-element-961a9ee elementor-section-boxed elementor-section-height-default elementor-section-height-default\" data-id=\"961a9ee\" data-element_type=\"section\" data-e-type=\"section\">\n\t\t\t\t\t\t<div class=\"elementor-container elementor-column-gap-default\">\n\t\t\t\t\t<div class=\"elementor-column elementor-col-50 elementor-top-column elementor-element elementor-element-df1d7b3\" data-id=\"df1d7b3\" data-element_type=\"column\" data-e-type=\"column\" data-settings=\"{&quot;background_background&quot;:&quot;classic&quot;}\">\n\t\t\t<div class=\"elementor-widget-wrap elementor-element-populated\">\n\t\t\t\t\t\t<div class=\"elementor-element elementor-element-359e202 elementor-widget elementor-widget-heading\" data-id=\"359e202\" data-element_type=\"widget\" data-e-type=\"widget\" data-widget_type=\"heading.default\">\n\t\t\t\t<div class=\"elementor-widget-container\">\n\t\t\t\t\t<h2 class=\"elementor-heading-title elementor-size-default\">LEVAGEN+\u00ae<\/h2>\t\t\t\t<\/div>\n\t\t\t\t<\/div>\n\t\t\t\t<div class=\"elementor-element elementor-element-3916b7a elementor-widget elementor-widget-text-editor\" data-id=\"3916b7a\" data-element_type=\"widget\" data-e-type=\"widget\" data-widget_type=\"text-editor.default\">\n\t\t\t\t<div class=\"elementor-widget-container\">\n\t\t\t\t\t\t\t\t\t<p><strong>LEVAGEN+\u00ae<\/strong> Es una palmitoiletanolamida (PEA) de alta calidad. La PEA se produce biol\u00f3gicamente en nuestro cuerpo mediante un mecanismo de reparaci\u00f3n que act\u00faa sobre los receptores CB1, CB2 y GPR55, as\u00ed como sobre el canal TRPV1.\u00a0<\/p><p>Es un antiinflamatorio natural con claros beneficios en diversos campos de aplicaci\u00f3n. Gracias al uso de la tecnolog\u00eda lipisperse, el ingrediente es dispersable, aumentando su biodisponibilidad (1,75 m\u00e1s que la versi\u00f3n est\u00e1ndar de Levagen).\u00a0<\/p>\t\t\t\t\t\t\t\t<\/div>\n\t\t\t\t<\/div>\n\t\t\t\t<div class=\"elementor-element elementor-element-8486551 elementor-button-info elementor-align-center elementor-widget elementor-widget-button\" data-id=\"8486551\" data-element_type=\"widget\" data-e-type=\"widget\" data-widget_type=\"button.default\">\n\t\t\t\t<div class=\"elementor-widget-container\">\n\t\t\t\t\t\t\t\t\t<div class=\"elementor-button-wrapper\">\n\t\t\t\t\t<a class=\"elementor-button elementor-button-link elementor-size-sm\" href=\"https:\/\/www.lcingredients.com\/es\/suplementos-alimenticios-levagen\/\">\n\t\t\t\t\t\t<span class=\"elementor-button-content-wrapper\">\n\t\t\t\t\t\t\t\t\t<span class=\"elementor-button-text\">Ver m\u00e1s<\/span>\n\t\t\t\t\t<\/span>\n\t\t\t\t\t<\/a>\n\t\t\t\t<\/div>\n\t\t\t\t\t\t\t\t<\/div>\n\t\t\t\t<\/div>\n\t\t\t\t\t<\/div>\n\t\t<\/div>\n\t\t\t\t<div class=\"elementor-column elementor-col-50 elementor-top-column elementor-element elementor-element-ccec04e\" data-id=\"ccec04e\" data-element_type=\"column\" data-e-type=\"column\" data-settings=\"{&quot;background_background&quot;:&quot;classic&quot;}\">\n\t\t\t<div class=\"elementor-widget-wrap elementor-element-populated\">\n\t\t\t\t\t\t<div class=\"elementor-element elementor-element-e379cbb elementor-widget elementor-widget-spacer\" data-id=\"e379cbb\" data-element_type=\"widget\" data-e-type=\"widget\" data-widget_type=\"spacer.default\">\n\t\t\t\t<div class=\"elementor-widget-container\">\n\t\t\t\t\t\t\t<div class=\"elementor-spacer\">\n\t\t\t<div class=\"elementor-spacer-inner\"><\/div>\n\t\t<\/div>\n\t\t\t\t\t\t<\/div>\n\t\t\t\t<\/div>\n\t\t\t\t<div class=\"elementor-element elementor-element-bdf5532 elementor-widget elementor-widget-image\" data-id=\"bdf5532\" data-element_type=\"widget\" data-e-type=\"widget\" data-widget_type=\"image.default\">\n\t\t\t\t<div class=\"elementor-widget-container\">\n\t\t\t\t\t\t\t\t\t\t\t\t\t\t\t\t<a href=\"https:\/\/www.lcingredients.com\/es\/mitosanacion\/\">\n\t\t\t\t\t\t\t<img decoding=\"async\" width=\"800\" height=\"273\" src=\"https:\/\/www.lcingredients.com\/wp-content\/uploads\/2024\/09\/Levagen-removebg-preview.png\" class=\"attachment-large size-large wp-image-2427\" alt=\"\" \/>\t\t\t\t\t\t\t\t<\/a>\n\t\t\t\t\t\t\t\t\t\t\t\t\t\t\t<\/div>\n\t\t\t\t<\/div>\n\t\t\t\t\t<\/div>\n\t\t<\/div>\n\t\t\t\t\t<\/div>\n\t\t<\/section>\n\t\t\t\t<section class=\"elementor-section elementor-top-section elementor-element elementor-element-6b6082f elementor-section-boxed elementor-section-height-default elementor-section-height-default\" data-id=\"6b6082f\" data-element_type=\"section\" data-e-type=\"section\">\n\t\t\t\t\t\t<div class=\"elementor-container elementor-column-gap-default\">\n\t\t\t\t\t<div class=\"elementor-column elementor-col-50 elementor-top-column elementor-element elementor-element-d058311\" data-id=\"d058311\" data-element_type=\"column\" data-e-type=\"column\" data-settings=\"{&quot;background_background&quot;:&quot;classic&quot;}\">\n\t\t\t<div class=\"elementor-widget-wrap elementor-element-populated\">\n\t\t\t\t\t\t<div class=\"elementor-element elementor-element-ba8db5d elementor-widget elementor-widget-spacer\" data-id=\"ba8db5d\" data-element_type=\"widget\" data-e-type=\"widget\" data-widget_type=\"spacer.default\">\n\t\t\t\t<div class=\"elementor-widget-container\">\n\t\t\t\t\t\t\t<div class=\"elementor-spacer\">\n\t\t\t<div class=\"elementor-spacer-inner\"><\/div>\n\t\t<\/div>\n\t\t\t\t\t\t<\/div>\n\t\t\t\t<\/div>\n\t\t\t\t<div class=\"elementor-element elementor-element-bc222e7 elementor-widget elementor-widget-image\" data-id=\"bc222e7\" data-element_type=\"widget\" data-e-type=\"widget\" data-widget_type=\"image.default\">\n\t\t\t\t<div class=\"elementor-widget-container\">\n\t\t\t\t\t\t\t\t\t\t\t\t\t\t\t\t<a href=\"https:\/\/www.lcingredients.com\/es\/mitosanacion\/\">\n\t\t\t\t\t\t\t<img decoding=\"async\" width=\"800\" height=\"276\" src=\"https:\/\/www.lcingredients.com\/wp-content\/uploads\/2026\/02\/ksm-66_Logo-ashwaghandha-transparent.png\" class=\"attachment-large size-large wp-image-6042\" alt=\"ksm-66_Logo ashwaghandha transparente\" srcset=\"https:\/\/www.lcingredients.com\/wp-content\/uploads\/2026\/02\/ksm-66_Logo-ashwaghandha-transparent.png 964w, https:\/\/www.lcingredients.com\/wp-content\/uploads\/2026\/02\/ksm-66_Logo-ashwaghandha-transparent-300x104.png 300w, https:\/\/www.lcingredients.com\/wp-content\/uploads\/2026\/02\/ksm-66_Logo-ashwaghandha-transparent-768x265.png 768w, https:\/\/www.lcingredients.com\/wp-content\/uploads\/2026\/02\/ksm-66_Logo-ashwaghandha-transparent-18x6.png 18w\" sizes=\"(max-width: 800px) 100vw, 800px\" \/>\t\t\t\t\t\t\t\t<\/a>\n\t\t\t\t\t\t\t\t\t\t\t\t\t\t\t<\/div>\n\t\t\t\t<\/div>\n\t\t\t\t\t<\/div>\n\t\t<\/div>\n\t\t\t\t<div class=\"elementor-column elementor-col-50 elementor-top-column elementor-element elementor-element-8cfea5f\" data-id=\"8cfea5f\" data-element_type=\"column\" data-e-type=\"column\" data-settings=\"{&quot;background_background&quot;:&quot;classic&quot;}\">\n\t\t\t<div class=\"elementor-widget-wrap elementor-element-populated\">\n\t\t\t\t\t\t<div class=\"elementor-element elementor-element-f42e604 elementor-widget elementor-widget-heading\" data-id=\"f42e604\" data-element_type=\"widget\" data-e-type=\"widget\" data-widget_type=\"heading.default\">\n\t\t\t\t<div class=\"elementor-widget-container\">\n\t\t\t\t\t<h2 class=\"elementor-heading-title elementor-size-default\">KSM-66 ASHWAGANDHA\u00ae<\/h2>\t\t\t\t<\/div>\n\t\t\t\t<\/div>\n\t\t\t\t<div class=\"elementor-element elementor-element-981ead4 elementor-widget elementor-widget-text-editor\" data-id=\"981ead4\" data-element_type=\"widget\" data-e-type=\"widget\" data-widget_type=\"text-editor.default\">\n\t\t\t\t<div class=\"elementor-widget-container\">\n\t\t\t\t\t\t\t\t\t<p><strong>KSM\u201166 Ashwagandha\u00ae<\/strong> Es un extracto de ra\u00edz de espectro completo, reconocido como la ashwagandha de mayor calidad y m\u00e1s investigada cl\u00ednicamente a nivel mundial. Ofrece un mecanismo de acci\u00f3n \u00fanico que abarca m\u00faltiples v\u00edas, favoreciendo la reducci\u00f3n del estr\u00e9s, el equilibrio del cortisol, la eficiencia energ\u00e9tica, la composici\u00f3n corporal, la fuerza y la recuperaci\u00f3n post-ejercicio, todo ello validado mediante m\u00faltiples estudios cl\u00ednicos aleatorizados, doble ciego y controlados con placebo.<\/p>\t\t\t\t\t\t\t\t<\/div>\n\t\t\t\t<\/div>\n\t\t\t\t<div class=\"elementor-element elementor-element-04f222b elementor-button-info elementor-align-center elementor-widget elementor-widget-button\" data-id=\"04f222b\" data-element_type=\"widget\" data-e-type=\"widget\" data-widget_type=\"button.default\">\n\t\t\t\t<div class=\"elementor-widget-container\">\n\t\t\t\t\t\t\t\t\t<div class=\"elementor-button-wrapper\">\n\t\t\t\t\t<a class=\"elementor-button elementor-button-link elementor-size-sm\" href=\"https:\/\/www.lcingredients.com\/es\/ashwagandha-ksm-66\/\">\n\t\t\t\t\t\t<span class=\"elementor-button-content-wrapper\">\n\t\t\t\t\t\t\t\t\t<span class=\"elementor-button-text\">Ver m\u00e1s<\/span>\n\t\t\t\t\t<\/span>\n\t\t\t\t\t<\/a>\n\t\t\t\t<\/div>\n\t\t\t\t\t\t\t\t<\/div>\n\t\t\t\t<\/div>\n\t\t\t\t\t<\/div>\n\t\t<\/div>\n\t\t\t\t\t<\/div>\n\t\t<\/section>\n\t\t\t\t<\/div>","protected":false},"excerpt":{"rendered":"<p>NUESTROS INGREDIENTES PARA EL ESTADO DE \u00c1NIMO Y EL SUE\u00d1O CONTRIBUYEN AL EQUILIBRIO EMOCIONAL Y A UN SUE\u00d1O REPARADOR. El estado de \u00e1nimo y el sue\u00f1o son pilares profundamente interconectados del bienestar general. Nuestra gama de ingredientes est\u00e1 dise\u00f1ada para favorecer la estabilidad emocional, la resiliencia al estr\u00e9s y ciclos de sue\u00f1o saludables mediante soluciones nutricionales espec\u00edficas. Al combinar principios activos cient\u00edficamente estudiados con compuestos naturales, ofrecemos opciones eficaces para ayudar [\u2026]<\/p>","protected":false},"author":2,"featured_media":0,"parent":0,"menu_order":0,"comment_status":"closed","ping_status":"closed","template":"","meta":{"_eb_attr":"","footnotes":""},"class_list":["post-2413","page","type-page","status-publish","hentry"],"yoast_head":"<!-- This site is optimized with the Yoast SEO plugin v26.7 - https:\/\/yoast.com\/wordpress\/plugins\/seo\/ -->\n<title>Mood &amp; Sleep - LC Ingredients<\/title>\n<meta name=\"robots\" content=\"index, follow, max-snippet:-1, max-image-preview:large, max-video-preview:-1\" \/>\n<link rel=\"canonical\" href=\"https:\/\/www.lcingredients.com\/es\/estado-de-animo-sueno-ingredientes-alimentacion-dieta\/\" \/>\n<meta property=\"og:locale\" content=\"es_ES\" \/>\n<meta property=\"og:type\" content=\"article\" \/>\n<meta property=\"og:title\" content=\"Mood &amp; Sleep - LC Ingredients\" \/>\n<meta property=\"og:description\" content=\"OUR MOOD &amp; SLEEP INGREDIENTS SUPPORT FOR EMOTIONAL BALANCE AND RESTFUL SLEEP Mood and sleep are deeply interconnected pillars of overall well-being. Our ingredient range is designed to support emotional stability, stress resilience, and healthy sleep cycles through targeted nutritional solutions. By combining scientifically studied actives with natural compounds, we offer effective options to help [&hellip;]\" \/>\n<meta property=\"og:url\" content=\"https:\/\/www.lcingredients.com\/es\/estado-de-animo-sueno-ingredientes-alimentacion-dieta\/\" \/>\n<meta property=\"og:site_name\" content=\"LC Ingredients\" \/>\n<meta property=\"article:modified_time\" content=\"2026-02-10T16:57:16+00:00\" \/>\n<meta property=\"og:image\" content=\"https:\/\/www.lcingredients.com\/wp-content\/uploads\/2025\/09\/mood-and-sleep-men-sleeping-night-bedroom.jpg\" \/>\n\t<meta property=\"og:image:width\" content=\"2000\" \/>\n\t<meta property=\"og:image:height\" content=\"1333\" \/>\n\t<meta property=\"og:image:type\" content=\"image\/jpeg\" \/>\n<meta name=\"twitter:card\" content=\"summary_large_image\" \/>\n<meta name=\"twitter:label1\" content=\"Tiempo de lectura\" \/>\n\t<meta name=\"twitter:data1\" content=\"2 minutos\" \/>\n<script type=\"application\/ld+json\" class=\"yoast-schema-graph\">{\"@context\":\"https:\/\/schema.org\",\"@graph\":[{\"@type\":\"WebPage\",\"@id\":\"https:\/\/www.lcingredients.com\/mood-sleep-ingredients-food-diatery\/\",\"url\":\"https:\/\/www.lcingredients.com\/mood-sleep-ingredients-food-diatery\/\",\"name\":\"Mood &amp; Sleep - LC Ingredients\",\"isPartOf\":{\"@id\":\"https:\/\/www.lcingredients.com\/#website\"},\"primaryImageOfPage\":{\"@id\":\"https:\/\/www.lcingredients.com\/mood-sleep-ingredients-food-diatery\/#primaryimage\"},\"image\":{\"@id\":\"https:\/\/www.lcingredients.com\/mood-sleep-ingredients-food-diatery\/#primaryimage\"},\"thumbnailUrl\":\"https:\/\/www.lcingredients.com\/wp-content\/uploads\/2025\/09\/mood-and-sleep-men-sleeping-night-bedroom-1024x682.jpg\",\"datePublished\":\"2024-09-26T07:32:16+00:00\",\"dateModified\":\"2026-02-10T16:57:16+00:00\",\"breadcrumb\":{\"@id\":\"https:\/\/www.lcingredients.com\/mood-sleep-ingredients-food-diatery\/#breadcrumb\"},\"inLanguage\":\"es\",\"potentialAction\":[{\"@type\":\"ReadAction\",\"target\":[\"https:\/\/www.lcingredients.com\/mood-sleep-ingredients-food-diatery\/\"]}]},{\"@type\":\"ImageObject\",\"inLanguage\":\"es\",\"@id\":\"https:\/\/www.lcingredients.com\/mood-sleep-ingredients-food-diatery\/#primaryimage\",\"url\":\"https:\/\/www.lcingredients.com\/wp-content\/uploads\/2025\/09\/mood-and-sleep-men-sleeping-night-bedroom-1024x682.jpg\",\"contentUrl\":\"https:\/\/www.lcingredients.com\/wp-content\/uploads\/2025\/09\/mood-and-sleep-men-sleeping-night-bedroom-1024x682.jpg\"},{\"@type\":\"BreadcrumbList\",\"@id\":\"https:\/\/www.lcingredients.com\/mood-sleep-ingredients-food-diatery\/#breadcrumb\",\"itemListElement\":[{\"@type\":\"ListItem\",\"position\":1,\"name\":\"Home\",\"item\":\"https:\/\/www.lcingredients.com\/\"},{\"@type\":\"ListItem\",\"position\":2,\"name\":\"Mood &amp; Sleep\"}]},{\"@type\":\"WebSite\",\"@id\":\"https:\/\/www.lcingredients.com\/#website\",\"url\":\"https:\/\/www.lcingredients.com\/\",\"name\":\"LC Ingredients\",\"description\":\"Discover high-quality ingredients for your food supplements and cosmetics formulations.\",\"publisher\":{\"@id\":\"https:\/\/www.lcingredients.com\/#organization\"},\"potentialAction\":[{\"@type\":\"SearchAction\",\"target\":{\"@type\":\"EntryPoint\",\"urlTemplate\":\"https:\/\/www.lcingredients.com\/?s={search_term_string}\"},\"query-input\":{\"@type\":\"PropertyValueSpecification\",\"valueRequired\":true,\"valueName\":\"search_term_string\"}}],\"inLanguage\":\"es\"},{\"@type\":\"Organization\",\"@id\":\"https:\/\/www.lcingredients.com\/#organization\",\"name\":\"LC Ingredients\",\"url\":\"https:\/\/www.lcingredients.com\/\",\"logo\":{\"@type\":\"ImageObject\",\"inLanguage\":\"es\",\"@id\":\"https:\/\/www.lcingredients.com\/#\/schema\/logo\/image\/\",\"url\":\"https:\/\/www.lcingredients.com\/wp-content\/uploads\/2023\/10\/LOGO-LC-INGREDIENTS.png\",\"contentUrl\":\"https:\/\/www.lcingredients.com\/wp-content\/uploads\/2023\/10\/LOGO-LC-INGREDIENTS.png\",\"width\":1280,\"height\":1060,\"caption\":\"LC Ingredients\"},\"image\":{\"@id\":\"https:\/\/www.lcingredients.com\/#\/schema\/logo\/image\/\"},\"sameAs\":[\"https:\/\/www.linkedin.com\/company\/lcingredients\/\"]}]}<\/script>\n<!-- \/ Yoast SEO plugin. -->","yoast_head_json":{"title":"Estado de \u00e1nimo y sue\u00f1o: ingredientes de LC","robots":{"index":"index","follow":"follow","max-snippet":"max-snippet:-1","max-image-preview":"max-image-preview:large","max-video-preview":"max-video-preview:-1"},"canonical":"https:\/\/www.lcingredients.com\/es\/estado-de-animo-sueno-ingredientes-alimentacion-dieta\/","og_locale":"es_ES","og_type":"article","og_title":"Mood &amp; Sleep - LC Ingredients","og_description":"OUR MOOD &amp; SLEEP INGREDIENTS SUPPORT FOR EMOTIONAL BALANCE AND RESTFUL SLEEP Mood and sleep are deeply interconnected pillars of overall well-being. Our ingredient range is designed to support emotional stability, stress resilience, and healthy sleep cycles through targeted nutritional solutions. By combining scientifically studied actives with natural compounds, we offer effective options to help [&hellip;]","og_url":"https:\/\/www.lcingredients.com\/es\/estado-de-animo-sueno-ingredientes-alimentacion-dieta\/","og_site_name":"LC Ingredients","article_modified_time":"2026-02-10T16:57:16+00:00","og_image":[{"width":2000,"height":1333,"url":"https:\/\/www.lcingredients.com\/wp-content\/uploads\/2025\/09\/mood-and-sleep-men-sleeping-night-bedroom.jpg","type":"image\/jpeg"}],"twitter_card":"summary_large_image","twitter_misc":{"Tiempo de lectura":"2 minutos"},"schema":{"@context":"https:\/\/schema.org","@graph":[{"@type":"WebPage","@id":"https:\/\/www.lcingredients.com\/mood-sleep-ingredients-food-diatery\/","url":"https:\/\/www.lcingredients.com\/mood-sleep-ingredients-food-diatery\/","name":"Estado de \u00e1nimo y sue\u00f1o: ingredientes de LC","isPartOf":{"@id":"https:\/\/www.lcingredients.com\/#website"},"primaryImageOfPage":{"@id":"https:\/\/www.lcingredients.com\/mood-sleep-ingredients-food-diatery\/#primaryimage"},"image":{"@id":"https:\/\/www.lcingredients.com\/mood-sleep-ingredients-food-diatery\/#primaryimage"},"thumbnailUrl":"https:\/\/www.lcingredients.com\/wp-content\/uploads\/2025\/09\/mood-and-sleep-men-sleeping-night-bedroom-1024x682.jpg","datePublished":"2024-09-26T07:32:16+00:00","dateModified":"2026-02-10T16:57:16+00:00","breadcrumb":{"@id":"https:\/\/www.lcingredients.com\/mood-sleep-ingredients-food-diatery\/#breadcrumb"},"inLanguage":"es","potentialAction":[{"@type":"ReadAction","target":["https:\/\/www.lcingredients.com\/mood-sleep-ingredients-food-diatery\/"]}]},{"@type":"ImageObject","inLanguage":"es","@id":"https:\/\/www.lcingredients.com\/mood-sleep-ingredients-food-diatery\/#primaryimage","url":"https:\/\/www.lcingredients.com\/wp-content\/uploads\/2025\/09\/mood-and-sleep-men-sleeping-night-bedroom-1024x682.jpg","contentUrl":"https:\/\/www.lcingredients.com\/wp-content\/uploads\/2025\/09\/mood-and-sleep-men-sleeping-night-bedroom-1024x682.jpg"},{"@type":"BreadcrumbList","@id":"https:\/\/www.lcingredients.com\/mood-sleep-ingredients-food-diatery\/#breadcrumb","itemListElement":[{"@type":"ListItem","position":1,"name":"Home","item":"https:\/\/www.lcingredients.com\/"},{"@type":"ListItem","position":2,"name":"Mood &amp; Sleep"}]},{"@type":"WebSite","@id":"https:\/\/www.lcingredients.com\/#website","url":"https:\/\/www.lcingredients.com\/","name":"Ingredientes LC","description":"Descubra ingredientes de alta calidad para sus complementos alimenticios y formulaciones cosm\u00e9ticas.","publisher":{"@id":"https:\/\/www.lcingredients.com\/#organization"},"potentialAction":[{"@type":"SearchAction","target":{"@type":"EntryPoint","urlTemplate":"https:\/\/www.lcingredients.com\/?s={search_term_string}"},"query-input":{"@type":"PropertyValueSpecification","valueRequired":true,"valueName":"search_term_string"}}],"inLanguage":"es"},{"@type":"Organization","@id":"https:\/\/www.lcingredients.com\/#organization","name":"Ingredientes LC","url":"https:\/\/www.lcingredients.com\/","logo":{"@type":"ImageObject","inLanguage":"es","@id":"https:\/\/www.lcingredients.com\/#\/schema\/logo\/image\/","url":"https:\/\/www.lcingredients.com\/wp-content\/uploads\/2023\/10\/LOGO-LC-INGREDIENTS.png","contentUrl":"https:\/\/www.lcingredients.com\/wp-content\/uploads\/2023\/10\/LOGO-LC-INGREDIENTS.png","width":1280,"height":1060,"caption":"LC Ingredients"},"image":{"@id":"https:\/\/www.lcingredients.com\/#\/schema\/logo\/image\/"},"sameAs":["https:\/\/www.linkedin.com\/company\/lcingredients\/"]}]}},"_links":{"self":[{"href":"https:\/\/www.lcingredients.com\/es\/wp-json\/wp\/v2\/pages\/2413","targetHints":{"allow":["GET"]}}],"collection":[{"href":"https:\/\/www.lcingredients.com\/es\/wp-json\/wp\/v2\/pages"}],"about":[{"href":"https:\/\/www.lcingredients.com\/es\/wp-json\/wp\/v2\/types\/page"}],"author":[{"embeddable":true,"href":"https:\/\/www.lcingredients.com\/es\/wp-json\/wp\/v2\/users\/2"}],"replies":[{"embeddable":true,"href":"https:\/\/www.lcingredients.com\/es\/wp-json\/wp\/v2\/comments?post=2413"}],"version-history":[{"count":34,"href":"https:\/\/www.lcingredients.com\/es\/wp-json\/wp\/v2\/pages\/2413\/revisions"}],"predecessor-version":[{"id":6060,"href":"https:\/\/www.lcingredients.com\/es\/wp-json\/wp\/v2\/pages\/2413\/revisions\/6060"}],"wp:attachment":[{"href":"https:\/\/www.lcingredients.com\/es\/wp-json\/wp\/v2\/media?parent=2413"}],"curies":[{"name":"gracias","href":"https:\/\/api.w.org\/{rel}","templated":true}]}}