{"id":928,"date":"2023-10-11T13:36:24","date_gmt":"2023-10-11T13:36:24","guid":{"rendered":"https:\/\/www.lcingredients.com\/?page_id=928"},"modified":"2025-10-10T14:36:03","modified_gmt":"2025-10-10T14:36:03","slug":"kosmetische-inhaltsstoffe","status":"publish","type":"page","link":"https:\/\/www.lcingredients.com\/de\/kosmetische-inhaltsstoffe\/","title":{"rendered":"KOSMETIK-Inhaltsstoffe"},"content":{"rendered":"<div data-elementor-type=\"wp-page\" data-elementor-id=\"928\" class=\"elementor elementor-928\" data-elementor-post-type=\"page\">\n\t\t\t\t\t\t<section class=\"elementor-section elementor-top-section elementor-element elementor-element-a01948b elementor-section-full_width elementor-section-height-default elementor-section-height-default\" data-id=\"a01948b\" data-element_type=\"section\" data-e-type=\"section\">\n\t\t\t\t\t\t<div class=\"elementor-container elementor-column-gap-default\">\n\t\t\t\t\t<div class=\"elementor-column elementor-col-100 elementor-top-column elementor-element elementor-element-03e4897\" data-id=\"03e4897\" data-element_type=\"column\" data-e-type=\"column\">\n\t\t\t<div class=\"elementor-widget-wrap elementor-element-populated\">\n\t\t\t\t\t\t<div class=\"elementor-element elementor-element-60fb158 elementor-widget elementor-widget-image\" data-id=\"60fb158\" data-element_type=\"widget\" data-e-type=\"widget\" data-widget_type=\"image.default\">\n\t\t\t\t<div class=\"elementor-widget-container\">\n\t\t\t\t\t\t\t\t\t\t\t\t\t\t\t<img fetchpriority=\"high\" decoding=\"async\" width=\"800\" height=\"534\" src=\"https:\/\/www.lcingredients.com\/wp-content\/uploads\/2023\/07\/Depositphotos_447834916_XL-scaled-e1689600769656-1024x683.jpg\" class=\"attachment-large size-large wp-image-74\" alt=\"Spa-Kr\u00e4uterkosmetikset und Eukalyptusbl\u00e4tter auf gr\u00fcnem Hintergrund. Design und Branding nat\u00fcrlicher Bio-Sch\u00f6nheitsprodukte. Flache Lage, Draufsicht.\" srcset=\"https:\/\/www.lcingredients.com\/wp-content\/uploads\/2023\/07\/Depositphotos_447834916_XL-scaled-e1689600769656-1024x683.jpg 1024w, https:\/\/www.lcingredients.com\/wp-content\/uploads\/2023\/07\/Depositphotos_447834916_XL-scaled-e1689600769656-300x200.jpg 300w, https:\/\/www.lcingredients.com\/wp-content\/uploads\/2023\/07\/Depositphotos_447834916_XL-scaled-e1689600769656-768x512.jpg 768w, https:\/\/www.lcingredients.com\/wp-content\/uploads\/2023\/07\/Depositphotos_447834916_XL-scaled-e1689600769656-1536x1024.jpg 1536w, https:\/\/www.lcingredients.com\/wp-content\/uploads\/2023\/07\/Depositphotos_447834916_XL-scaled-e1689600769656-2048x1366.jpg 2048w\" sizes=\"(max-width: 800px) 100vw, 800px\" \/>\t\t\t\t\t\t\t\t\t\t\t\t\t\t\t<\/div>\n\t\t\t\t<\/div>\n\t\t\t\t<div class=\"elementor-element elementor-element-3ba2d6b elementor-widget elementor-widget-heading\" data-id=\"3ba2d6b\" data-element_type=\"widget\" data-e-type=\"widget\" data-widget_type=\"heading.default\">\n\t\t\t\t<div class=\"elementor-widget-container\">\n\t\t\t\t\t<h1 class=\"elementor-heading-title elementor-size-default\">KOSMETIKA<\/h1>\t\t\t\t<\/div>\n\t\t\t\t<\/div>\n\t\t\t\t\t<\/div>\n\t\t<\/div>\n\t\t\t\t\t<\/div>\n\t\t<\/section>\n\t\t\t\t<section class=\"elementor-section elementor-top-section elementor-element elementor-element-180a0ed elementor-section-boxed elementor-section-height-default elementor-section-height-default\" data-id=\"180a0ed\" data-element_type=\"section\" data-e-type=\"section\">\n\t\t\t\t\t\t<div class=\"elementor-container elementor-column-gap-default\">\n\t\t\t\t\t<div class=\"elementor-column elementor-col-100 elementor-top-column elementor-element elementor-element-d30cd80\" data-id=\"d30cd80\" data-element_type=\"column\" data-e-type=\"column\">\n\t\t\t<div class=\"elementor-widget-wrap elementor-element-populated\">\n\t\t\t\t\t\t<div class=\"elementor-element elementor-element-0133079 elementor-widget elementor-widget-heading\" data-id=\"0133079\" data-element_type=\"widget\" data-e-type=\"widget\" data-widget_type=\"heading.default\">\n\t\t\t\t<div class=\"elementor-widget-container\">\n\t\t\t\t\t<h2 class=\"elementor-heading-title elementor-size-default\">KOSMETIK, DIE WIRKT<\/h2>\t\t\t\t<\/div>\n\t\t\t\t<\/div>\n\t\t\t\t<section class=\"elementor-section elementor-inner-section elementor-element elementor-element-fab4c45 elementor-section-boxed elementor-section-height-default elementor-section-height-default\" data-id=\"fab4c45\" data-element_type=\"section\" data-e-type=\"section\">\n\t\t\t\t\t\t<div class=\"elementor-container elementor-column-gap-default\">\n\t\t\t\t\t<div class=\"elementor-column elementor-col-50 elementor-inner-column elementor-element elementor-element-b6d4ee9\" data-id=\"b6d4ee9\" data-element_type=\"column\" data-e-type=\"column\">\n\t\t\t<div class=\"elementor-widget-wrap elementor-element-populated\">\n\t\t\t\t\t\t<div class=\"elementor-element elementor-element-37f606f elementor-widget elementor-widget-text-editor\" data-id=\"37f606f\" data-element_type=\"widget\" data-e-type=\"widget\" data-widget_type=\"text-editor.default\">\n\t\t\t\t<div class=\"elementor-widget-container\">\n\t\t\t\t\t\t\t\t\t<p><!--StartFragment --><\/p><p>Entdecken Sie unser gesamtes Sortiment an <strong>kosmetische Inhaltsstoffe<\/strong> entwickelt, um Ihre <strong>Kosmetikformulierungen<\/strong>. Von klinisch erprobten Wirkstoffen bis hin zu innovativen Verabreichungssystemen bietet LC Ingredients L\u00f6sungen, die unterst\u00fctzen <strong>Sch\u00f6nheit der Haut<\/strong>, <strong>Haarausfall, N\u00e4gel Sch\u00f6nheit<\/strong>und mehr.<!--EndFragment --><\/p>\t\t\t\t\t\t\t\t<\/div>\n\t\t\t\t<\/div>\n\t\t\t\t\t<\/div>\n\t\t<\/div>\n\t\t\t\t<div class=\"elementor-column elementor-col-50 elementor-inner-column elementor-element elementor-element-f36b4ee\" data-id=\"f36b4ee\" data-element_type=\"column\" data-e-type=\"column\">\n\t\t\t<div class=\"elementor-widget-wrap elementor-element-populated\">\n\t\t\t\t\t\t<div class=\"elementor-element elementor-element-3e64b7f elementor-widget elementor-widget-text-editor\" data-id=\"3e64b7f\" data-element_type=\"widget\" data-e-type=\"widget\" data-widget_type=\"text-editor.default\">\n\t\t\t\t<div class=\"elementor-widget-container\">\n\t\t\t\t\t\t\t\t\t<p>Unser Portfolio umfasst <strong>bioverf\u00fcgbare Inhaltsstoffe<\/strong><strong>,<\/strong>\u00a0alle ausgew\u00e4hlt, um den Anforderungen der heutigen <strong>Kosmetikmarkt<\/strong>. Egal, ob Sie Shampoo, Lotion, Sp\u00fclung oder Creme entwickeln, wir helfen Ihnen, Produkte zu schaffen, die Ergebnisse liefern und den Bed\u00fcrfnissen der Verbraucher entsprechen.<\/p>\t\t\t\t\t\t\t\t<\/div>\n\t\t\t\t<\/div>\n\t\t\t\t\t<\/div>\n\t\t<\/div>\n\t\t\t\t\t<\/div>\n\t\t<\/section>\n\t\t\t\t\t<\/div>\n\t\t<\/div>\n\t\t\t\t\t<\/div>\n\t\t<\/section>\n\t\t\t\t<section class=\"elementor-section elementor-top-section elementor-element elementor-element-e649bc8 elementor-section-full_width elementor-section-height-default elementor-section-height-default\" data-id=\"e649bc8\" data-element_type=\"section\" data-e-type=\"section\">\n\t\t\t\t\t\t<div class=\"elementor-container elementor-column-gap-default\">\n\t\t\t\t\t<div class=\"elementor-column elementor-col-50 elementor-top-column elementor-element elementor-element-3a38308\" data-id=\"3a38308\" data-element_type=\"column\" data-e-type=\"column\">\n\t\t\t<div class=\"elementor-widget-wrap elementor-element-populated\">\n\t\t\t\t\t\t<div class=\"elementor-element elementor-element-30523d5 elementor-cta--skin-cover elementor-animated-content elementor-bg-transform elementor-bg-transform-zoom-in elementor-widget elementor-widget-call-to-action\" data-id=\"30523d5\" data-element_type=\"widget\" data-e-type=\"widget\" data-widget_type=\"call-to-action.default\">\n\t\t\t\t<div class=\"elementor-widget-container\">\n\t\t\t\t\t\t\t<a class=\"elementor-cta\" href=\"https:\/\/www.lcingredients.com\/de\/haar-bart-kosmetik-zutaten-verlust-starke\/\">\n\t\t\t\t\t<div class=\"elementor-cta__bg-wrapper\">\n\t\t\t\t<div class=\"elementor-cta__bg elementor-bg\" style=\"background-image: url(https:\/\/www.lcingredients.com\/wp-content\/uploads\/2023\/08\/17_Services_SpaBeauty-HairServices_2.jpg);\" role=\"img\" aria-label=\"blondes M\u00e4dchen, Sch\u00f6nheit\"><\/div>\n\t\t\t\t<div class=\"elementor-cta__bg-overlay\"><\/div>\n\t\t\t<\/div>\n\t\t\t\t\t\t\t<div class=\"elementor-cta__content\">\n\t\t\t\t\n\t\t\t\t\t\t\t\t\t<h2 class=\"elementor-cta__title elementor-cta__content-item elementor-content-item elementor-animated-item--grow\">\n\t\t\t\t\t\tHaare &amp; Bart\t\t\t\t\t<\/h2>\n\t\t\t\t\n\t\t\t\t\n\t\t\t\t\t\t\t<\/div>\n\t\t\t\t\t\t<\/a>\n\t\t\t\t\t\t<\/div>\n\t\t\t\t<\/div>\n\t\t\t\t<div class=\"elementor-element elementor-element-48c8ab2 elementor-cta--skin-cover elementor-animated-content elementor-bg-transform elementor-bg-transform-zoom-in elementor-widget elementor-widget-call-to-action\" data-id=\"48c8ab2\" data-element_type=\"widget\" data-e-type=\"widget\" data-widget_type=\"call-to-action.default\">\n\t\t\t\t<div class=\"elementor-widget-container\">\n\t\t\t\t\t\t\t<a class=\"elementor-cta\" href=\"https:\/\/www.lcingredients.com\/de\/gesichts-korperpflege\/\">\n\t\t\t\t\t<div class=\"elementor-cta__bg-wrapper\">\n\t\t\t\t<div class=\"elementor-cta__bg elementor-bg\" style=\"background-image: url(https:\/\/www.lcingredients.com\/wp-content\/uploads\/2025\/03\/femmes-diversite-1160x680-1.jpg);\" role=\"img\" aria-label=\"Inhaltsstoffe von Sant\u00e9 des Femmes Menopause LC\"><\/div>\n\t\t\t\t<div class=\"elementor-cta__bg-overlay\"><\/div>\n\t\t\t<\/div>\n\t\t\t\t\t\t\t<div class=\"elementor-cta__content\">\n\t\t\t\t\n\t\t\t\t\t\t\t\t\t<h2 class=\"elementor-cta__title elementor-cta__content-item elementor-content-item elementor-animated-item--grow\">\n\t\t\t\t\t\tGesicht &amp; K\u00f6rper\t\t\t\t\t<\/h2>\n\t\t\t\t\n\t\t\t\t\n\t\t\t\t\t\t\t<\/div>\n\t\t\t\t\t\t<\/a>\n\t\t\t\t\t\t<\/div>\n\t\t\t\t<\/div>\n\t\t\t\t<div class=\"elementor-element elementor-element-3dd39a8 elementor-cta--skin-cover elementor-animated-content elementor-bg-transform elementor-bg-transform-zoom-in elementor-widget elementor-widget-call-to-action\" data-id=\"3dd39a8\" data-element_type=\"widget\" data-e-type=\"widget\" data-widget_type=\"call-to-action.default\">\n\t\t\t\t<div class=\"elementor-widget-container\">\n\t\t\t\t\t\t\t<a class=\"elementor-cta\" href=\"https:\/\/www.lcingredients.com\/de\/braunende-kosmetische-inhaltsstoffe\/\">\n\t\t\t\t\t<div class=\"elementor-cta__bg-wrapper\">\n\t\t\t\t<div class=\"elementor-cta__bg elementor-bg\" style=\"background-image: url(https:\/\/www.lcingredients.com\/wp-content\/uploads\/2024\/05\/choisir-creme-solaire-filtre-chimique-mineral-scaled-1.jpg);\" role=\"img\" aria-label=\"Nahaufnahme einer Frau, die Sonnencreme auf ihr Bein auftr\u00e4gt. Hautpflege. Sonnenschutz. Frau schmiert feuchtigkeitsspendende Sonnencreme auf ihre glatten, gebr\u00e4unten Beine. M\u00e4dchen h\u00e4lt Sonnencreme.\"><\/div>\n\t\t\t\t<div class=\"elementor-cta__bg-overlay\"><\/div>\n\t\t\t<\/div>\n\t\t\t\t\t\t\t<div class=\"elementor-cta__content\">\n\t\t\t\t\n\t\t\t\t\t\t\t\t\t<h2 class=\"elementor-cta__title elementor-cta__content-item elementor-content-item elementor-animated-item--grow\">\n\t\t\t\t\t\tBr\u00e4unen\t\t\t\t\t<\/h2>\n\t\t\t\t\n\t\t\t\t\n\t\t\t\t\t\t\t<\/div>\n\t\t\t\t\t\t<\/a>\n\t\t\t\t\t\t<\/div>\n\t\t\t\t<\/div>\n\t\t\t\t\t<\/div>\n\t\t<\/div>\n\t\t\t\t<div class=\"elementor-column elementor-col-50 elementor-top-column elementor-element elementor-element-3b8cd3d\" data-id=\"3b8cd3d\" data-element_type=\"column\" data-e-type=\"column\">\n\t\t\t<div class=\"elementor-widget-wrap elementor-element-populated\">\n\t\t\t\t\t\t<div class=\"elementor-element elementor-element-7fe7015 elementor-cta--skin-cover elementor-animated-content elementor-bg-transform elementor-bg-transform-zoom-in elementor-widget elementor-widget-call-to-action\" data-id=\"7fe7015\" data-element_type=\"widget\" data-e-type=\"widget\" data-widget_type=\"call-to-action.default\">\n\t\t\t\t<div class=\"elementor-widget-container\">\n\t\t\t\t\t\t\t<a class=\"elementor-cta\" href=\"https:\/\/www.lcingredients.com\/de\/kosmetikzutat-fur-nagel\/\">\n\t\t\t\t\t<div class=\"elementor-cta__bg-wrapper\">\n\t\t\t\t<div class=\"elementor-cta__bg elementor-bg\" style=\"background-image: url(https:\/\/www.lcingredients.com\/wp-content\/uploads\/2023\/10\/Depositphotos_195751416_XL-1024x683.jpg);\" role=\"img\" aria-label=\"Junge weibliche Handfl\u00e4che. Sch\u00f6ne Glamour-Manik\u00fcre. Franz\u00f6sischer Stil. Nagellack. Pflege von H\u00e4nden und N\u00e4geln, saubere Haut\"><\/div>\n\t\t\t\t<div class=\"elementor-cta__bg-overlay\"><\/div>\n\t\t\t<\/div>\n\t\t\t\t\t\t\t<div class=\"elementor-cta__content\">\n\t\t\t\t\n\t\t\t\t\t\t\t\t\t<h2 class=\"elementor-cta__title elementor-cta__content-item elementor-content-item elementor-animated-item--grow\">\n\t\t\t\t\t\tN\u00e4gel\t\t\t\t\t<\/h2>\n\t\t\t\t\n\t\t\t\t\n\t\t\t\t\t\t\t<\/div>\n\t\t\t\t\t\t<\/a>\n\t\t\t\t\t\t<\/div>\n\t\t\t\t<\/div>\n\t\t\t\t<div class=\"elementor-element elementor-element-ae2ee3d elementor-cta--skin-cover elementor-animated-content elementor-bg-transform elementor-bg-transform-zoom-in elementor-widget elementor-widget-call-to-action\" data-id=\"ae2ee3d\" data-element_type=\"widget\" data-e-type=\"widget\" data-widget_type=\"call-to-action.default\">\n\t\t\t\t<div class=\"elementor-widget-container\">\n\t\t\t\t\t\t\t<a class=\"elementor-cta\" href=\"https:\/\/www.lcingredients.com\/de\/wimpern-augenbrauen\/\">\n\t\t\t\t\t<div class=\"elementor-cta__bg-wrapper\">\n\t\t\t\t<div class=\"elementor-cta__bg elementor-bg\" style=\"background-image: url(https:\/\/www.lcingredients.com\/wp-content\/uploads\/2025\/09\/cosmetics-eyebrowes-and-eyelashes-macro-plan-girl-with-blue-eye.jpg);\" role=\"img\" aria-label=\"Kosmetik Augenbrauen und Wimpern Makro-Plan M\u00e4dchen mit blauen Augen\"><\/div>\n\t\t\t\t<div class=\"elementor-cta__bg-overlay\"><\/div>\n\t\t\t<\/div>\n\t\t\t\t\t\t\t<div class=\"elementor-cta__content\">\n\t\t\t\t\n\t\t\t\t\t\t\t\t\t<h2 class=\"elementor-cta__title elementor-cta__content-item elementor-content-item elementor-animated-item--grow\">\n\t\t\t\t\t\tWimpern &amp; Augenbrauen\t\t\t\t\t<\/h2>\n\t\t\t\t\n\t\t\t\t\n\t\t\t\t\t\t\t<\/div>\n\t\t\t\t\t\t<\/a>\n\t\t\t\t\t\t<\/div>\n\t\t\t\t<\/div>\n\t\t\t\t\t<\/div>\n\t\t<\/div>\n\t\t\t\t\t<\/div>\n\t\t<\/section>\n\t\t\t\t<\/div>","protected":false},"excerpt":{"rendered":"<p>KOSMETIK \u2013 KOSMETIK, DIE WIRKT Entdecken Sie unser umfassendes Sortiment an kosmetischen Inhaltsstoffen, die Ihre Kosmetikformulierungen aufwerten. Von klinisch erprobten Wirkstoffen bis hin zu innovativen Verabreichungssystemen bietet LC Ingredients L\u00f6sungen f\u00fcr die Sch\u00f6nheit der Haut, gegen Haarausfall, f\u00fcr sch\u00f6ne N\u00e4gel und vieles mehr. Unser Portfolio umfasst bioverf\u00fcgbare Inhaltsstoffe, die alle ausgew\u00e4hlt wurden, um den Anforderungen des modernen Kosmetikmarktes gerecht zu werden. Ob Sie [\u2026]<\/p>","protected":false},"author":3,"featured_media":0,"parent":0,"menu_order":0,"comment_status":"closed","ping_status":"closed","template":"","meta":{"_eb_attr":"","footnotes":""},"class_list":["post-928","page","type-page","status-publish","hentry"],"yoast_head":"<!-- This site is optimized with the Yoast SEO plugin v26.7 - https:\/\/yoast.com\/wordpress\/plugins\/seo\/ -->\n<title>COSMETICS Ingredients - LC Ingredients<\/title>\n<meta name=\"description\" content=\"Discover top-quality cosmetics ingredients that support beauty and deliver results. Enhance your products with our expert solutions.\" \/>\n<meta name=\"robots\" content=\"index, follow, max-snippet:-1, max-image-preview:large, max-video-preview:-1\" \/>\n<link rel=\"canonical\" href=\"https:\/\/www.lcingredients.com\/de\/kosmetische-inhaltsstoffe\/\" \/>\n<meta property=\"og:locale\" content=\"de_DE\" \/>\n<meta property=\"og:type\" content=\"article\" \/>\n<meta property=\"og:title\" content=\"COSMETICS Ingredients - LC Ingredients\" \/>\n<meta property=\"og:description\" content=\"Discover top-quality cosmetics ingredients that support beauty and deliver results. Enhance your products with our expert solutions.\" \/>\n<meta property=\"og:url\" content=\"https:\/\/www.lcingredients.com\/de\/kosmetische-inhaltsstoffe\/\" \/>\n<meta property=\"og:site_name\" content=\"LC Ingredients\" \/>\n<meta property=\"article:modified_time\" content=\"2025-10-10T14:36:03+00:00\" \/>\n<meta property=\"og:image\" content=\"https:\/\/www.lcingredients.com\/wp-content\/uploads\/2023\/07\/Depositphotos_447834916_XL-scaled-e1689600769656-1024x683.jpg\" \/>\n<meta name=\"twitter:card\" content=\"summary_large_image\" \/>\n<meta name=\"twitter:label1\" content=\"Gesch\u00e4tzte Lesezeit\" \/>\n\t<meta name=\"twitter:data1\" content=\"1 Minute\" \/>\n<script type=\"application\/ld+json\" class=\"yoast-schema-graph\">{\"@context\":\"https:\/\/schema.org\",\"@graph\":[{\"@type\":\"WebPage\",\"@id\":\"https:\/\/www.lcingredients.com\/cosmetics-ingredients\/\",\"url\":\"https:\/\/www.lcingredients.com\/cosmetics-ingredients\/\",\"name\":\"COSMETICS Ingredients - LC Ingredients\",\"isPartOf\":{\"@id\":\"https:\/\/www.lcingredients.com\/#website\"},\"primaryImageOfPage\":{\"@id\":\"https:\/\/www.lcingredients.com\/cosmetics-ingredients\/#primaryimage\"},\"image\":{\"@id\":\"https:\/\/www.lcingredients.com\/cosmetics-ingredients\/#primaryimage\"},\"thumbnailUrl\":\"https:\/\/www.lcingredients.com\/wp-content\/uploads\/2023\/07\/Depositphotos_447834916_XL-scaled-e1689600769656-1024x683.jpg\",\"datePublished\":\"2023-10-11T13:36:24+00:00\",\"dateModified\":\"2025-10-10T14:36:03+00:00\",\"description\":\"Discover top-quality cosmetics ingredients that support beauty and deliver results. Enhance your products with our expert solutions.\",\"breadcrumb\":{\"@id\":\"https:\/\/www.lcingredients.com\/cosmetics-ingredients\/#breadcrumb\"},\"inLanguage\":\"de\",\"potentialAction\":[{\"@type\":\"ReadAction\",\"target\":[\"https:\/\/www.lcingredients.com\/cosmetics-ingredients\/\"]}]},{\"@type\":\"ImageObject\",\"inLanguage\":\"de\",\"@id\":\"https:\/\/www.lcingredients.com\/cosmetics-ingredients\/#primaryimage\",\"url\":\"https:\/\/www.lcingredients.com\/wp-content\/uploads\/2023\/07\/Depositphotos_447834916_XL-scaled-e1689600769656-1024x683.jpg\",\"contentUrl\":\"https:\/\/www.lcingredients.com\/wp-content\/uploads\/2023\/07\/Depositphotos_447834916_XL-scaled-e1689600769656-1024x683.jpg\"},{\"@type\":\"BreadcrumbList\",\"@id\":\"https:\/\/www.lcingredients.com\/cosmetics-ingredients\/#breadcrumb\",\"itemListElement\":[{\"@type\":\"ListItem\",\"position\":1,\"name\":\"Home\",\"item\":\"https:\/\/www.lcingredients.com\/\"},{\"@type\":\"ListItem\",\"position\":2,\"name\":\"COSMETICS Ingredients\"}]},{\"@type\":\"WebSite\",\"@id\":\"https:\/\/www.lcingredients.com\/#website\",\"url\":\"https:\/\/www.lcingredients.com\/\",\"name\":\"LC Ingredients\",\"description\":\"Discover high-quality ingredients for your food supplements and cosmetics formulations.\",\"publisher\":{\"@id\":\"https:\/\/www.lcingredients.com\/#organization\"},\"potentialAction\":[{\"@type\":\"SearchAction\",\"target\":{\"@type\":\"EntryPoint\",\"urlTemplate\":\"https:\/\/www.lcingredients.com\/?s={search_term_string}\"},\"query-input\":{\"@type\":\"PropertyValueSpecification\",\"valueRequired\":true,\"valueName\":\"search_term_string\"}}],\"inLanguage\":\"de\"},{\"@type\":\"Organization\",\"@id\":\"https:\/\/www.lcingredients.com\/#organization\",\"name\":\"LC Ingredients\",\"url\":\"https:\/\/www.lcingredients.com\/\",\"logo\":{\"@type\":\"ImageObject\",\"inLanguage\":\"de\",\"@id\":\"https:\/\/www.lcingredients.com\/#\/schema\/logo\/image\/\",\"url\":\"https:\/\/www.lcingredients.com\/wp-content\/uploads\/2023\/10\/LOGO-LC-INGREDIENTS.png\",\"contentUrl\":\"https:\/\/www.lcingredients.com\/wp-content\/uploads\/2023\/10\/LOGO-LC-INGREDIENTS.png\",\"width\":1280,\"height\":1060,\"caption\":\"LC Ingredients\"},\"image\":{\"@id\":\"https:\/\/www.lcingredients.com\/#\/schema\/logo\/image\/\"},\"sameAs\":[\"https:\/\/www.linkedin.com\/company\/lcingredients\/\"]}]}<\/script>\n<!-- \/ Yoast SEO plugin. -->","yoast_head_json":{"title":"KOSMETIK-Zutaten - LC Ingredients","description":"Entdecken Sie hochwertige Kosmetikinhaltsstoffe, die die Sch\u00f6nheit unterst\u00fctzen und Ergebnisse liefern. Werten Sie Ihre Produkte mit unseren Expertenl\u00f6sungen auf.","robots":{"index":"index","follow":"follow","max-snippet":"max-snippet:-1","max-image-preview":"max-image-preview:large","max-video-preview":"max-video-preview:-1"},"canonical":"https:\/\/www.lcingredients.com\/de\/kosmetische-inhaltsstoffe\/","og_locale":"de_DE","og_type":"article","og_title":"COSMETICS Ingredients - LC Ingredients","og_description":"Discover top-quality cosmetics ingredients that support beauty and deliver results. Enhance your products with our expert solutions.","og_url":"https:\/\/www.lcingredients.com\/de\/kosmetische-inhaltsstoffe\/","og_site_name":"LC Ingredients","article_modified_time":"2025-10-10T14:36:03+00:00","og_image":[{"url":"https:\/\/www.lcingredients.com\/wp-content\/uploads\/2023\/07\/Depositphotos_447834916_XL-scaled-e1689600769656-1024x683.jpg","type":"","width":"","height":""}],"twitter_card":"summary_large_image","twitter_misc":{"Gesch\u00e4tzte Lesezeit":"1 Minute"},"schema":{"@context":"https:\/\/schema.org","@graph":[{"@type":"WebPage","@id":"https:\/\/www.lcingredients.com\/cosmetics-ingredients\/","url":"https:\/\/www.lcingredients.com\/cosmetics-ingredients\/","name":"KOSMETIK-Zutaten - LC Ingredients","isPartOf":{"@id":"https:\/\/www.lcingredients.com\/#website"},"primaryImageOfPage":{"@id":"https:\/\/www.lcingredients.com\/cosmetics-ingredients\/#primaryimage"},"image":{"@id":"https:\/\/www.lcingredients.com\/cosmetics-ingredients\/#primaryimage"},"thumbnailUrl":"https:\/\/www.lcingredients.com\/wp-content\/uploads\/2023\/07\/Depositphotos_447834916_XL-scaled-e1689600769656-1024x683.jpg","datePublished":"2023-10-11T13:36:24+00:00","dateModified":"2025-10-10T14:36:03+00:00","description":"Entdecken Sie hochwertige Kosmetikinhaltsstoffe, die die Sch\u00f6nheit unterst\u00fctzen und Ergebnisse liefern. Werten Sie Ihre Produkte mit unseren Expertenl\u00f6sungen auf.","breadcrumb":{"@id":"https:\/\/www.lcingredients.com\/cosmetics-ingredients\/#breadcrumb"},"inLanguage":"de","potentialAction":[{"@type":"ReadAction","target":["https:\/\/www.lcingredients.com\/cosmetics-ingredients\/"]}]},{"@type":"ImageObject","inLanguage":"de","@id":"https:\/\/www.lcingredients.com\/cosmetics-ingredients\/#primaryimage","url":"https:\/\/www.lcingredients.com\/wp-content\/uploads\/2023\/07\/Depositphotos_447834916_XL-scaled-e1689600769656-1024x683.jpg","contentUrl":"https:\/\/www.lcingredients.com\/wp-content\/uploads\/2023\/07\/Depositphotos_447834916_XL-scaled-e1689600769656-1024x683.jpg"},{"@type":"BreadcrumbList","@id":"https:\/\/www.lcingredients.com\/cosmetics-ingredients\/#breadcrumb","itemListElement":[{"@type":"ListItem","position":1,"name":"Home","item":"https:\/\/www.lcingredients.com\/"},{"@type":"ListItem","position":2,"name":"COSMETICS Ingredients"}]},{"@type":"WebSite","@id":"https:\/\/www.lcingredients.com\/#website","url":"https:\/\/www.lcingredients.com\/","name":"LC-Zutaten","description":"Entdecken Sie hochwertige Inhaltsstoffe f\u00fcr Ihre Nahrungserg\u00e4nzungsmittel und Kosmetikformulierungen.","publisher":{"@id":"https:\/\/www.lcingredients.com\/#organization"},"potentialAction":[{"@type":"SearchAction","target":{"@type":"EntryPoint","urlTemplate":"https:\/\/www.lcingredients.com\/?s={search_term_string}"},"query-input":{"@type":"PropertyValueSpecification","valueRequired":true,"valueName":"search_term_string"}}],"inLanguage":"de"},{"@type":"Organization","@id":"https:\/\/www.lcingredients.com\/#organization","name":"LC-Zutaten","url":"https:\/\/www.lcingredients.com\/","logo":{"@type":"ImageObject","inLanguage":"de","@id":"https:\/\/www.lcingredients.com\/#\/schema\/logo\/image\/","url":"https:\/\/www.lcingredients.com\/wp-content\/uploads\/2023\/10\/LOGO-LC-INGREDIENTS.png","contentUrl":"https:\/\/www.lcingredients.com\/wp-content\/uploads\/2023\/10\/LOGO-LC-INGREDIENTS.png","width":1280,"height":1060,"caption":"LC Ingredients"},"image":{"@id":"https:\/\/www.lcingredients.com\/#\/schema\/logo\/image\/"},"sameAs":["https:\/\/www.linkedin.com\/company\/lcingredients\/"]}]}},"_links":{"self":[{"href":"https:\/\/www.lcingredients.com\/de\/wp-json\/wp\/v2\/pages\/928","targetHints":{"allow":["GET"]}}],"collection":[{"href":"https:\/\/www.lcingredients.com\/de\/wp-json\/wp\/v2\/pages"}],"about":[{"href":"https:\/\/www.lcingredients.com\/de\/wp-json\/wp\/v2\/types\/page"}],"author":[{"embeddable":true,"href":"https:\/\/www.lcingredients.com\/de\/wp-json\/wp\/v2\/users\/3"}],"replies":[{"embeddable":true,"href":"https:\/\/www.lcingredients.com\/de\/wp-json\/wp\/v2\/comments?post=928"}],"version-history":[{"count":44,"href":"https:\/\/www.lcingredients.com\/de\/wp-json\/wp\/v2\/pages\/928\/revisions"}],"predecessor-version":[{"id":4944,"href":"https:\/\/www.lcingredients.com\/de\/wp-json\/wp\/v2\/pages\/928\/revisions\/4944"}],"wp:attachment":[{"href":"https:\/\/www.lcingredients.com\/de\/wp-json\/wp\/v2\/media?parent=928"}],"curies":[{"name":"wp","href":"https:\/\/api.w.org\/{rel}","templated":true}]}}