{"id":622,"date":"2023-09-25T15:11:28","date_gmt":"2023-09-25T15:11:28","guid":{"rendered":"https:\/\/www.lcingredients.com\/?page_id=622"},"modified":"2025-10-10T15:05:20","modified_gmt":"2025-10-10T15:05:20","slug":"wimpern-augenbrauen","status":"publish","type":"page","link":"https:\/\/www.lcingredients.com\/de\/wimpern-augenbrauen\/","title":{"rendered":"Wimpern und Augenbrauen"},"content":{"rendered":"<div data-elementor-type=\"wp-page\" data-elementor-id=\"622\" class=\"elementor elementor-622\" data-elementor-post-type=\"page\">\n\t\t\t\t\t\t<section class=\"elementor-section elementor-top-section elementor-element elementor-element-f6f12c5 elementor-section-full_width elementor-section-height-default elementor-section-height-default\" data-id=\"f6f12c5\" data-element_type=\"section\" data-e-type=\"section\">\n\t\t\t\t\t\t<div class=\"elementor-container elementor-column-gap-default\">\n\t\t\t\t\t<div class=\"elementor-column elementor-col-100 elementor-top-column elementor-element elementor-element-3c9aa6d\" data-id=\"3c9aa6d\" data-element_type=\"column\" data-e-type=\"column\">\n\t\t\t<div class=\"elementor-widget-wrap elementor-element-populated\">\n\t\t\t\t\t\t<div class=\"elementor-element elementor-element-a4aea2d elementor-widget elementor-widget-image\" data-id=\"a4aea2d\" data-element_type=\"widget\" data-e-type=\"widget\" data-widget_type=\"image.default\">\n\t\t\t\t<div class=\"elementor-widget-container\">\n\t\t\t\t\t\t\t\t\t\t\t\t\t\t\t<img fetchpriority=\"high\" decoding=\"async\" width=\"620\" height=\"413\" src=\"https:\/\/www.lcingredients.com\/wp-content\/uploads\/2025\/09\/cosmetics-eyebrowes-and-eyelashes-macro-plan-girl-with-blue-eye.jpg\" class=\"attachment-large size-large wp-image-3504\" alt=\"Kosmetik Augenbrauen und Wimpern Makro-Plan M\u00e4dchen mit blauen Augen\" srcset=\"https:\/\/www.lcingredients.com\/wp-content\/uploads\/2025\/09\/cosmetics-eyebrowes-and-eyelashes-macro-plan-girl-with-blue-eye.jpg 620w, https:\/\/www.lcingredients.com\/wp-content\/uploads\/2025\/09\/cosmetics-eyebrowes-and-eyelashes-macro-plan-girl-with-blue-eye-300x200.jpg 300w, https:\/\/www.lcingredients.com\/wp-content\/uploads\/2025\/09\/cosmetics-eyebrowes-and-eyelashes-macro-plan-girl-with-blue-eye-18x12.jpg 18w\" sizes=\"(max-width: 620px) 100vw, 620px\" \/>\t\t\t\t\t\t\t\t\t\t\t\t\t\t\t<\/div>\n\t\t\t\t<\/div>\n\t\t\t\t<div class=\"elementor-element elementor-element-00f2d33 elementor-widget elementor-widget-heading\" data-id=\"00f2d33\" data-element_type=\"widget\" data-e-type=\"widget\" data-widget_type=\"heading.default\">\n\t\t\t\t<div class=\"elementor-widget-container\">\n\t\t\t\t\t<h1 class=\"elementor-heading-title elementor-size-default\">UNSERE WIMPERN &amp; AUGENBRAUEN<br>ZUTATEN<\/h1>\t\t\t\t<\/div>\n\t\t\t\t<\/div>\n\t\t\t\t\t<\/div>\n\t\t<\/div>\n\t\t\t\t\t<\/div>\n\t\t<\/section>\n\t\t\t\t<section class=\"elementor-section elementor-top-section elementor-element elementor-element-aaea1d5 elementor-section-boxed elementor-section-height-default elementor-section-height-default\" data-id=\"aaea1d5\" data-element_type=\"section\" data-e-type=\"section\">\n\t\t\t\t\t\t<div class=\"elementor-container elementor-column-gap-default\">\n\t\t\t\t\t<div class=\"elementor-column elementor-col-100 elementor-top-column elementor-element elementor-element-2a695f5\" data-id=\"2a695f5\" data-element_type=\"column\" data-e-type=\"column\">\n\t\t\t<div class=\"elementor-widget-wrap elementor-element-populated\">\n\t\t\t\t\t\t<div class=\"elementor-element elementor-element-4bead59 elementor-widget elementor-widget-heading\" data-id=\"4bead59\" data-element_type=\"widget\" data-e-type=\"widget\" data-widget_type=\"heading.default\">\n\t\t\t\t<div class=\"elementor-widget-container\">\n\t\t\t\t\t<h2 class=\"elementor-heading-title elementor-size-default\">KERATIN F\u00dcR DIE WIMPERN- UND AUGENBRAUENPFLEGE<\/h2>\t\t\t\t<\/div>\n\t\t\t\t<\/div>\n\t\t\t\t<section class=\"elementor-section elementor-inner-section elementor-element elementor-element-7d3d8c3 elementor-section-boxed elementor-section-height-default elementor-section-height-default\" data-id=\"7d3d8c3\" data-element_type=\"section\" data-e-type=\"section\">\n\t\t\t\t\t\t<div class=\"elementor-container elementor-column-gap-default\">\n\t\t\t\t\t<div class=\"elementor-column elementor-col-50 elementor-inner-column elementor-element elementor-element-0896647\" data-id=\"0896647\" data-element_type=\"column\" data-e-type=\"column\">\n\t\t\t<div class=\"elementor-widget-wrap elementor-element-populated\">\n\t\t\t\t\t\t<div class=\"elementor-element elementor-element-79c22a1 elementor-widget elementor-widget-text-editor\" data-id=\"79c22a1\" data-element_type=\"widget\" data-e-type=\"widget\" data-widget_type=\"text-editor.default\">\n\t\t\t\t<div class=\"elementor-widget-container\">\n\t\t\t\t\t\t\t\t\t<p>Keratin ist das wichtigste Strukturprotein, das Haarfasern, einschlie\u00dflich Wimpern und Augenbrauen, Kraft, Flexibilit\u00e4t und Widerstandsf\u00e4higkeit verleiht. Keratin ist reich an essentiellen Aminos\u00e4uren wie Cystein und st\u00e4rkt die nat\u00fcrliche Struktur dieser empfindlichen Haare. Es f\u00f6rdert Dichte, Glanz und Bruchfestigkeit.\u00a0<br \/><!--EndFragment --><\/p>\t\t\t\t\t\t\t\t<\/div>\n\t\t\t\t<\/div>\n\t\t\t\t\t<\/div>\n\t\t<\/div>\n\t\t\t\t<div class=\"elementor-column elementor-col-50 elementor-inner-column elementor-element elementor-element-ad0ed9b\" data-id=\"ad0ed9b\" data-element_type=\"column\" data-e-type=\"column\">\n\t\t\t<div class=\"elementor-widget-wrap elementor-element-populated\">\n\t\t\t\t\t\t<div class=\"elementor-element elementor-element-e5e9ee6 elementor-widget elementor-widget-text-editor\" data-id=\"e5e9ee6\" data-element_type=\"widget\" data-e-type=\"widget\" data-widget_type=\"text-editor.default\">\n\t\t\t\t<div class=\"elementor-widget-container\">\n\t\t\t\t\t\t\t\t\t<p>Als bioaktiver Inhaltsstoff unterst\u00fctzt Keratin die Sch\u00f6nheit von innen, indem es die Follikel n\u00e4hrt und das Gesamtbild von Wimpern und Augenbrauen verbessert. Unser Portfolio umfasst eine bew\u00e4hrte L\u00f6sung:<\/p>\n<p><strong>Cynatine\u00ae TOP<\/strong>, eine hoch bioverf\u00fcgbare Form von Keratin, die in Kosmetikformeln verwendet werden kann.<\/p>\t\t\t\t\t\t\t\t<\/div>\n\t\t\t\t<\/div>\n\t\t\t\t\t<\/div>\n\t\t<\/div>\n\t\t\t\t\t<\/div>\n\t\t<\/section>\n\t\t\t\t\t<\/div>\n\t\t<\/div>\n\t\t\t\t\t<\/div>\n\t\t<\/section>\n\t\t\t\t<section class=\"elementor-section elementor-top-section elementor-element elementor-element-41d8769 elementor-section-boxed elementor-section-height-default elementor-section-height-default\" data-id=\"41d8769\" data-element_type=\"section\" data-e-type=\"section\">\n\t\t\t\t\t\t<div class=\"elementor-container elementor-column-gap-default\">\n\t\t\t\t\t<div class=\"elementor-column elementor-col-50 elementor-top-column elementor-element elementor-element-043b528\" data-id=\"043b528\" data-element_type=\"column\" data-e-type=\"column\" data-settings=\"{&quot;background_background&quot;:&quot;classic&quot;}\">\n\t\t\t<div class=\"elementor-widget-wrap elementor-element-populated\">\n\t\t\t\t\t\t<div class=\"elementor-element elementor-element-cb61231 elementor-widget elementor-widget-heading\" data-id=\"cb61231\" data-element_type=\"widget\" data-e-type=\"widget\" data-widget_type=\"heading.default\">\n\t\t\t\t<div class=\"elementor-widget-container\">\n\t\t\t\t\t<h2 class=\"elementor-heading-title elementor-size-default\">CYNATINE\u00ae TOP<\/h2>\t\t\t\t<\/div>\n\t\t\t\t<\/div>\n\t\t\t\t<div class=\"elementor-element elementor-element-b0a120f elementor-widget elementor-widget-text-editor\" data-id=\"b0a120f\" data-element_type=\"widget\" data-e-type=\"widget\" data-widget_type=\"text-editor.default\">\n\t\t\t\t<div class=\"elementor-widget-container\">\n\t\t\t\t\t\t\t\t\t<p><strong>Cynatine\u00ae TOP<\/strong>\u00a0ist ein\u00a0<strong>hydrolysiertes Keratin<\/strong>\u00a0f\u00fcr kosmetische Zwecke,\u00a0<strong><a href=\"https:\/\/www.ecocert.com\/fr-FR\/certification\/cosmetiques-biologiques-ou-naturels-cosmos\">KOSMOS<\/a>\u00a0<\/strong>genehmigt<b>.<\/b><\/p><p>Die Wirksamkeit dieses Inhaltsstoffs wurde klinisch getestet, wobei die Dosierung bei 0,51 TP3T beginnt\u00a0<strong>Glanz und Glanz verbessern<\/strong>\u00a0Wimpern und Augenbrauen st\u00e4rken die<strong>\u00a0Struktur<\/strong>\u00a0und das\u00a0<strong>Eiwei\u00dfgehalt<\/strong>\u00a0von diesen.<\/p>\t\t\t\t\t\t\t\t<\/div>\n\t\t\t\t<\/div>\n\t\t\t\t<div class=\"elementor-element elementor-element-3873c28 elementor-button-info elementor-align-center elementor-widget elementor-widget-button\" data-id=\"3873c28\" data-element_type=\"widget\" data-e-type=\"widget\" data-widget_type=\"button.default\">\n\t\t\t\t<div class=\"elementor-widget-container\">\n\t\t\t\t\t\t\t\t\t<div class=\"elementor-button-wrapper\">\n\t\t\t\t\t<a class=\"elementor-button elementor-button-link elementor-size-sm\" href=\"https:\/\/www.lcingredients.com\/de\/kosmetisches-cynatin-deckhaar\/\">\n\t\t\t\t\t\t<span class=\"elementor-button-content-wrapper\">\n\t\t\t\t\t\t\t\t\t<span class=\"elementor-button-text\">Mehr anzeigen<\/span>\n\t\t\t\t\t<\/span>\n\t\t\t\t\t<\/a>\n\t\t\t\t<\/div>\n\t\t\t\t\t\t\t\t<\/div>\n\t\t\t\t<\/div>\n\t\t\t\t\t<\/div>\n\t\t<\/div>\n\t\t\t\t<div class=\"elementor-column elementor-col-50 elementor-top-column elementor-element elementor-element-7d2153e\" data-id=\"7d2153e\" data-element_type=\"column\" data-e-type=\"column\" data-settings=\"{&quot;background_background&quot;:&quot;classic&quot;}\">\n\t\t\t<div class=\"elementor-widget-wrap elementor-element-populated\">\n\t\t\t\t\t\t<div class=\"elementor-element elementor-element-6a5ce65 elementor-widget elementor-widget-spacer\" data-id=\"6a5ce65\" data-element_type=\"widget\" data-e-type=\"widget\" data-widget_type=\"spacer.default\">\n\t\t\t\t<div class=\"elementor-widget-container\">\n\t\t\t\t\t\t\t<div class=\"elementor-spacer\">\n\t\t\t<div class=\"elementor-spacer-inner\"><\/div>\n\t\t<\/div>\n\t\t\t\t\t\t<\/div>\n\t\t\t\t<\/div>\n\t\t\t\t<div class=\"elementor-element elementor-element-8bce92b elementor-widget-laptop__width-initial elementor-widget elementor-widget-image\" data-id=\"8bce92b\" data-element_type=\"widget\" data-e-type=\"widget\" data-widget_type=\"image.default\">\n\t\t\t\t<div class=\"elementor-widget-container\">\n\t\t\t\t\t\t\t\t\t\t\t\t\t\t\t<img decoding=\"async\" width=\"800\" height=\"213\" src=\"https:\/\/www.lcingredients.com\/wp-content\/uploads\/2023\/09\/CYNATINE-TOP-LOGO-1024x272.png\" class=\"attachment-large size-large wp-image-624\" alt=\"\" srcset=\"https:\/\/www.lcingredients.com\/wp-content\/uploads\/2023\/09\/CYNATINE-TOP-LOGO-1024x272.png 1024w, https:\/\/www.lcingredients.com\/wp-content\/uploads\/2023\/09\/CYNATINE-TOP-LOGO-300x80.png 300w, https:\/\/www.lcingredients.com\/wp-content\/uploads\/2023\/09\/CYNATINE-TOP-LOGO-768x204.png 768w, https:\/\/www.lcingredients.com\/wp-content\/uploads\/2023\/09\/CYNATINE-TOP-LOGO-1536x408.png 1536w, https:\/\/www.lcingredients.com\/wp-content\/uploads\/2023\/09\/CYNATINE-TOP-LOGO-1320x351.png 1320w, https:\/\/www.lcingredients.com\/wp-content\/uploads\/2023\/09\/CYNATINE-TOP-LOGO.png 1600w\" sizes=\"(max-width: 800px) 100vw, 800px\" \/>\t\t\t\t\t\t\t\t\t\t\t\t\t\t\t<\/div>\n\t\t\t\t<\/div>\n\t\t\t\t\t<\/div>\n\t\t<\/div>\n\t\t\t\t\t<\/div>\n\t\t<\/section>\n\t\t\t\t<section class=\"elementor-section elementor-top-section elementor-element elementor-element-88fd831 elementor-section-boxed elementor-section-height-default elementor-section-height-default\" data-id=\"88fd831\" data-element_type=\"section\" data-e-type=\"section\">\n\t\t\t\t\t\t<div class=\"elementor-container elementor-column-gap-default\">\n\t\t\t\t\t<div class=\"elementor-column elementor-col-100 elementor-top-column elementor-element elementor-element-f47f1c0\" data-id=\"f47f1c0\" data-element_type=\"column\" data-e-type=\"column\">\n\t\t\t<div class=\"elementor-widget-wrap elementor-element-populated\">\n\t\t\t\t\t\t<div class=\"elementor-element elementor-element-f11d44e elementor-widget elementor-widget-spacer\" data-id=\"f11d44e\" data-element_type=\"widget\" data-e-type=\"widget\" data-widget_type=\"spacer.default\">\n\t\t\t\t<div class=\"elementor-widget-container\">\n\t\t\t\t\t\t\t<div class=\"elementor-spacer\">\n\t\t\t<div class=\"elementor-spacer-inner\"><\/div>\n\t\t<\/div>\n\t\t\t\t\t\t<\/div>\n\t\t\t\t<\/div>\n\t\t\t\t\t<\/div>\n\t\t<\/div>\n\t\t\t\t\t<\/div>\n\t\t<\/section>\n\t\t\t\t<\/div>","protected":false},"excerpt":{"rendered":"<p>UNSERE INHALTSSTOFFE F\u00dcR WIMPERN UND AUGENBRAUEN KERATIN F\u00dcR DIE PFLEGE VON WIMPERN UND AUGENBRAUEN Keratin ist das wichtigste Strukturprotein, das den Haarfasern, einschlie\u00dflich denen der Wimpern und Augenbrauen, St\u00e4rke, Flexibilit\u00e4t und Widerstandsf\u00e4higkeit verleiht. Keratin ist reich an essentiellen Aminos\u00e4uren wie Cystein und tr\u00e4gt dazu bei, die nat\u00fcrliche Struktur dieser zarten H\u00e4rchen zu st\u00e4rken und f\u00f6rdert Dichte, Glanz und Widerstandsf\u00e4higkeit gegen [\u2026]<\/p>","protected":false},"author":3,"featured_media":1344,"parent":0,"menu_order":0,"comment_status":"closed","ping_status":"closed","template":"","meta":{"_eb_attr":"","footnotes":""},"class_list":["post-622","page","type-page","status-publish","has-post-thumbnail","hentry"],"yoast_head":"<!-- This site is optimized with the Yoast SEO plugin v26.7 - https:\/\/yoast.com\/wordpress\/plugins\/seo\/ -->\n<title>Eyelashes &amp; Eyebrows - LC Ingredients<\/title>\n<meta name=\"description\" content=\"Discover our cosmetics ingredients. Certified by COSMO. Create your own serum or gel with our ingredients.\" \/>\n<meta name=\"robots\" content=\"index, follow, max-snippet:-1, max-image-preview:large, max-video-preview:-1\" \/>\n<link rel=\"canonical\" href=\"https:\/\/www.lcingredients.com\/de\/wimpern-augenbrauen\/\" \/>\n<meta property=\"og:locale\" content=\"de_DE\" \/>\n<meta property=\"og:type\" content=\"article\" \/>\n<meta property=\"og:title\" content=\"Eyelashes &amp; Eyebrows - LC Ingredients\" \/>\n<meta property=\"og:description\" content=\"Discover our cosmetics ingredients. Certified by COSMO. Create your own serum or gel with our ingredients.\" \/>\n<meta property=\"og:url\" content=\"https:\/\/www.lcingredients.com\/de\/wimpern-augenbrauen\/\" \/>\n<meta property=\"og:site_name\" content=\"LC Ingredients\" \/>\n<meta property=\"article:modified_time\" content=\"2025-10-10T15:05:20+00:00\" \/>\n<meta property=\"og:image\" content=\"https:\/\/www.lcingredients.com\/wp-content\/uploads\/2023\/10\/3363463.jpg\" \/>\n\t<meta property=\"og:image:width\" content=\"720\" \/>\n\t<meta property=\"og:image:height\" content=\"720\" \/>\n\t<meta property=\"og:image:type\" content=\"image\/jpeg\" \/>\n<meta name=\"twitter:card\" content=\"summary_large_image\" \/>\n<meta name=\"twitter:label1\" content=\"Gesch\u00e4tzte Lesezeit\" \/>\n\t<meta name=\"twitter:data1\" content=\"1 Minute\" \/>\n<script type=\"application\/ld+json\" class=\"yoast-schema-graph\">{\"@context\":\"https:\/\/schema.org\",\"@graph\":[{\"@type\":\"WebPage\",\"@id\":\"https:\/\/www.lcingredients.com\/eyelashes-eyebrows\/\",\"url\":\"https:\/\/www.lcingredients.com\/eyelashes-eyebrows\/\",\"name\":\"Eyelashes & Eyebrows - LC Ingredients\",\"isPartOf\":{\"@id\":\"https:\/\/www.lcingredients.com\/#website\"},\"primaryImageOfPage\":{\"@id\":\"https:\/\/www.lcingredients.com\/eyelashes-eyebrows\/#primaryimage\"},\"image\":{\"@id\":\"https:\/\/www.lcingredients.com\/eyelashes-eyebrows\/#primaryimage\"},\"thumbnailUrl\":\"https:\/\/www.lcingredients.com\/wp-content\/uploads\/2023\/10\/3363463.jpg\",\"datePublished\":\"2023-09-25T15:11:28+00:00\",\"dateModified\":\"2025-10-10T15:05:20+00:00\",\"description\":\"Discover our cosmetics ingredients. Certified by COSMO. Create your own serum or gel with our ingredients.\",\"breadcrumb\":{\"@id\":\"https:\/\/www.lcingredients.com\/eyelashes-eyebrows\/#breadcrumb\"},\"inLanguage\":\"de\",\"potentialAction\":[{\"@type\":\"ReadAction\",\"target\":[\"https:\/\/www.lcingredients.com\/eyelashes-eyebrows\/\"]}]},{\"@type\":\"ImageObject\",\"inLanguage\":\"de\",\"@id\":\"https:\/\/www.lcingredients.com\/eyelashes-eyebrows\/#primaryimage\",\"url\":\"https:\/\/www.lcingredients.com\/wp-content\/uploads\/2023\/10\/3363463.jpg\",\"contentUrl\":\"https:\/\/www.lcingredients.com\/wp-content\/uploads\/2023\/10\/3363463.jpg\",\"width\":720,\"height\":720},{\"@type\":\"BreadcrumbList\",\"@id\":\"https:\/\/www.lcingredients.com\/eyelashes-eyebrows\/#breadcrumb\",\"itemListElement\":[{\"@type\":\"ListItem\",\"position\":1,\"name\":\"Home\",\"item\":\"https:\/\/www.lcingredients.com\/\"},{\"@type\":\"ListItem\",\"position\":2,\"name\":\"Eyelashes &#038; Eyebrows\"}]},{\"@type\":\"WebSite\",\"@id\":\"https:\/\/www.lcingredients.com\/#website\",\"url\":\"https:\/\/www.lcingredients.com\/\",\"name\":\"LC Ingredients\",\"description\":\"Discover high-quality ingredients for your food supplements and cosmetics formulations.\",\"publisher\":{\"@id\":\"https:\/\/www.lcingredients.com\/#organization\"},\"potentialAction\":[{\"@type\":\"SearchAction\",\"target\":{\"@type\":\"EntryPoint\",\"urlTemplate\":\"https:\/\/www.lcingredients.com\/?s={search_term_string}\"},\"query-input\":{\"@type\":\"PropertyValueSpecification\",\"valueRequired\":true,\"valueName\":\"search_term_string\"}}],\"inLanguage\":\"de\"},{\"@type\":\"Organization\",\"@id\":\"https:\/\/www.lcingredients.com\/#organization\",\"name\":\"LC Ingredients\",\"url\":\"https:\/\/www.lcingredients.com\/\",\"logo\":{\"@type\":\"ImageObject\",\"inLanguage\":\"de\",\"@id\":\"https:\/\/www.lcingredients.com\/#\/schema\/logo\/image\/\",\"url\":\"https:\/\/www.lcingredients.com\/wp-content\/uploads\/2023\/10\/LOGO-LC-INGREDIENTS.png\",\"contentUrl\":\"https:\/\/www.lcingredients.com\/wp-content\/uploads\/2023\/10\/LOGO-LC-INGREDIENTS.png\",\"width\":1280,\"height\":1060,\"caption\":\"LC Ingredients\"},\"image\":{\"@id\":\"https:\/\/www.lcingredients.com\/#\/schema\/logo\/image\/\"},\"sameAs\":[\"https:\/\/www.linkedin.com\/company\/lcingredients\/\"]}]}<\/script>\n<!-- \/ Yoast SEO plugin. -->","yoast_head_json":{"title":"Wimpern und Augenbrauen \u2013 LC Ingredients","description":"Entdecken Sie unsere Kosmetikinhaltsstoffe. Zertifiziert von COSMO. Kreieren Sie mit unseren Zutaten Ihr eigenes Serum oder Gel.","robots":{"index":"index","follow":"follow","max-snippet":"max-snippet:-1","max-image-preview":"max-image-preview:large","max-video-preview":"max-video-preview:-1"},"canonical":"https:\/\/www.lcingredients.com\/de\/wimpern-augenbrauen\/","og_locale":"de_DE","og_type":"article","og_title":"Eyelashes & Eyebrows - LC Ingredients","og_description":"Discover our cosmetics ingredients. Certified by COSMO. Create your own serum or gel with our ingredients.","og_url":"https:\/\/www.lcingredients.com\/de\/wimpern-augenbrauen\/","og_site_name":"LC Ingredients","article_modified_time":"2025-10-10T15:05:20+00:00","og_image":[{"width":720,"height":720,"url":"https:\/\/www.lcingredients.com\/wp-content\/uploads\/2023\/10\/3363463.jpg","type":"image\/jpeg"}],"twitter_card":"summary_large_image","twitter_misc":{"Gesch\u00e4tzte Lesezeit":"1 Minute"},"schema":{"@context":"https:\/\/schema.org","@graph":[{"@type":"WebPage","@id":"https:\/\/www.lcingredients.com\/eyelashes-eyebrows\/","url":"https:\/\/www.lcingredients.com\/eyelashes-eyebrows\/","name":"Wimpern und Augenbrauen \u2013 LC Ingredients","isPartOf":{"@id":"https:\/\/www.lcingredients.com\/#website"},"primaryImageOfPage":{"@id":"https:\/\/www.lcingredients.com\/eyelashes-eyebrows\/#primaryimage"},"image":{"@id":"https:\/\/www.lcingredients.com\/eyelashes-eyebrows\/#primaryimage"},"thumbnailUrl":"https:\/\/www.lcingredients.com\/wp-content\/uploads\/2023\/10\/3363463.jpg","datePublished":"2023-09-25T15:11:28+00:00","dateModified":"2025-10-10T15:05:20+00:00","description":"Entdecken Sie unsere Kosmetikinhaltsstoffe. Zertifiziert von COSMO. Kreieren Sie mit unseren Zutaten Ihr eigenes Serum oder Gel.","breadcrumb":{"@id":"https:\/\/www.lcingredients.com\/eyelashes-eyebrows\/#breadcrumb"},"inLanguage":"de","potentialAction":[{"@type":"ReadAction","target":["https:\/\/www.lcingredients.com\/eyelashes-eyebrows\/"]}]},{"@type":"ImageObject","inLanguage":"de","@id":"https:\/\/www.lcingredients.com\/eyelashes-eyebrows\/#primaryimage","url":"https:\/\/www.lcingredients.com\/wp-content\/uploads\/2023\/10\/3363463.jpg","contentUrl":"https:\/\/www.lcingredients.com\/wp-content\/uploads\/2023\/10\/3363463.jpg","width":720,"height":720},{"@type":"BreadcrumbList","@id":"https:\/\/www.lcingredients.com\/eyelashes-eyebrows\/#breadcrumb","itemListElement":[{"@type":"ListItem","position":1,"name":"Home","item":"https:\/\/www.lcingredients.com\/"},{"@type":"ListItem","position":2,"name":"Eyelashes &#038; Eyebrows"}]},{"@type":"WebSite","@id":"https:\/\/www.lcingredients.com\/#website","url":"https:\/\/www.lcingredients.com\/","name":"LC-Zutaten","description":"Entdecken Sie hochwertige Inhaltsstoffe f\u00fcr Ihre Nahrungserg\u00e4nzungsmittel und Kosmetikformulierungen.","publisher":{"@id":"https:\/\/www.lcingredients.com\/#organization"},"potentialAction":[{"@type":"SearchAction","target":{"@type":"EntryPoint","urlTemplate":"https:\/\/www.lcingredients.com\/?s={search_term_string}"},"query-input":{"@type":"PropertyValueSpecification","valueRequired":true,"valueName":"search_term_string"}}],"inLanguage":"de"},{"@type":"Organization","@id":"https:\/\/www.lcingredients.com\/#organization","name":"LC-Zutaten","url":"https:\/\/www.lcingredients.com\/","logo":{"@type":"ImageObject","inLanguage":"de","@id":"https:\/\/www.lcingredients.com\/#\/schema\/logo\/image\/","url":"https:\/\/www.lcingredients.com\/wp-content\/uploads\/2023\/10\/LOGO-LC-INGREDIENTS.png","contentUrl":"https:\/\/www.lcingredients.com\/wp-content\/uploads\/2023\/10\/LOGO-LC-INGREDIENTS.png","width":1280,"height":1060,"caption":"LC Ingredients"},"image":{"@id":"https:\/\/www.lcingredients.com\/#\/schema\/logo\/image\/"},"sameAs":["https:\/\/www.linkedin.com\/company\/lcingredients\/"]}]}},"_links":{"self":[{"href":"https:\/\/www.lcingredients.com\/de\/wp-json\/wp\/v2\/pages\/622","targetHints":{"allow":["GET"]}}],"collection":[{"href":"https:\/\/www.lcingredients.com\/de\/wp-json\/wp\/v2\/pages"}],"about":[{"href":"https:\/\/www.lcingredients.com\/de\/wp-json\/wp\/v2\/types\/page"}],"author":[{"embeddable":true,"href":"https:\/\/www.lcingredients.com\/de\/wp-json\/wp\/v2\/users\/3"}],"replies":[{"embeddable":true,"href":"https:\/\/www.lcingredients.com\/de\/wp-json\/wp\/v2\/comments?post=622"}],"version-history":[{"count":20,"href":"https:\/\/www.lcingredients.com\/de\/wp-json\/wp\/v2\/pages\/622\/revisions"}],"predecessor-version":[{"id":4978,"href":"https:\/\/www.lcingredients.com\/de\/wp-json\/wp\/v2\/pages\/622\/revisions\/4978"}],"wp:featuredmedia":[{"embeddable":true,"href":"https:\/\/www.lcingredients.com\/de\/wp-json\/wp\/v2\/media\/1344"}],"wp:attachment":[{"href":"https:\/\/www.lcingredients.com\/de\/wp-json\/wp\/v2\/media?parent=622"}],"curies":[{"name":"wp","href":"https:\/\/api.w.org\/{rel}","templated":true}]}}