{"id":608,"date":"2023-09-25T14:28:33","date_gmt":"2023-09-25T14:28:33","guid":{"rendered":"https:\/\/www.lcingredients.com\/?page_id=608"},"modified":"2025-10-10T16:40:12","modified_gmt":"2025-10-10T16:40:12","slug":"braunende-kosmetische-inhaltsstoffe","status":"publish","type":"page","link":"https:\/\/www.lcingredients.com\/de\/braunende-kosmetische-inhaltsstoffe\/","title":{"rendered":"Br\u00e4unungskosmetik"},"content":{"rendered":"<div data-elementor-type=\"wp-page\" data-elementor-id=\"608\" class=\"elementor elementor-608\" data-elementor-post-type=\"page\">\n\t\t\t\t\t\t<section class=\"elementor-section elementor-top-section elementor-element elementor-element-c128987 elementor-section-full_width elementor-section-height-default elementor-section-height-default\" data-id=\"c128987\" data-element_type=\"section\" data-e-type=\"section\">\n\t\t\t\t\t\t<div class=\"elementor-container elementor-column-gap-default\">\n\t\t\t\t\t<div class=\"elementor-column elementor-col-100 elementor-top-column elementor-element elementor-element-03236ee\" data-id=\"03236ee\" data-element_type=\"column\" data-e-type=\"column\">\n\t\t\t<div class=\"elementor-widget-wrap elementor-element-populated\">\n\t\t\t\t\t\t<div class=\"elementor-element elementor-element-228039c elementor-widget elementor-widget-image\" data-id=\"228039c\" data-element_type=\"widget\" data-e-type=\"widget\" data-widget_type=\"image.default\">\n\t\t\t\t<div class=\"elementor-widget-container\">\n\t\t\t\t\t\t\t\t\t\t\t\t\t\t\t<img fetchpriority=\"high\" decoding=\"async\" width=\"800\" height=\"1000\" src=\"https:\/\/www.lcingredients.com\/wp-content\/uploads\/2024\/05\/choisir-creme-solaire-filtre-chimique-mineral-scaled-1.jpg\" class=\"attachment-large size-large wp-image-2223\" alt=\"\" \/>\t\t\t\t\t\t\t\t\t\t\t\t\t\t\t<\/div>\n\t\t\t\t<\/div>\n\t\t\t\t<div class=\"elementor-element elementor-element-93bf336 elementor-widget elementor-widget-heading\" data-id=\"93bf336\" data-element_type=\"widget\" data-e-type=\"widget\" data-widget_type=\"heading.default\">\n\t\t\t\t<div class=\"elementor-widget-container\">\n\t\t\t\t\t<h1 class=\"elementor-heading-title elementor-size-default\">UNSERE BR\u00c4UNUNGSINHALTSSTOFFE<\/h1>\t\t\t\t<\/div>\n\t\t\t\t<\/div>\n\t\t\t\t\t<\/div>\n\t\t<\/div>\n\t\t\t\t\t<\/div>\n\t\t<\/section>\n\t\t\t\t<section class=\"elementor-section elementor-top-section elementor-element elementor-element-030f696 elementor-section-boxed elementor-section-height-default elementor-section-height-default\" data-id=\"030f696\" data-element_type=\"section\" data-e-type=\"section\">\n\t\t\t\t\t\t<div class=\"elementor-container elementor-column-gap-default\">\n\t\t\t\t\t<div class=\"elementor-column elementor-col-100 elementor-top-column elementor-element elementor-element-03e7204\" data-id=\"03e7204\" data-element_type=\"column\" data-e-type=\"column\">\n\t\t\t<div class=\"elementor-widget-wrap elementor-element-populated\">\n\t\t\t\t\t\t<div class=\"elementor-element elementor-element-9e0ba33 elementor-widget elementor-widget-heading\" data-id=\"9e0ba33\" data-element_type=\"widget\" data-e-type=\"widget\" data-widget_type=\"heading.default\">\n\t\t\t\t<div class=\"elementor-widget-container\">\n\t\t\t\t\t<h1 class=\"elementor-heading-title elementor-size-default\">NAT\u00dcRLICHER GLANZ MIT BR\u00c4UNUNGSWIRKSTOFFEN<\/h1>\t\t\t\t<\/div>\n\t\t\t\t<\/div>\n\t\t\t\t<section class=\"elementor-section elementor-inner-section elementor-element elementor-element-30af495 elementor-section-boxed elementor-section-height-default elementor-section-height-default\" data-id=\"30af495\" data-element_type=\"section\" data-e-type=\"section\">\n\t\t\t\t\t\t<div class=\"elementor-container elementor-column-gap-default\">\n\t\t\t\t\t<div class=\"elementor-column elementor-col-50 elementor-inner-column elementor-element elementor-element-c9a8b4c\" data-id=\"c9a8b4c\" data-element_type=\"column\" data-e-type=\"column\">\n\t\t\t<div class=\"elementor-widget-wrap elementor-element-populated\">\n\t\t\t\t\t\t<div class=\"elementor-element elementor-element-060753f elementor-widget elementor-widget-text-editor\" data-id=\"060753f\" data-element_type=\"widget\" data-e-type=\"widget\" data-widget_type=\"text-editor.default\">\n\t\t\t\t<div class=\"elementor-widget-container\">\n\t\t\t\t\t\t\t\t\t<p>Die Inhaltsstoffe topischer Br\u00e4unungsmittel sollen die Melaninproduktion anregen oder ihre Wirkung nachahmen und so zu einem nat\u00fcrlichen, sonnengebr\u00e4unten Teint ohne UV-Belastung beitragen.\u00a0<\/p>\t\t\t\t\t\t\t\t<\/div>\n\t\t\t\t<\/div>\n\t\t\t\t\t<\/div>\n\t\t<\/div>\n\t\t\t\t<div class=\"elementor-column elementor-col-50 elementor-inner-column elementor-element elementor-element-de6d482\" data-id=\"de6d482\" data-element_type=\"column\" data-e-type=\"column\">\n\t\t\t<div class=\"elementor-widget-wrap elementor-element-populated\">\n\t\t\t\t\t\t<div class=\"elementor-element elementor-element-5e25b30 elementor-widget elementor-widget-text-editor\" data-id=\"5e25b30\" data-element_type=\"widget\" data-e-type=\"widget\" data-widget_type=\"text-editor.default\">\n\t\t\t\t<div class=\"elementor-widget-container\">\n\t\t\t\t\t\t\t\t\t<p>Diese Wirkstoffe wirken synergetisch mit der Biologie der Haut, um einen gleichm\u00e4\u00dfigen Teint zu f\u00f6rdern, die Ausstrahlung zu verbessern und die Hautgesundheit zu unterst\u00fctzen. Br\u00e4unungsbestandteile eignen sich ideal f\u00fcr Gesichts- und K\u00f6rperpflegeprodukte und bieten eine sichere und effektive M\u00f6glichkeit, den Glanz zu verst\u00e4rken und gleichzeitig das nat\u00fcrliche Gleichgewicht der Haut zu bewahren.<\/p>\t\t\t\t\t\t\t\t<\/div>\n\t\t\t\t<\/div>\n\t\t\t\t\t<\/div>\n\t\t<\/div>\n\t\t\t\t\t<\/div>\n\t\t<\/section>\n\t\t\t\t\t<\/div>\n\t\t<\/div>\n\t\t\t\t\t<\/div>\n\t\t<\/section>\n\t\t\t\t<section class=\"elementor-section elementor-top-section elementor-element elementor-element-77e82f0 elementor-section-boxed elementor-section-height-default elementor-section-height-default\" data-id=\"77e82f0\" data-element_type=\"section\" data-e-type=\"section\">\n\t\t\t\t\t\t<div class=\"elementor-container elementor-column-gap-default\">\n\t\t\t\t\t<div class=\"elementor-column elementor-col-50 elementor-top-column elementor-element elementor-element-9d73f08\" data-id=\"9d73f08\" data-element_type=\"column\" data-e-type=\"column\" data-settings=\"{&quot;background_background&quot;:&quot;classic&quot;}\">\n\t\t\t<div class=\"elementor-widget-wrap elementor-element-populated\">\n\t\t\t\t\t\t<div class=\"elementor-element elementor-element-b83fb8a elementor-widget elementor-widget-spacer\" data-id=\"b83fb8a\" data-element_type=\"widget\" data-e-type=\"widget\" data-widget_type=\"spacer.default\">\n\t\t\t\t<div class=\"elementor-widget-container\">\n\t\t\t\t\t\t\t<div class=\"elementor-spacer\">\n\t\t\t<div class=\"elementor-spacer-inner\"><\/div>\n\t\t<\/div>\n\t\t\t\t\t\t<\/div>\n\t\t\t\t<\/div>\n\t\t\t\t<div class=\"elementor-element elementor-element-e0024c4 elementor-widget elementor-widget-image\" data-id=\"e0024c4\" data-element_type=\"widget\" data-e-type=\"widget\" data-widget_type=\"image.default\">\n\t\t\t\t<div class=\"elementor-widget-container\">\n\t\t\t\t\t\t\t\t\t\t\t\t\t\t\t\t<a href=\"https:\/\/www.lcingredients.com\/de\/oberteil-aus-melaline\/\">\n\t\t\t\t\t\t\t<img decoding=\"async\" width=\"800\" height=\"480\" src=\"https:\/\/www.lcingredients.com\/wp-content\/uploads\/2023\/09\/Melaline-TOP.png\" class=\"attachment-large size-large wp-image-610\" alt=\"\" srcset=\"https:\/\/www.lcingredients.com\/wp-content\/uploads\/2023\/09\/Melaline-TOP.png 800w, https:\/\/www.lcingredients.com\/wp-content\/uploads\/2023\/09\/Melaline-TOP-300x180.png 300w, https:\/\/www.lcingredients.com\/wp-content\/uploads\/2023\/09\/Melaline-TOP-768x461.png 768w\" sizes=\"(max-width: 800px) 100vw, 800px\" \/>\t\t\t\t\t\t\t\t<\/a>\n\t\t\t\t\t\t\t\t\t\t\t\t\t\t\t<\/div>\n\t\t\t\t<\/div>\n\t\t\t\t\t<\/div>\n\t\t<\/div>\n\t\t\t\t<div class=\"elementor-column elementor-col-50 elementor-top-column elementor-element elementor-element-e0d4212\" data-id=\"e0d4212\" data-element_type=\"column\" data-e-type=\"column\" data-settings=\"{&quot;background_background&quot;:&quot;classic&quot;}\">\n\t\t\t<div class=\"elementor-widget-wrap elementor-element-populated\">\n\t\t\t\t\t\t<div class=\"elementor-element elementor-element-04d97a5 elementor-widget elementor-widget-heading\" data-id=\"04d97a5\" data-element_type=\"widget\" data-e-type=\"widget\" data-widget_type=\"heading.default\">\n\t\t\t\t<div class=\"elementor-widget-container\">\n\t\t\t\t\t<h2 class=\"elementor-heading-title elementor-size-default\">MELALINE\u00ae TOP<\/h2>\t\t\t\t<\/div>\n\t\t\t\t<\/div>\n\t\t\t\t<div class=\"elementor-element elementor-element-71ce372 elementor-widget elementor-widget-text-editor\" data-id=\"71ce372\" data-element_type=\"widget\" data-e-type=\"widget\" data-widget_type=\"text-editor.default\">\n\t\t\t\t<div class=\"elementor-widget-container\">\n\t\t\t\t\t\t\t\t\t<p><strong>Melaline\u00ae TOP<\/strong> ist ein hydrolysiertes dunkles Keratin f\u00fcr kosmetische Zwecke,\u00a0<a href=\"https:\/\/www.ecocert.com\/fr-FR\/certification\/cosmetiques-biologiques-ou-naturels-cosmos\">KOSMOS<\/a>\u00a0genehmigt.\u00a0<\/p><p>Tats\u00e4chlich ist es ein nat\u00fcrlicher Anti-Aging-Br\u00e4unungsschutz.<\/p><p><strong>Melaline\u00ae TOP<\/strong> dringt in die Epidermis ein und bietet kurz- und langfristigen Schutz: Erh\u00f6hung des Melaningehalts und Stimulierung der Melanogenese nach Einwirkung von UV-Strahlen.<\/p><p>Es hat viele Vorteile, wie zum Beispiel eine antioxidative Wirkung, aber auch eine entz\u00fcndungshemmende Wirkung bei Einwirkung von UV-Strahlen.\u00a0<\/p><p>Zus\u00e4tzlich, <strong>Melaline\u00ae TOP<\/strong> Verbessert und sublimiert die Br\u00e4une erheblich<\/p>\t\t\t\t\t\t\t\t<\/div>\n\t\t\t\t<\/div>\n\t\t\t\t<div class=\"elementor-element elementor-element-2d577ab elementor-button-info elementor-align-center elementor-widget elementor-widget-button\" data-id=\"2d577ab\" data-element_type=\"widget\" data-e-type=\"widget\" data-widget_type=\"button.default\">\n\t\t\t\t<div class=\"elementor-widget-container\">\n\t\t\t\t\t\t\t\t\t<div class=\"elementor-button-wrapper\">\n\t\t\t\t\t<a class=\"elementor-button elementor-button-link elementor-size-sm\" href=\"https:\/\/www.lcingredients.com\/de\/oberteil-aus-melaline\/\">\n\t\t\t\t\t\t<span class=\"elementor-button-content-wrapper\">\n\t\t\t\t\t\t\t\t\t<span class=\"elementor-button-text\">Mehr anzeigen<\/span>\n\t\t\t\t\t<\/span>\n\t\t\t\t\t<\/a>\n\t\t\t\t<\/div>\n\t\t\t\t\t\t\t\t<\/div>\n\t\t\t\t<\/div>\n\t\t\t\t\t<\/div>\n\t\t<\/div>\n\t\t\t\t\t<\/div>\n\t\t<\/section>\n\t\t\t\t<section class=\"elementor-section elementor-top-section elementor-element elementor-element-71ea015 elementor-section-boxed elementor-section-height-default elementor-section-height-default\" data-id=\"71ea015\" data-element_type=\"section\" data-e-type=\"section\">\n\t\t\t\t\t\t<div class=\"elementor-container elementor-column-gap-default\">\n\t\t\t\t\t<div class=\"elementor-column elementor-col-100 elementor-top-column elementor-element elementor-element-ee0affe\" data-id=\"ee0affe\" data-element_type=\"column\" data-e-type=\"column\">\n\t\t\t<div class=\"elementor-widget-wrap elementor-element-populated\">\n\t\t\t\t\t\t<div class=\"elementor-element elementor-element-203e462 elementor-widget elementor-widget-spacer\" data-id=\"203e462\" data-element_type=\"widget\" data-e-type=\"widget\" data-widget_type=\"spacer.default\">\n\t\t\t\t<div class=\"elementor-widget-container\">\n\t\t\t\t\t\t\t<div class=\"elementor-spacer\">\n\t\t\t<div class=\"elementor-spacer-inner\"><\/div>\n\t\t<\/div>\n\t\t\t\t\t\t<\/div>\n\t\t\t\t<\/div>\n\t\t\t\t\t<\/div>\n\t\t<\/div>\n\t\t\t\t\t<\/div>\n\t\t<\/section>\n\t\t\t\t<\/div>","protected":false},"excerpt":{"rendered":"<p>UNSERE BR\u00c4UNUNGSSTOFFE NAT\u00dcRLICHER GLANZ MIT BR\u00c4UNUNGSWIRKSTOFFEN Topische Br\u00e4unungsstoffe stimulieren die Melaninproduktion oder imitieren deren Wirkung und sorgen so f\u00fcr einen nat\u00fcrlichen, sonnengebr\u00e4unten Teint ohne UV-Belastung. Diese Wirkstoffe wirken synergetisch mit der Hautbiologie, f\u00f6rdern einen gleichm\u00e4\u00dfigen Teint, verst\u00e4rken die Ausstrahlung und unterst\u00fctzen die Hautgesundheit. Ideal f\u00fcr Gesicht und [\u2026]<\/p>","protected":false},"author":3,"featured_media":0,"parent":0,"menu_order":0,"comment_status":"closed","ping_status":"closed","template":"","meta":{"_eb_attr":"","footnotes":""},"class_list":["post-608","page","type-page","status-publish","hentry"],"yoast_head":"<!-- This site is optimized with the Yoast SEO plugin v26.7 - https:\/\/yoast.com\/wordpress\/plugins\/seo\/ -->\n<title>Tanning cosmetic - LC Ingredients<\/title>\n<meta name=\"description\" content=\"Discover our range of clinical valited cosmetics ingredients. COSMOS certified. Any cosmetic galenic form.\" \/>\n<meta name=\"robots\" content=\"index, follow, max-snippet:-1, max-image-preview:large, max-video-preview:-1\" \/>\n<link rel=\"canonical\" href=\"https:\/\/www.lcingredients.com\/de\/braunende-kosmetische-inhaltsstoffe\/\" \/>\n<meta property=\"og:locale\" content=\"de_DE\" \/>\n<meta property=\"og:type\" content=\"article\" \/>\n<meta property=\"og:title\" content=\"Tanning cosmetic - LC Ingredients\" \/>\n<meta property=\"og:description\" content=\"Discover our range of clinical valited cosmetics ingredients. COSMOS certified. Any cosmetic galenic form.\" \/>\n<meta property=\"og:url\" content=\"https:\/\/www.lcingredients.com\/de\/braunende-kosmetische-inhaltsstoffe\/\" \/>\n<meta property=\"og:site_name\" content=\"LC Ingredients\" \/>\n<meta property=\"article:modified_time\" content=\"2025-10-10T16:40:12+00:00\" \/>\n<meta property=\"og:image\" content=\"https:\/\/www.lcingredients.com\/wp-content\/uploads\/2024\/05\/choisir-creme-solaire-filtre-chimique-mineral-scaled-1.jpg\" \/>\n\t<meta property=\"og:image:width\" content=\"2048\" \/>\n\t<meta property=\"og:image:height\" content=\"2560\" \/>\n\t<meta property=\"og:image:type\" content=\"image\/jpeg\" \/>\n<meta name=\"twitter:card\" content=\"summary_large_image\" \/>\n<meta name=\"twitter:label1\" content=\"Gesch\u00e4tzte Lesezeit\" \/>\n\t<meta name=\"twitter:data1\" content=\"2 Minuten\" \/>\n<script type=\"application\/ld+json\" class=\"yoast-schema-graph\">{\"@context\":\"https:\/\/schema.org\",\"@graph\":[{\"@type\":\"WebPage\",\"@id\":\"https:\/\/www.lcingredients.com\/tanning-cosmetic-ingredients\/\",\"url\":\"https:\/\/www.lcingredients.com\/tanning-cosmetic-ingredients\/\",\"name\":\"Tanning cosmetic - LC Ingredients\",\"isPartOf\":{\"@id\":\"https:\/\/www.lcingredients.com\/#website\"},\"primaryImageOfPage\":{\"@id\":\"https:\/\/www.lcingredients.com\/tanning-cosmetic-ingredients\/#primaryimage\"},\"image\":{\"@id\":\"https:\/\/www.lcingredients.com\/tanning-cosmetic-ingredients\/#primaryimage\"},\"thumbnailUrl\":\"https:\/\/www.lcingredients.com\/wp-content\/uploads\/2024\/05\/choisir-creme-solaire-filtre-chimique-mineral-scaled-1.jpg\",\"datePublished\":\"2023-09-25T14:28:33+00:00\",\"dateModified\":\"2025-10-10T16:40:12+00:00\",\"description\":\"Discover our range of clinical valited cosmetics ingredients. COSMOS certified. Any cosmetic galenic form.\",\"breadcrumb\":{\"@id\":\"https:\/\/www.lcingredients.com\/tanning-cosmetic-ingredients\/#breadcrumb\"},\"inLanguage\":\"de\",\"potentialAction\":[{\"@type\":\"ReadAction\",\"target\":[\"https:\/\/www.lcingredients.com\/tanning-cosmetic-ingredients\/\"]}]},{\"@type\":\"ImageObject\",\"inLanguage\":\"de\",\"@id\":\"https:\/\/www.lcingredients.com\/tanning-cosmetic-ingredients\/#primaryimage\",\"url\":\"https:\/\/www.lcingredients.com\/wp-content\/uploads\/2024\/05\/choisir-creme-solaire-filtre-chimique-mineral-scaled-1.jpg\",\"contentUrl\":\"https:\/\/www.lcingredients.com\/wp-content\/uploads\/2024\/05\/choisir-creme-solaire-filtre-chimique-mineral-scaled-1.jpg\"},{\"@type\":\"BreadcrumbList\",\"@id\":\"https:\/\/www.lcingredients.com\/tanning-cosmetic-ingredients\/#breadcrumb\",\"itemListElement\":[{\"@type\":\"ListItem\",\"position\":1,\"name\":\"Home\",\"item\":\"https:\/\/www.lcingredients.com\/\"},{\"@type\":\"ListItem\",\"position\":2,\"name\":\"Tanning cosmetic\"}]},{\"@type\":\"WebSite\",\"@id\":\"https:\/\/www.lcingredients.com\/#website\",\"url\":\"https:\/\/www.lcingredients.com\/\",\"name\":\"LC Ingredients\",\"description\":\"Discover high-quality ingredients for your food supplements and cosmetics formulations.\",\"publisher\":{\"@id\":\"https:\/\/www.lcingredients.com\/#organization\"},\"potentialAction\":[{\"@type\":\"SearchAction\",\"target\":{\"@type\":\"EntryPoint\",\"urlTemplate\":\"https:\/\/www.lcingredients.com\/?s={search_term_string}\"},\"query-input\":{\"@type\":\"PropertyValueSpecification\",\"valueRequired\":true,\"valueName\":\"search_term_string\"}}],\"inLanguage\":\"de\"},{\"@type\":\"Organization\",\"@id\":\"https:\/\/www.lcingredients.com\/#organization\",\"name\":\"LC Ingredients\",\"url\":\"https:\/\/www.lcingredients.com\/\",\"logo\":{\"@type\":\"ImageObject\",\"inLanguage\":\"de\",\"@id\":\"https:\/\/www.lcingredients.com\/#\/schema\/logo\/image\/\",\"url\":\"https:\/\/www.lcingredients.com\/wp-content\/uploads\/2023\/10\/LOGO-LC-INGREDIENTS.png\",\"contentUrl\":\"https:\/\/www.lcingredients.com\/wp-content\/uploads\/2023\/10\/LOGO-LC-INGREDIENTS.png\",\"width\":1280,\"height\":1060,\"caption\":\"LC Ingredients\"},\"image\":{\"@id\":\"https:\/\/www.lcingredients.com\/#\/schema\/logo\/image\/\"},\"sameAs\":[\"https:\/\/www.linkedin.com\/company\/lcingredients\/\"]}]}<\/script>\n<!-- \/ Yoast SEO plugin. -->","yoast_head_json":{"title":"Br\u00e4unungskosmetik - LC Ingredients","description":"Entdecken Sie unser Sortiment an klinisch validierten Kosmetikinhaltsstoffen. COSMOS-zertifiziert. Jede kosmetische galenische Form.","robots":{"index":"index","follow":"follow","max-snippet":"max-snippet:-1","max-image-preview":"max-image-preview:large","max-video-preview":"max-video-preview:-1"},"canonical":"https:\/\/www.lcingredients.com\/de\/braunende-kosmetische-inhaltsstoffe\/","og_locale":"de_DE","og_type":"article","og_title":"Tanning cosmetic - LC Ingredients","og_description":"Discover our range of clinical valited cosmetics ingredients. COSMOS certified. Any cosmetic galenic form.","og_url":"https:\/\/www.lcingredients.com\/de\/braunende-kosmetische-inhaltsstoffe\/","og_site_name":"LC Ingredients","article_modified_time":"2025-10-10T16:40:12+00:00","og_image":[{"width":2048,"height":2560,"url":"https:\/\/www.lcingredients.com\/wp-content\/uploads\/2024\/05\/choisir-creme-solaire-filtre-chimique-mineral-scaled-1.jpg","type":"image\/jpeg"}],"twitter_card":"summary_large_image","twitter_misc":{"Gesch\u00e4tzte Lesezeit":"2 Minuten"},"schema":{"@context":"https:\/\/schema.org","@graph":[{"@type":"WebPage","@id":"https:\/\/www.lcingredients.com\/tanning-cosmetic-ingredients\/","url":"https:\/\/www.lcingredients.com\/tanning-cosmetic-ingredients\/","name":"Br\u00e4unungskosmetik - LC Ingredients","isPartOf":{"@id":"https:\/\/www.lcingredients.com\/#website"},"primaryImageOfPage":{"@id":"https:\/\/www.lcingredients.com\/tanning-cosmetic-ingredients\/#primaryimage"},"image":{"@id":"https:\/\/www.lcingredients.com\/tanning-cosmetic-ingredients\/#primaryimage"},"thumbnailUrl":"https:\/\/www.lcingredients.com\/wp-content\/uploads\/2024\/05\/choisir-creme-solaire-filtre-chimique-mineral-scaled-1.jpg","datePublished":"2023-09-25T14:28:33+00:00","dateModified":"2025-10-10T16:40:12+00:00","description":"Entdecken Sie unser Sortiment an klinisch validierten Kosmetikinhaltsstoffen. COSMOS-zertifiziert. Jede kosmetische galenische Form.","breadcrumb":{"@id":"https:\/\/www.lcingredients.com\/tanning-cosmetic-ingredients\/#breadcrumb"},"inLanguage":"de","potentialAction":[{"@type":"ReadAction","target":["https:\/\/www.lcingredients.com\/tanning-cosmetic-ingredients\/"]}]},{"@type":"ImageObject","inLanguage":"de","@id":"https:\/\/www.lcingredients.com\/tanning-cosmetic-ingredients\/#primaryimage","url":"https:\/\/www.lcingredients.com\/wp-content\/uploads\/2024\/05\/choisir-creme-solaire-filtre-chimique-mineral-scaled-1.jpg","contentUrl":"https:\/\/www.lcingredients.com\/wp-content\/uploads\/2024\/05\/choisir-creme-solaire-filtre-chimique-mineral-scaled-1.jpg"},{"@type":"BreadcrumbList","@id":"https:\/\/www.lcingredients.com\/tanning-cosmetic-ingredients\/#breadcrumb","itemListElement":[{"@type":"ListItem","position":1,"name":"Home","item":"https:\/\/www.lcingredients.com\/"},{"@type":"ListItem","position":2,"name":"Tanning cosmetic"}]},{"@type":"WebSite","@id":"https:\/\/www.lcingredients.com\/#website","url":"https:\/\/www.lcingredients.com\/","name":"LC-Zutaten","description":"Entdecken Sie hochwertige Inhaltsstoffe f\u00fcr Ihre Nahrungserg\u00e4nzungsmittel und Kosmetikformulierungen.","publisher":{"@id":"https:\/\/www.lcingredients.com\/#organization"},"potentialAction":[{"@type":"SearchAction","target":{"@type":"EntryPoint","urlTemplate":"https:\/\/www.lcingredients.com\/?s={search_term_string}"},"query-input":{"@type":"PropertyValueSpecification","valueRequired":true,"valueName":"search_term_string"}}],"inLanguage":"de"},{"@type":"Organization","@id":"https:\/\/www.lcingredients.com\/#organization","name":"LC-Zutaten","url":"https:\/\/www.lcingredients.com\/","logo":{"@type":"ImageObject","inLanguage":"de","@id":"https:\/\/www.lcingredients.com\/#\/schema\/logo\/image\/","url":"https:\/\/www.lcingredients.com\/wp-content\/uploads\/2023\/10\/LOGO-LC-INGREDIENTS.png","contentUrl":"https:\/\/www.lcingredients.com\/wp-content\/uploads\/2023\/10\/LOGO-LC-INGREDIENTS.png","width":1280,"height":1060,"caption":"LC Ingredients"},"image":{"@id":"https:\/\/www.lcingredients.com\/#\/schema\/logo\/image\/"},"sameAs":["https:\/\/www.linkedin.com\/company\/lcingredients\/"]}]}},"_links":{"self":[{"href":"https:\/\/www.lcingredients.com\/de\/wp-json\/wp\/v2\/pages\/608","targetHints":{"allow":["GET"]}}],"collection":[{"href":"https:\/\/www.lcingredients.com\/de\/wp-json\/wp\/v2\/pages"}],"about":[{"href":"https:\/\/www.lcingredients.com\/de\/wp-json\/wp\/v2\/types\/page"}],"author":[{"embeddable":true,"href":"https:\/\/www.lcingredients.com\/de\/wp-json\/wp\/v2\/users\/3"}],"replies":[{"embeddable":true,"href":"https:\/\/www.lcingredients.com\/de\/wp-json\/wp\/v2\/comments?post=608"}],"version-history":[{"count":26,"href":"https:\/\/www.lcingredients.com\/de\/wp-json\/wp\/v2\/pages\/608\/revisions"}],"predecessor-version":[{"id":5153,"href":"https:\/\/www.lcingredients.com\/de\/wp-json\/wp\/v2\/pages\/608\/revisions\/5153"}],"wp:attachment":[{"href":"https:\/\/www.lcingredients.com\/de\/wp-json\/wp\/v2\/media?parent=608"}],"curies":[{"name":"wp","href":"https:\/\/api.w.org\/{rel}","templated":true}]}}