{"id":490,"date":"2023-09-22T15:30:41","date_gmt":"2023-09-22T15:30:41","guid":{"rendered":"https:\/\/www.lcingredients.com\/?page_id=490"},"modified":"2025-10-10T15:28:20","modified_gmt":"2025-10-10T15:28:20","slug":"gelenkkomfort","status":"publish","type":"page","link":"https:\/\/www.lcingredients.com\/de\/gelenkkomfort\/","title":{"rendered":"Gelenkkomfort"},"content":{"rendered":"<div data-elementor-type=\"wp-page\" data-elementor-id=\"490\" class=\"elementor elementor-490\" data-elementor-post-type=\"page\">\n\t\t\t\t\t\t<section class=\"elementor-section elementor-top-section elementor-element elementor-element-30a59c3 elementor-section-full_width elementor-section-height-default elementor-section-height-default\" data-id=\"30a59c3\" data-element_type=\"section\" data-e-type=\"section\">\n\t\t\t\t\t\t<div class=\"elementor-container elementor-column-gap-default\">\n\t\t\t\t\t<div class=\"elementor-column elementor-col-100 elementor-top-column elementor-element elementor-element-2e816d1\" data-id=\"2e816d1\" data-element_type=\"column\" data-e-type=\"column\">\n\t\t\t<div class=\"elementor-widget-wrap elementor-element-populated\">\n\t\t\t\t\t\t<div class=\"elementor-element elementor-element-402d40b elementor-widget elementor-widget-image\" data-id=\"402d40b\" data-element_type=\"widget\" data-e-type=\"widget\" data-widget_type=\"image.default\">\n\t\t\t\t<div class=\"elementor-widget-container\">\n\t\t\t\t\t\t\t\t\t\t\t\t\t\t\t<img fetchpriority=\"high\" decoding=\"async\" width=\"800\" height=\"533\" src=\"https:\/\/www.lcingredients.com\/wp-content\/uploads\/2025\/09\/active-men-running-in-the-city-1024x682.jpg\" class=\"attachment-large size-large wp-image-3467\" alt=\"aktive M\u00e4nner laufen in der Stadt\" srcset=\"https:\/\/www.lcingredients.com\/wp-content\/uploads\/2025\/09\/active-men-running-in-the-city-1024x682.jpg 1024w, https:\/\/www.lcingredients.com\/wp-content\/uploads\/2025\/09\/active-men-running-in-the-city-300x200.jpg 300w, https:\/\/www.lcingredients.com\/wp-content\/uploads\/2025\/09\/active-men-running-in-the-city-768x512.jpg 768w, https:\/\/www.lcingredients.com\/wp-content\/uploads\/2025\/09\/active-men-running-in-the-city-1536x1024.jpg 1536w, https:\/\/www.lcingredients.com\/wp-content\/uploads\/2025\/09\/active-men-running-in-the-city-18x12.jpg 18w, https:\/\/www.lcingredients.com\/wp-content\/uploads\/2025\/09\/active-men-running-in-the-city-1320x880.jpg 1320w, https:\/\/www.lcingredients.com\/wp-content\/uploads\/2025\/09\/active-men-running-in-the-city.jpg 2000w\" sizes=\"(max-width: 800px) 100vw, 800px\" \/>\t\t\t\t\t\t\t\t\t\t\t\t\t\t\t<\/div>\n\t\t\t\t<\/div>\n\t\t\t\t<div class=\"elementor-element elementor-element-2c74228 elementor-widget elementor-widget-heading\" data-id=\"2c74228\" data-element_type=\"widget\" data-e-type=\"widget\" data-widget_type=\"heading.default\">\n\t\t\t\t<div class=\"elementor-widget-container\">\n\t\t\t\t\t<h1 class=\"elementor-heading-title elementor-size-default\">UNSERE GELENKKOMFORT-INHALTSSTOFFE<\/h1>\t\t\t\t<\/div>\n\t\t\t\t<\/div>\n\t\t\t\t\t<\/div>\n\t\t<\/div>\n\t\t\t\t\t<\/div>\n\t\t<\/section>\n\t\t\t\t<section class=\"elementor-section elementor-top-section elementor-element elementor-element-58063ae elementor-section-boxed elementor-section-height-default elementor-section-height-default\" data-id=\"58063ae\" data-element_type=\"section\" data-e-type=\"section\">\n\t\t\t\t\t\t<div class=\"elementor-container elementor-column-gap-default\">\n\t\t\t\t\t<div class=\"elementor-column elementor-col-100 elementor-top-column elementor-element elementor-element-afc60d4\" data-id=\"afc60d4\" data-element_type=\"column\" data-e-type=\"column\">\n\t\t\t<div class=\"elementor-widget-wrap elementor-element-populated\">\n\t\t\t\t\t\t<div class=\"elementor-element elementor-element-d8e5da5 elementor-widget elementor-widget-heading\" data-id=\"d8e5da5\" data-element_type=\"widget\" data-e-type=\"widget\" data-widget_type=\"heading.default\">\n\t\t\t\t<div class=\"elementor-widget-container\">\n\t\t\t\t\t<h2 class=\"elementor-heading-title elementor-size-default\">UNTERST\u00dcTZT MOBILIT\u00c4T UND GELENKKOMFORT <br>VON INNEN<\/h2>\t\t\t\t<\/div>\n\t\t\t\t<\/div>\n\t\t\t\t<section class=\"elementor-section elementor-inner-section elementor-element elementor-element-9704c9c elementor-section-boxed elementor-section-height-default elementor-section-height-default\" data-id=\"9704c9c\" data-element_type=\"section\" data-e-type=\"section\">\n\t\t\t\t\t\t<div class=\"elementor-container elementor-column-gap-default\">\n\t\t\t\t\t<div class=\"elementor-column elementor-col-50 elementor-inner-column elementor-element elementor-element-3f3c4ce\" data-id=\"3f3c4ce\" data-element_type=\"column\" data-e-type=\"column\">\n\t\t\t<div class=\"elementor-widget-wrap elementor-element-populated\">\n\t\t\t\t\t\t<div class=\"elementor-element elementor-element-835f099 elementor-widget elementor-widget-text-editor\" data-id=\"835f099\" data-element_type=\"widget\" data-e-type=\"widget\" data-widget_type=\"text-editor.default\">\n\t\t\t\t<div class=\"elementor-widget-container\">\n\t\t\t\t\t\t\t\t\t<p>Gesunde Gelenke sind entscheidend f\u00fcr die Beweglichkeit, Flexibilit\u00e4t und Lebensqualit\u00e4t. Mit der Zeit k\u00f6nnen Faktoren wie Alterung, k\u00f6rperliche Belastung und Entz\u00fcndungen die Integrit\u00e4t von Knorpel und Bindegewebe beeintr\u00e4chtigen.\u00a0<br \/><!--EndFragment --><\/p>\t\t\t\t\t\t\t\t<\/div>\n\t\t\t\t<\/div>\n\t\t\t\t\t<\/div>\n\t\t<\/div>\n\t\t\t\t<div class=\"elementor-column elementor-col-50 elementor-inner-column elementor-element elementor-element-b2156a3\" data-id=\"b2156a3\" data-element_type=\"column\" data-e-type=\"column\">\n\t\t\t<div class=\"elementor-widget-wrap elementor-element-populated\">\n\t\t\t\t\t\t<div class=\"elementor-element elementor-element-18056e5 elementor-widget elementor-widget-text-editor\" data-id=\"18056e5\" data-element_type=\"widget\" data-e-type=\"widget\" data-widget_type=\"text-editor.default\">\n\t\t\t\t<div class=\"elementor-widget-container\">\n\t\t\t\t\t\t\t\t\t<p>Unsere Inhaltsstoffe f\u00fcr das Gelenkwohlbefinden sind darauf ausgelegt, diese Strukturen zu n\u00e4hren und zu sch\u00fctzen. Sie tragen dazu bei, Beschwerden zu lindern, die Flexibilit\u00e4t zu unterst\u00fctzen und durch gezielte N\u00e4hrstoffunterst\u00fctzung das langfristige Wohlbefinden des Bewegungsapparats zu f\u00f6rdern.\u00a0<\/p>\t\t\t\t\t\t\t\t<\/div>\n\t\t\t\t<\/div>\n\t\t\t\t\t<\/div>\n\t\t<\/div>\n\t\t\t\t\t<\/div>\n\t\t<\/section>\n\t\t\t\t\t<\/div>\n\t\t<\/div>\n\t\t\t\t\t<\/div>\n\t\t<\/section>\n\t\t\t\t<section class=\"elementor-section elementor-top-section elementor-element elementor-element-57b4336 elementor-section-boxed elementor-section-height-default elementor-section-height-default\" data-id=\"57b4336\" data-element_type=\"section\" data-e-type=\"section\">\n\t\t\t\t\t\t<div class=\"elementor-container elementor-column-gap-default\">\n\t\t\t\t\t<div class=\"elementor-column elementor-col-50 elementor-top-column elementor-element elementor-element-a2985e1\" data-id=\"a2985e1\" data-element_type=\"column\" data-e-type=\"column\" data-settings=\"{&quot;background_background&quot;:&quot;classic&quot;}\">\n\t\t\t<div class=\"elementor-widget-wrap elementor-element-populated\">\n\t\t\t\t\t\t<div class=\"elementor-element elementor-element-e7a4582 elementor-widget elementor-widget-spacer\" data-id=\"e7a4582\" data-element_type=\"widget\" data-e-type=\"widget\" data-widget_type=\"spacer.default\">\n\t\t\t\t<div class=\"elementor-widget-container\">\n\t\t\t\t\t\t\t<div class=\"elementor-spacer\">\n\t\t\t<div class=\"elementor-spacer-inner\"><\/div>\n\t\t<\/div>\n\t\t\t\t\t\t<\/div>\n\t\t\t\t<\/div>\n\t\t\t\t<div class=\"elementor-element elementor-element-94f6f46 elementor-widget elementor-widget-image\" data-id=\"94f6f46\" data-element_type=\"widget\" data-e-type=\"widget\" data-widget_type=\"image.default\">\n\t\t\t\t<div class=\"elementor-widget-container\">\n\t\t\t\t\t\t\t\t\t\t\t\t\t\t\t\t<a href=\"https:\/\/www.lcingredients.com\/de\/cynatine-flx-artikulationen\/\">\n\t\t\t\t\t\t\t<img decoding=\"async\" width=\"800\" height=\"480\" src=\"https:\/\/www.lcingredients.com\/wp-content\/uploads\/2023\/09\/Cynatine-FLX.png\" class=\"attachment-large size-large wp-image-518\" alt=\"\" srcset=\"https:\/\/www.lcingredients.com\/wp-content\/uploads\/2023\/09\/Cynatine-FLX.png 800w, https:\/\/www.lcingredients.com\/wp-content\/uploads\/2023\/09\/Cynatine-FLX-300x180.png 300w, https:\/\/www.lcingredients.com\/wp-content\/uploads\/2023\/09\/Cynatine-FLX-768x461.png 768w\" sizes=\"(max-width: 800px) 100vw, 800px\" \/>\t\t\t\t\t\t\t\t<\/a>\n\t\t\t\t\t\t\t\t\t\t\t\t\t\t\t<\/div>\n\t\t\t\t<\/div>\n\t\t\t\t\t<\/div>\n\t\t<\/div>\n\t\t\t\t<div class=\"elementor-column elementor-col-50 elementor-top-column elementor-element elementor-element-5f3b2a0\" data-id=\"5f3b2a0\" data-element_type=\"column\" data-e-type=\"column\" data-settings=\"{&quot;background_background&quot;:&quot;classic&quot;}\">\n\t\t\t<div class=\"elementor-widget-wrap elementor-element-populated\">\n\t\t\t\t\t\t<div class=\"elementor-element elementor-element-ae9d4e3 elementor-widget elementor-widget-heading\" data-id=\"ae9d4e3\" data-element_type=\"widget\" data-e-type=\"widget\" data-widget_type=\"heading.default\">\n\t\t\t\t<div class=\"elementor-widget-container\">\n\t\t\t\t\t<h2 class=\"elementor-heading-title elementor-size-default\">CYNATINE\u00ae FLX<\/h2>\t\t\t\t<\/div>\n\t\t\t\t<\/div>\n\t\t\t\t<div class=\"elementor-element elementor-element-a111f4a elementor-widget elementor-widget-text-editor\" data-id=\"a111f4a\" data-element_type=\"widget\" data-e-type=\"widget\" data-widget_type=\"text-editor.default\">\n\t\t\t\t<div class=\"elementor-widget-container\">\n\t\t\t\t\t\t\t\t\t<p><strong>Cynatine\u00ae FLX<\/strong> ist ein l\u00f6sliches Keratinpulver, das aus hochwertiger Schafwolle in einem einzigartigen, patentierten Verfahren hergestellt wird, bei dem das native Aminos\u00e4ureprofil erhalten bleibt. Die perfekte L\u00f6slichkeit von Cynatine macht es unglaublich vielseitig f\u00fcr jede galenische Entwicklung.\u00a0<\/p><p>Es ist klinisch erwiesen, dass Cynatine\u00ae FLX Gelenkentz\u00fcndungen deutlich reduziert, die Glutathionsynthese f\u00f6rdert und die Knorpelregeneration stimuliert. Cynatine\u00ae FLX sch\u00fctzt die Gelenke und verbessert den Komfort im t\u00e4glichen Leben, indem es Flexibilit\u00e4t und Beweglichkeit bewahrt.\u00a0<\/p>\t\t\t\t\t\t\t\t<\/div>\n\t\t\t\t<\/div>\n\t\t\t\t<div class=\"elementor-element elementor-element-17fe4c3 elementor-button-info elementor-align-center elementor-widget elementor-widget-button\" data-id=\"17fe4c3\" data-element_type=\"widget\" data-e-type=\"widget\" data-widget_type=\"button.default\">\n\t\t\t\t<div class=\"elementor-widget-container\">\n\t\t\t\t\t\t\t\t\t<div class=\"elementor-button-wrapper\">\n\t\t\t\t\t<a class=\"elementor-button elementor-button-link elementor-size-sm\" href=\"https:\/\/www.lcingredients.com\/de\/cynatine-flx-artikulationen\/\">\n\t\t\t\t\t\t<span class=\"elementor-button-content-wrapper\">\n\t\t\t\t\t\t\t\t\t<span class=\"elementor-button-text\">Mehr anzeigen<\/span>\n\t\t\t\t\t<\/span>\n\t\t\t\t\t<\/a>\n\t\t\t\t<\/div>\n\t\t\t\t\t\t\t\t<\/div>\n\t\t\t\t<\/div>\n\t\t\t\t\t<\/div>\n\t\t<\/div>\n\t\t\t\t\t<\/div>\n\t\t<\/section>\n\t\t\t\t<section class=\"elementor-section elementor-top-section elementor-element elementor-element-e6f3cfb elementor-section-boxed elementor-section-height-default elementor-section-height-default\" data-id=\"e6f3cfb\" data-element_type=\"section\" data-e-type=\"section\">\n\t\t\t\t\t\t<div class=\"elementor-container elementor-column-gap-default\">\n\t\t\t\t\t<div class=\"elementor-column elementor-col-50 elementor-top-column elementor-element elementor-element-ced7385\" data-id=\"ced7385\" data-element_type=\"column\" data-e-type=\"column\" data-settings=\"{&quot;background_background&quot;:&quot;classic&quot;}\">\n\t\t\t<div class=\"elementor-widget-wrap elementor-element-populated\">\n\t\t\t\t\t\t<div class=\"elementor-element elementor-element-fbed9fa elementor-widget elementor-widget-heading\" data-id=\"fbed9fa\" data-element_type=\"widget\" data-e-type=\"widget\" data-widget_type=\"heading.default\">\n\t\t\t\t<div class=\"elementor-widget-container\">\n\t\t\t\t\t<h2 class=\"elementor-heading-title elementor-size-default\">BIOSOLVE CURCUMIN\u2122<\/h2>\t\t\t\t<\/div>\n\t\t\t\t<\/div>\n\t\t\t\t<div class=\"elementor-element elementor-element-2e2f5c3 elementor-widget elementor-widget-text-editor\" data-id=\"2e2f5c3\" data-element_type=\"widget\" data-e-type=\"widget\" data-widget_type=\"text-editor.default\">\n\t\t\t\t<div class=\"elementor-widget-container\">\n\t\t\t\t\t\t\t\t\t<p>BioSOLVE Curcumin\u2122 lindert Gelenkschmerzen und Schwellungen.\u00a0<\/p><p>Dieser Inhaltsstoff lindert Gelenksteifheit und erleichtert t\u00e4gliche k\u00f6rperliche Aktivit\u00e4ten.\u00a0<\/p><p>Kurkuma ist f\u00fcr seine entz\u00fcndungshemmenden Eigenschaften bekannt und gilt heute als das Kraut Nummer eins f\u00fcr gesundes Altern.\u00a0<\/p><p>BioSOLVE ist das einzige Curcumin, das mit einer Lebensmittelmatrix und klinischen Studien zum Nachweis seiner Wirksamkeit optimiert wurde.\u00a0<\/p><p>Seine spezielle Zusammensetzung vermeidet Magenreizstoffe wie Piperin, wichtige Tenside und andere Chemikalien und bewahrt so eine hervorragende Bioverf\u00fcgbarkeit und sofortige Dispersion.<\/p>\t\t\t\t\t\t\t\t<\/div>\n\t\t\t\t<\/div>\n\t\t\t\t<div class=\"elementor-element elementor-element-443ac12 elementor-button-info elementor-align-center elementor-widget elementor-widget-button\" data-id=\"443ac12\" data-element_type=\"widget\" data-e-type=\"widget\" data-widget_type=\"button.default\">\n\t\t\t\t<div class=\"elementor-widget-container\">\n\t\t\t\t\t\t\t\t\t<div class=\"elementor-button-wrapper\">\n\t\t\t\t\t<a class=\"elementor-button elementor-button-link elementor-size-sm\" href=\"https:\/\/www.lcingredients.com\/de\/biosolve-curcumin\/\">\n\t\t\t\t\t\t<span class=\"elementor-button-content-wrapper\">\n\t\t\t\t\t\t\t\t\t<span class=\"elementor-button-text\">Mehr anzeigen<\/span>\n\t\t\t\t\t<\/span>\n\t\t\t\t\t<\/a>\n\t\t\t\t<\/div>\n\t\t\t\t\t\t\t\t<\/div>\n\t\t\t\t<\/div>\n\t\t\t\t\t<\/div>\n\t\t<\/div>\n\t\t\t\t<div class=\"elementor-column elementor-col-50 elementor-top-column elementor-element elementor-element-2040ba9\" data-id=\"2040ba9\" data-element_type=\"column\" data-e-type=\"column\" data-settings=\"{&quot;background_background&quot;:&quot;classic&quot;}\">\n\t\t\t<div class=\"elementor-widget-wrap elementor-element-populated\">\n\t\t\t\t\t\t<div class=\"elementor-element elementor-element-20da048 elementor-widget elementor-widget-spacer\" data-id=\"20da048\" data-element_type=\"widget\" data-e-type=\"widget\" data-widget_type=\"spacer.default\">\n\t\t\t\t<div class=\"elementor-widget-container\">\n\t\t\t\t\t\t\t<div class=\"elementor-spacer\">\n\t\t\t<div class=\"elementor-spacer-inner\"><\/div>\n\t\t<\/div>\n\t\t\t\t\t\t<\/div>\n\t\t\t\t<\/div>\n\t\t\t\t<div class=\"elementor-element elementor-element-bceff77 elementor-widget elementor-widget-image\" data-id=\"bceff77\" data-element_type=\"widget\" data-e-type=\"widget\" data-widget_type=\"image.default\">\n\t\t\t\t<div class=\"elementor-widget-container\">\n\t\t\t\t\t\t\t\t\t\t\t\t\t\t\t\t<a href=\"https:\/\/www.lcingredients.com\/de\/biosolve-curcumin\/\">\n\t\t\t\t\t\t\t<img decoding=\"async\" width=\"395\" height=\"52\" src=\"https:\/\/www.lcingredients.com\/wp-content\/uploads\/2023\/09\/biosolvecurcumin-title-2-removebg-preview-1.png\" class=\"attachment-large size-large wp-image-519\" alt=\"\" srcset=\"https:\/\/www.lcingredients.com\/wp-content\/uploads\/2023\/09\/biosolvecurcumin-title-2-removebg-preview-1.png 395w, https:\/\/www.lcingredients.com\/wp-content\/uploads\/2023\/09\/biosolvecurcumin-title-2-removebg-preview-1-300x39.png 300w\" sizes=\"(max-width: 395px) 100vw, 395px\" \/>\t\t\t\t\t\t\t\t<\/a>\n\t\t\t\t\t\t\t\t\t\t\t\t\t\t\t<\/div>\n\t\t\t\t<\/div>\n\t\t\t\t\t<\/div>\n\t\t<\/div>\n\t\t\t\t\t<\/div>\n\t\t<\/section>\n\t\t\t\t<\/div>","protected":false},"excerpt":{"rendered":"<p>UNSERE GELENKKOMFORT-INHALTSSTOFFE UNTERST\u00dcTZEN MOBILIT\u00c4T UND GELENKKOMFORT VON INNEN. Gesunde Gelenke sind entscheidend f\u00fcr die Erhaltung von Mobilit\u00e4t, Flexibilit\u00e4t und Lebensqualit\u00e4t. Mit der Zeit k\u00f6nnen Faktoren wie Alterung, k\u00f6rperlicher Stress und Entz\u00fcndungen die Integrit\u00e4t von Knorpel und Bindegewebe beeintr\u00e4chtigen. Unsere Gelenkkomfort-Inhaltsstoffe sind darauf ausgelegt, diese Strukturen zu n\u00e4hren und zu sch\u00fctzen, [\u2026]<\/p>","protected":false},"author":3,"featured_media":0,"parent":0,"menu_order":0,"comment_status":"closed","ping_status":"closed","template":"","meta":{"_eb_attr":"","footnotes":""},"class_list":["post-490","page","type-page","status-publish","hentry"],"yoast_head":"<!-- This site is optimized with the Yoast SEO plugin v26.7 - https:\/\/yoast.com\/wordpress\/plugins\/seo\/ -->\n<title>Joint comfort - LC Ingredients<\/title>\n<meta name=\"description\" content=\"Discover the key ingredients for joint comfort and how they can improve your musculoskeletal health and daily activities.\" \/>\n<meta name=\"robots\" content=\"index, follow, max-snippet:-1, max-image-preview:large, max-video-preview:-1\" \/>\n<link rel=\"canonical\" href=\"https:\/\/www.lcingredients.com\/de\/gelenkkomfort\/\" \/>\n<meta property=\"og:locale\" content=\"de_DE\" \/>\n<meta property=\"og:type\" content=\"article\" \/>\n<meta property=\"og:title\" content=\"Joint comfort - LC Ingredients\" \/>\n<meta property=\"og:description\" content=\"Discover the key ingredients for joint comfort and how they can improve your musculoskeletal health and daily activities.\" \/>\n<meta property=\"og:url\" content=\"https:\/\/www.lcingredients.com\/de\/gelenkkomfort\/\" \/>\n<meta property=\"og:site_name\" content=\"LC Ingredients\" \/>\n<meta property=\"article:modified_time\" content=\"2025-10-10T15:28:20+00:00\" \/>\n<meta property=\"og:image\" content=\"https:\/\/www.lcingredients.com\/wp-content\/uploads\/2025\/09\/active-men-running-in-the-city.jpg\" \/>\n\t<meta property=\"og:image:width\" content=\"2000\" \/>\n\t<meta property=\"og:image:height\" content=\"1333\" \/>\n\t<meta property=\"og:image:type\" content=\"image\/jpeg\" \/>\n<meta name=\"twitter:card\" content=\"summary_large_image\" \/>\n<meta name=\"twitter:label1\" content=\"Gesch\u00e4tzte Lesezeit\" \/>\n\t<meta name=\"twitter:data1\" content=\"2 Minuten\" \/>\n<script type=\"application\/ld+json\" class=\"yoast-schema-graph\">{\"@context\":\"https:\/\/schema.org\",\"@graph\":[{\"@type\":\"WebPage\",\"@id\":\"https:\/\/www.lcingredients.com\/joint-comfort\/\",\"url\":\"https:\/\/www.lcingredients.com\/joint-comfort\/\",\"name\":\"Joint comfort - LC Ingredients\",\"isPartOf\":{\"@id\":\"https:\/\/www.lcingredients.com\/#website\"},\"primaryImageOfPage\":{\"@id\":\"https:\/\/www.lcingredients.com\/joint-comfort\/#primaryimage\"},\"image\":{\"@id\":\"https:\/\/www.lcingredients.com\/joint-comfort\/#primaryimage\"},\"thumbnailUrl\":\"https:\/\/www.lcingredients.com\/wp-content\/uploads\/2025\/09\/active-men-running-in-the-city-1024x682.jpg\",\"datePublished\":\"2023-09-22T15:30:41+00:00\",\"dateModified\":\"2025-10-10T15:28:20+00:00\",\"description\":\"Discover the key ingredients for joint comfort and how they can improve your musculoskeletal health and daily activities.\",\"breadcrumb\":{\"@id\":\"https:\/\/www.lcingredients.com\/joint-comfort\/#breadcrumb\"},\"inLanguage\":\"de\",\"potentialAction\":[{\"@type\":\"ReadAction\",\"target\":[\"https:\/\/www.lcingredients.com\/joint-comfort\/\"]}]},{\"@type\":\"ImageObject\",\"inLanguage\":\"de\",\"@id\":\"https:\/\/www.lcingredients.com\/joint-comfort\/#primaryimage\",\"url\":\"https:\/\/www.lcingredients.com\/wp-content\/uploads\/2025\/09\/active-men-running-in-the-city-1024x682.jpg\",\"contentUrl\":\"https:\/\/www.lcingredients.com\/wp-content\/uploads\/2025\/09\/active-men-running-in-the-city-1024x682.jpg\"},{\"@type\":\"BreadcrumbList\",\"@id\":\"https:\/\/www.lcingredients.com\/joint-comfort\/#breadcrumb\",\"itemListElement\":[{\"@type\":\"ListItem\",\"position\":1,\"name\":\"Home\",\"item\":\"https:\/\/www.lcingredients.com\/\"},{\"@type\":\"ListItem\",\"position\":2,\"name\":\"Joint comfort\"}]},{\"@type\":\"WebSite\",\"@id\":\"https:\/\/www.lcingredients.com\/#website\",\"url\":\"https:\/\/www.lcingredients.com\/\",\"name\":\"LC Ingredients\",\"description\":\"Discover high-quality ingredients for your food supplements and cosmetics formulations.\",\"publisher\":{\"@id\":\"https:\/\/www.lcingredients.com\/#organization\"},\"potentialAction\":[{\"@type\":\"SearchAction\",\"target\":{\"@type\":\"EntryPoint\",\"urlTemplate\":\"https:\/\/www.lcingredients.com\/?s={search_term_string}\"},\"query-input\":{\"@type\":\"PropertyValueSpecification\",\"valueRequired\":true,\"valueName\":\"search_term_string\"}}],\"inLanguage\":\"de\"},{\"@type\":\"Organization\",\"@id\":\"https:\/\/www.lcingredients.com\/#organization\",\"name\":\"LC Ingredients\",\"url\":\"https:\/\/www.lcingredients.com\/\",\"logo\":{\"@type\":\"ImageObject\",\"inLanguage\":\"de\",\"@id\":\"https:\/\/www.lcingredients.com\/#\/schema\/logo\/image\/\",\"url\":\"https:\/\/www.lcingredients.com\/wp-content\/uploads\/2023\/10\/LOGO-LC-INGREDIENTS.png\",\"contentUrl\":\"https:\/\/www.lcingredients.com\/wp-content\/uploads\/2023\/10\/LOGO-LC-INGREDIENTS.png\",\"width\":1280,\"height\":1060,\"caption\":\"LC Ingredients\"},\"image\":{\"@id\":\"https:\/\/www.lcingredients.com\/#\/schema\/logo\/image\/\"},\"sameAs\":[\"https:\/\/www.linkedin.com\/company\/lcingredients\/\"]}]}<\/script>\n<!-- \/ Yoast SEO plugin. -->","yoast_head_json":{"title":"Gelenkkomfort \u2013 LC Ingredients","description":"Entdecken Sie die wichtigsten Inhaltsstoffe f\u00fcr ein gesundes Gelenkgef\u00fchl und erfahren Sie, wie diese die Gesundheit Ihres Bewegungsapparats und Ihre t\u00e4glichen Aktivit\u00e4ten verbessern k\u00f6nnen.","robots":{"index":"index","follow":"follow","max-snippet":"max-snippet:-1","max-image-preview":"max-image-preview:large","max-video-preview":"max-video-preview:-1"},"canonical":"https:\/\/www.lcingredients.com\/de\/gelenkkomfort\/","og_locale":"de_DE","og_type":"article","og_title":"Joint comfort - LC Ingredients","og_description":"Discover the key ingredients for joint comfort and how they can improve your musculoskeletal health and daily activities.","og_url":"https:\/\/www.lcingredients.com\/de\/gelenkkomfort\/","og_site_name":"LC Ingredients","article_modified_time":"2025-10-10T15:28:20+00:00","og_image":[{"width":2000,"height":1333,"url":"https:\/\/www.lcingredients.com\/wp-content\/uploads\/2025\/09\/active-men-running-in-the-city.jpg","type":"image\/jpeg"}],"twitter_card":"summary_large_image","twitter_misc":{"Gesch\u00e4tzte Lesezeit":"2 Minuten"},"schema":{"@context":"https:\/\/schema.org","@graph":[{"@type":"WebPage","@id":"https:\/\/www.lcingredients.com\/joint-comfort\/","url":"https:\/\/www.lcingredients.com\/joint-comfort\/","name":"Gelenkkomfort \u2013 LC Ingredients","isPartOf":{"@id":"https:\/\/www.lcingredients.com\/#website"},"primaryImageOfPage":{"@id":"https:\/\/www.lcingredients.com\/joint-comfort\/#primaryimage"},"image":{"@id":"https:\/\/www.lcingredients.com\/joint-comfort\/#primaryimage"},"thumbnailUrl":"https:\/\/www.lcingredients.com\/wp-content\/uploads\/2025\/09\/active-men-running-in-the-city-1024x682.jpg","datePublished":"2023-09-22T15:30:41+00:00","dateModified":"2025-10-10T15:28:20+00:00","description":"Entdecken Sie die wichtigsten Inhaltsstoffe f\u00fcr ein gesundes Gelenkgef\u00fchl und erfahren Sie, wie diese die Gesundheit Ihres Bewegungsapparats und Ihre t\u00e4glichen Aktivit\u00e4ten verbessern k\u00f6nnen.","breadcrumb":{"@id":"https:\/\/www.lcingredients.com\/joint-comfort\/#breadcrumb"},"inLanguage":"de","potentialAction":[{"@type":"ReadAction","target":["https:\/\/www.lcingredients.com\/joint-comfort\/"]}]},{"@type":"ImageObject","inLanguage":"de","@id":"https:\/\/www.lcingredients.com\/joint-comfort\/#primaryimage","url":"https:\/\/www.lcingredients.com\/wp-content\/uploads\/2025\/09\/active-men-running-in-the-city-1024x682.jpg","contentUrl":"https:\/\/www.lcingredients.com\/wp-content\/uploads\/2025\/09\/active-men-running-in-the-city-1024x682.jpg"},{"@type":"BreadcrumbList","@id":"https:\/\/www.lcingredients.com\/joint-comfort\/#breadcrumb","itemListElement":[{"@type":"ListItem","position":1,"name":"Home","item":"https:\/\/www.lcingredients.com\/"},{"@type":"ListItem","position":2,"name":"Joint comfort"}]},{"@type":"WebSite","@id":"https:\/\/www.lcingredients.com\/#website","url":"https:\/\/www.lcingredients.com\/","name":"LC-Zutaten","description":"Entdecken Sie hochwertige Inhaltsstoffe f\u00fcr Ihre Nahrungserg\u00e4nzungsmittel und Kosmetikformulierungen.","publisher":{"@id":"https:\/\/www.lcingredients.com\/#organization"},"potentialAction":[{"@type":"SearchAction","target":{"@type":"EntryPoint","urlTemplate":"https:\/\/www.lcingredients.com\/?s={search_term_string}"},"query-input":{"@type":"PropertyValueSpecification","valueRequired":true,"valueName":"search_term_string"}}],"inLanguage":"de"},{"@type":"Organization","@id":"https:\/\/www.lcingredients.com\/#organization","name":"LC-Zutaten","url":"https:\/\/www.lcingredients.com\/","logo":{"@type":"ImageObject","inLanguage":"de","@id":"https:\/\/www.lcingredients.com\/#\/schema\/logo\/image\/","url":"https:\/\/www.lcingredients.com\/wp-content\/uploads\/2023\/10\/LOGO-LC-INGREDIENTS.png","contentUrl":"https:\/\/www.lcingredients.com\/wp-content\/uploads\/2023\/10\/LOGO-LC-INGREDIENTS.png","width":1280,"height":1060,"caption":"LC Ingredients"},"image":{"@id":"https:\/\/www.lcingredients.com\/#\/schema\/logo\/image\/"},"sameAs":["https:\/\/www.linkedin.com\/company\/lcingredients\/"]}]}},"_links":{"self":[{"href":"https:\/\/www.lcingredients.com\/de\/wp-json\/wp\/v2\/pages\/490","targetHints":{"allow":["GET"]}}],"collection":[{"href":"https:\/\/www.lcingredients.com\/de\/wp-json\/wp\/v2\/pages"}],"about":[{"href":"https:\/\/www.lcingredients.com\/de\/wp-json\/wp\/v2\/types\/page"}],"author":[{"embeddable":true,"href":"https:\/\/www.lcingredients.com\/de\/wp-json\/wp\/v2\/users\/3"}],"replies":[{"embeddable":true,"href":"https:\/\/www.lcingredients.com\/de\/wp-json\/wp\/v2\/comments?post=490"}],"version-history":[{"count":31,"href":"https:\/\/www.lcingredients.com\/de\/wp-json\/wp\/v2\/pages\/490\/revisions"}],"predecessor-version":[{"id":5022,"href":"https:\/\/www.lcingredients.com\/de\/wp-json\/wp\/v2\/pages\/490\/revisions\/5022"}],"wp:attachment":[{"href":"https:\/\/www.lcingredients.com\/de\/wp-json\/wp\/v2\/media?parent=490"}],"curies":[{"name":"wp","href":"https:\/\/api.w.org\/{rel}","templated":true}]}}