{"id":488,"date":"2023-09-22T15:30:02","date_gmt":"2023-09-22T15:30:02","guid":{"rendered":"https:\/\/www.lcingredients.com\/?page_id=488"},"modified":"2025-10-10T16:39:04","modified_gmt":"2025-10-10T16:39:04","slug":"inhaltsstoffe-braunung","status":"publish","type":"page","link":"https:\/\/www.lcingredients.com\/de\/inhaltsstoffe-braunung\/","title":{"rendered":"Br\u00e4unen"},"content":{"rendered":"<div data-elementor-type=\"wp-page\" data-elementor-id=\"488\" class=\"elementor elementor-488\" data-elementor-post-type=\"page\">\n\t\t\t\t\t\t<section class=\"elementor-section elementor-top-section elementor-element elementor-element-5094b8f elementor-section-full_width elementor-section-height-default elementor-section-height-default\" data-id=\"5094b8f\" data-element_type=\"section\" data-e-type=\"section\">\n\t\t\t\t\t\t<div class=\"elementor-container elementor-column-gap-default\">\n\t\t\t\t\t<div class=\"elementor-column elementor-col-100 elementor-top-column elementor-element elementor-element-5ae7b67\" data-id=\"5ae7b67\" data-element_type=\"column\" data-e-type=\"column\">\n\t\t\t<div class=\"elementor-widget-wrap elementor-element-populated\">\n\t\t\t\t\t\t<div class=\"elementor-element elementor-element-e76dfdd elementor-widget elementor-widget-image\" data-id=\"e76dfdd\" data-element_type=\"widget\" data-e-type=\"widget\" data-widget_type=\"image.default\">\n\t\t\t\t<div class=\"elementor-widget-container\">\n\t\t\t\t\t\t\t\t\t\t\t\t\t\t\t<img fetchpriority=\"high\" decoding=\"async\" width=\"800\" height=\"757\" src=\"https:\/\/www.lcingredients.com\/wp-content\/uploads\/2024\/03\/shutterstock_481178416-2048x1937-1.jpg\" class=\"attachment-large size-large wp-image-1970\" alt=\"\" \/>\t\t\t\t\t\t\t\t\t\t\t\t\t\t\t<\/div>\n\t\t\t\t<\/div>\n\t\t\t\t<div class=\"elementor-element elementor-element-d22b44d elementor-widget elementor-widget-heading\" data-id=\"d22b44d\" data-element_type=\"widget\" data-e-type=\"widget\" data-widget_type=\"heading.default\">\n\t\t\t\t<div class=\"elementor-widget-container\">\n\t\t\t\t\t<h1 class=\"elementor-heading-title elementor-size-default\">UNSERE BR\u00c4UNUNGSINHALTSSTOFFE<\/h1>\t\t\t\t<\/div>\n\t\t\t\t<\/div>\n\t\t\t\t\t<\/div>\n\t\t<\/div>\n\t\t\t\t\t<\/div>\n\t\t<\/section>\n\t\t\t\t<section class=\"elementor-section elementor-top-section elementor-element elementor-element-7b8cef6 elementor-section-boxed elementor-section-height-default elementor-section-height-default\" data-id=\"7b8cef6\" data-element_type=\"section\" data-e-type=\"section\">\n\t\t\t\t\t\t<div class=\"elementor-container elementor-column-gap-default\">\n\t\t\t\t\t<div class=\"elementor-column elementor-col-100 elementor-top-column elementor-element elementor-element-4adbb65\" data-id=\"4adbb65\" data-element_type=\"column\" data-e-type=\"column\">\n\t\t\t<div class=\"elementor-widget-wrap elementor-element-populated\">\n\t\t\t\t\t\t<div class=\"elementor-element elementor-element-acd3733 elementor-widget elementor-widget-heading\" data-id=\"acd3733\" data-element_type=\"widget\" data-e-type=\"widget\" data-widget_type=\"heading.default\">\n\t\t\t\t<div class=\"elementor-widget-container\">\n\t\t\t\t\t<h1 class=\"elementor-heading-title elementor-size-default\">NAT\u00dcRLICHER GLANZ MIT N\u00c4HRSTOFFVERSORGUNG F\u00dcR DIE BR\u00c4UNUNG<\/h1>\t\t\t\t<\/div>\n\t\t\t\t<\/div>\n\t\t\t\t<section class=\"elementor-section elementor-inner-section elementor-element elementor-element-2ffa5b9 elementor-section-boxed elementor-section-height-default elementor-section-height-default\" data-id=\"2ffa5b9\" data-element_type=\"section\" data-e-type=\"section\">\n\t\t\t\t\t\t<div class=\"elementor-container elementor-column-gap-default\">\n\t\t\t\t\t<div class=\"elementor-column elementor-col-50 elementor-inner-column elementor-element elementor-element-e71af0c\" data-id=\"e71af0c\" data-element_type=\"column\" data-e-type=\"column\">\n\t\t\t<div class=\"elementor-widget-wrap elementor-element-populated\">\n\t\t\t\t\t\t<div class=\"elementor-element elementor-element-1d3b61a elementor-widget elementor-widget-text-editor\" data-id=\"1d3b61a\" data-element_type=\"widget\" data-e-type=\"widget\" data-widget_type=\"text-editor.default\">\n\t\t\t\t<div class=\"elementor-widget-container\">\n\t\t\t\t\t\t\t\t\t<p>Br\u00e4unungsstoffe in Nahrungserg\u00e4nzungsmitteln sollen die Melaninproduktion auf nat\u00fcrliche Weise anregen und der Haut helfen, ohne \u00fcberm\u00e4\u00dfige Sonneneinstrahlung einen sonnengebr\u00e4unten Teint zu entwickeln.\u00a0<\/p>\t\t\t\t\t\t\t\t<\/div>\n\t\t\t\t<\/div>\n\t\t\t\t\t<\/div>\n\t\t<\/div>\n\t\t\t\t<div class=\"elementor-column elementor-col-50 elementor-inner-column elementor-element elementor-element-f4956a1\" data-id=\"f4956a1\" data-element_type=\"column\" data-e-type=\"column\">\n\t\t\t<div class=\"elementor-widget-wrap elementor-element-populated\">\n\t\t\t\t\t\t<div class=\"elementor-element elementor-element-16c4adf elementor-widget elementor-widget-text-editor\" data-id=\"16c4adf\" data-element_type=\"widget\" data-e-type=\"widget\" data-widget_type=\"text-editor.default\">\n\t\t\t\t<div class=\"elementor-widget-container\">\n\t\t\t\t\t\t\t\t\t<p>Diese Wirkstoffe wirken von innen heraus und sorgen f\u00fcr einen ebenm\u00e4\u00dfigeren, strahlenderen Teint. Gleichzeitig tragen sie zum Schutz der Haut und zur antioxidativen Abwehr bei. Sie eignen sich ideal f\u00fcr Sch\u00f6nheitsformeln von innen und bieten eine sichere und effektive M\u00f6glichkeit, den Glanz und die Vitalit\u00e4t der Haut zu verbessern.<\/p>\t\t\t\t\t\t\t\t<\/div>\n\t\t\t\t<\/div>\n\t\t\t\t\t<\/div>\n\t\t<\/div>\n\t\t\t\t\t<\/div>\n\t\t<\/section>\n\t\t\t\t\t<\/div>\n\t\t<\/div>\n\t\t\t\t\t<\/div>\n\t\t<\/section>\n\t\t\t\t<section class=\"elementor-section elementor-top-section elementor-element elementor-element-ccf4027 elementor-section-boxed elementor-section-height-default elementor-section-height-default\" data-id=\"ccf4027\" data-element_type=\"section\" data-e-type=\"section\">\n\t\t\t\t\t\t<div class=\"elementor-container elementor-column-gap-default\">\n\t\t\t\t\t<div class=\"elementor-column elementor-col-50 elementor-top-column elementor-element elementor-element-129b8c7\" data-id=\"129b8c7\" data-element_type=\"column\" data-e-type=\"column\" data-settings=\"{&quot;background_background&quot;:&quot;classic&quot;}\">\n\t\t\t<div class=\"elementor-widget-wrap elementor-element-populated\">\n\t\t\t\t\t\t<div class=\"elementor-element elementor-element-b46292d elementor-widget elementor-widget-spacer\" data-id=\"b46292d\" data-element_type=\"widget\" data-e-type=\"widget\" data-widget_type=\"spacer.default\">\n\t\t\t\t<div class=\"elementor-widget-container\">\n\t\t\t\t\t\t\t<div class=\"elementor-spacer\">\n\t\t\t<div class=\"elementor-spacer-inner\"><\/div>\n\t\t<\/div>\n\t\t\t\t\t\t<\/div>\n\t\t\t\t<\/div>\n\t\t\t\t<div class=\"elementor-element elementor-element-638f884 elementor-widget elementor-widget-image\" data-id=\"638f884\" data-element_type=\"widget\" data-e-type=\"widget\" data-widget_type=\"image.default\">\n\t\t\t\t<div class=\"elementor-widget-container\">\n\t\t\t\t\t\t\t\t\t\t\t\t\t\t\t\t<a href=\"https:\/\/www.lcingredients.com\/de\/melaline\/\">\n\t\t\t\t\t\t\t<img decoding=\"async\" width=\"800\" height=\"480\" src=\"https:\/\/www.lcingredients.com\/wp-content\/uploads\/2023\/09\/Melaline.png\" class=\"attachment-large size-large wp-image-511\" alt=\"\" srcset=\"https:\/\/www.lcingredients.com\/wp-content\/uploads\/2023\/09\/Melaline.png 800w, https:\/\/www.lcingredients.com\/wp-content\/uploads\/2023\/09\/Melaline-300x180.png 300w, https:\/\/www.lcingredients.com\/wp-content\/uploads\/2023\/09\/Melaline-768x461.png 768w\" sizes=\"(max-width: 800px) 100vw, 800px\" \/>\t\t\t\t\t\t\t\t<\/a>\n\t\t\t\t\t\t\t\t\t\t\t\t\t\t\t<\/div>\n\t\t\t\t<\/div>\n\t\t\t\t\t<\/div>\n\t\t<\/div>\n\t\t\t\t<div class=\"elementor-column elementor-col-50 elementor-top-column elementor-element elementor-element-4c02f6e\" data-id=\"4c02f6e\" data-element_type=\"column\" data-e-type=\"column\" data-settings=\"{&quot;background_background&quot;:&quot;classic&quot;}\">\n\t\t\t<div class=\"elementor-widget-wrap elementor-element-populated\">\n\t\t\t\t\t\t<div class=\"elementor-element elementor-element-789abb7 elementor-widget elementor-widget-heading\" data-id=\"789abb7\" data-element_type=\"widget\" data-e-type=\"widget\" data-widget_type=\"heading.default\">\n\t\t\t\t<div class=\"elementor-widget-container\">\n\t\t\t\t\t<h2 class=\"elementor-heading-title elementor-size-default\">MELALINE\u00ae<\/h2>\t\t\t\t<\/div>\n\t\t\t\t<\/div>\n\t\t\t\t<div class=\"elementor-element elementor-element-ca42a7f elementor-widget elementor-widget-text-editor\" data-id=\"ca42a7f\" data-element_type=\"widget\" data-e-type=\"widget\" data-widget_type=\"text-editor.default\">\n\t\t\t\t<div class=\"elementor-widget-container\">\n\t\t\t\t\t\t\t\t\t<p><strong>Melaline\u00ae<\/strong> steigert die Hautpigmentierung und Br\u00e4unung durch Stimulierung der Melanogenese.\u00a0<\/p><p>Es intensiviert, beschleunigt und verl\u00e4ngert die Br\u00e4unungswirkung. Tats\u00e4chlich sch\u00fctzt es die Haut vor UV-Strahlen, indem es ihre nat\u00fcrliche Barriere st\u00e4rkt.\u00a0<\/p><p>Dar\u00fcber hinaus regeneriert es die Epidermis.\u00a0<\/p>\t\t\t\t\t\t\t\t<\/div>\n\t\t\t\t<\/div>\n\t\t\t\t<div class=\"elementor-element elementor-element-96e7764 elementor-button-info elementor-align-center elementor-widget elementor-widget-button\" data-id=\"96e7764\" data-element_type=\"widget\" data-e-type=\"widget\" data-widget_type=\"button.default\">\n\t\t\t\t<div class=\"elementor-widget-container\">\n\t\t\t\t\t\t\t\t\t<div class=\"elementor-button-wrapper\">\n\t\t\t\t\t<a class=\"elementor-button elementor-button-link elementor-size-sm\" href=\"https:\/\/www.lcingredients.com\/de\/ernahrung-mit-melaline-inhaltsstoffen\/\">\n\t\t\t\t\t\t<span class=\"elementor-button-content-wrapper\">\n\t\t\t\t\t\t\t\t\t<span class=\"elementor-button-text\">Mehr anzeigen<\/span>\n\t\t\t\t\t<\/span>\n\t\t\t\t\t<\/a>\n\t\t\t\t<\/div>\n\t\t\t\t\t\t\t\t<\/div>\n\t\t\t\t<\/div>\n\t\t\t\t\t<\/div>\n\t\t<\/div>\n\t\t\t\t\t<\/div>\n\t\t<\/section>\n\t\t\t\t<\/div>","protected":false},"excerpt":{"rendered":"<p>UNSERE BR\u00c4UNUNGSINHALTSSTOFFE: NAT\u00dcRLICHER GLANZ MIT N\u00c4HRSTOFFUNTERST\u00dcTZUNG DER BR\u00c4UNUNG. Br\u00e4unungsstoffe f\u00fcr Nahrungserg\u00e4nzungsmittel stimulieren die nat\u00fcrliche Melaninproduktion und helfen der Haut, einen sonnengebr\u00e4unten Teint zu entwickeln, ohne \u00fcberm\u00e4\u00dfige Sonneneinstrahlung. Diese Wirkstoffe wirken von innen heraus und sorgen f\u00fcr einen ebenm\u00e4\u00dfigeren, strahlenden Teint. Gleichzeitig tragen sie zum Schutz der Haut und zur antioxidativen Abwehr bei. Ideal f\u00fcr Sch\u00f6nheit von innen [\u2026]<\/p>","protected":false},"author":3,"featured_media":0,"parent":0,"menu_order":0,"comment_status":"closed","ping_status":"closed","template":"","meta":{"_eb_attr":"","footnotes":""},"class_list":["post-488","page","type-page","status-publish","hentry"],"yoast_head":"<!-- This site is optimized with the Yoast SEO plugin v26.7 - https:\/\/yoast.com\/wordpress\/plugins\/seo\/ -->\n<title>Ingredients for Tanning - LC Ingredients<\/title>\n<meta name=\"description\" content=\"Discover our ingredients for increasing and long lasting tanning. Perfect for food supplements formulation\" \/>\n<meta name=\"robots\" content=\"index, follow, max-snippet:-1, max-image-preview:large, max-video-preview:-1\" \/>\n<link rel=\"canonical\" href=\"https:\/\/www.lcingredients.com\/de\/inhaltsstoffe-braunung\/\" \/>\n<meta property=\"og:locale\" content=\"de_DE\" \/>\n<meta property=\"og:type\" content=\"article\" \/>\n<meta property=\"og:title\" content=\"Ingredients for Tanning - LC Ingredients\" \/>\n<meta property=\"og:description\" content=\"Discover our ingredients for increasing and long lasting tanning. Perfect for food supplements formulation\" \/>\n<meta property=\"og:url\" content=\"https:\/\/www.lcingredients.com\/de\/inhaltsstoffe-braunung\/\" \/>\n<meta property=\"og:site_name\" content=\"LC Ingredients\" \/>\n<meta property=\"article:modified_time\" content=\"2025-10-10T16:39:04+00:00\" \/>\n<meta property=\"og:image\" content=\"https:\/\/www.lcingredients.com\/wp-content\/uploads\/2024\/03\/shutterstock_481178416-2048x1937-1.jpg\" \/>\n\t<meta property=\"og:image:width\" content=\"2048\" \/>\n\t<meta property=\"og:image:height\" content=\"1937\" \/>\n\t<meta property=\"og:image:type\" content=\"image\/jpeg\" \/>\n<meta name=\"twitter:card\" content=\"summary_large_image\" \/>\n<meta name=\"twitter:label1\" content=\"Gesch\u00e4tzte Lesezeit\" \/>\n\t<meta name=\"twitter:data1\" content=\"1 Minute\" \/>\n<script type=\"application\/ld+json\" class=\"yoast-schema-graph\">{\"@context\":\"https:\/\/schema.org\",\"@graph\":[{\"@type\":\"WebPage\",\"@id\":\"https:\/\/www.lcingredients.com\/ingredients-tanning\/\",\"url\":\"https:\/\/www.lcingredients.com\/ingredients-tanning\/\",\"name\":\"Ingredients for Tanning - LC Ingredients\",\"isPartOf\":{\"@id\":\"https:\/\/www.lcingredients.com\/#website\"},\"primaryImageOfPage\":{\"@id\":\"https:\/\/www.lcingredients.com\/ingredients-tanning\/#primaryimage\"},\"image\":{\"@id\":\"https:\/\/www.lcingredients.com\/ingredients-tanning\/#primaryimage\"},\"thumbnailUrl\":\"https:\/\/www.lcingredients.com\/wp-content\/uploads\/2024\/03\/shutterstock_481178416-2048x1937-1.jpg\",\"datePublished\":\"2023-09-22T15:30:02+00:00\",\"dateModified\":\"2025-10-10T16:39:04+00:00\",\"description\":\"Discover our ingredients for increasing and long lasting tanning. Perfect for food supplements formulation\",\"breadcrumb\":{\"@id\":\"https:\/\/www.lcingredients.com\/ingredients-tanning\/#breadcrumb\"},\"inLanguage\":\"de\",\"potentialAction\":[{\"@type\":\"ReadAction\",\"target\":[\"https:\/\/www.lcingredients.com\/ingredients-tanning\/\"]}]},{\"@type\":\"ImageObject\",\"inLanguage\":\"de\",\"@id\":\"https:\/\/www.lcingredients.com\/ingredients-tanning\/#primaryimage\",\"url\":\"https:\/\/www.lcingredients.com\/wp-content\/uploads\/2024\/03\/shutterstock_481178416-2048x1937-1.jpg\",\"contentUrl\":\"https:\/\/www.lcingredients.com\/wp-content\/uploads\/2024\/03\/shutterstock_481178416-2048x1937-1.jpg\"},{\"@type\":\"BreadcrumbList\",\"@id\":\"https:\/\/www.lcingredients.com\/ingredients-tanning\/#breadcrumb\",\"itemListElement\":[{\"@type\":\"ListItem\",\"position\":1,\"name\":\"Home\",\"item\":\"https:\/\/www.lcingredients.com\/\"},{\"@type\":\"ListItem\",\"position\":2,\"name\":\"Tanning\"}]},{\"@type\":\"WebSite\",\"@id\":\"https:\/\/www.lcingredients.com\/#website\",\"url\":\"https:\/\/www.lcingredients.com\/\",\"name\":\"LC Ingredients\",\"description\":\"Discover high-quality ingredients for your food supplements and cosmetics formulations.\",\"publisher\":{\"@id\":\"https:\/\/www.lcingredients.com\/#organization\"},\"potentialAction\":[{\"@type\":\"SearchAction\",\"target\":{\"@type\":\"EntryPoint\",\"urlTemplate\":\"https:\/\/www.lcingredients.com\/?s={search_term_string}\"},\"query-input\":{\"@type\":\"PropertyValueSpecification\",\"valueRequired\":true,\"valueName\":\"search_term_string\"}}],\"inLanguage\":\"de\"},{\"@type\":\"Organization\",\"@id\":\"https:\/\/www.lcingredients.com\/#organization\",\"name\":\"LC Ingredients\",\"url\":\"https:\/\/www.lcingredients.com\/\",\"logo\":{\"@type\":\"ImageObject\",\"inLanguage\":\"de\",\"@id\":\"https:\/\/www.lcingredients.com\/#\/schema\/logo\/image\/\",\"url\":\"https:\/\/www.lcingredients.com\/wp-content\/uploads\/2023\/10\/LOGO-LC-INGREDIENTS.png\",\"contentUrl\":\"https:\/\/www.lcingredients.com\/wp-content\/uploads\/2023\/10\/LOGO-LC-INGREDIENTS.png\",\"width\":1280,\"height\":1060,\"caption\":\"LC Ingredients\"},\"image\":{\"@id\":\"https:\/\/www.lcingredients.com\/#\/schema\/logo\/image\/\"},\"sameAs\":[\"https:\/\/www.linkedin.com\/company\/lcingredients\/\"]}]}<\/script>\n<!-- \/ Yoast SEO plugin. -->","yoast_head_json":{"title":"Zutaten f\u00fcr die Br\u00e4unung \u2013 LC Ingredients","description":"Entdecken Sie unsere Inhaltsstoffe f\u00fcr eine gesteigerte und langanhaltende Br\u00e4une. Perfekt f\u00fcr die Formulierung von Nahrungserg\u00e4nzungsmitteln","robots":{"index":"index","follow":"follow","max-snippet":"max-snippet:-1","max-image-preview":"max-image-preview:large","max-video-preview":"max-video-preview:-1"},"canonical":"https:\/\/www.lcingredients.com\/de\/inhaltsstoffe-braunung\/","og_locale":"de_DE","og_type":"article","og_title":"Ingredients for Tanning - LC Ingredients","og_description":"Discover our ingredients for increasing and long lasting tanning. Perfect for food supplements formulation","og_url":"https:\/\/www.lcingredients.com\/de\/inhaltsstoffe-braunung\/","og_site_name":"LC Ingredients","article_modified_time":"2025-10-10T16:39:04+00:00","og_image":[{"width":2048,"height":1937,"url":"https:\/\/www.lcingredients.com\/wp-content\/uploads\/2024\/03\/shutterstock_481178416-2048x1937-1.jpg","type":"image\/jpeg"}],"twitter_card":"summary_large_image","twitter_misc":{"Gesch\u00e4tzte Lesezeit":"1 Minute"},"schema":{"@context":"https:\/\/schema.org","@graph":[{"@type":"WebPage","@id":"https:\/\/www.lcingredients.com\/ingredients-tanning\/","url":"https:\/\/www.lcingredients.com\/ingredients-tanning\/","name":"Zutaten f\u00fcr die Br\u00e4unung \u2013 LC Ingredients","isPartOf":{"@id":"https:\/\/www.lcingredients.com\/#website"},"primaryImageOfPage":{"@id":"https:\/\/www.lcingredients.com\/ingredients-tanning\/#primaryimage"},"image":{"@id":"https:\/\/www.lcingredients.com\/ingredients-tanning\/#primaryimage"},"thumbnailUrl":"https:\/\/www.lcingredients.com\/wp-content\/uploads\/2024\/03\/shutterstock_481178416-2048x1937-1.jpg","datePublished":"2023-09-22T15:30:02+00:00","dateModified":"2025-10-10T16:39:04+00:00","description":"Entdecken Sie unsere Inhaltsstoffe f\u00fcr eine gesteigerte und langanhaltende Br\u00e4une. Perfekt f\u00fcr die Formulierung von Nahrungserg\u00e4nzungsmitteln","breadcrumb":{"@id":"https:\/\/www.lcingredients.com\/ingredients-tanning\/#breadcrumb"},"inLanguage":"de","potentialAction":[{"@type":"ReadAction","target":["https:\/\/www.lcingredients.com\/ingredients-tanning\/"]}]},{"@type":"ImageObject","inLanguage":"de","@id":"https:\/\/www.lcingredients.com\/ingredients-tanning\/#primaryimage","url":"https:\/\/www.lcingredients.com\/wp-content\/uploads\/2024\/03\/shutterstock_481178416-2048x1937-1.jpg","contentUrl":"https:\/\/www.lcingredients.com\/wp-content\/uploads\/2024\/03\/shutterstock_481178416-2048x1937-1.jpg"},{"@type":"BreadcrumbList","@id":"https:\/\/www.lcingredients.com\/ingredients-tanning\/#breadcrumb","itemListElement":[{"@type":"ListItem","position":1,"name":"Home","item":"https:\/\/www.lcingredients.com\/"},{"@type":"ListItem","position":2,"name":"Tanning"}]},{"@type":"WebSite","@id":"https:\/\/www.lcingredients.com\/#website","url":"https:\/\/www.lcingredients.com\/","name":"LC-Zutaten","description":"Entdecken Sie hochwertige Inhaltsstoffe f\u00fcr Ihre Nahrungserg\u00e4nzungsmittel und Kosmetikformulierungen.","publisher":{"@id":"https:\/\/www.lcingredients.com\/#organization"},"potentialAction":[{"@type":"SearchAction","target":{"@type":"EntryPoint","urlTemplate":"https:\/\/www.lcingredients.com\/?s={search_term_string}"},"query-input":{"@type":"PropertyValueSpecification","valueRequired":true,"valueName":"search_term_string"}}],"inLanguage":"de"},{"@type":"Organization","@id":"https:\/\/www.lcingredients.com\/#organization","name":"LC-Zutaten","url":"https:\/\/www.lcingredients.com\/","logo":{"@type":"ImageObject","inLanguage":"de","@id":"https:\/\/www.lcingredients.com\/#\/schema\/logo\/image\/","url":"https:\/\/www.lcingredients.com\/wp-content\/uploads\/2023\/10\/LOGO-LC-INGREDIENTS.png","contentUrl":"https:\/\/www.lcingredients.com\/wp-content\/uploads\/2023\/10\/LOGO-LC-INGREDIENTS.png","width":1280,"height":1060,"caption":"LC Ingredients"},"image":{"@id":"https:\/\/www.lcingredients.com\/#\/schema\/logo\/image\/"},"sameAs":["https:\/\/www.linkedin.com\/company\/lcingredients\/"]}]}},"_links":{"self":[{"href":"https:\/\/www.lcingredients.com\/de\/wp-json\/wp\/v2\/pages\/488","targetHints":{"allow":["GET"]}}],"collection":[{"href":"https:\/\/www.lcingredients.com\/de\/wp-json\/wp\/v2\/pages"}],"about":[{"href":"https:\/\/www.lcingredients.com\/de\/wp-json\/wp\/v2\/types\/page"}],"author":[{"embeddable":true,"href":"https:\/\/www.lcingredients.com\/de\/wp-json\/wp\/v2\/users\/3"}],"replies":[{"embeddable":true,"href":"https:\/\/www.lcingredients.com\/de\/wp-json\/wp\/v2\/comments?post=488"}],"version-history":[{"count":20,"href":"https:\/\/www.lcingredients.com\/de\/wp-json\/wp\/v2\/pages\/488\/revisions"}],"predecessor-version":[{"id":5147,"href":"https:\/\/www.lcingredients.com\/de\/wp-json\/wp\/v2\/pages\/488\/revisions\/5147"}],"wp:attachment":[{"href":"https:\/\/www.lcingredients.com\/de\/wp-json\/wp\/v2\/media?parent=488"}],"curies":[{"name":"wp","href":"https:\/\/api.w.org\/{rel}","templated":true}]}}