{"id":3,"date":"2023-06-26T12:45:29","date_gmt":"2023-06-26T12:45:29","guid":{"rendered":"https:\/\/www.lcingredients.com\/?page_id=3"},"modified":"2023-10-23T08:26:20","modified_gmt":"2023-10-23T08:26:20","slug":"datenschutzrichtlinie","status":"publish","type":"page","link":"https:\/\/www.lcingredients.com\/de\/datenschutzrichtlinie\/","title":{"rendered":"Datenschutzrichtlinie"},"content":{"rendered":"<h2 class=\"wp-block-heading\">Wer wir sind<\/h2>\n\n\n\n<p><strong class=\"privacy-policy-tutorial\">Vorgeschlagener Text: <\/strong>Unsere Website-Adresse lautet: https:\/\/www.lcingredients.com.<\/p>\n\n\n\n<p>LC-Zutaten<br>Adresse: 227, Avenue de Provence<br>13600 La Ciotat, Frankreich<br>Telefon: +33 (0)4 42 08 89 20<br>E-Mail: contact@lcingredients.com<\/p>\n\n\n\n<h2 class=\"wp-block-heading\">Website design<br><\/h2>\n\n\n\n<p>Design, IT-Entwicklung, Grafik und Website-Erstellung von CoobleWeb<\/p>\n\n\n\n<h2 class=\"wp-block-heading\">GEISTIGES EIGENTUM<\/h2>\n\n\n\n<p>Der allgemeine Aufbau sowie der Fragebogen, Texte, animierte oder unbewegte Bilder, T\u00f6ne, Grafiken,<br>Herunterladbare Dokumente, Datenbanken und alle anderen Elemente, aus denen die Website besteht, unterliegen dem aktuellen Stand<br>und bleiben das ausschlie\u00dfliche Eigentum von LC ingr\u00e9dients. Jegliche Vervielf\u00e4ltigung oder Weiterverbreitung aller oder eines Teils dieser Inhalte bedarf der vorherigen, schriftlichen und ausdr\u00fccklichen Genehmigung von LC ingr\u00e9dients.<\/p>\n\n\n\n<h2 class=\"wp-block-heading\">HYPERLINK<\/h2>\n\n\n\n<p>LC ingr\u00e9dients genehmigt die Erstellung von Hypertext-Links zu den Inhalten seiner Website unter folgenden Bedingungen:<br>Der Link zur Website von LC ingr\u00e9dients ist durch \u00d6ffnen eines neuen Fensters\/Tabs zug\u00e4nglich.<br>Jegliche Reproduktion eines Elements der Website auf einer Website Dritter durch Einbindung, Framing, Inlining oder andere \u00e4hnliche Verfahren ist untersagt.<br>Frames, Inlining oder \u00e4hnliche Verfahren sind strengstens untersagt.<br>Im \u201eTitel\u201c-Tag des Links m\u00fcssen LC-Inhaltsstoffe erw\u00e4hnt werden und die Quelle muss deutlich auf oder in der N\u00e4he des Links angegeben werden.<br>Der Link wird nicht f\u00fcr kommerzielle oder Werbezwecke verwendet.<br>Diese Genehmigung gilt nicht f\u00fcr Websites, die Informationen gewaltt\u00e4tiger, pornografischer oder fremdenfeindlicher Art, pornografischer, fremdenfeindlicher oder sonstiger Art anst\u00f6\u00dfiger Natur sind.<\/p>\n\n\n\n<h2 class=\"wp-block-heading\">WEBSITE-COOKIES<\/h2>\n\n\n\n<p>Diese Website verwendet Cookies \u2013 kleine Textdateien, die auf Ihrem Computer abgelegt werden, um der Website zu helfen, ein besseres Benutzererlebnis zu bieten. Im Allgemeinen werden Cookies verwendet, um Benutzerpr\u00e4ferenzen zu verfolgen, Informationen f\u00fcr Dinge wie Einkaufswagen zu speichern und anonymisierte Tracking-Daten an Drittanwendungen wie Google Analytics bereitzustellen. Im Allgemeinen verbessern Cookies Ihr Surferlebnis. M\u00f6glicherweise m\u00f6chten Sie jedoch, dass Cookies auf dieser und anderen Websites deaktiviert werden. Am effektivsten ist es, Cookies in Ihrem Browser zu deaktivieren. Wir empfehlen Ihnen, den Hilfebereich Ihres Browsers oder die Website \u201e\u00dcber Cookies\u201c zu konsultieren, die Ratschl\u00e4ge f\u00fcr alle modernen Browser bietet.<\/p>\n\n\n\n<h2 class=\"wp-block-heading\">PERS\u00d6NLICHE DATEN<\/h2>\n\n\n\n<p>IDENTIT\u00c4T DES DATENVERANTWORTLICHEN<br>Personenbezogene Daten werden von LC Ingredients erhoben<br>Der Verantwortliche f\u00fcr die Verarbeitung personenbezogener Daten ist Lorenzo Carlini.<\/p>\n\n\n\n<h2 class=\"wp-block-heading\">ZWECK DER VERARBEITUNG<\/h2>\n\n\n\n<p>Daten werden gesammelt und verarbeitet, um LC ingr\u00e9dients zu erm\u00f6glichen:<br>Bereitstellung einer Zusammenfassung der Ergebnisse nach T\u00e4tigkeitsbereich, Unternehmensgr\u00f6\u00dfe usw. f\u00fcr die Befragten.<br>Bearbeiten Sie die Diagnose und verkn\u00fcpfen Sie relevante Ratschl\u00e4ge zur Weiterleitung an die Befragten.<br>Beantwortung schriftlicher Anfragen \u00fcber das Kontaktformular<br>einen Newsletter versenden,<br>Messen Sie die Zielgruppe der Website.<br>Blog-bezogene Kommentare verfolgen<br>Verfolgen Sie Website-K\u00e4ufe<\/p>\n\n\n\n<h2 class=\"wp-block-heading\">INFORMATIONSEMPF\u00c4NGER<\/h2>\n\n\n\n<p>Empf\u00e4nger der Daten ist die LC-Zutatenabteilung, die f\u00fcr die digitale Umsetzung und die Umsetzung der RGPD zust\u00e4ndig ist.<\/p>\n\n\n\n<h2 class=\"wp-block-heading\">PERS\u00d6NLICHE RECHTE<\/h2>\n\n\n\n<p>Gem\u00e4\u00df dem franz\u00f6sischen Datenschutzgesetz Nr. 78-17 vom 6. Januar 1978 in der ge\u00e4nderten Fassung haben Sie ein Recht auf Zugang zu den verarbeiteten Daten und k\u00f6nnen eine Berichtigung verlangen oder Ihr Recht auf Widerspruch aus\u00fcben.<br><\/p>\n\n\n\n<p>Sie k\u00f6nnen Ihre Rechte aus\u00fcben, indem Sie uns \u00fcber unser Kontaktformular oder auf der kontaktieren<br>Spezielle Seite: RGPD \u2013 Anfrage nach personenbezogenen Daten<br>Gem\u00e4\u00df den geltenden Vorschriften muss Ihrer Anfrage eine Fotokopie eines Ausweisdokuments beiliegen und die Adresse angeben, an die die Antwort gesendet werden soll.<br><\/p>\n\n\n\n<p>Wir laden Sie au\u00dferdem ein, unsere Richtlinien zur Verwendung von Cookies zu lesen, siehe Abschnitt II dieser rechtlichen Hinweise.<\/p>\n\n\n\n<h2 class=\"wp-block-heading\">KONTAKT FORMULAR<\/h2>\n\n\n\n<p>Die \u00fcber das Kontaktformular und den Chabot erhobenen Daten erm\u00f6glichen es LCingredients, auf Ihre Anfragen zu reagieren. Sie haben ein Recht auf Zugang zu den verarbeiteten Daten und k\u00f6nnen eine Berichtigung erhalten oder Ihr Widerspruchsrecht aus\u00fcben, indem Sie sich \u00fcber die entsprechende Seite an LC ingr\u00e9dients wenden.<\/p>\n\n\n\n<h2 class=\"wp-block-heading\">DATENSCHUTZRICHTLINIE<\/h2>\n\n\n\n<p>Arten der erhobenen Daten:<br>Namen, Vornamen, E-Mail, Telefon, Postanschrift, IP-Adresse.<br>Warum wir diese Daten sammeln:<br>Kommunikation \u00fcber Newsletter, Rechnungsstellung, Verfolgung des Nutzerverhaltens auf der Website\u2026<br>Aufbewahrungsfrist der Daten:<br>LC Ingr\u00e9dients speichert Marketingdaten maximal 3 Jahre und Abrechnungsdaten maximal 6 Jahre.<\/p>\n\n\n\n<p>Sicherheitsma\u00dfnahmen zur Einhaltung der DSGVO umgesetzt<br>Erstellung einer Seite zur \u00c4nderung personenbezogener Daten: https:\/\/www.lcingredients.com\/gdpr-rgpddemand\u2026ees-personnelles\/<br>Erstellung von Pflichtschaltfl\u00e4chen auf Kontaktformularen<\/p>","protected":false},"excerpt":{"rendered":"<p>Wer wir sind. Vorgeschlagener Text: Die Adresse unserer Website lautet: https:\/\/www.lcingredients.com. LC ingr\u00e9dientsAdresse: 227, Avenue de Provence13600 La Ciotat, FrankreichTelefon: +33 (0)4 42 08 89 20E-Mail: contact@lcingredients.com Website-Design Design, IT-Entwicklung, Grafiken und Website-Erstellung von CoobleWeb GEISTIGES EIGENTUM Die allgemeine Struktur sowie der Fragebogen, Texte, animierte oder unbewegte Bilder, [\u2026]<\/p>","protected":false},"author":1,"featured_media":0,"parent":0,"menu_order":0,"comment_status":"closed","ping_status":"open","template":"","meta":{"_eb_attr":"","footnotes":""},"class_list":["post-3","page","type-page","status-publish","hentry"],"yoast_head":"<!-- This site is optimized with the Yoast SEO plugin v26.7 - https:\/\/yoast.com\/wordpress\/plugins\/seo\/ -->\n<title>Privacy Policy - LC Ingredients<\/title>\n<meta name=\"description\" content=\"LC Ingredients - Privacy Policy\" \/>\n<meta name=\"robots\" content=\"index, follow, max-snippet:-1, max-image-preview:large, max-video-preview:-1\" \/>\n<link rel=\"canonical\" href=\"https:\/\/www.lcingredients.com\/de\/datenschutzrichtlinie\/\" \/>\n<meta property=\"og:locale\" content=\"de_DE\" \/>\n<meta property=\"og:type\" content=\"article\" \/>\n<meta property=\"og:title\" content=\"Privacy Policy - LC Ingredients\" \/>\n<meta property=\"og:description\" content=\"LC Ingredients - Privacy Policy\" \/>\n<meta property=\"og:url\" content=\"https:\/\/www.lcingredients.com\/de\/datenschutzrichtlinie\/\" \/>\n<meta property=\"og:site_name\" content=\"LC Ingredients\" \/>\n<meta property=\"article:modified_time\" content=\"2023-10-23T08:26:20+00:00\" \/>\n<meta name=\"twitter:card\" content=\"summary_large_image\" \/>\n<meta name=\"twitter:label1\" content=\"Gesch\u00e4tzte Lesezeit\" \/>\n\t<meta name=\"twitter:data1\" content=\"3 Minuten\" \/>\n<script type=\"application\/ld+json\" class=\"yoast-schema-graph\">{\"@context\":\"https:\/\/schema.org\",\"@graph\":[{\"@type\":\"WebPage\",\"@id\":\"https:\/\/www.lcingredients.com\/fr\/politique-de-confidentialite\/\",\"url\":\"https:\/\/www.lcingredients.com\/fr\/politique-de-confidentialite\/\",\"name\":\"Privacy Policy - LC Ingredients\",\"isPartOf\":{\"@id\":\"https:\/\/www.lcingredients.com\/#website\"},\"datePublished\":\"2023-06-26T12:45:29+00:00\",\"dateModified\":\"2023-10-23T08:26:20+00:00\",\"description\":\"LC Ingredients - Privacy Policy\",\"breadcrumb\":{\"@id\":\"https:\/\/www.lcingredients.com\/fr\/politique-de-confidentialite\/#breadcrumb\"},\"inLanguage\":\"de\",\"potentialAction\":[{\"@type\":\"ReadAction\",\"target\":[\"https:\/\/www.lcingredients.com\/fr\/politique-de-confidentialite\/\"]}]},{\"@type\":\"BreadcrumbList\",\"@id\":\"https:\/\/www.lcingredients.com\/fr\/politique-de-confidentialite\/#breadcrumb\",\"itemListElement\":[{\"@type\":\"ListItem\",\"position\":1,\"name\":\"Home\",\"item\":\"https:\/\/www.lcingredients.com\/\"},{\"@type\":\"ListItem\",\"position\":2,\"name\":\"Privacy Policy\"}]},{\"@type\":\"WebSite\",\"@id\":\"https:\/\/www.lcingredients.com\/#website\",\"url\":\"https:\/\/www.lcingredients.com\/\",\"name\":\"LC Ingredients\",\"description\":\"Discover high-quality ingredients for your food supplements and cosmetics formulations.\",\"publisher\":{\"@id\":\"https:\/\/www.lcingredients.com\/#organization\"},\"potentialAction\":[{\"@type\":\"SearchAction\",\"target\":{\"@type\":\"EntryPoint\",\"urlTemplate\":\"https:\/\/www.lcingredients.com\/?s={search_term_string}\"},\"query-input\":{\"@type\":\"PropertyValueSpecification\",\"valueRequired\":true,\"valueName\":\"search_term_string\"}}],\"inLanguage\":\"de\"},{\"@type\":\"Organization\",\"@id\":\"https:\/\/www.lcingredients.com\/#organization\",\"name\":\"LC Ingredients\",\"url\":\"https:\/\/www.lcingredients.com\/\",\"logo\":{\"@type\":\"ImageObject\",\"inLanguage\":\"de\",\"@id\":\"https:\/\/www.lcingredients.com\/#\/schema\/logo\/image\/\",\"url\":\"https:\/\/www.lcingredients.com\/wp-content\/uploads\/2023\/10\/LOGO-LC-INGREDIENTS.png\",\"contentUrl\":\"https:\/\/www.lcingredients.com\/wp-content\/uploads\/2023\/10\/LOGO-LC-INGREDIENTS.png\",\"width\":1280,\"height\":1060,\"caption\":\"LC Ingredients\"},\"image\":{\"@id\":\"https:\/\/www.lcingredients.com\/#\/schema\/logo\/image\/\"},\"sameAs\":[\"https:\/\/www.linkedin.com\/company\/lcingredients\/\"]}]}<\/script>\n<!-- \/ Yoast SEO plugin. -->","yoast_head_json":{"title":"Datenschutzrichtlinie \u2013 LC Ingredients","description":"LC Ingredients \u2013 Datenschutzrichtlinie","robots":{"index":"index","follow":"follow","max-snippet":"max-snippet:-1","max-image-preview":"max-image-preview:large","max-video-preview":"max-video-preview:-1"},"canonical":"https:\/\/www.lcingredients.com\/de\/datenschutzrichtlinie\/","og_locale":"de_DE","og_type":"article","og_title":"Privacy Policy - LC Ingredients","og_description":"LC Ingredients - Privacy Policy","og_url":"https:\/\/www.lcingredients.com\/de\/datenschutzrichtlinie\/","og_site_name":"LC Ingredients","article_modified_time":"2023-10-23T08:26:20+00:00","twitter_card":"summary_large_image","twitter_misc":{"Gesch\u00e4tzte Lesezeit":"3 Minuten"},"schema":{"@context":"https:\/\/schema.org","@graph":[{"@type":"WebPage","@id":"https:\/\/www.lcingredients.com\/fr\/politique-de-confidentialite\/","url":"https:\/\/www.lcingredients.com\/fr\/politique-de-confidentialite\/","name":"Datenschutzrichtlinie \u2013 LC Ingredients","isPartOf":{"@id":"https:\/\/www.lcingredients.com\/#website"},"datePublished":"2023-06-26T12:45:29+00:00","dateModified":"2023-10-23T08:26:20+00:00","description":"LC Ingredients \u2013 Datenschutzrichtlinie","breadcrumb":{"@id":"https:\/\/www.lcingredients.com\/fr\/politique-de-confidentialite\/#breadcrumb"},"inLanguage":"de","potentialAction":[{"@type":"ReadAction","target":["https:\/\/www.lcingredients.com\/fr\/politique-de-confidentialite\/"]}]},{"@type":"BreadcrumbList","@id":"https:\/\/www.lcingredients.com\/fr\/politique-de-confidentialite\/#breadcrumb","itemListElement":[{"@type":"ListItem","position":1,"name":"Home","item":"https:\/\/www.lcingredients.com\/"},{"@type":"ListItem","position":2,"name":"Privacy Policy"}]},{"@type":"WebSite","@id":"https:\/\/www.lcingredients.com\/#website","url":"https:\/\/www.lcingredients.com\/","name":"LC-Zutaten","description":"Entdecken Sie hochwertige Inhaltsstoffe f\u00fcr Ihre Nahrungserg\u00e4nzungsmittel und Kosmetikformulierungen.","publisher":{"@id":"https:\/\/www.lcingredients.com\/#organization"},"potentialAction":[{"@type":"SearchAction","target":{"@type":"EntryPoint","urlTemplate":"https:\/\/www.lcingredients.com\/?s={search_term_string}"},"query-input":{"@type":"PropertyValueSpecification","valueRequired":true,"valueName":"search_term_string"}}],"inLanguage":"de"},{"@type":"Organization","@id":"https:\/\/www.lcingredients.com\/#organization","name":"LC-Zutaten","url":"https:\/\/www.lcingredients.com\/","logo":{"@type":"ImageObject","inLanguage":"de","@id":"https:\/\/www.lcingredients.com\/#\/schema\/logo\/image\/","url":"https:\/\/www.lcingredients.com\/wp-content\/uploads\/2023\/10\/LOGO-LC-INGREDIENTS.png","contentUrl":"https:\/\/www.lcingredients.com\/wp-content\/uploads\/2023\/10\/LOGO-LC-INGREDIENTS.png","width":1280,"height":1060,"caption":"LC Ingredients"},"image":{"@id":"https:\/\/www.lcingredients.com\/#\/schema\/logo\/image\/"},"sameAs":["https:\/\/www.linkedin.com\/company\/lcingredients\/"]}]}},"_links":{"self":[{"href":"https:\/\/www.lcingredients.com\/de\/wp-json\/wp\/v2\/pages\/3","targetHints":{"allow":["GET"]}}],"collection":[{"href":"https:\/\/www.lcingredients.com\/de\/wp-json\/wp\/v2\/pages"}],"about":[{"href":"https:\/\/www.lcingredients.com\/de\/wp-json\/wp\/v2\/types\/page"}],"author":[{"embeddable":true,"href":"https:\/\/www.lcingredients.com\/de\/wp-json\/wp\/v2\/users\/1"}],"replies":[{"embeddable":true,"href":"https:\/\/www.lcingredients.com\/de\/wp-json\/wp\/v2\/comments?post=3"}],"version-history":[{"count":2,"href":"https:\/\/www.lcingredients.com\/de\/wp-json\/wp\/v2\/pages\/3\/revisions"}],"predecessor-version":[{"id":1307,"href":"https:\/\/www.lcingredients.com\/de\/wp-json\/wp\/v2\/pages\/3\/revisions\/1307"}],"wp:attachment":[{"href":"https:\/\/www.lcingredients.com\/de\/wp-json\/wp\/v2\/media?parent=3"}],"curies":[{"name":"wp","href":"https:\/\/api.w.org\/{rel}","templated":true}]}}