{"id":2668,"date":"2025-02-05T08:59:09","date_gmt":"2025-02-05T08:59:09","guid":{"rendered":"https:\/\/www.lcingredients.com\/?page_id=2668"},"modified":"2025-10-10T15:16:08","modified_gmt":"2025-10-10T15:16:08","slug":"santee-intestinale-ingredients-erganzt-alimentaires","status":"publish","type":"page","link":"https:\/\/www.lcingredients.com\/de\/santee-intestinale-ingredients-erganzt-alimentaires\/","title":{"rendered":"Darmgesundheit"},"content":{"rendered":"<div data-elementor-type=\"wp-page\" data-elementor-id=\"2668\" class=\"elementor elementor-2668\" data-elementor-post-type=\"page\">\n\t\t\t\t\t\t<section class=\"elementor-section elementor-top-section elementor-element elementor-element-0a8c785 elementor-section-full_width elementor-section-height-default elementor-section-height-default\" data-id=\"0a8c785\" data-element_type=\"section\" data-e-type=\"section\">\n\t\t\t\t\t\t<div class=\"elementor-container elementor-column-gap-default\">\n\t\t\t\t\t<div class=\"elementor-column elementor-col-100 elementor-top-column elementor-element elementor-element-f73bb8b\" data-id=\"f73bb8b\" data-element_type=\"column\" data-e-type=\"column\">\n\t\t\t<div class=\"elementor-widget-wrap elementor-element-populated\">\n\t\t\t\t\t\t<div class=\"elementor-element elementor-element-8d6f26e elementor-widget elementor-widget-image\" data-id=\"8d6f26e\" data-element_type=\"widget\" data-e-type=\"widget\" data-widget_type=\"image.default\">\n\t\t\t\t<div class=\"elementor-widget-container\">\n\t\t\t\t\t\t\t\t\t\t\t\t\t\t\t<img fetchpriority=\"high\" decoding=\"async\" width=\"800\" height=\"533\" src=\"https:\/\/www.lcingredients.com\/wp-content\/uploads\/2024\/05\/Healthy-habits-for-digestive-health.png\" class=\"attachment-large size-large wp-image-2265\" alt=\"\" \/>\t\t\t\t\t\t\t\t\t\t\t\t\t\t\t<\/div>\n\t\t\t\t<\/div>\n\t\t\t\t<div class=\"elementor-element elementor-element-746ea61 elementor-widget elementor-widget-heading\" data-id=\"746ea61\" data-element_type=\"widget\" data-e-type=\"widget\" data-widget_type=\"heading.default\">\n\t\t\t\t<div class=\"elementor-widget-container\">\n\t\t\t\t\t<h1 class=\"elementor-heading-title elementor-size-default\">UNSERE INHALTSSTOFFE F\u00dcR DIE DARMGESUNDHEIT<\/h1>\t\t\t\t<\/div>\n\t\t\t\t<\/div>\n\t\t\t\t\t<\/div>\n\t\t<\/div>\n\t\t\t\t\t<\/div>\n\t\t<\/section>\n\t\t\t\t<section class=\"elementor-section elementor-top-section elementor-element elementor-element-1253ee3 elementor-section-boxed elementor-section-height-default elementor-section-height-default\" data-id=\"1253ee3\" data-element_type=\"section\" data-e-type=\"section\">\n\t\t\t\t\t\t<div class=\"elementor-container elementor-column-gap-default\">\n\t\t\t\t\t<div class=\"elementor-column elementor-col-100 elementor-top-column elementor-element elementor-element-5e52d26\" data-id=\"5e52d26\" data-element_type=\"column\" data-e-type=\"column\">\n\t\t\t<div class=\"elementor-widget-wrap elementor-element-populated\">\n\t\t\t\t\t\t<div class=\"elementor-element elementor-element-9a45d7a elementor-widget elementor-widget-heading\" data-id=\"9a45d7a\" data-element_type=\"widget\" data-e-type=\"widget\" data-widget_type=\"heading.default\">\n\t\t\t\t<div class=\"elementor-widget-container\">\n\t\t\t\t\t<h1 class=\"elementor-heading-title elementor-size-default\">UNTERST\u00dcTZUNG DES VERDAUUNGSGLEICHGEWICHTS UND DER GESUNDHEIT DES MIKROBIOMS<\/h1>\t\t\t\t<\/div>\n\t\t\t\t<\/div>\n\t\t\t\t<section class=\"elementor-section elementor-inner-section elementor-element elementor-element-b55f8ee elementor-section-boxed elementor-section-height-default elementor-section-height-default\" data-id=\"b55f8ee\" data-element_type=\"section\" data-e-type=\"section\">\n\t\t\t\t\t\t<div class=\"elementor-container elementor-column-gap-default\">\n\t\t\t\t\t<div class=\"elementor-column elementor-col-50 elementor-inner-column elementor-element elementor-element-0c0c204\" data-id=\"0c0c204\" data-element_type=\"column\" data-e-type=\"column\">\n\t\t\t<div class=\"elementor-widget-wrap elementor-element-populated\">\n\t\t\t\t\t\t<div class=\"elementor-element elementor-element-a634723 elementor-widget elementor-widget-text-editor\" data-id=\"a634723\" data-element_type=\"widget\" data-e-type=\"widget\" data-widget_type=\"text-editor.default\">\n\t\t\t\t<div class=\"elementor-widget-container\">\n\t\t\t\t\t\t\t\t\t<p>Ein gesunder Darm ist f\u00fcr das allgemeine Wohlbefinden unerl\u00e4sslich und beeinflusst die Verdauung, das Immunsystem, die Stimmung und die N\u00e4hrstoffaufnahme. Unsere Inhaltsstoffe f\u00fcr eine gesunde Darmflora unterst\u00fctzen die Darmfunktion, st\u00e4rken die Darmbarriere und n\u00e4hren das Mikrobiom.<\/p>\t\t\t\t\t\t\t\t<\/div>\n\t\t\t\t<\/div>\n\t\t\t\t\t<\/div>\n\t\t<\/div>\n\t\t\t\t<div class=\"elementor-column elementor-col-50 elementor-inner-column elementor-element elementor-element-cea8b4c\" data-id=\"cea8b4c\" data-element_type=\"column\" data-e-type=\"column\">\n\t\t\t<div class=\"elementor-widget-wrap elementor-element-populated\">\n\t\t\t\t\t\t<div class=\"elementor-element elementor-element-fcd3b52 elementor-widget elementor-widget-text-editor\" data-id=\"fcd3b52\" data-element_type=\"widget\" data-e-type=\"widget\" data-widget_type=\"text-editor.default\">\n\t\t\t\t<div class=\"elementor-widget-container\">\n\t\t\t\t\t\t\t\t\t<p>Durch gezielte Ern\u00e4hrungsl\u00f6sungen tragen wir zur F\u00f6rderung der Verdauungsfreundlichkeit, der mikrobiellen Vielfalt und der langfristigen Widerstandsf\u00e4higkeit des Magen-Darm-Trakts bei.<\/p><p><strong>Erfahren Sie mehr \u00fcber unsere wichtigsten Inhaltsstoffe: CocoFib Bio und Actazin &amp; Livaux<\/strong><\/p>\t\t\t\t\t\t\t\t<\/div>\n\t\t\t\t<\/div>\n\t\t\t\t\t<\/div>\n\t\t<\/div>\n\t\t\t\t\t<\/div>\n\t\t<\/section>\n\t\t\t\t\t<\/div>\n\t\t<\/div>\n\t\t\t\t\t<\/div>\n\t\t<\/section>\n\t\t\t\t<section class=\"elementor-section elementor-top-section elementor-element elementor-element-69269fe elementor-section-boxed elementor-section-height-default elementor-section-height-default\" data-id=\"69269fe\" data-element_type=\"section\" data-e-type=\"section\">\n\t\t\t\t\t\t<div class=\"elementor-container elementor-column-gap-default\">\n\t\t\t\t\t<div class=\"elementor-column elementor-col-50 elementor-top-column elementor-element elementor-element-46b01a5\" data-id=\"46b01a5\" data-element_type=\"column\" data-e-type=\"column\" data-settings=\"{&quot;background_background&quot;:&quot;classic&quot;}\">\n\t\t\t<div class=\"elementor-widget-wrap elementor-element-populated\">\n\t\t\t\t\t\t<div class=\"elementor-element elementor-element-b9f416b elementor-widget elementor-widget-image\" data-id=\"b9f416b\" data-element_type=\"widget\" data-e-type=\"widget\" data-widget_type=\"image.default\">\n\t\t\t\t<div class=\"elementor-widget-container\">\n\t\t\t\t\t\t\t\t\t\t\t\t\t\t\t\t<a href=\"https:\/\/www.lcingredients.com\/de\/abonnieren\/\">\n\t\t\t\t\t\t\t<img decoding=\"async\" width=\"504\" height=\"288\" src=\"https:\/\/www.lcingredients.com\/wp-content\/uploads\/2025\/09\/LOGO-COCOFIB.png\" class=\"attachment-large size-large wp-image-3372\" alt=\"\" srcset=\"https:\/\/www.lcingredients.com\/wp-content\/uploads\/2025\/09\/LOGO-COCOFIB.png 504w, https:\/\/www.lcingredients.com\/wp-content\/uploads\/2025\/09\/LOGO-COCOFIB-300x171.png 300w, https:\/\/www.lcingredients.com\/wp-content\/uploads\/2025\/09\/LOGO-COCOFIB-18x10.png 18w\" sizes=\"(max-width: 504px) 100vw, 504px\" \/>\t\t\t\t\t\t\t\t<\/a>\n\t\t\t\t\t\t\t\t\t\t\t\t\t\t\t<\/div>\n\t\t\t\t<\/div>\n\t\t\t\t\t<\/div>\n\t\t<\/div>\n\t\t\t\t<div class=\"elementor-column elementor-col-50 elementor-top-column elementor-element elementor-element-aeed5a9\" data-id=\"aeed5a9\" data-element_type=\"column\" data-e-type=\"column\" data-settings=\"{&quot;background_background&quot;:&quot;classic&quot;}\">\n\t\t\t<div class=\"elementor-widget-wrap elementor-element-populated\">\n\t\t\t\t\t\t<div class=\"elementor-element elementor-element-ce174f4 elementor-widget elementor-widget-heading\" data-id=\"ce174f4\" data-element_type=\"widget\" data-e-type=\"widget\" data-widget_type=\"heading.default\">\n\t\t\t\t<div class=\"elementor-widget-container\">\n\t\t\t\t\t<h2 class=\"elementor-heading-title elementor-size-default\">COCOFIB BIO<\/h2>\t\t\t\t<\/div>\n\t\t\t\t<\/div>\n\t\t\t\t<div class=\"elementor-element elementor-element-141cc8e elementor-widget elementor-widget-text-editor\" data-id=\"141cc8e\" data-element_type=\"widget\" data-e-type=\"widget\" data-widget_type=\"text-editor.default\">\n\t\t\t\t<div class=\"elementor-widget-container\">\n\t\t\t\t\t\t\t\t\t<p>Das weltweit einzige Pr\u00e4biotikum aus Bio-Kokosn\u00fcssen. Cocofib ist vegan, hat einen niedrigen FODMAP-Gehalt, einen niedrigen glyk\u00e4mischen Index, ist gentechnikfrei und ketogen.<\/p>\t\t\t\t\t\t\t\t<\/div>\n\t\t\t\t<\/div>\n\t\t\t\t<div class=\"elementor-element elementor-element-44aa913 elementor-button-info elementor-align-center elementor-widget elementor-widget-button\" data-id=\"44aa913\" data-element_type=\"widget\" data-e-type=\"widget\" data-widget_type=\"button.default\">\n\t\t\t\t<div class=\"elementor-widget-container\">\n\t\t\t\t\t\t\t\t\t<div class=\"elementor-button-wrapper\">\n\t\t\t\t\t<a class=\"elementor-button elementor-button-link elementor-size-sm\" href=\"https:\/\/www.lcingredients.com\/de\/abonnieren\/\">\n\t\t\t\t\t\t<span class=\"elementor-button-content-wrapper\">\n\t\t\t\t\t\t\t\t\t<span class=\"elementor-button-text\">Mehr anzeigen<\/span>\n\t\t\t\t\t<\/span>\n\t\t\t\t\t<\/a>\n\t\t\t\t<\/div>\n\t\t\t\t\t\t\t\t<\/div>\n\t\t\t\t<\/div>\n\t\t\t\t\t<\/div>\n\t\t<\/div>\n\t\t\t\t\t<\/div>\n\t\t<\/section>\n\t\t\t\t<section class=\"elementor-section elementor-top-section elementor-element elementor-element-e106afd elementor-section-boxed elementor-section-height-default elementor-section-height-default\" data-id=\"e106afd\" data-element_type=\"section\" data-e-type=\"section\">\n\t\t\t\t\t\t<div class=\"elementor-container elementor-column-gap-default\">\n\t\t\t\t\t<div class=\"elementor-column elementor-col-50 elementor-top-column elementor-element elementor-element-3723e2f\" data-id=\"3723e2f\" data-element_type=\"column\" data-e-type=\"column\" data-settings=\"{&quot;background_background&quot;:&quot;classic&quot;}\">\n\t\t\t<div class=\"elementor-widget-wrap elementor-element-populated\">\n\t\t\t\t\t\t<div class=\"elementor-element elementor-element-81d94d3 elementor-widget elementor-widget-heading\" data-id=\"81d94d3\" data-element_type=\"widget\" data-e-type=\"widget\" data-widget_type=\"heading.default\">\n\t\t\t\t<div class=\"elementor-widget-container\">\n\t\t\t\t\t<h2 class=\"elementor-heading-title elementor-size-default\">ACTAZIN\u00ae &amp; LIVAUX\u00ae<\/h2>\t\t\t\t<\/div>\n\t\t\t\t<\/div>\n\t\t\t\t<div class=\"elementor-element elementor-element-74014a8 elementor-widget elementor-widget-text-editor\" data-id=\"74014a8\" data-element_type=\"widget\" data-e-type=\"widget\" data-widget_type=\"text-editor.default\">\n\t\t\t\t<div class=\"elementor-widget-container\">\n\t\t\t\t\t\t\t\t\t<p>Livaux<span style=\"background-color: #ffffff; font-weight: bolder; text-align: justify;\">\u00ae<\/span>\u00a0und Actazin<span style=\"background-color: #ffffff; font-weight: bolder; text-align: justify;\">\u00ae<\/span>\u00a0sind neuseel\u00e4ndische Gold- und Gr\u00fcnkiwipulver. Beide werden mit firmeneigenen Verarbeitungsverfahren hergestellt, um alle N\u00e4hrstoffe und funktionellen Eigenschaften der Frucht zu erhalten.<\/p>\t\t\t\t\t\t\t\t<\/div>\n\t\t\t\t<\/div>\n\t\t\t\t<div class=\"elementor-element elementor-element-d854394 elementor-button-info elementor-align-center elementor-widget elementor-widget-button\" data-id=\"d854394\" data-element_type=\"widget\" data-e-type=\"widget\" data-widget_type=\"button.default\">\n\t\t\t\t<div class=\"elementor-widget-container\">\n\t\t\t\t\t\t\t\t\t<div class=\"elementor-button-wrapper\">\n\t\t\t\t\t<a class=\"elementor-button elementor-button-link elementor-size-sm\" href=\"https:\/\/www.lcingredients.com\/de\/actazin-livaux-inhaltsstoffe-nahrungserganzungsmittel-darmgesundheit\/\">\n\t\t\t\t\t\t<span class=\"elementor-button-content-wrapper\">\n\t\t\t\t\t\t\t\t\t<span class=\"elementor-button-text\">Mehr anzeigen<\/span>\n\t\t\t\t\t<\/span>\n\t\t\t\t\t<\/a>\n\t\t\t\t<\/div>\n\t\t\t\t\t\t\t\t<\/div>\n\t\t\t\t<\/div>\n\t\t\t\t\t<\/div>\n\t\t<\/div>\n\t\t\t\t<div class=\"elementor-column elementor-col-50 elementor-top-column elementor-element elementor-element-64674ca\" data-id=\"64674ca\" data-element_type=\"column\" data-e-type=\"column\" data-settings=\"{&quot;background_background&quot;:&quot;classic&quot;}\">\n\t\t\t<div class=\"elementor-widget-wrap elementor-element-populated\">\n\t\t\t\t\t\t<div class=\"elementor-element elementor-element-2da78d5 elementor-widget elementor-widget-image\" data-id=\"2da78d5\" data-element_type=\"widget\" data-e-type=\"widget\" data-widget_type=\"image.default\">\n\t\t\t\t<div class=\"elementor-widget-container\">\n\t\t\t\t\t\t\t\t\t\t\t\t\t\t\t\t<a href=\"https:\/\/www.lcingredients.com\/de\/abonnieren\/\">\n\t\t\t\t\t\t\t<img decoding=\"async\" width=\"800\" height=\"364\" src=\"https:\/\/www.lcingredients.com\/wp-content\/uploads\/2025\/02\/ACTAZIN-AND-LIVAUX-LOGO.png\" class=\"attachment-large size-large wp-image-2690\" alt=\"Actazin und Livaux Darmgesundheit\" \/>\t\t\t\t\t\t\t\t<\/a>\n\t\t\t\t\t\t\t\t\t\t\t\t\t\t\t<\/div>\n\t\t\t\t<\/div>\n\t\t\t\t\t<\/div>\n\t\t<\/div>\n\t\t\t\t\t<\/div>\n\t\t<\/section>\n\t\t\t\t<\/div>","protected":false},"excerpt":{"rendered":"<p>UNSERE INHALTSSTOFFE F\u00dcR DIE DARMGESUNDHEIT UNTERST\u00dcTZEN DAS VERDAUUNGSGLEICHGEWICHT UND DIE GESUNDHEIT DES MIKROBIOMS. Ein gesunder Darm ist f\u00fcr das allgemeine Wohlbefinden unerl\u00e4sslich und beeinflusst Verdauung, Immunsystem, Stimmung und N\u00e4hrstoffaufnahme. Unsere Inhaltsstoffe f\u00fcr die Darmgesundheit unterst\u00fctzen die Darmfunktion, st\u00e4rken die Darmbarriere und n\u00e4hren das Mikrobiom. Durch gezielte Ern\u00e4hrungsl\u00f6sungen f\u00f6rdern wir die Verdauung, die mikrobielle Vielfalt und [\u2026]<\/p>","protected":false},"author":2,"featured_media":2265,"parent":0,"menu_order":0,"comment_status":"closed","ping_status":"closed","template":"","meta":{"_eb_attr":"","footnotes":""},"class_list":["post-2668","page","type-page","status-publish","has-post-thumbnail","hentry"],"yoast_head":"<!-- This site is optimized with the Yoast SEO plugin v26.7 - https:\/\/yoast.com\/wordpress\/plugins\/seo\/ -->\n<title>Gut Health - LC Ingredients<\/title>\n<meta name=\"description\" content=\"D\u00e9couvrez nos ingr\u00e9dients brevet\u00e9s et avec \u00e9tudes cliniques d\u00e9di\u00e9s \u00e0 la sant\u00e9 intestinale : Ballonnements, inconfort, constipation... etc\" \/>\n<meta name=\"robots\" content=\"index, follow, max-snippet:-1, max-image-preview:large, max-video-preview:-1\" \/>\n<link rel=\"canonical\" href=\"https:\/\/www.lcingredients.com\/de\/santee-intestinale-ingredients-erganzt-alimentaires\/\" \/>\n<meta property=\"og:locale\" content=\"de_DE\" \/>\n<meta property=\"og:type\" content=\"article\" \/>\n<meta property=\"og:title\" content=\"Gut Health - LC Ingredients\" \/>\n<meta property=\"og:description\" content=\"D\u00e9couvrez nos ingr\u00e9dients brevet\u00e9s et avec \u00e9tudes cliniques d\u00e9di\u00e9s \u00e0 la sant\u00e9 intestinale : Ballonnements, inconfort, constipation... etc\" \/>\n<meta property=\"og:url\" content=\"https:\/\/www.lcingredients.com\/de\/santee-intestinale-ingredients-erganzt-alimentaires\/\" \/>\n<meta property=\"og:site_name\" content=\"LC Ingredients\" \/>\n<meta property=\"article:modified_time\" content=\"2025-10-10T15:16:08+00:00\" \/>\n<meta property=\"og:image\" content=\"https:\/\/www.lcingredients.com\/wp-content\/uploads\/2024\/05\/Healthy-habits-for-digestive-health.png\" \/>\n\t<meta property=\"og:image:width\" content=\"2000\" \/>\n\t<meta property=\"og:image:height\" content=\"1333\" \/>\n\t<meta property=\"og:image:type\" content=\"image\/png\" \/>\n<meta name=\"twitter:card\" content=\"summary_large_image\" \/>\n<meta name=\"twitter:label1\" content=\"Gesch\u00e4tzte Lesezeit\" \/>\n\t<meta name=\"twitter:data1\" content=\"2 Minuten\" \/>\n<script type=\"application\/ld+json\" class=\"yoast-schema-graph\">{\"@context\":\"https:\/\/schema.org\",\"@graph\":[{\"@type\":\"WebPage\",\"@id\":\"https:\/\/www.lcingredients.com\/santee-intestinale-ingredients-complements-alimentaires\/\",\"url\":\"https:\/\/www.lcingredients.com\/santee-intestinale-ingredients-complements-alimentaires\/\",\"name\":\"Gut Health - LC Ingredients\",\"isPartOf\":{\"@id\":\"https:\/\/www.lcingredients.com\/#website\"},\"primaryImageOfPage\":{\"@id\":\"https:\/\/www.lcingredients.com\/santee-intestinale-ingredients-complements-alimentaires\/#primaryimage\"},\"image\":{\"@id\":\"https:\/\/www.lcingredients.com\/santee-intestinale-ingredients-complements-alimentaires\/#primaryimage\"},\"thumbnailUrl\":\"https:\/\/www.lcingredients.com\/wp-content\/uploads\/2024\/05\/Healthy-habits-for-digestive-health.png\",\"datePublished\":\"2025-02-05T08:59:09+00:00\",\"dateModified\":\"2025-10-10T15:16:08+00:00\",\"description\":\"D\u00e9couvrez nos ingr\u00e9dients brevet\u00e9s et avec \u00e9tudes cliniques d\u00e9di\u00e9s \u00e0 la sant\u00e9 intestinale : Ballonnements, inconfort, constipation... etc\",\"breadcrumb\":{\"@id\":\"https:\/\/www.lcingredients.com\/santee-intestinale-ingredients-complements-alimentaires\/#breadcrumb\"},\"inLanguage\":\"de\",\"potentialAction\":[{\"@type\":\"ReadAction\",\"target\":[\"https:\/\/www.lcingredients.com\/santee-intestinale-ingredients-complements-alimentaires\/\"]}]},{\"@type\":\"ImageObject\",\"inLanguage\":\"de\",\"@id\":\"https:\/\/www.lcingredients.com\/santee-intestinale-ingredients-complements-alimentaires\/#primaryimage\",\"url\":\"https:\/\/www.lcingredients.com\/wp-content\/uploads\/2024\/05\/Healthy-habits-for-digestive-health.png\",\"contentUrl\":\"https:\/\/www.lcingredients.com\/wp-content\/uploads\/2024\/05\/Healthy-habits-for-digestive-health.png\",\"width\":2000,\"height\":1333},{\"@type\":\"BreadcrumbList\",\"@id\":\"https:\/\/www.lcingredients.com\/santee-intestinale-ingredients-complements-alimentaires\/#breadcrumb\",\"itemListElement\":[{\"@type\":\"ListItem\",\"position\":1,\"name\":\"Home\",\"item\":\"https:\/\/www.lcingredients.com\/\"},{\"@type\":\"ListItem\",\"position\":2,\"name\":\"Gut Health\"}]},{\"@type\":\"WebSite\",\"@id\":\"https:\/\/www.lcingredients.com\/#website\",\"url\":\"https:\/\/www.lcingredients.com\/\",\"name\":\"LC Ingredients\",\"description\":\"Discover high-quality ingredients for your food supplements and cosmetics formulations.\",\"publisher\":{\"@id\":\"https:\/\/www.lcingredients.com\/#organization\"},\"potentialAction\":[{\"@type\":\"SearchAction\",\"target\":{\"@type\":\"EntryPoint\",\"urlTemplate\":\"https:\/\/www.lcingredients.com\/?s={search_term_string}\"},\"query-input\":{\"@type\":\"PropertyValueSpecification\",\"valueRequired\":true,\"valueName\":\"search_term_string\"}}],\"inLanguage\":\"de\"},{\"@type\":\"Organization\",\"@id\":\"https:\/\/www.lcingredients.com\/#organization\",\"name\":\"LC Ingredients\",\"url\":\"https:\/\/www.lcingredients.com\/\",\"logo\":{\"@type\":\"ImageObject\",\"inLanguage\":\"de\",\"@id\":\"https:\/\/www.lcingredients.com\/#\/schema\/logo\/image\/\",\"url\":\"https:\/\/www.lcingredients.com\/wp-content\/uploads\/2023\/10\/LOGO-LC-INGREDIENTS.png\",\"contentUrl\":\"https:\/\/www.lcingredients.com\/wp-content\/uploads\/2023\/10\/LOGO-LC-INGREDIENTS.png\",\"width\":1280,\"height\":1060,\"caption\":\"LC Ingredients\"},\"image\":{\"@id\":\"https:\/\/www.lcingredients.com\/#\/schema\/logo\/image\/\"},\"sameAs\":[\"https:\/\/www.linkedin.com\/company\/lcingredients\/\"]}]}<\/script>\n<!-- \/ Yoast SEO plugin. -->","yoast_head_json":{"title":"Darmgesundheit - LC-Zutaten","description":"Informieren Sie sich \u00fcber die Inhaltsstoffe von Medikamenten und Kliniken, die an der Darmgesundheit leiden: Bl\u00e4hungen, Unwohlsein, Verstopfung usw","robots":{"index":"index","follow":"follow","max-snippet":"max-snippet:-1","max-image-preview":"max-image-preview:large","max-video-preview":"max-video-preview:-1"},"canonical":"https:\/\/www.lcingredients.com\/de\/santee-intestinale-ingredients-erganzt-alimentaires\/","og_locale":"de_DE","og_type":"article","og_title":"Gut Health - LC Ingredients","og_description":"D\u00e9couvrez nos ingr\u00e9dients brevet\u00e9s et avec \u00e9tudes cliniques d\u00e9di\u00e9s \u00e0 la sant\u00e9 intestinale : Ballonnements, inconfort, constipation... etc","og_url":"https:\/\/www.lcingredients.com\/de\/santee-intestinale-ingredients-erganzt-alimentaires\/","og_site_name":"LC Ingredients","article_modified_time":"2025-10-10T15:16:08+00:00","og_image":[{"width":2000,"height":1333,"url":"https:\/\/www.lcingredients.com\/wp-content\/uploads\/2024\/05\/Healthy-habits-for-digestive-health.png","type":"image\/png"}],"twitter_card":"summary_large_image","twitter_misc":{"Gesch\u00e4tzte Lesezeit":"2 Minuten"},"schema":{"@context":"https:\/\/schema.org","@graph":[{"@type":"WebPage","@id":"https:\/\/www.lcingredients.com\/santee-intestinale-ingredients-complements-alimentaires\/","url":"https:\/\/www.lcingredients.com\/santee-intestinale-ingredients-complements-alimentaires\/","name":"Darmgesundheit - LC-Zutaten","isPartOf":{"@id":"https:\/\/www.lcingredients.com\/#website"},"primaryImageOfPage":{"@id":"https:\/\/www.lcingredients.com\/santee-intestinale-ingredients-complements-alimentaires\/#primaryimage"},"image":{"@id":"https:\/\/www.lcingredients.com\/santee-intestinale-ingredients-complements-alimentaires\/#primaryimage"},"thumbnailUrl":"https:\/\/www.lcingredients.com\/wp-content\/uploads\/2024\/05\/Healthy-habits-for-digestive-health.png","datePublished":"2025-02-05T08:59:09+00:00","dateModified":"2025-10-10T15:16:08+00:00","description":"Informieren Sie sich \u00fcber die Inhaltsstoffe von Medikamenten und Kliniken, die an der Darmgesundheit leiden: Bl\u00e4hungen, Unwohlsein, Verstopfung usw","breadcrumb":{"@id":"https:\/\/www.lcingredients.com\/santee-intestinale-ingredients-complements-alimentaires\/#breadcrumb"},"inLanguage":"de","potentialAction":[{"@type":"ReadAction","target":["https:\/\/www.lcingredients.com\/santee-intestinale-ingredients-complements-alimentaires\/"]}]},{"@type":"ImageObject","inLanguage":"de","@id":"https:\/\/www.lcingredients.com\/santee-intestinale-ingredients-complements-alimentaires\/#primaryimage","url":"https:\/\/www.lcingredients.com\/wp-content\/uploads\/2024\/05\/Healthy-habits-for-digestive-health.png","contentUrl":"https:\/\/www.lcingredients.com\/wp-content\/uploads\/2024\/05\/Healthy-habits-for-digestive-health.png","width":2000,"height":1333},{"@type":"BreadcrumbList","@id":"https:\/\/www.lcingredients.com\/santee-intestinale-ingredients-complements-alimentaires\/#breadcrumb","itemListElement":[{"@type":"ListItem","position":1,"name":"Home","item":"https:\/\/www.lcingredients.com\/"},{"@type":"ListItem","position":2,"name":"Gut Health"}]},{"@type":"WebSite","@id":"https:\/\/www.lcingredients.com\/#website","url":"https:\/\/www.lcingredients.com\/","name":"LC-Zutaten","description":"Entdecken Sie hochwertige Inhaltsstoffe f\u00fcr Ihre Nahrungserg\u00e4nzungsmittel und Kosmetikformulierungen.","publisher":{"@id":"https:\/\/www.lcingredients.com\/#organization"},"potentialAction":[{"@type":"SearchAction","target":{"@type":"EntryPoint","urlTemplate":"https:\/\/www.lcingredients.com\/?s={search_term_string}"},"query-input":{"@type":"PropertyValueSpecification","valueRequired":true,"valueName":"search_term_string"}}],"inLanguage":"de"},{"@type":"Organization","@id":"https:\/\/www.lcingredients.com\/#organization","name":"LC-Zutaten","url":"https:\/\/www.lcingredients.com\/","logo":{"@type":"ImageObject","inLanguage":"de","@id":"https:\/\/www.lcingredients.com\/#\/schema\/logo\/image\/","url":"https:\/\/www.lcingredients.com\/wp-content\/uploads\/2023\/10\/LOGO-LC-INGREDIENTS.png","contentUrl":"https:\/\/www.lcingredients.com\/wp-content\/uploads\/2023\/10\/LOGO-LC-INGREDIENTS.png","width":1280,"height":1060,"caption":"LC Ingredients"},"image":{"@id":"https:\/\/www.lcingredients.com\/#\/schema\/logo\/image\/"},"sameAs":["https:\/\/www.linkedin.com\/company\/lcingredients\/"]}]}},"_links":{"self":[{"href":"https:\/\/www.lcingredients.com\/de\/wp-json\/wp\/v2\/pages\/2668","targetHints":{"allow":["GET"]}}],"collection":[{"href":"https:\/\/www.lcingredients.com\/de\/wp-json\/wp\/v2\/pages"}],"about":[{"href":"https:\/\/www.lcingredients.com\/de\/wp-json\/wp\/v2\/types\/page"}],"author":[{"embeddable":true,"href":"https:\/\/www.lcingredients.com\/de\/wp-json\/wp\/v2\/users\/2"}],"replies":[{"embeddable":true,"href":"https:\/\/www.lcingredients.com\/de\/wp-json\/wp\/v2\/comments?post=2668"}],"version-history":[{"count":22,"href":"https:\/\/www.lcingredients.com\/de\/wp-json\/wp\/v2\/pages\/2668\/revisions"}],"predecessor-version":[{"id":5006,"href":"https:\/\/www.lcingredients.com\/de\/wp-json\/wp\/v2\/pages\/2668\/revisions\/5006"}],"wp:featuredmedia":[{"embeddable":true,"href":"https:\/\/www.lcingredients.com\/de\/wp-json\/wp\/v2\/media\/2265"}],"wp:attachment":[{"href":"https:\/\/www.lcingredients.com\/de\/wp-json\/wp\/v2\/media?parent=2668"}],"curies":[{"name":"wp","href":"https:\/\/api.w.org\/{rel}","templated":true}]}}