{"id":2581,"date":"2024-11-18T17:01:04","date_gmt":"2024-11-18T17:01:04","guid":{"rendered":"https:\/\/www.lcingredients.com\/?page_id=2581"},"modified":"2025-10-10T16:10:45","modified_gmt":"2025-10-10T16:10:45","slug":"mannergesundheit","status":"publish","type":"page","link":"https:\/\/www.lcingredients.com\/de\/mannergesundheit\/","title":{"rendered":"M\u00e4nnergesundheit"},"content":{"rendered":"<div data-elementor-type=\"wp-page\" data-elementor-id=\"2581\" class=\"elementor elementor-2581\" data-elementor-post-type=\"page\">\n\t\t\t\t\t\t<section class=\"elementor-section elementor-top-section elementor-element elementor-element-d3eed9e elementor-section-full_width elementor-section-height-default elementor-section-height-default\" data-id=\"d3eed9e\" data-element_type=\"section\" data-e-type=\"section\">\n\t\t\t\t\t\t<div class=\"elementor-container elementor-column-gap-default\">\n\t\t\t\t\t<div class=\"elementor-column elementor-col-100 elementor-top-column elementor-element elementor-element-84d243b\" data-id=\"84d243b\" data-element_type=\"column\" data-e-type=\"column\">\n\t\t\t<div class=\"elementor-widget-wrap elementor-element-populated\">\n\t\t\t\t\t\t<div class=\"elementor-element elementor-element-665f186 elementor-widget elementor-widget-image\" data-id=\"665f186\" data-element_type=\"widget\" data-e-type=\"widget\" data-widget_type=\"image.default\">\n\t\t\t\t<div class=\"elementor-widget-container\">\n\t\t\t\t\t\t\t\t\t\t\t\t\t\t\t<img fetchpriority=\"high\" decoding=\"async\" width=\"800\" height=\"533\" src=\"https:\/\/www.lcingredients.com\/wp-content\/uploads\/2024\/12\/technique-amelioration-attention-concentration.jpg\" class=\"attachment-large size-large wp-image-2624\" alt=\"Schwarzer Mann ber\u00fchrt in seinem Wohnzimmer seinen Kopf mit seinem Computer\" \/>\t\t\t\t\t\t\t\t\t\t\t\t\t\t\t<\/div>\n\t\t\t\t<\/div>\n\t\t\t\t<div class=\"elementor-element elementor-element-f3932e2 elementor-widget elementor-widget-heading\" data-id=\"f3932e2\" data-element_type=\"widget\" data-e-type=\"widget\" data-widget_type=\"heading.default\">\n\t\t\t\t<div class=\"elementor-widget-container\">\n\t\t\t\t\t<h1 class=\"elementor-heading-title elementor-size-default\">UNSERE M\u00c4NNERGESUNDHEITS-INHALTSSTOFFE<\/h1>\t\t\t\t<\/div>\n\t\t\t\t<\/div>\n\t\t\t\t\t<\/div>\n\t\t<\/div>\n\t\t\t\t\t<\/div>\n\t\t<\/section>\n\t\t\t\t<section class=\"elementor-section elementor-top-section elementor-element elementor-element-dabec21 elementor-section-boxed elementor-section-height-default elementor-section-height-default\" data-id=\"dabec21\" data-element_type=\"section\" data-e-type=\"section\">\n\t\t\t\t\t\t<div class=\"elementor-container elementor-column-gap-default\">\n\t\t\t\t\t<div class=\"elementor-column elementor-col-100 elementor-top-column elementor-element elementor-element-b41ab89\" data-id=\"b41ab89\" data-element_type=\"column\" data-e-type=\"column\">\n\t\t\t<div class=\"elementor-widget-wrap elementor-element-populated\">\n\t\t\t\t\t\t<div class=\"elementor-element elementor-element-014926d elementor-widget elementor-widget-heading\" data-id=\"014926d\" data-element_type=\"widget\" data-e-type=\"widget\" data-widget_type=\"heading.default\">\n\t\t\t\t<div class=\"elementor-widget-container\">\n\t\t\t\t\t<h1 class=\"elementor-heading-title elementor-size-default\">GEZIELTE ERN\u00c4HRUNG F\u00dcR M\u00c4NNERVITALIT\u00c4T<\/h1>\t\t\t\t<\/div>\n\t\t\t\t<\/div>\n\t\t\t\t<section class=\"elementor-section elementor-inner-section elementor-element elementor-element-c4fbdae elementor-section-boxed elementor-section-height-default elementor-section-height-default\" data-id=\"c4fbdae\" data-element_type=\"section\" data-e-type=\"section\">\n\t\t\t\t\t\t<div class=\"elementor-container elementor-column-gap-default\">\n\t\t\t\t\t<div class=\"elementor-column elementor-col-50 elementor-inner-column elementor-element elementor-element-0e45a59\" data-id=\"0e45a59\" data-element_type=\"column\" data-e-type=\"column\">\n\t\t\t<div class=\"elementor-widget-wrap elementor-element-populated\">\n\t\t\t\t\t\t<div class=\"elementor-element elementor-element-2356c1d elementor-widget elementor-widget-text-editor\" data-id=\"2356c1d\" data-element_type=\"widget\" data-e-type=\"widget\" data-widget_type=\"text-editor.default\">\n\t\t\t\t<div class=\"elementor-widget-container\">\n\t\t\t\t\t\t\t\t\t<p>Die Gesundheit von M\u00e4nnern erfordert eine ma\u00dfgeschneiderte Ern\u00e4hrungsunterst\u00fctzung, um Energie, hormonelles Gleichgewicht, k\u00f6rperliche Leistungsf\u00e4higkeit und ein gesundes Altern aufrechtzuerhalten. Unsere Inhaltsstoffe werden ausgew\u00e4hlt, um wichtige physiologische Bed\u00fcrfnisse zu erf\u00fcllen, vom Zellschutz bis zur strukturellen Unterst\u00fctzung, und helfen M\u00e4nnern, ein Leben lang aktiv, belastbar und ausgeglichen zu bleiben.<br \/><!--EndFragment --><\/p>\t\t\t\t\t\t\t\t<\/div>\n\t\t\t\t<\/div>\n\t\t\t\t\t<\/div>\n\t\t<\/div>\n\t\t\t\t<div class=\"elementor-column elementor-col-50 elementor-inner-column elementor-element elementor-element-a496fb1\" data-id=\"a496fb1\" data-element_type=\"column\" data-e-type=\"column\">\n\t\t\t<div class=\"elementor-widget-wrap elementor-element-populated\">\n\t\t\t\t\t\t<div class=\"elementor-element elementor-element-9cb7363 elementor-widget elementor-widget-text-editor\" data-id=\"9cb7363\" data-element_type=\"widget\" data-e-type=\"widget\" data-widget_type=\"text-editor.default\">\n\t\t\t\t<div class=\"elementor-widget-container\">\n\t\t\t\t\t\t\t\t\t<p><strong>Testofen\u00ae <\/strong>ist die richtige Zutat, um Vitalit\u00e4t, Energie und Hormonhaushalt zu unterst\u00fctzen und zur Verbesserung der M\u00e4nnergesundheit beizutragen.<\/p><p>Erfahren Sie mehr \u00fcber diese Zutat.<\/p>\t\t\t\t\t\t\t\t<\/div>\n\t\t\t\t<\/div>\n\t\t\t\t\t<\/div>\n\t\t<\/div>\n\t\t\t\t\t<\/div>\n\t\t<\/section>\n\t\t\t\t\t<\/div>\n\t\t<\/div>\n\t\t\t\t\t<\/div>\n\t\t<\/section>\n\t\t\t\t<section class=\"elementor-section elementor-top-section elementor-element elementor-element-64f5ee3 elementor-section-boxed elementor-section-height-default elementor-section-height-default\" data-id=\"64f5ee3\" data-element_type=\"section\" data-e-type=\"section\">\n\t\t\t\t\t\t<div class=\"elementor-container elementor-column-gap-default\">\n\t\t\t\t\t<div class=\"elementor-column elementor-col-50 elementor-top-column elementor-element elementor-element-8767b40\" data-id=\"8767b40\" data-element_type=\"column\" data-e-type=\"column\" data-settings=\"{&quot;background_background&quot;:&quot;classic&quot;}\">\n\t\t\t<div class=\"elementor-widget-wrap elementor-element-populated\">\n\t\t\t\t\t\t<div class=\"elementor-element elementor-element-bbc754b elementor-widget elementor-widget-spacer\" data-id=\"bbc754b\" data-element_type=\"widget\" data-e-type=\"widget\" data-widget_type=\"spacer.default\">\n\t\t\t\t<div class=\"elementor-widget-container\">\n\t\t\t\t\t\t\t<div class=\"elementor-spacer\">\n\t\t\t<div class=\"elementor-spacer-inner\"><\/div>\n\t\t<\/div>\n\t\t\t\t\t\t<\/div>\n\t\t\t\t<\/div>\n\t\t\t\t<div class=\"elementor-element elementor-element-2878452 elementor-widget elementor-widget-image\" data-id=\"2878452\" data-element_type=\"widget\" data-e-type=\"widget\" data-widget_type=\"image.default\">\n\t\t\t\t<div class=\"elementor-widget-container\">\n\t\t\t\t\t\t\t\t\t\t\t\t\t\t\t\t<a href=\"https:\/\/www.lcingredients.com\/de\/testofen-inhaltsstoffe-sexual-vitalite\/\">\n\t\t\t\t\t\t\t<img decoding=\"async\" width=\"398\" height=\"222\" src=\"https:\/\/www.lcingredients.com\/wp-content\/uploads\/2024\/11\/TESTOFEN-LOGO-REDUIT-1.png\" class=\"attachment-large size-large wp-image-2568\" alt=\"\" \/>\t\t\t\t\t\t\t\t<\/a>\n\t\t\t\t\t\t\t\t\t\t\t\t\t\t\t<\/div>\n\t\t\t\t<\/div>\n\t\t\t\t\t<\/div>\n\t\t<\/div>\n\t\t\t\t<div class=\"elementor-column elementor-col-50 elementor-top-column elementor-element elementor-element-258b03d\" data-id=\"258b03d\" data-element_type=\"column\" data-e-type=\"column\" data-settings=\"{&quot;background_background&quot;:&quot;classic&quot;}\">\n\t\t\t<div class=\"elementor-widget-wrap elementor-element-populated\">\n\t\t\t\t\t\t<div class=\"elementor-element elementor-element-89f9cbb elementor-widget elementor-widget-heading\" data-id=\"89f9cbb\" data-element_type=\"widget\" data-e-type=\"widget\" data-widget_type=\"heading.default\">\n\t\t\t\t<div class=\"elementor-widget-container\">\n\t\t\t\t\t<h2 class=\"elementor-heading-title elementor-size-default\">TESTOFEN\u00ae<\/h2>\t\t\t\t<\/div>\n\t\t\t\t<\/div>\n\t\t\t\t<div class=\"elementor-element elementor-element-da9528e elementor-widget elementor-widget-text-editor\" data-id=\"da9528e\" data-element_type=\"widget\" data-e-type=\"widget\" data-widget_type=\"text-editor.default\">\n\t\t\t\t<div class=\"elementor-widget-container\">\n\t\t\t\t\t\t\t\t\t<p><strong>Testofen\u00ae<\/strong> ist ein standardisierter Extrakt aus\u00a0<em>Trigonella foenum-graecum<\/em>\u00a0(Bockshornklee)-Samen, klinisch untersucht auf ihre Rolle bei der Unterst\u00fctzung eines gesunden Testosteronspiegels, der k\u00f6rperlichen Leistungsf\u00e4higkeit und der Libido bei M\u00e4nnern. Testofen\u00ae ist reich an bioaktiven Saponinen, insbesondere Fenusidverbindungen, und f\u00f6rdert den Hormonhaushalt und den Energiestoffwechsel. Damit ist es ein wertvoller Bestandteil von Formulierungen zur Steigerung der m\u00e4nnlichen Vitalit\u00e4t und Kraft.<\/p>\t\t\t\t\t\t\t\t<\/div>\n\t\t\t\t<\/div>\n\t\t\t\t<div class=\"elementor-element elementor-element-5bb07a1 elementor-button-info elementor-align-center elementor-widget elementor-widget-button\" data-id=\"5bb07a1\" data-element_type=\"widget\" data-e-type=\"widget\" data-widget_type=\"button.default\">\n\t\t\t\t<div class=\"elementor-widget-container\">\n\t\t\t\t\t\t\t\t\t<div class=\"elementor-button-wrapper\">\n\t\t\t\t\t<a class=\"elementor-button elementor-button-link elementor-size-sm\" href=\"https:\/\/www.lcingredients.com\/de\/testofen-inhaltsstoffe-sexual-vitalite\/\">\n\t\t\t\t\t\t<span class=\"elementor-button-content-wrapper\">\n\t\t\t\t\t\t\t\t\t<span class=\"elementor-button-text\">Mehr anzeigen<\/span>\n\t\t\t\t\t<\/span>\n\t\t\t\t\t<\/a>\n\t\t\t\t<\/div>\n\t\t\t\t\t\t\t\t<\/div>\n\t\t\t\t<\/div>\n\t\t\t\t\t<\/div>\n\t\t<\/div>\n\t\t\t\t\t<\/div>\n\t\t<\/section>\n\t\t\t\t<\/div>","protected":false},"excerpt":{"rendered":"<p>UNSERE M\u00c4NNERGESUNDHEITS-INHALTSSTOFFE: GEZIELTE ERN\u00c4HRUNG F\u00dcR M\u00c4NNERVITALIT\u00c4T. Die Gesundheit von M\u00e4nnern erfordert eine ma\u00dfgeschneiderte Ern\u00e4hrungsunterst\u00fctzung, um Energie, hormonelles Gleichgewicht, k\u00f6rperliche Leistungsf\u00e4higkeit und gesundes Altern zu erhalten. Unsere Inhaltsstoffe werden ausgew\u00e4hlt, um wichtige physiologische Bed\u00fcrfnisse zu erf\u00fcllen, vom Zellschutz bis zur strukturellen Unterst\u00fctzung, und helfen M\u00e4nnern, ein Leben lang aktiv, belastbar und ausgeglichen zu bleiben. Testofen\u00ae ist der richtige Inhaltsstoff, um [\u2026]<\/p>","protected":false},"author":2,"featured_media":0,"parent":0,"menu_order":0,"comment_status":"closed","ping_status":"closed","template":"","meta":{"_eb_attr":"","footnotes":""},"class_list":["post-2581","page","type-page","status-publish","hentry"],"yoast_head":"<!-- This site is optimized with the Yoast SEO plugin v26.7 - https:\/\/yoast.com\/wordpress\/plugins\/seo\/ -->\n<title>Men&#039;s Health: Boosting Vitality with Testofen - LC Ingredients<\/title>\n<meta name=\"description\" content=\"Support your men&#039;s health journey with key nutrients. Discover how Testofen\u00ae promotes vitality and strong hormonal balance.\" \/>\n<meta name=\"robots\" content=\"index, follow, max-snippet:-1, max-image-preview:large, max-video-preview:-1\" \/>\n<link rel=\"canonical\" href=\"https:\/\/www.lcingredients.com\/de\/mannergesundheit\/\" \/>\n<meta property=\"og:locale\" content=\"de_DE\" \/>\n<meta property=\"og:type\" content=\"article\" \/>\n<meta property=\"og:title\" content=\"Men&#039;s Health: Boosting Vitality with Testofen - LC Ingredients\" \/>\n<meta property=\"og:description\" content=\"Support your men&#039;s health journey with key nutrients. Discover how Testofen\u00ae promotes vitality and strong hormonal balance.\" \/>\n<meta property=\"og:url\" content=\"https:\/\/www.lcingredients.com\/de\/mannergesundheit\/\" \/>\n<meta property=\"og:site_name\" content=\"LC Ingredients\" \/>\n<meta property=\"article:modified_time\" content=\"2025-10-10T16:10:45+00:00\" \/>\n<meta property=\"og:image\" content=\"https:\/\/www.lcingredients.com\/wp-content\/uploads\/2024\/12\/technique-amelioration-attention-concentration.jpg\" \/>\n\t<meta property=\"og:image:width\" content=\"1200\" \/>\n\t<meta property=\"og:image:height\" content=\"800\" \/>\n\t<meta property=\"og:image:type\" content=\"image\/jpeg\" \/>\n<meta name=\"twitter:card\" content=\"summary_large_image\" \/>\n<meta name=\"twitter:label1\" content=\"Gesch\u00e4tzte Lesezeit\" \/>\n\t<meta name=\"twitter:data1\" content=\"1 Minute\" \/>\n<script type=\"application\/ld+json\" class=\"yoast-schema-graph\">{\"@context\":\"https:\/\/schema.org\",\"@graph\":[{\"@type\":\"WebPage\",\"@id\":\"https:\/\/www.lcingredients.com\/mens-health\/\",\"url\":\"https:\/\/www.lcingredients.com\/mens-health\/\",\"name\":\"Men's Health: Boosting Vitality with Testofen - LC Ingredients\",\"isPartOf\":{\"@id\":\"https:\/\/www.lcingredients.com\/#website\"},\"primaryImageOfPage\":{\"@id\":\"https:\/\/www.lcingredients.com\/mens-health\/#primaryimage\"},\"image\":{\"@id\":\"https:\/\/www.lcingredients.com\/mens-health\/#primaryimage\"},\"thumbnailUrl\":\"https:\/\/www.lcingredients.com\/wp-content\/uploads\/2024\/12\/technique-amelioration-attention-concentration.jpg\",\"datePublished\":\"2024-11-18T17:01:04+00:00\",\"dateModified\":\"2025-10-10T16:10:45+00:00\",\"description\":\"Support your men's health journey with key nutrients. Discover how Testofen\u00ae promotes vitality and strong hormonal balance.\",\"breadcrumb\":{\"@id\":\"https:\/\/www.lcingredients.com\/mens-health\/#breadcrumb\"},\"inLanguage\":\"de\",\"potentialAction\":[{\"@type\":\"ReadAction\",\"target\":[\"https:\/\/www.lcingredients.com\/mens-health\/\"]}]},{\"@type\":\"ImageObject\",\"inLanguage\":\"de\",\"@id\":\"https:\/\/www.lcingredients.com\/mens-health\/#primaryimage\",\"url\":\"https:\/\/www.lcingredients.com\/wp-content\/uploads\/2024\/12\/technique-amelioration-attention-concentration.jpg\",\"contentUrl\":\"https:\/\/www.lcingredients.com\/wp-content\/uploads\/2024\/12\/technique-amelioration-attention-concentration.jpg\"},{\"@type\":\"BreadcrumbList\",\"@id\":\"https:\/\/www.lcingredients.com\/mens-health\/#breadcrumb\",\"itemListElement\":[{\"@type\":\"ListItem\",\"position\":1,\"name\":\"Home\",\"item\":\"https:\/\/www.lcingredients.com\/\"},{\"@type\":\"ListItem\",\"position\":2,\"name\":\"Men&#8217;s health\"}]},{\"@type\":\"WebSite\",\"@id\":\"https:\/\/www.lcingredients.com\/#website\",\"url\":\"https:\/\/www.lcingredients.com\/\",\"name\":\"LC Ingredients\",\"description\":\"Discover high-quality ingredients for your food supplements and cosmetics formulations.\",\"publisher\":{\"@id\":\"https:\/\/www.lcingredients.com\/#organization\"},\"potentialAction\":[{\"@type\":\"SearchAction\",\"target\":{\"@type\":\"EntryPoint\",\"urlTemplate\":\"https:\/\/www.lcingredients.com\/?s={search_term_string}\"},\"query-input\":{\"@type\":\"PropertyValueSpecification\",\"valueRequired\":true,\"valueName\":\"search_term_string\"}}],\"inLanguage\":\"de\"},{\"@type\":\"Organization\",\"@id\":\"https:\/\/www.lcingredients.com\/#organization\",\"name\":\"LC Ingredients\",\"url\":\"https:\/\/www.lcingredients.com\/\",\"logo\":{\"@type\":\"ImageObject\",\"inLanguage\":\"de\",\"@id\":\"https:\/\/www.lcingredients.com\/#\/schema\/logo\/image\/\",\"url\":\"https:\/\/www.lcingredients.com\/wp-content\/uploads\/2023\/10\/LOGO-LC-INGREDIENTS.png\",\"contentUrl\":\"https:\/\/www.lcingredients.com\/wp-content\/uploads\/2023\/10\/LOGO-LC-INGREDIENTS.png\",\"width\":1280,\"height\":1060,\"caption\":\"LC Ingredients\"},\"image\":{\"@id\":\"https:\/\/www.lcingredients.com\/#\/schema\/logo\/image\/\"},\"sameAs\":[\"https:\/\/www.linkedin.com\/company\/lcingredients\/\"]}]}<\/script>\n<!-- \/ Yoast SEO plugin. -->","yoast_head_json":{"title":"M\u00e4nnergesundheit: Vitalit\u00e4t steigern mit Testofen - LC Ingredients","description":"Unterst\u00fctzen Sie Ihre M\u00e4nnergesundheit mit wichtigen N\u00e4hrstoffen. Entdecken Sie, wie Testofen\u00ae Vitalit\u00e4t und ein starkes hormonelles Gleichgewicht f\u00f6rdert.","robots":{"index":"index","follow":"follow","max-snippet":"max-snippet:-1","max-image-preview":"max-image-preview:large","max-video-preview":"max-video-preview:-1"},"canonical":"https:\/\/www.lcingredients.com\/de\/mannergesundheit\/","og_locale":"de_DE","og_type":"article","og_title":"Men's Health: Boosting Vitality with Testofen - LC Ingredients","og_description":"Support your men's health journey with key nutrients. Discover how Testofen\u00ae promotes vitality and strong hormonal balance.","og_url":"https:\/\/www.lcingredients.com\/de\/mannergesundheit\/","og_site_name":"LC Ingredients","article_modified_time":"2025-10-10T16:10:45+00:00","og_image":[{"width":1200,"height":800,"url":"https:\/\/www.lcingredients.com\/wp-content\/uploads\/2024\/12\/technique-amelioration-attention-concentration.jpg","type":"image\/jpeg"}],"twitter_card":"summary_large_image","twitter_misc":{"Gesch\u00e4tzte Lesezeit":"1 Minute"},"schema":{"@context":"https:\/\/schema.org","@graph":[{"@type":"WebPage","@id":"https:\/\/www.lcingredients.com\/mens-health\/","url":"https:\/\/www.lcingredients.com\/mens-health\/","name":"M\u00e4nnergesundheit: Vitalit\u00e4t steigern mit Testofen - LC Ingredients","isPartOf":{"@id":"https:\/\/www.lcingredients.com\/#website"},"primaryImageOfPage":{"@id":"https:\/\/www.lcingredients.com\/mens-health\/#primaryimage"},"image":{"@id":"https:\/\/www.lcingredients.com\/mens-health\/#primaryimage"},"thumbnailUrl":"https:\/\/www.lcingredients.com\/wp-content\/uploads\/2024\/12\/technique-amelioration-attention-concentration.jpg","datePublished":"2024-11-18T17:01:04+00:00","dateModified":"2025-10-10T16:10:45+00:00","description":"Unterst\u00fctzen Sie Ihre M\u00e4nnergesundheit mit wichtigen N\u00e4hrstoffen. Entdecken Sie, wie Testofen\u00ae Vitalit\u00e4t und ein starkes hormonelles Gleichgewicht f\u00f6rdert.","breadcrumb":{"@id":"https:\/\/www.lcingredients.com\/mens-health\/#breadcrumb"},"inLanguage":"de","potentialAction":[{"@type":"ReadAction","target":["https:\/\/www.lcingredients.com\/mens-health\/"]}]},{"@type":"ImageObject","inLanguage":"de","@id":"https:\/\/www.lcingredients.com\/mens-health\/#primaryimage","url":"https:\/\/www.lcingredients.com\/wp-content\/uploads\/2024\/12\/technique-amelioration-attention-concentration.jpg","contentUrl":"https:\/\/www.lcingredients.com\/wp-content\/uploads\/2024\/12\/technique-amelioration-attention-concentration.jpg"},{"@type":"BreadcrumbList","@id":"https:\/\/www.lcingredients.com\/mens-health\/#breadcrumb","itemListElement":[{"@type":"ListItem","position":1,"name":"Home","item":"https:\/\/www.lcingredients.com\/"},{"@type":"ListItem","position":2,"name":"Men&#8217;s health"}]},{"@type":"WebSite","@id":"https:\/\/www.lcingredients.com\/#website","url":"https:\/\/www.lcingredients.com\/","name":"LC-Zutaten","description":"Entdecken Sie hochwertige Inhaltsstoffe f\u00fcr Ihre Nahrungserg\u00e4nzungsmittel und Kosmetikformulierungen.","publisher":{"@id":"https:\/\/www.lcingredients.com\/#organization"},"potentialAction":[{"@type":"SearchAction","target":{"@type":"EntryPoint","urlTemplate":"https:\/\/www.lcingredients.com\/?s={search_term_string}"},"query-input":{"@type":"PropertyValueSpecification","valueRequired":true,"valueName":"search_term_string"}}],"inLanguage":"de"},{"@type":"Organization","@id":"https:\/\/www.lcingredients.com\/#organization","name":"LC-Zutaten","url":"https:\/\/www.lcingredients.com\/","logo":{"@type":"ImageObject","inLanguage":"de","@id":"https:\/\/www.lcingredients.com\/#\/schema\/logo\/image\/","url":"https:\/\/www.lcingredients.com\/wp-content\/uploads\/2023\/10\/LOGO-LC-INGREDIENTS.png","contentUrl":"https:\/\/www.lcingredients.com\/wp-content\/uploads\/2023\/10\/LOGO-LC-INGREDIENTS.png","width":1280,"height":1060,"caption":"LC Ingredients"},"image":{"@id":"https:\/\/www.lcingredients.com\/#\/schema\/logo\/image\/"},"sameAs":["https:\/\/www.linkedin.com\/company\/lcingredients\/"]}]}},"_links":{"self":[{"href":"https:\/\/www.lcingredients.com\/de\/wp-json\/wp\/v2\/pages\/2581","targetHints":{"allow":["GET"]}}],"collection":[{"href":"https:\/\/www.lcingredients.com\/de\/wp-json\/wp\/v2\/pages"}],"about":[{"href":"https:\/\/www.lcingredients.com\/de\/wp-json\/wp\/v2\/types\/page"}],"author":[{"embeddable":true,"href":"https:\/\/www.lcingredients.com\/de\/wp-json\/wp\/v2\/users\/2"}],"replies":[{"embeddable":true,"href":"https:\/\/www.lcingredients.com\/de\/wp-json\/wp\/v2\/comments?post=2581"}],"version-history":[{"count":22,"href":"https:\/\/www.lcingredients.com\/de\/wp-json\/wp\/v2\/pages\/2581\/revisions"}],"predecessor-version":[{"id":5080,"href":"https:\/\/www.lcingredients.com\/de\/wp-json\/wp\/v2\/pages\/2581\/revisions\/5080"}],"wp:attachment":[{"href":"https:\/\/www.lcingredients.com\/de\/wp-json\/wp\/v2\/media?parent=2581"}],"curies":[{"name":"wp","href":"https:\/\/api.w.org\/{rel}","templated":true}]}}